{"id":2433,"date":"2020-02-06T11:25:06","date_gmt":"2020-02-06T11:25:06","guid":{"rendered":"https:\/\/blogsaverroes.juntadeandalucia.es\/iestorredelprado\/?page_id=2433"},"modified":"2020-09-13T20:19:53","modified_gmt":"2020-09-13T19:19:53","slug":"prodig","status":"publish","type":"page","link":"https:\/\/blogsaverroes.juntadeandalucia.es\/iestorredelprado\/prodig\/","title":{"rendered":"#TDE"},"content":{"rendered":"<p style=\"text-align: justify\">Tomando como referente el <strong>Marco Europeo para Organizaciones Educativas Digitalmente Competentes<\/strong>, la Consejer\u00eda de Educaci\u00f3n pone en marcha para el curso 2018-19 el <a href=\"http:\/\/www.juntadeandalucia.es\/educacion\/portals\/web\/prodig\" target=\"_blank\" rel=\"noopener noreferrer\">Programa de Transformaci\u00f3n Digital Educativa (#TDE),<\/a> con el objetivo fundamental de impulsar y apoyar la transformaci\u00f3n de los centros docentes en organizaciones educativas digitalmente competentes.<\/p>\n<p style=\"text-align: justify\">Para conseguir la transformaci\u00f3n del centro en una organizaci\u00f3n educativa digitalmente competente se debe de actuar en tres \u00e1mbitos b\u00e1sicos:<\/p>\n<ul>\n<li style=\"text-align: justify\"><strong>Organizaci\u00f3n del centro,<\/strong><\/li>\n<li style=\"text-align: justify\"><strong>Procesos de comunicaci\u00f3n e informaci\u00f3n y<\/strong><\/li>\n<li><strong>Procesos de ense\u00f1anza-aprendizaje.<\/strong><\/li>\n<\/ul>\n<p style=\"text-align: justify\">Actuaciones primer a\u00f1o:<\/p>\n<ul>\n<li style=\"text-align: justify\"><strong>Proyecto Inicial<\/strong><\/li>\n<li style=\"text-align: justify\"><strong>Jornadas iniciales #PRODIG<\/strong><\/li>\n<li style=\"text-align: justify\"><strong>Publicaci\u00f3n en la web del centro del espacio para el proyecto<\/strong><\/li>\n<li style=\"text-align: justify\"><strong>Proyecto SELFIE:<\/strong> diagn\u00f3stico de la Competencia Digital del Centro (alumnado, profesorado, equipo directivo)<\/li>\n<li style=\"text-align: justify\"><strong>Test de Competencia Digital Docente<\/strong><\/li>\n<li style=\"text-align: justify\"><strong>MOOC:<\/strong> para la adquisici\u00f3n, evaluaci\u00f3n y certificaci\u00f3n de la competencia digital del alumnado y del profesorado<\/li>\n<li style=\"text-align: justify\"><strong>Proyecto de Formaci\u00f3n Espec\u00edfica del Centro<\/strong><\/li>\n<li style=\"text-align: justify\"><strong>Comunidad en Colabora 3.0:<\/strong> Formaci\u00f3n Espec\u00edfica en Centros para #PRODIG<\/li>\n<li style=\"text-align: justify\"><strong>Formulario de seguimiento del programa (S\u00e9neca)<\/strong><\/li>\n<li style=\"text-align: justify\"><strong>Formulario de seguimiento del profesorado (S\u00e9neca)<\/strong><\/li>\n<li style=\"text-align: justify\"><strong>Seguimiento del Proyecto de Formaci\u00f3n Espec\u00edfica del Centro<\/strong><\/li>\n<li style=\"text-align: justify\"><strong>Formulario #PRODIG del Servicio de Innovaci\u00f3n<\/strong><\/li>\n<li style=\"text-align: justify\"><strong>R\u00fabrica #PRODIG<\/strong><\/li>\n<li style=\"text-align: justify\"><strong>Proyecto M\u00ednimo Viable<\/strong><\/li>\n<\/ul>\n<p>Actuaciones segundo a\u00f1o:<\/p>\n<ul>\n<li style=\"text-align: justify\"><strong>Solicitud de continuidad en el programa<\/strong><\/li>\n<li style=\"text-align: justify\"><strong>Confirmaci\u00f3n participantes Ense\u00f1anza-Aprendizaje<\/strong><\/li>\n<li style=\"text-align: justify\"><strong>Jornadas iniciales #PRODIG<\/strong><\/li>\n<li style=\"text-align: justify\"><strong>R\u00fabrica #PRODIG<\/strong><\/li>\n<li style=\"text-align: justify\"><strong>Plan de Actuaci\u00f3n<\/strong><\/li>\n<li style=\"text-align: justify\"><strong>Test de Competencia Digital Docente<\/strong><\/li>\n<li style=\"text-align: justify\"><strong>Proyecto de Formaci\u00f3n Espec\u00edfica del Centro<\/strong><\/li>\n<li style=\"text-align: justify\"><strong>Comunidad en Colabora 3.0<\/strong><\/li>\n<li style=\"text-align: justify\"><strong>MOOC #Prodig<\/strong><\/li>\n<li style=\"text-align: justify\"><strong>Proyecto SELFIE:<\/strong> diagn\u00f3stico de la Competencia Digital del Centro (alumnado, profesorado, equipo directivo)<\/li>\n<li style=\"text-align: justify\"><strong>Formulario de seguimiento del programa (S\u00e9neca)<\/strong><\/li>\n<li style=\"text-align: justify\"><strong>Formulario de seguimiento del profesorado (S\u00e9neca)<\/strong><\/li>\n<li style=\"text-align: justify\"><strong>Seguimiento del Proyecto de Formaci\u00f3n Espec\u00edfica del Centro<\/strong><\/li>\n<li style=\"text-align: justify\"><strong>Formulario #PRODIG del Servicio de Innovaci\u00f3n<\/strong><\/li>\n<\/ul>\n<p>Actuaciones tercer a\u00f1o:<\/p>\n<ul>\n<li><strong>R\u00fabrica #TDE<\/strong><\/li>\n<li><strong>Plan de Actuaci\u00f3n Digital<\/strong><\/li>\n<li><strong>Plan de Contingencia para el aprendizaje online<\/strong><\/li>\n<li><strong>Test de Competencia Digital Docente<\/strong><\/li>\n<li><strong>Proyecto de Formaci\u00f3n Espec\u00edfica del Centro<\/strong><\/li>\n<li><strong>Comunidad en Colabora 3.0<\/strong><\/li>\n<li><strong>MOOC #Prodig<\/strong><\/li>\n<li><strong>Proyecto SELFIE:<\/strong> diagn\u00f3stico de la Competencia Digital del Centro (alumnado, profesorado, equipo directivo)<\/li>\n<li><strong>Formulario de seguimiento del programa (S\u00e9neca)<\/strong><\/li>\n<li><strong>Formulario de seguimiento del profesorado (S\u00e9neca)<\/strong><\/li>\n<li><strong>Seguimiento del Proyecto de Formaci\u00f3n Espec\u00edfica del Centro<\/strong><\/li>\n<li><strong>Formulario #PRODIG del Servicio de Innovaci\u00f3n<\/strong><\/li>\n<\/ul>\n<p style=\"text-align: center\"><a href=\"https:\/\/create.piktochart.com\/output\/34620506-programa-prodig\" target=\"_blank\" rel=\"noopener noreferrer\">Presentaci\u00f3n<\/a><\/p>\n","protected":false},"excerpt":{"rendered":"<p>Tomando como referente el Marco Europeo para Organizaciones Educativas Digitalmente Competentes, la Consejer\u00eda de Educaci\u00f3n pone en marcha para el curso 2018-19 el Programa de Transformaci\u00f3n Digital Educativa (#TDE), con el objetivo fundamental de&#46;&#46;&#46;<\/p>\n","protected":false},"author":8209,"featured_media":0,"parent":0,"menu_order":0,"comment_status":"closed","ping_status":"closed","template":"page-template-full.php","meta":{"ngg_post_thumbnail":0,"footnotes":"","_mc_calendar":[]},"aioseo_notices":[],"_links":{"self":[{"href":"https:\/\/blogsaverroes.juntadeandalucia.es\/iestorredelprado\/wp-json\/wp\/v2\/pages\/2433"}],"collection":[{"href":"https:\/\/blogsaverroes.juntadeandalucia.es\/iestorredelprado\/wp-json\/wp\/v2\/pages"}],"about":[{"href":"https:\/\/blogsaverroes.juntadeandalucia.es\/iestorredelprado\/wp-json\/wp\/v2\/types\/page"}],"author":[{"embeddable":true,"href":"https:\/\/blogsaverroes.juntadeandalucia.es\/iestorredelprado\/wp-json\/wp\/v2\/users\/8209"}],"replies":[{"embeddable":true,"href":"https:\/\/blogsaverroes.juntadeandalucia.es\/iestorredelprado\/wp-json\/wp\/v2\/comments?post=2433"}],"version-history":[{"count":8,"href":"https:\/\/blogsaverroes.juntadeandalucia.es\/iestorredelprado\/wp-json\/wp\/v2\/pages\/2433\/revisions"}],"predecessor-version":[{"id":2717,"href":"https:\/\/blogsaverroes.juntadeandalucia.es\/iestorredelprado\/wp-json\/wp\/v2\/pages\/2433\/revisions\/2717"}],"wp:attachment":[{"href":"https:\/\/blogsaverroes.juntadeandalucia.es\/iestorredelprado\/wp-json\/wp\/v2\/media?parent=2433"}],"curies":[{"name":"wp","href":"https:\/\/api.w.org\/{rel}","templated":true}]}}