{"id":2603,"date":"2020-02-10T20:58:12","date_gmt":"2020-02-10T19:58:12","guid":{"rendered":"https:\/\/blogsaverroes.juntadeandalucia.es\/iestorredelprado\/?page_id=2603"},"modified":"2025-09-30T13:48:05","modified_gmt":"2025-09-30T12:48:05","slug":"tutores","status":"publish","type":"page","link":"https:\/\/blogsaverroes.juntadeandalucia.es\/iestorredelprado\/tutores\/","title":{"rendered":"Tutor\u00edas"},"content":{"rendered":"<p>&nbsp;<\/p>\n<table class=\"aligncenter\" style=\"height: 480px;width: 60.3646%\">\n<tbody>\n<tr style=\"height: 23px\">\n<td style=\"width: 14.1791%;background-color: #cccccc;text-align: center;height: 23px\"><span style=\"color: #000000\"><strong>Grupo<\/strong><\/span><\/td>\n<td style=\"width: 79.1045%;background-color: #cccccc;text-align: center;height: 23px\"><strong>Tutor<\/strong><\/td>\n<\/tr>\n<tr style=\"height: 23px\">\n<td style=\"width: 14.1791%;background-color: #cccccc;text-align: center;height: 23px\"><span style=\"color: #ffffff\"><strong>1\u00baA<\/strong><\/span><\/td>\n<td style=\"width: 79.1045%;height: 23px\">Sierra Berjillos, Isabel<\/td>\n<\/tr>\n<tr style=\"height: 23px\">\n<td style=\"width: 14.1791%;background-color: #cccccc;text-align: center;height: 23px\"><span style=\"color: #ffffff\"><strong>1\u00baB<\/strong><\/span><\/td>\n<td style=\"width: 79.1045%;height: 23px\">Saracho Dom\u00ednguez, Raquel<\/td>\n<\/tr>\n<tr style=\"height: 23px\">\n<td style=\"width: 14.1791%;background-color: #cccccc;text-align: center;height: 23px\"><span style=\"color: #ffffff\"><strong>1\u00baC<\/strong><\/span><\/td>\n<td style=\"width: 79.1045%;height: 23px\">Mart\u00ednez Exp\u00f3sito, Diego Jes\u00fas<\/td>\n<\/tr>\n<tr style=\"height: 21px\">\n<td style=\"width: 14.1791%;background-color: #cccccc;text-align: center;height: 21px\"><span style=\"color: #ffffff\"><strong>1\u00baD<\/strong><\/span><\/td>\n<td style=\"width: 79.1045%;height: 21px\">Trujillo Garc\u00eda, Antonio Miguel<\/td>\n<\/tr>\n<tr style=\"height: 23px\">\n<td style=\"width: 14.1791%;background-color: #cccccc;text-align: center;height: 23px\"><span style=\"color: #ffffff\"><strong>2\u00baA<\/strong><\/span><\/td>\n<td style=\"width: 79.1045%;height: 23px\">Delgado Fern\u00e1ndez, Josefa<\/td>\n<\/tr>\n<tr style=\"height: 23px\">\n<td style=\"width: 14.1791%;background-color: #cccccc;text-align: center;height: 23px\"><span style=\"color: #ffffff\"><strong>2\u00baB<\/strong><\/span><\/td>\n<td style=\"width: 79.1045%;height: 23px\">Mu\u00f1oz Serrano, Javier<\/td>\n<\/tr>\n<tr style=\"height: 23px\">\n<td style=\"width: 14.1791%;background-color: #cccccc;text-align: center;height: 23px\"><span style=\"color: #ffffff\"><strong>2\u00baC<\/strong><\/span><\/td>\n<td style=\"width: 79.1045%;height: 23px\">Herv\u00e1s Raya, Mar\u00eda<\/td>\n<\/tr>\n<tr style=\"height: 21px\">\n<td style=\"width: 14.1791%;background-color: #cccccc;text-align: center;height: 21px\"><span style=\"color: #ffffff\"><strong>2\u00baD<\/strong><\/span><\/td>\n<td style=\"width: 79.1045%;height: 21px\">Trujillo Villalobos, Irene<\/td>\n<\/tr>\n<tr style=\"height: 23px\">\n<td style=\"width: 14.1791%;background-color: #cccccc;text-align: center;height: 23px\"><span style=\"color: #ffffff\"><strong>3\u00baA<\/strong><\/span><\/td>\n<td style=\"width: 79.1045%;height: 23px\">Fern\u00e1ndez Jim\u00e9nez, Sonia Mar\u00eda<\/td>\n<\/tr>\n<tr style=\"height: 23px\">\n<td style=\"width: 14.1791%;background-color: #cccccc;text-align: center;height: 23px\"><span style=\"color: #ffffff\"><strong>3\u00baB<\/strong><\/span><\/td>\n<td style=\"width: 79.1045%;height: 23px\">Jim\u00e9nez Canet, Manuel<\/td>\n<\/tr>\n<tr style=\"height: 23px\">\n<td style=\"width: 14.1791%;background-color: #cccccc;text-align: center;height: 23px\"><span style=\"color: #ffffff\"><strong>3\u00baC<\/strong><\/span><\/td>\n<td style=\"width: 79.1045%;height: 23px\">G\u00f3mez Herrera, Laura<\/td>\n<\/tr>\n<tr style=\"height: 23px\">\n<td style=\"width: 14.1791%;background-color: #cccccc;text-align: center;height: 23px\"><span style=\"color: #ffffff\"><strong>4\u00baA<\/strong><\/span><\/td>\n<td style=\"width: 79.1045%;height: 23px\">Arroyo Rusillo, Sandra<\/td>\n<\/tr>\n<tr style=\"height: 23px\">\n<td style=\"width: 14.1791%;background-color: #cccccc;text-align: center;height: 23px\"><span style=\"color: #ffffff\"><strong>4\u00baB<\/strong><\/span><\/td>\n<td style=\"width: 79.1045%;height: 23px\">Fernandez Padilla, Eugenio<\/td>\n<\/tr>\n<tr style=\"height: 23px\">\n<td style=\"width: 14.1791%;background-color: #cccccc;text-align: center;height: 23px\"><span style=\"color: #ffffff\"><strong>4\u00baC<\/strong><\/span><\/td>\n<td style=\"width: 79.1045%;height: 23px\">Cayuso Prados, Jos\u00e9 Manuel<\/td>\n<\/tr>\n<\/tbody>\n<\/table>\n<p>&nbsp;<\/p>\n<p>&nbsp;<\/p>\n<p>&nbsp;<\/p>\n<p>&nbsp;<\/p>\n","protected":false},"excerpt":{"rendered":"<p>&nbsp; Grupo Tutor 1\u00baA Sierra Berjillos, Isabel 1\u00baB Saracho Dom\u00ednguez, Raquel 1\u00baC Mart\u00ednez Exp\u00f3sito, Diego Jes\u00fas 1\u00baD Trujillo Garc\u00eda, Antonio Miguel 2\u00baA Delgado Fern\u00e1ndez, Josefa 2\u00baB Mu\u00f1oz Serrano, Javier 2\u00baC Herv\u00e1s Raya, Mar\u00eda 2\u00baD&#46;&#46;&#46;<\/p>\n","protected":false},"author":8209,"featured_media":0,"parent":0,"menu_order":0,"comment_status":"closed","ping_status":"closed","template":"","meta":{"ngg_post_thumbnail":0,"footnotes":"","_mc_calendar":[]},"aioseo_notices":[],"_links":{"self":[{"href":"https:\/\/blogsaverroes.juntadeandalucia.es\/iestorredelprado\/wp-json\/wp\/v2\/pages\/2603"}],"collection":[{"href":"https:\/\/blogsaverroes.juntadeandalucia.es\/iestorredelprado\/wp-json\/wp\/v2\/pages"}],"about":[{"href":"https:\/\/blogsaverroes.juntadeandalucia.es\/iestorredelprado\/wp-json\/wp\/v2\/types\/page"}],"author":[{"embeddable":true,"href":"https:\/\/blogsaverroes.juntadeandalucia.es\/iestorredelprado\/wp-json\/wp\/v2\/users\/8209"}],"replies":[{"embeddable":true,"href":"https:\/\/blogsaverroes.juntadeandalucia.es\/iestorredelprado\/wp-json\/wp\/v2\/comments?post=2603"}],"version-history":[{"count":39,"href":"https:\/\/blogsaverroes.juntadeandalucia.es\/iestorredelprado\/wp-json\/wp\/v2\/pages\/2603\/revisions"}],"predecessor-version":[{"id":3175,"href":"https:\/\/blogsaverroes.juntadeandalucia.es\/iestorredelprado\/wp-json\/wp\/v2\/pages\/2603\/revisions\/3175"}],"wp:attachment":[{"href":"https:\/\/blogsaverroes.juntadeandalucia.es\/iestorredelprado\/wp-json\/wp\/v2\/media?parent=2603"}],"curies":[{"name":"wp","href":"https:\/\/api.w.org\/{rel}","templated":true}]}}