{"id":2617,"date":"2020-02-11T17:05:34","date_gmt":"2020-02-11T16:05:34","guid":{"rendered":"https:\/\/blogsaverroes.juntadeandalucia.es\/iestorredelprado\/?page_id=2617"},"modified":"2025-09-30T13:33:23","modified_gmt":"2025-09-30T12:33:23","slug":"2617-2","status":"publish","type":"page","link":"https:\/\/blogsaverroes.juntadeandalucia.es\/iestorredelprado\/2617-2\/","title":{"rendered":"Jefes de departamento"},"content":{"rendered":"<table class=\" aligncenter\" style=\"height: 491px;width: 68.9728%\">\n<tbody>\n<tr style=\"height: 21px\">\n<td style=\"width: 43.3841%;background-color: #cccccc;text-align: center;height: 21px\"><span style=\"color: #000000\"><strong>Departamento<\/strong><\/span><\/td>\n<td style=\"width: 76.644%;background-color: #cccccc;text-align: center;height: 21px\"><span style=\"color: #000000\"><strong>Jefe de departamento<\/strong><\/span><\/td>\n<\/tr>\n<tr style=\"height: 21px\">\n<td style=\"width: 43.3841%;background-color: #cccccc;text-align: left;height: 21px\"><span style=\"color: #ffffff\"><strong>Ciencias de la naturaleza<\/strong><\/span><\/td>\n<td style=\"width: 76.644%;height: 21px\">Jes\u00fas D\u00edaz Fuentes<\/td>\n<\/tr>\n<tr style=\"height: 21px\">\n<td style=\"width: 43.3841%;background-color: #cccccc;text-align: left;height: 21px\"><span style=\"color: #ffffff\"><strong>Educaci\u00f3n F\u00edsica<\/strong><\/span><\/td>\n<td style=\"width: 76.644%;height: 21px\">Javier Ramos Vera<\/td>\n<\/tr>\n<tr style=\"height: 21px\">\n<td style=\"width: 43.3841%;background-color: #cccccc;text-align: left;height: 21px\"><span style=\"color: #ffffff\"><strong>Educaci\u00f3n Art\u00edstica<\/strong><\/span><\/td>\n<td style=\"width: 76.644%;height: 21px\">Laura Ram\u00edrez \u00c1lvarez<\/td>\n<\/tr>\n<tr style=\"height: 21px\">\n<td style=\"width: 43.3841%;background-color: #cccccc;text-align: left;height: 21px\"><span style=\"color: #ffffff\"><strong>Geograf\u00eda e Historia<\/strong><\/span><\/td>\n<td style=\"width: 76.644%;height: 21px\">Gema L\u00f3pez Guerrero<\/td>\n<\/tr>\n<tr style=\"height: 21px\">\n<td style=\"width: 43.3841%;background-color: #cccccc;text-align: left;height: 21px\"><span style=\"color: #ffffff\"><strong>Lenguas extranjeras<\/strong><\/span><\/td>\n<td style=\"width: 76.644%;height: 21px\">Francisca M\u00aa P\u00e9rez Hidalgo<\/td>\n<\/tr>\n<tr style=\"height: 21px\">\n<td style=\"width: 43.3841%;background-color: #cccccc;text-align: left;height: 21px\"><span style=\"color: #ffffff\"><strong>Lengua castellana<\/strong><\/span><\/td>\n<td style=\"width: 76.644%;height: 21px\">Laura P\u00e9rez L\u00f3pez-Espinosa<\/td>\n<\/tr>\n<tr style=\"height: 21px\">\n<td style=\"width: 43.3841%;background-color: #cccccc;text-align: left;height: 21px\"><span style=\"color: #ffffff\"><strong>Matem\u00e1ticas<\/strong><\/span><\/td>\n<td style=\"width: 76.644%;height: 21px\">Mar\u00eda Vanessa Anula Rodr\u00edguez<\/td>\n<\/tr>\n<tr style=\"height: 21px\">\n<td style=\"width: 43.3841%;background-color: #cccccc;height: 21px;text-align: left\"><span style=\"color: #ffffff\"><strong>Orientaci\u00f3n<\/strong><\/span><\/td>\n<td style=\"width: 76.644%;height: 21px\">Concepci\u00f3n Hidalgo Guisado<\/td>\n<\/tr>\n<tr style=\"height: 21px\">\n<td style=\"width: 43.3841%;background-color: #cccccc;height: 21px;text-align: left\"><span style=\"color: #ffffff\"><strong>Tecnolog\u00eda<\/strong><\/span><\/td>\n<td style=\"width: 76.644%;height: 21px\">Isabel Anaya Lebr\u00f3n<\/td>\n<\/tr>\n<tr style=\"height: 21px\">\n<td style=\"width: 43.3841%;background-color: #cccccc;height: 21px;text-align: left\"><span style=\"color: #ffffff\"><strong>Innovaci\u00f3n<\/strong><\/span><\/td>\n<td style=\"width: 76.644%;height: 21px\">Rosario Vera Ruiz<\/td>\n<\/tr>\n<tr style=\"height: 21px\">\n<td style=\"width: 43.3841%;background-color: #cccccc;vertical-align: middle;height: 21px;text-align: left\"><span style=\"color: #ffffff\"><strong>DACE<\/strong><\/span><\/td>\n<td style=\"width: 76.644%;height: 21px\">M\u00aa Isabel del R\u00edo Carbonell<\/td>\n<\/tr>\n<\/tbody>\n<\/table>\n<p>&nbsp;<\/p>\n","protected":false},"excerpt":{"rendered":"<p>Departamento Jefe de departamento Ciencias de la naturaleza Jes\u00fas D\u00edaz Fuentes Educaci\u00f3n F\u00edsica Javier Ramos Vera Educaci\u00f3n Art\u00edstica Laura Ram\u00edrez \u00c1lvarez Geograf\u00eda e Historia Gema L\u00f3pez Guerrero Lenguas extranjeras Francisca M\u00aa P\u00e9rez Hidalgo Lengua&#46;&#46;&#46;<\/p>\n","protected":false},"author":8209,"featured_media":0,"parent":0,"menu_order":0,"comment_status":"closed","ping_status":"closed","template":"","meta":{"ngg_post_thumbnail":0,"footnotes":"","_mc_calendar":[]},"aioseo_notices":[],"_links":{"self":[{"href":"https:\/\/blogsaverroes.juntadeandalucia.es\/iestorredelprado\/wp-json\/wp\/v2\/pages\/2617"}],"collection":[{"href":"https:\/\/blogsaverroes.juntadeandalucia.es\/iestorredelprado\/wp-json\/wp\/v2\/pages"}],"about":[{"href":"https:\/\/blogsaverroes.juntadeandalucia.es\/iestorredelprado\/wp-json\/wp\/v2\/types\/page"}],"author":[{"embeddable":true,"href":"https:\/\/blogsaverroes.juntadeandalucia.es\/iestorredelprado\/wp-json\/wp\/v2\/users\/8209"}],"replies":[{"embeddable":true,"href":"https:\/\/blogsaverroes.juntadeandalucia.es\/iestorredelprado\/wp-json\/wp\/v2\/comments?post=2617"}],"version-history":[{"count":25,"href":"https:\/\/blogsaverroes.juntadeandalucia.es\/iestorredelprado\/wp-json\/wp\/v2\/pages\/2617\/revisions"}],"predecessor-version":[{"id":3174,"href":"https:\/\/blogsaverroes.juntadeandalucia.es\/iestorredelprado\/wp-json\/wp\/v2\/pages\/2617\/revisions\/3174"}],"wp:attachment":[{"href":"https:\/\/blogsaverroes.juntadeandalucia.es\/iestorredelprado\/wp-json\/wp\/v2\/media?parent=2617"}],"curies":[{"name":"wp","href":"https:\/\/api.w.org\/{rel}","templated":true}]}}