{"id":2676,"date":"2020-02-12T17:44:09","date_gmt":"2020-02-12T16:44:09","guid":{"rendered":"https:\/\/blogsaverroes.juntadeandalucia.es\/iestorredelprado\/?page_id=2676"},"modified":"2020-02-17T00:31:08","modified_gmt":"2020-02-16T23:31:08","slug":"quienes-somos","status":"publish","type":"page","link":"https:\/\/blogsaverroes.juntadeandalucia.es\/iestorredelprado\/quienes-somos\/","title":{"rendered":"\u00bfQui\u00e9nes somos?"},"content":{"rendered":"<table class=\" aligncenter\" style=\"width: 484px;height: 117px\">\n<tbody>\n<tr style=\"height: 105.067px\">\n<td style=\"width: 173.067px;height: 105.067px;text-align: center;vertical-align: middle\"><img loading=\"lazy\" decoding=\"async\" class=\"aligncenter wp-image-2678\" src=\"https:\/\/blogsaverroes.juntadeandalucia.es\/iestorredelprado\/files\/2020\/02\/puerta-300x199.jpg\" alt=\"\" width=\"165\" height=\"110\" srcset=\"https:\/\/blogsaverroes.juntadeandalucia.es\/iestorredelprado\/files\/2020\/02\/puerta-300x199.jpg 300w, https:\/\/blogsaverroes.juntadeandalucia.es\/iestorredelprado\/files\/2020\/02\/puerta-24x16.jpg 24w, https:\/\/blogsaverroes.juntadeandalucia.es\/iestorredelprado\/files\/2020\/02\/puerta-36x24.jpg 36w, https:\/\/blogsaverroes.juntadeandalucia.es\/iestorredelprado\/files\/2020\/02\/puerta-48x32.jpg 48w, https:\/\/blogsaverroes.juntadeandalucia.es\/iestorredelprado\/files\/2020\/02\/puerta.jpg 344w\" sizes=\"(max-width: 165px) 100vw, 165px\" \/><\/td>\n<td style=\"width: 114.4px;height: 105.067px;text-align: center;vertical-align: middle\"><a href=\"https:\/\/blogsaverroes.juntadeandalucia.es\/iestorredelprado\/files\/2020\/02\/qr.png\"><img loading=\"lazy\" decoding=\"async\" class=\"wp-image-2680 aligncenter\" src=\"https:\/\/blogsaverroes.juntadeandalucia.es\/iestorredelprado\/files\/2020\/02\/qr.png\" alt=\"\" width=\"111\" height=\"110\" srcset=\"https:\/\/blogsaverroes.juntadeandalucia.es\/iestorredelprado\/files\/2020\/02\/qr.png 297w, https:\/\/blogsaverroes.juntadeandalucia.es\/iestorredelprado\/files\/2020\/02\/qr-150x150.png 150w, https:\/\/blogsaverroes.juntadeandalucia.es\/iestorredelprado\/files\/2020\/02\/qr-100x100.png 100w, https:\/\/blogsaverroes.juntadeandalucia.es\/iestorredelprado\/files\/2020\/02\/qr-24x24.png 24w, https:\/\/blogsaverroes.juntadeandalucia.es\/iestorredelprado\/files\/2020\/02\/qr-36x36.png 36w, https:\/\/blogsaverroes.juntadeandalucia.es\/iestorredelprado\/files\/2020\/02\/qr-48x48.png 48w\" sizes=\"(max-width: 111px) 100vw, 111px\" \/><\/a><\/td>\n<td style=\"width: 178.4px;height: 105.067px;text-align: center;vertical-align: middle\"><a href=\"https:\/\/blogsaverroes.juntadeandalucia.es\/iestorredelprado\/files\/2020\/02\/puerta2.jpg\"><img loading=\"lazy\" decoding=\"async\" class=\"aligncenter wp-image-2679\" src=\"https:\/\/blogsaverroes.juntadeandalucia.es\/iestorredelprado\/files\/2020\/02\/puerta2-300x199.jpg\" alt=\"\" width=\"166\" height=\"110\" srcset=\"https:\/\/blogsaverroes.juntadeandalucia.es\/iestorredelprado\/files\/2020\/02\/puerta2-300x199.jpg 300w, https:\/\/blogsaverroes.juntadeandalucia.es\/iestorredelprado\/files\/2020\/02\/puerta2-24x16.jpg 24w, https:\/\/blogsaverroes.juntadeandalucia.es\/iestorredelprado\/files\/2020\/02\/puerta2-36x24.jpg 36w, https:\/\/blogsaverroes.juntadeandalucia.es\/iestorredelprado\/files\/2020\/02\/puerta2-48x32.jpg 48w, https:\/\/blogsaverroes.juntadeandalucia.es\/iestorredelprado\/files\/2020\/02\/puerta2.jpg 344w\" sizes=\"(max-width: 166px) 100vw, 166px\" \/><\/a><\/td>\n<\/tr>\n<\/tbody>\n<\/table>\n<p style=\"text-align: justify\">El <strong>Instituto de Educaci\u00f3n Secundaria Torre del Prado<\/strong> es un instituto p\u00fablico de ense\u00f1anza, dependiente de la <strong>Consejer\u00eda de Educaci\u00f3n&nbsp;de la Junta de Andaluc\u00eda<\/strong> (c\u00f3digo de centro <strong>29701313<\/strong>).<\/p>\n<p style=\"text-align: justify\">Ubicado en Campanillas, barriada del Distrito n\u00ba 9 de la ciudad de M\u00e1laga, inici\u00f3 su actividad en el curso escolar 2000-2001, siendo oficialmente inaugurado por la Consejera de Educaci\u00f3n de Andaluc\u00eda, D\u00aa C\u00e1ndida Mart\u00ednez, el 11 de noviembre de 2001.<\/p>\n<p style=\"text-align: justify\">Su nombre se debe a la&nbsp;<strong>Torre del Prado de Campanillas,<\/strong> que corresponde a una torre vig\u00eda de origen \u00e1rabe, que se divisa desde el propio centro.<\/p>\n<p style=\"text-align: justify\">En el IES Torre del Prado se imparte la Ense\u00f1anza Secundaria Obligatoria de 1\u00baESO a 4\u00ba ESO.<\/p>\n<p style=\"text-align: justify\">El Instituto ha sido merecedor de varios&nbsp;<strong>premios y galardones<\/strong>:<\/p>\n<ul style=\"text-align: justify\">\n<li>2006-&nbsp;<strong>Premio Rat\u00f3n a las mejores pr\u00e1cticas educativas en Internet<\/strong>, otorgado por la Consejer\u00eda de Innovaci\u00f3n, Ciencia y Empresa de la Junta de Andaluc\u00eda<\/li>\n<li>2006-&nbsp;<strong>Reconocimiento al m\u00e9rito educativo<\/strong>(director, como componente de \u00abCampanillas Blues Band\u00bb). Consejer\u00eda de Educaci\u00f3n.<\/li>\n<li>2006-&nbsp;<strong>Segundo premio a las mejores p\u00e1ginas web de centros educativos de Andaluc\u00eda<\/strong>. Consejer\u00eda de Educaci\u00f3n.<\/li>\n<li>2006-&nbsp;<strong>Acc\u00e9sit. IV Certamen Andaluz \u00abAprendemos a Consumir\u00bb<\/strong>. Consejer\u00eda de Gobernaci\u00f3n y Consejer\u00eda de Educaci\u00f3n.<\/li>\n<li>2007-&nbsp;<strong>Primer premio V Certamen Andaluz \u00abAprendemos a Consumir\u00bb<\/strong>. Consejer\u00eda de Gobernaci\u00f3n y Consejer\u00eda de Educaci\u00f3n.<\/li>\n<li>2008-&nbsp;<strong>Reconomiento a la labor bibliotecaria<\/strong>. Consejer\u00eda de Educaci\u00f3n.<\/li>\n<li>2008-&nbsp;<strong>Galard\u00f3n de Plata del Centro Andaluz de las Letras<\/strong>. Consejer\u00eda de Cultura.<\/li>\n<li>2008-&nbsp;<strong>Premio al M\u00e9rito en la Educaci\u00f3n en Andaluc\u00eda 2008 a la Campanillas Blues Band.<\/strong><\/li>\n<li>2008-&nbsp;<strong>Tercer Premio en el Concurso Nacional de Buenas Pr\u00e1cticas para la Dinamizaci\u00f3n e Innovaci\u00f3n en Bibliotecas Escolares.<\/strong>Ministerio de Educaci\u00f3n y Cultura.<\/li>\n<li>2009-&nbsp;<strong>Segundo Premio en el Concurso de Experiencias Lectoras<\/strong>convocado por la&nbsp;<strong>Fundaci\u00f3n SM<\/strong>.<\/li>\n<li>2010-&nbsp;<strong>M\u00e1laga, excelencia educativa<\/strong>Delegaci\u00f3n Provincial de&nbsp;la Consejer\u00eda&nbsp;de Educaci\u00f3n<strong>.<\/strong><\/li>\n<li>2019- <strong>1\u00ba Premio Yincana Literaria Municipal. <\/strong>Ayuntamiento de M\u00e1laga.<\/li>\n<li>2020- <strong>Reconocimiento a la Labor Bibliotecaria: Buenas pr\u00e1cticas en Fomento de la Lectura. <\/strong>Delegaci\u00f3n Provincial de Educaci\u00f3n.<\/li>\n<\/ul>\n<p style=\"text-align: justify\">Alumnos y alumnas del IES Torre del Prado tambi\u00e9n han destacado en:<\/p>\n<ul>\n<li style=\"text-align: justify\">competiciones deportivas, especialmente en&nbsp;<strong>Deporte de Orientaci\u00f3n<\/strong>(campeones malague\u00f1os y andaluces) o<\/li>\n<li style=\"text-align: justify\">el primer premio en el&nbsp;<strong>II certamen de fotograf\u00eda y video<\/strong>para j\u00f3venes organizado por el Centro de Arte Contempor\u00e1neo de M\u00e1laga en 2007.<\/li>\n<li style=\"text-align: justify\">tercer premio en el&nbsp;<strong>Rally matem\u00e1ticas sin fronteras 2008<\/strong>.<\/li>\n<li style=\"text-align: justify\">tercer premio en el&nbsp;<strong>Rally matem\u00e1ticas sin fronteras 2009<\/strong>.<\/li>\n<li style=\"text-align: justify\">premio en el&nbsp;<strong>Rally matem\u00e1ticas sin fronteras 2010<\/strong>.<\/li>\n<\/ul>\n","protected":false},"excerpt":{"rendered":"<p>El Instituto de Educaci\u00f3n Secundaria Torre del Prado es un instituto p\u00fablico de ense\u00f1anza, dependiente de la Consejer\u00eda de Educaci\u00f3n&nbsp;de la Junta de Andaluc\u00eda (c\u00f3digo de centro 29701313). Ubicado en Campanillas, barriada del Distrito&#46;&#46;&#46;<\/p>\n","protected":false},"author":8209,"featured_media":0,"parent":0,"menu_order":0,"comment_status":"closed","ping_status":"closed","template":"page-template-full.php","meta":{"ngg_post_thumbnail":0,"footnotes":"","_mc_calendar":[]},"aioseo_notices":[],"_links":{"self":[{"href":"https:\/\/blogsaverroes.juntadeandalucia.es\/iestorredelprado\/wp-json\/wp\/v2\/pages\/2676"}],"collection":[{"href":"https:\/\/blogsaverroes.juntadeandalucia.es\/iestorredelprado\/wp-json\/wp\/v2\/pages"}],"about":[{"href":"https:\/\/blogsaverroes.juntadeandalucia.es\/iestorredelprado\/wp-json\/wp\/v2\/types\/page"}],"author":[{"embeddable":true,"href":"https:\/\/blogsaverroes.juntadeandalucia.es\/iestorredelprado\/wp-json\/wp\/v2\/users\/8209"}],"replies":[{"embeddable":true,"href":"https:\/\/blogsaverroes.juntadeandalucia.es\/iestorredelprado\/wp-json\/wp\/v2\/comments?post=2676"}],"version-history":[{"count":8,"href":"https:\/\/blogsaverroes.juntadeandalucia.es\/iestorredelprado\/wp-json\/wp\/v2\/pages\/2676\/revisions"}],"predecessor-version":[{"id":2693,"href":"https:\/\/blogsaverroes.juntadeandalucia.es\/iestorredelprado\/wp-json\/wp\/v2\/pages\/2676\/revisions\/2693"}],"wp:attachment":[{"href":"https:\/\/blogsaverroes.juntadeandalucia.es\/iestorredelprado\/wp-json\/wp\/v2\/media?parent=2676"}],"curies":[{"name":"wp","href":"https:\/\/api.w.org\/{rel}","templated":true}]}}