{"id":35,"date":"2020-02-05T08:21:43","date_gmt":"2020-02-05T08:21:43","guid":{"rendered":"http:\/\/blogsaverroes.juntadeandalucia.es\/pre\/ceip\/?page_id=35"},"modified":"2024-01-09T10:46:56","modified_gmt":"2024-01-09T09:46:56","slug":"el-centro-2","status":"publish","type":"page","link":"https:\/\/blogsaverroes.juntadeandalucia.es\/iestorredelprado\/el-centro-2\/","title":{"rendered":"Contactar"},"content":{"rendered":"<p style=\"text-align: center\"><iframe loading=\"lazy\" src=\"https:\/\/www.google.com\/maps\/d\/u\/0\/embed?mid=1Rf63NnvbVsoCWXGzJMRaFCR5YQY\" width=\"640\" height=\"480\"><span data-mce-type=\"bookmark\" style=\"width: 0px;overflow: hidden;line-height: 0\" class=\"mce_SELRES_start\">\ufeff<\/span><span data-mce-type=\"bookmark\" style=\"width: 0px;overflow: hidden;line-height: 0\" class=\"mce_SELRES_start\">\ufeff<\/span><\/iframe><\/p>\n<p style=\"padding-left: 160px\"><strong>Direcci\u00f3n:<\/strong> C\/ Cristobalina Fern\u00e1ndez, 8<\/p>\n<p style=\"padding-left: 200px\">29590 Campanillas (M\u00e1laga)<\/p>\n<p style=\"padding-left: 160px\"><strong>Tel\u00e9fono:&nbsp;<\/strong>671 53 39 33<\/p>\n<p style=\"padding-left: 160px\"><strong>Email general:<\/strong> iestorredelprado@gmail.com<\/p>\n<p style=\"padding-left: 160px\"><strong>Email TDE y AAEE:<\/strong> iestp1@gmail.com<\/p>\n<p style=\"padding-left: 160px\"><strong>Horarios:<\/strong> 8:15 a 14:45<\/p>\n<p style=\"padding-left: 160px\"><strong>Oferta educativa:&nbsp;<\/strong>ESO<\/p>\n","protected":false},"excerpt":{"rendered":"<p>\ufeff\ufeff Direcci\u00f3n: C\/ Cristobalina Fern\u00e1ndez, 8 29590 Campanillas (M\u00e1laga) Tel\u00e9fono:&nbsp;671 53 39 33 Email general: iestorredelprado@gmail.com Email TDE y AAEE: iestp1@gmail.com Horarios: 8:15 a 14:45 Oferta educativa:&nbsp;ESO<\/p>\n","protected":false},"author":1,"featured_media":0,"parent":0,"menu_order":0,"comment_status":"open","ping_status":"open","template":"page-template-full.php","meta":{"ngg_post_thumbnail":0,"footnotes":"","_mc_calendar":[]},"aioseo_notices":[],"_links":{"self":[{"href":"https:\/\/blogsaverroes.juntadeandalucia.es\/iestorredelprado\/wp-json\/wp\/v2\/pages\/35"}],"collection":[{"href":"https:\/\/blogsaverroes.juntadeandalucia.es\/iestorredelprado\/wp-json\/wp\/v2\/pages"}],"about":[{"href":"https:\/\/blogsaverroes.juntadeandalucia.es\/iestorredelprado\/wp-json\/wp\/v2\/types\/page"}],"author":[{"embeddable":true,"href":"https:\/\/blogsaverroes.juntadeandalucia.es\/iestorredelprado\/wp-json\/wp\/v2\/users\/1"}],"replies":[{"embeddable":true,"href":"https:\/\/blogsaverroes.juntadeandalucia.es\/iestorredelprado\/wp-json\/wp\/v2\/comments?post=35"}],"version-history":[{"count":26,"href":"https:\/\/blogsaverroes.juntadeandalucia.es\/iestorredelprado\/wp-json\/wp\/v2\/pages\/35\/revisions"}],"predecessor-version":[{"id":2973,"href":"https:\/\/blogsaverroes.juntadeandalucia.es\/iestorredelprado\/wp-json\/wp\/v2\/pages\/35\/revisions\/2973"}],"wp:attachment":[{"href":"https:\/\/blogsaverroes.juntadeandalucia.es\/iestorredelprado\/wp-json\/wp\/v2\/media?parent=35"}],"curies":[{"name":"wp","href":"https:\/\/api.w.org\/{rel}","templated":true}]}}