{"id":295,"date":"2020-01-23T11:42:26","date_gmt":"2020-01-23T10:42:26","guid":{"rendered":"http:\/\/blogsaverroes.juntadeandalucia.es\/pre\/nuevoiesv2\/?page_id=295"},"modified":"2025-04-08T14:40:03","modified_gmt":"2025-04-08T12:40:03","slug":"nuestra-historia","status":"publish","type":"page","link":"https:\/\/blogsaverroes.juntadeandalucia.es\/iestorredelrey\/nuestra-historia\/","title":{"rendered":"Nuestra Historia"},"content":{"rendered":"<p>[et_pb_section fb_built=&#8221;1&#8243; _builder_version=&#8221;4.16&#8243; custom_padding=&#8221;0px||0px|&#8221; z_index_tablet=&#8221;500&#8243; box_shadow_horizontal_tablet=&#8221;0px&#8221; box_shadow_vertical_tablet=&#8221;0px&#8221; box_shadow_blur_tablet=&#8221;40px&#8221; box_shadow_spread_tablet=&#8221;0px&#8221; global_colors_info=&#8221;{}&#8221;][et_pb_row _builder_version=&#8221;4.24.2&#8243; width=&#8221;79.9%&#8221; custom_margin=&#8221;-10px|||&#8221; z_index_tablet=&#8221;500&#8243; box_shadow_horizontal_tablet=&#8221;0px&#8221; box_shadow_vertical_tablet=&#8221;0px&#8221; box_shadow_blur_tablet=&#8221;40px&#8221; box_shadow_spread_tablet=&#8221;0px&#8221; global_colors_info=&#8221;{}&#8221;][et_pb_column type=&#8221;4_4&#8243; _builder_version=&#8221;4.16&#8243; custom_padding=&#8221;|||&#8221; global_colors_info=&#8221;{}&#8221; custom_padding__hover=&#8221;|||&#8221;][et_pb_text _builder_version=&#8221;4.24.2&#8243; _module_preset=&#8221;default&#8221; global_colors_info=&#8221;{}&#8221;]<\/p>\n<h3>El Colegio Libre &#8220;Manuel Siurot&#8221; (1962-1978)<\/h3>\n<p>El actual Instituto, llamado ahora &#8220;Torre del Rey&#8221;, tiene sus or\u00edgenes en el <strong>Colegio Libre Adoptado &#8220;Manuel Siurot&#8221;<\/strong> que se cre\u00f3 en el curso 1962\/63 y que desarrollaba sus actividades en un lagar.<\/p>\n<p>[\/et_pb_text][et_pb_image src=&#8221;https:\/\/blogsaverroes.juntadeandalucia.es\/iestorredelrey\/files\/2025\/02\/Captura.png&#8221; title_text=&#8221;Captura&#8221; _builder_version=&#8221;4.24.2&#8243; _module_preset=&#8221;default&#8221; global_colors_info=&#8221;{}&#8221;][\/et_pb_image][\/et_pb_column][\/et_pb_row][et_pb_row column_structure=&#8221;1_2,1_2&#8243; _builder_version=&#8221;4.24.2&#8243; _module_preset=&#8221;default&#8221; global_colors_info=&#8221;{}&#8221;][et_pb_column type=&#8221;1_2&#8243; _builder_version=&#8221;4.24.2&#8243; _module_preset=&#8221;default&#8221; global_colors_info=&#8221;{}&#8221;][et_pb_image src=&#8221;https:\/\/blogsaverroes.juntadeandalucia.es\/iestorredelrey\/files\/2025\/02\/Captura-de-pantalla-2025-02-24-140903.png&#8221; title_text=&#8221;Captura de pantalla 2025-02-24 140903&#8243; _builder_version=&#8221;4.24.2&#8243; _module_preset=&#8221;default&#8221; global_colors_info=&#8221;{}&#8221;][\/et_pb_image][\/et_pb_column][et_pb_column type=&#8221;1_2&#8243; _builder_version=&#8221;4.24.2&#8243; _module_preset=&#8221;default&#8221; global_colors_info=&#8221;{}&#8221;][et_pb_text _builder_version=&#8221;4.24.2&#8243; _module_preset=&#8221;default&#8221; global_colors_info=&#8221;{}&#8221;]<\/p>\n<p>En el curso 1978\/79, se transform\u00f3 en un <strong>Centro Homologado<\/strong>, que depend\u00eda del I.B. Tartessos de Camas y del Ayuntamiento de Pilas.<\/p>\n<p>[\/et_pb_text][\/et_pb_column][\/et_pb_row][et_pb_row column_structure=&#8221;1_2,1_2&#8243; _builder_version=&#8221;4.24.2&#8243; _module_preset=&#8221;default&#8221; global_colors_info=&#8221;{}&#8221;][et_pb_column type=&#8221;1_2&#8243; _builder_version=&#8221;4.24.2&#8243; _module_preset=&#8221;default&#8221; global_colors_info=&#8221;{}&#8221;][et_pb_text _builder_version=&#8221;4.24.2&#8243; _module_preset=&#8221;default&#8221; global_colors_info=&#8221;{}&#8221;]<\/p>\n<h3>El Instituto de Bachillerato &#8220;Las Marismas&#8221; (1979 &#8211; 1997)<\/h3>\n<p>La Delegaci\u00f3n Provincial del Ministerio de Educaci\u00f3n en Sevilla, de la cual depend\u00eda por aquel entonces la Educaci\u00f3n en nuestra Comunidad Aut\u00f3noma, cre\u00f3 el <strong>Instituto de Bachillerato Mixto de Pilas<\/strong> en el curso 1979\/80.<\/p>\n<p>En 1983, este centro pasar\u00eda a denominarse <strong>Instituto de Bachillerato \u201dLas Marismas\u201d<\/strong>, seg\u00fan Orden de la Consejer\u00eda de Educaci\u00f3n del 21\/6\/1983 (<a href=\"http:\/\/juntadeandalucia.es\/boja\/1983\/53\/boletin.53.pdf#page=15\" target=\"_blank\" rel=\"noopener noreferrer\">BOJA n\u00ba 53, del 5\/7\/1983<\/a>).<\/p>\n<p>La oferta educativa de Ense\u00f1anzas Medias en nuestra zona se hab\u00eda intentado ampliar a finales de la d\u00e9cada de los 60, con la creaci\u00f3n de un Instituto de Formaci\u00f3n Profesional que no pudo consolidarse por falta de alumnado. En su lugar, en 1987 se cre\u00f3 el <strong>I.E.S. &#8220;Tor del Rey&#8221;<\/strong>, para experimentar la reforma del nuevo sistema educativo. Este centro se instal\u00f3 en el edificio del antiguo <strong>Colegio P\u00edo XII de Pilas<\/strong> (sede del actual Centro de Salud).<\/p>\n<p>El IES &#8220;Tor del Rey&#8221; tuvo entidad propia hasta que pas\u00f3 a integrarse con el <strong>I.B.&#8221; Las Marismas&#8221;<\/strong> en el \u00fanico centro educativo de secundaria del distrito, que cambi\u00f3 su denominaci\u00f3n a la actual, <strong>I.E.S. &#8220;Torre del Rey&#8221;<\/strong>.\u00a0<\/p>\n<p>[\/et_pb_text][\/et_pb_column][et_pb_column type=&#8221;1_2&#8243; _builder_version=&#8221;4.24.2&#8243; _module_preset=&#8221;default&#8221; global_colors_info=&#8221;{}&#8221;][et_pb_image src=&#8221;https:\/\/blogsaverroes.juntadeandalucia.es\/iestorredelrey\/files\/2025\/02\/claustro_primero_ies_torre_del_rey.jpg&#8221; title_text=&#8221;claustro_primero_ies_torre_del_rey&#8221; _builder_version=&#8221;4.24.2&#8243; _module_preset=&#8221;default&#8221; global_colors_info=&#8221;{}&#8221;][\/et_pb_image][\/et_pb_column][\/et_pb_row][et_pb_row column_structure=&#8221;1_2,1_2&#8243; _builder_version=&#8221;4.24.2&#8243; _module_preset=&#8221;default&#8221; global_colors_info=&#8221;{}&#8221;][et_pb_column type=&#8221;1_2&#8243; _builder_version=&#8221;4.24.2&#8243; _module_preset=&#8221;default&#8221; global_colors_info=&#8221;{}&#8221;][et_pb_text _builder_version=&#8221;4.24.2&#8243; _module_preset=&#8221;default&#8221; hover_enabled=&#8221;0&#8243; global_colors_info=&#8221;{}&#8221; sticky_enabled=&#8221;0&#8243;]<\/p>\n<div id=\"middlecol\" class=\"floatleft span8 sidebar_right\">\n<div class=\"inside\">\n<div class=\"item-page\">\n<div>\n<h3>El Instituto de Ense\u00f1anza Secundaria &#8220;Torre del Rey&#8221; (1997 &#8211; actualidad)<\/h3>\n<p>El <strong>I.E.S. &#8220;Torre del Rey&#8221;<\/strong> se crea por Orden de 3 de febrero de 1997 de la Consejer\u00eda de Educaci\u00f3n (<a href=\"http:\/\/juntadeandalucia.es\/boja\/1997\/23\/d49.pdf\" target=\"_blank\" rel=\"noopener noreferrer\">BOJA de 22\/2\/1997<\/a>).<\/p>\n<p>Adem\u00e1s de las ense\u00f1anzas de Secundaria y Bachillerato, en el centro se han impartido a lo largo de su historia diversas ense\u00f1anzas de <strong>Formaci\u00f3n Profesional<\/strong>:<\/p>\n<ul>\n<li>Del curso 1996\/97 hasta el 2001\/02, un Ciclo Formativo de Grado Medio de la rama de Electricidad &#8220;Equipos e Instalaciones electrot\u00e9cnicas&#8221;.<\/li>\n<li>Del curso 2002\/03 hasta el 2004\/05, el Ciclo Formativo de &#8220;Fabricaci\u00f3n a Medida e Instalaci\u00f3n de Carpinter\u00eda y Mueble&#8221;.<\/li>\n<li>Desde el curso 2008\/09 hasta la actualidad, el Ciclo Formativo de Grado Medio &#8220;Sistemas Microinform\u00e1ticos y Redes&#8221;.<\/li>\n<li>Desde el curso 2010\/11, el Programa de Cualificaci\u00f3n Profesional Inicial &#8220;Auxiliar Inform\u00e1tico&#8221;, convertido a partir del curso 2014\/15 en la actual Formaci\u00f3n Profesional B\u00e1sica de la familia Inform\u00e1tica y Comunicaciones.<\/li>\n<li>Desde el curso 2019\/20, el Ciclo Formativo de Grado Superior &#8220;Desarrollo de Aplicaciones Multiplataforma.<\/li>\n<\/ul>\n<p>Con motivo del 25 aniversario del Instituto, el 30 de abril de 2005 se celebr\u00f3 una fiesta conmemorativa. En&nbsp;<a href=\"http:\/\/www2.iestorredelrey.es\/25aniv\/\" target=\"_blank\" rel=\"noopener noreferrer\">este enlace<\/a> est\u00e1 la p\u00e1gina web que se cre\u00f3 con motivo de dicho evento.<\/p>\n<p><a href=\"http:\/\/www2.iestorredelrey.es\/25aniv\/\" target=\"_blank\" rel=\"noopener noreferrer\"><img decoding=\"async\" class=\"pull-right\" style=\"margin-left: auto;margin-right: auto\" title=\"Cartel 25 aniversario\" src=\"https:\/\/www.iestorredelrey.es\/images\/Historia\/Cartel25aniv.jpg\" alt=\"Cartel 25 aniversario\" width=\"200\"><\/a><\/p>\n<div class=\"attachmentsContainer\">\n<div id=\"attachmentsList_com_content_default_177\" class=\"attachmentsList\">&nbsp;<\/div>\n<\/div>\n<\/div>\n<\/div>\n<\/div>\n<\/div>\n<p>[\/et_pb_text][\/et_pb_column][et_pb_column type=&#8221;1_2&#8243; _builder_version=&#8221;4.24.2&#8243; _module_preset=&#8221;default&#8221; global_colors_info=&#8221;{}&#8221;][\/et_pb_column][\/et_pb_row][\/et_pb_section]<\/p>\n","protected":false},"excerpt":{"rendered":"<p>El Colegio Libre &#8220;Manuel Siurot&#8221; (1962-1978) El actual Instituto, llamado ahora &#8220;Torre del Rey&#8221;, tiene sus or\u00edgenes en el Colegio Libre Adoptado &#8220;Manuel Siurot&#8221; que se cre\u00f3 en el curso 1962\/63 y que desarrollaba sus actividades en un lagar.En el curso 1978\/79, se transform\u00f3 en un Centro Homologado, que depend\u00eda del I.B. Tartessos de Camas [&hellip;]<\/p>\n","protected":false},"author":2148,"featured_media":0,"parent":0,"menu_order":0,"comment_status":"closed","ping_status":"closed","template":"","meta":{"_et_pb_use_builder":"on","_et_pb_old_content":"","_et_gb_content_width":"","ngg_post_thumbnail":0,"footnotes":""},"aioseo_notices":[],"_links":{"self":[{"href":"https:\/\/blogsaverroes.juntadeandalucia.es\/iestorredelrey\/wp-json\/wp\/v2\/pages\/295"}],"collection":[{"href":"https:\/\/blogsaverroes.juntadeandalucia.es\/iestorredelrey\/wp-json\/wp\/v2\/pages"}],"about":[{"href":"https:\/\/blogsaverroes.juntadeandalucia.es\/iestorredelrey\/wp-json\/wp\/v2\/types\/page"}],"author":[{"embeddable":true,"href":"https:\/\/blogsaverroes.juntadeandalucia.es\/iestorredelrey\/wp-json\/wp\/v2\/users\/2148"}],"replies":[{"embeddable":true,"href":"https:\/\/blogsaverroes.juntadeandalucia.es\/iestorredelrey\/wp-json\/wp\/v2\/comments?post=295"}],"version-history":[{"count":6,"href":"https:\/\/blogsaverroes.juntadeandalucia.es\/iestorredelrey\/wp-json\/wp\/v2\/pages\/295\/revisions"}],"predecessor-version":[{"id":859,"href":"https:\/\/blogsaverroes.juntadeandalucia.es\/iestorredelrey\/wp-json\/wp\/v2\/pages\/295\/revisions\/859"}],"wp:attachment":[{"href":"https:\/\/blogsaverroes.juntadeandalucia.es\/iestorredelrey\/wp-json\/wp\/v2\/media?parent=295"}],"curies":[{"name":"wp","href":"https:\/\/api.w.org\/{rel}","templated":true}]}}