{"id":643,"date":"2025-02-24T12:50:21","date_gmt":"2025-02-24T11:50:21","guid":{"rendered":"https:\/\/blogsaverroes.juntadeandalucia.es\/iestorredelrey\/?page_id=643"},"modified":"2025-02-24T13:41:14","modified_gmt":"2025-02-24T12:41:14","slug":"el-edificio","status":"publish","type":"page","link":"https:\/\/blogsaverroes.juntadeandalucia.es\/iestorredelrey\/el-edificio\/","title":{"rendered":"El Edificio"},"content":{"rendered":"<p>[et_pb_section fb_built=&#8221;1&#8243; _builder_version=&#8221;4.16&#8243; custom_padding=&#8221;0px||0px|&#8221; z_index_tablet=&#8221;500&#8243; box_shadow_horizontal_tablet=&#8221;0px&#8221; box_shadow_vertical_tablet=&#8221;0px&#8221; box_shadow_blur_tablet=&#8221;40px&#8221; box_shadow_spread_tablet=&#8221;0px&#8221; collapsed=&#8221;off&#8221; global_colors_info=&#8221;{}&#8221;][et_pb_row column_structure=&#8221;1_2,1_2&#8243; _builder_version=&#8221;4.24.2&#8243; width=&#8221;79.9%&#8221; custom_margin=&#8221;-10px|||&#8221; z_index_tablet=&#8221;500&#8243; box_shadow_horizontal_tablet=&#8221;0px&#8221; box_shadow_vertical_tablet=&#8221;0px&#8221; box_shadow_blur_tablet=&#8221;40px&#8221; box_shadow_spread_tablet=&#8221;0px&#8221; global_colors_info=&#8221;{}&#8221;][et_pb_column type=&#8221;1_2&#8243; _builder_version=&#8221;4.16&#8243; custom_padding=&#8221;|||&#8221; global_colors_info=&#8221;{}&#8221; custom_padding__hover=&#8221;|||&#8221;][et_pb_text admin_label=&#8221;Texto descriptivo&#8221; _builder_version=&#8221;4.24.2&#8243; custom_margin=&#8221;|-80px||-59px||&#8221; custom_padding=&#8221;18px||0px|78px||&#8221; z_index_tablet=&#8221;500&#8243; text_text_shadow_horizontal_length_tablet=&#8221;0px&#8221; text_text_shadow_vertical_length_tablet=&#8221;0px&#8221; text_text_shadow_blur_strength_tablet=&#8221;1px&#8221; link_text_shadow_horizontal_length_tablet=&#8221;0px&#8221; link_text_shadow_vertical_length_tablet=&#8221;0px&#8221; link_text_shadow_blur_strength_tablet=&#8221;1px&#8221; ul_text_shadow_horizontal_length_tablet=&#8221;0px&#8221; ul_text_shadow_vertical_length_tablet=&#8221;0px&#8221; ul_text_shadow_blur_strength_tablet=&#8221;1px&#8221; ol_text_shadow_horizontal_length_tablet=&#8221;0px&#8221; ol_text_shadow_vertical_length_tablet=&#8221;0px&#8221; ol_text_shadow_blur_strength_tablet=&#8221;1px&#8221; quote_text_shadow_horizontal_length_tablet=&#8221;0px&#8221; quote_text_shadow_vertical_length_tablet=&#8221;0px&#8221; quote_text_shadow_blur_strength_tablet=&#8221;1px&#8221; header_text_shadow_horizontal_length_tablet=&#8221;0px&#8221; header_text_shadow_vertical_length_tablet=&#8221;0px&#8221; header_text_shadow_blur_strength_tablet=&#8221;1px&#8221; header_2_text_shadow_horizontal_length_tablet=&#8221;0px&#8221; header_2_text_shadow_vertical_length_tablet=&#8221;0px&#8221; header_2_text_shadow_blur_strength_tablet=&#8221;1px&#8221; header_3_text_shadow_horizontal_length_tablet=&#8221;0px&#8221; header_3_text_shadow_vertical_length_tablet=&#8221;0px&#8221; header_3_text_shadow_blur_strength_tablet=&#8221;1px&#8221; header_4_text_shadow_horizontal_length_tablet=&#8221;0px&#8221; header_4_text_shadow_vertical_length_tablet=&#8221;0px&#8221; header_4_text_shadow_blur_strength_tablet=&#8221;1px&#8221; header_5_text_shadow_horizontal_length_tablet=&#8221;0px&#8221; header_5_text_shadow_vertical_length_tablet=&#8221;0px&#8221; header_5_text_shadow_blur_strength_tablet=&#8221;1px&#8221; header_6_text_shadow_horizontal_length_tablet=&#8221;0px&#8221; header_6_text_shadow_vertical_length_tablet=&#8221;0px&#8221; header_6_text_shadow_blur_strength_tablet=&#8221;1px&#8221; box_shadow_horizontal_tablet=&#8221;0px&#8221; box_shadow_vertical_tablet=&#8221;0px&#8221; box_shadow_blur_tablet=&#8221;40px&#8221; box_shadow_spread_tablet=&#8221;0px&#8221; global_colors_info=&#8221;{}&#8221;]<\/p>\n<div class=\"page-header\">\n<h2>El Edificio<\/h2>\n<p>&nbsp;<\/p>\n<p>&nbsp;<\/p>\n<\/div>\n<div>\n<p>El edificio del Seminario Menor &#8220;Virgen de Bel\u00e9n&#8221; de Pilas fue dise\u00f1ado en <strong>1957 <\/strong>por el prestigioso arquitecto<strong> Fernando Barqu\u00edn y Bar\u00f3n<\/strong>, siendo una obra de gran relevancia en la \u00e9poca.<\/p>\n<p>Comenz\u00f3 a funcionar como Seminario en el <strong>curso 1960\/61<\/strong>, aunque ya hab\u00eda funcionado, todav\u00eda en obras, durante el curso anterior.<\/p>\n<p>Su inauguraci\u00f3n oficial tuvo lugar el <strong>3 de mayo de 1961<\/strong>. Fue solemnemente bendecido por el <strong>Cardenal Doctor Bueno Monreal<\/strong>, en presencia del Jefe del Estado, <strong>Francisco Franco<\/strong>, los Ministros de Gobernaci\u00f3n y Justicia, el Secretario General del Movimiento y numerosas personalidades eclesi\u00e1sticas, civiles y militares.<\/p>\n<p>Como es de imaginar, este evento estuvo rodeado de unas inmensas medidas de seguridad y cre\u00f3 una gran expectaci\u00f3n.<\/p>\n<p>La singularidad de la arquitectura del edificio hizo que fuese elegido para rodar la pel\u00edcula &#8220;<a href=\"http:\/\/www.filmaffinity.com\/es\/film749380.html\" target=\"_blank\" rel=\"noopener\"><strong>Alegre Juventud<\/strong><\/a>&#8221; (<strong>1963<\/strong>), dirigida y protagonizada por Mariano Ozores y con importantes actores espa\u00f1oles como Emma Penella, Adolfo Marsillach o Jos\u00e9 Luis Ozores.<\/p>\n<p><img loading=\"lazy\" decoding=\"async\" title=\"PatioIES_1960.jpg\" src=\"https:\/\/www.iestorredelrey.es\/images\/Edificio\/PatioIES_1960.jpg\" alt=\"PatioIES_1960.jpg\" width=\"492\" height=\"375\" style=\"margin-left: auto;margin-right: auto\" \/><\/p>\n<p class=\"rtecenter\" style=\"text-align: center\"><em>(Foto de los pabellones donde se ubica actualmente el Instituto, tomadas de <strong><a href=\"www.seminariodepilas.es\">www.seminariodepilas.es<\/a><\/strong>)<\/em><\/p>\n<p>&nbsp;<\/p>\n<p>&nbsp;<\/p>\n<p>Al edificio utilizado por el Instituto, se le a\u00f1adi\u00f3 en <strong>1996<\/strong> una nueva ala (s\u00f3lo con planta alta), con seis aulas, cerrando as\u00ed el recinto original que ten\u00eda forma de &#8220;U&#8221;.<\/p>\n<p>El resto del edificio ha tenido en los \u00faltimos a\u00f1os un uso residencial, y est\u00e1 ocupado en la actualidad por el <a href=\"http:\/\/www.lantanagarden.com\/\" target=\"_blank\" rel=\"noopener\">Complejo Residencial &#8220;Lantana&#8221;<\/a>.<\/p>\n<p>Este edificio ha sido elegido durante los \u00faltimos a\u00f1os por el prestigioso pianista y director de orquesta <strong>Daniel Barenboim<\/strong>, para alojarse durante el verano a la <strong>West-East Divan Orchestra<\/strong>, un proyecto creado por \u00e9l y por el fil\u00f3sofo <strong>Edward Said<\/strong> para reunir anualmente, con esp\u00edritu de concordia, a un grupo de j\u00f3venes m\u00fasicos talentosos de origen israel\u00ed, \u00e1rabe y palestino.<\/p>\n<p>&nbsp;<\/p>\n<p>Puedes encontrar una amplia informaci\u00f3n sobre la historia del Seminario Menor de Pilas en la web <a href=\"http:\/\/www.seminariomenordepilas.es\/\" target=\"_blank\" rel=\"noopener\"><strong>http:\/\/www.seminariomenordepilas.es\/<\/strong><\/a><\/p>\n<\/div>\n<p>[\/et_pb_text][\/et_pb_column][et_pb_column type=&#8221;1_2&#8243; _builder_version=&#8221;4.16&#8243; custom_padding=&#8221;|||&#8221; global_colors_info=&#8221;{}&#8221; custom_padding__hover=&#8221;|||&#8221;][et_pb_image src=&#8221;https:\/\/blogsaverroes.juntadeandalucia.es\/iestorredelrey\/files\/2025\/02\/AlegreJuventud.jpg&#8221; title_text=&#8221;AlegreJuventud&#8221; align=&#8221;center&#8221; _builder_version=&#8221;4.24.2&#8243; _module_preset=&#8221;default&#8221; width=&#8221;55%&#8221; max_width=&#8221;100%&#8221; min_height=&#8221;347px&#8221; height=&#8221;367px&#8221; custom_margin=&#8221;102px||||false|false&#8221; global_colors_info=&#8221;{}&#8221; src__hover_enabled=&#8221;off|desktop&#8221;][\/et_pb_image][et_pb_text _builder_version=&#8221;4.24.2&#8243; _module_preset=&#8221;default&#8221; custom_margin=&#8221;86px|||36px|false|false&#8221; global_colors_info=&#8221;{}&#8221;]<\/p>\n<p>El Seminario estaba compuesto por un patio central, un campanario, sal\u00f3n de actos, una capilla dedicada a la Virgen de Bel\u00e9n (patrona de Pilas), comedor, zona deportiva y de ocio, dos pabellones destinados a aulas, salas de estudio y otros dos pabellones destinados a dormitorios y aseos para los seminaristas.<\/p>\n<p>Con motivo del 50\u00ba aniversario de la construcci\u00f3n del edificio, se elabor\u00f3 un v\u00eddeo que est\u00e1 publicado en la web de Cultura del Ayuntamiento de Pilas (pulsa <strong><a href=\"http:\/\/www.pilas.es\/opencms\/opencms\/pilas\/ayuntamiento\/delegacionesMunicipales\/cultura\/archivos\/multimedia\/videos\/video_0004.html?categoria=\" target=\"_blank\" rel=\"noopener\">AQU\u00cd <\/a><\/strong>para verlo).<\/p>\n<p>El actual <strong>IES Torre del Rey<\/strong> ocupa uno de los pabellones de aulas y otro de los pabellones de dormitorios.<\/p>\n<p>[\/et_pb_text][et_pb_image src=&#8221;https:\/\/blogsaverroes.juntadeandalucia.es\/iestorredelrey\/files\/2025\/02\/Divan_Este-Oeste_2005.jpg&#8221; title_text=&#8221;Div\u00e1n_Este-Oeste_2005&#8243; show_bottom_space=&#8221;off&#8221; force_fullwidth=&#8221;on&#8221; _builder_version=&#8221;4.24.2&#8243; _module_preset=&#8221;default&#8221; custom_margin=&#8221;203px||||false|false&#8221; global_colors_info=&#8221;{}&#8221;][\/et_pb_image][et_pb_text _builder_version=&#8221;4.24.2&#8243; _module_preset=&#8221;default&#8221; global_colors_info=&#8221;{}&#8221;]<\/p>\n<p><em>Ensayo de Daniel Barenboim con la <strong>West-East Divan Orchestra<\/strong>, en el Sal\u00f3n de Actos del Seminario Menor de Pilas. Verano de 2005 (foto de Wikipedia)<\/em><\/p>\n<p>[\/et_pb_text][\/et_pb_column][\/et_pb_row][\/et_pb_section]<\/p>\n","protected":false},"excerpt":{"rendered":"<p>El Edificio &nbsp; &nbsp; El edificio del Seminario Menor &#8220;Virgen de Bel\u00e9n&#8221; de Pilas fue dise\u00f1ado en 1957 por el prestigioso arquitecto Fernando Barqu\u00edn y Bar\u00f3n, siendo una obra de gran relevancia en la \u00e9poca. Comenz\u00f3 a funcionar como Seminario en el curso 1960\/61, aunque ya hab\u00eda funcionado, todav\u00eda en obras, durante el curso anterior. [&hellip;]<\/p>\n","protected":false},"author":12995,"featured_media":0,"parent":0,"menu_order":0,"comment_status":"closed","ping_status":"closed","template":"","meta":{"_et_pb_use_builder":"on","_et_pb_old_content":"","_et_gb_content_width":"","ngg_post_thumbnail":0,"footnotes":""},"aioseo_notices":[],"_links":{"self":[{"href":"https:\/\/blogsaverroes.juntadeandalucia.es\/iestorredelrey\/wp-json\/wp\/v2\/pages\/643"}],"collection":[{"href":"https:\/\/blogsaverroes.juntadeandalucia.es\/iestorredelrey\/wp-json\/wp\/v2\/pages"}],"about":[{"href":"https:\/\/blogsaverroes.juntadeandalucia.es\/iestorredelrey\/wp-json\/wp\/v2\/types\/page"}],"author":[{"embeddable":true,"href":"https:\/\/blogsaverroes.juntadeandalucia.es\/iestorredelrey\/wp-json\/wp\/v2\/users\/12995"}],"replies":[{"embeddable":true,"href":"https:\/\/blogsaverroes.juntadeandalucia.es\/iestorredelrey\/wp-json\/wp\/v2\/comments?post=643"}],"version-history":[{"count":8,"href":"https:\/\/blogsaverroes.juntadeandalucia.es\/iestorredelrey\/wp-json\/wp\/v2\/pages\/643\/revisions"}],"predecessor-version":[{"id":696,"href":"https:\/\/blogsaverroes.juntadeandalucia.es\/iestorredelrey\/wp-json\/wp\/v2\/pages\/643\/revisions\/696"}],"wp:attachment":[{"href":"https:\/\/blogsaverroes.juntadeandalucia.es\/iestorredelrey\/wp-json\/wp\/v2\/media?parent=643"}],"curies":[{"name":"wp","href":"https:\/\/api.w.org\/{rel}","templated":true}]}}