{"id":684,"date":"2025-02-24T13:40:31","date_gmt":"2025-02-24T12:40:31","guid":{"rendered":"https:\/\/blogsaverroes.juntadeandalucia.es\/iestorredelrey\/?page_id=684"},"modified":"2025-02-24T13:40:35","modified_gmt":"2025-02-24T12:40:35","slug":"datos-del-centro","status":"publish","type":"page","link":"https:\/\/blogsaverroes.juntadeandalucia.es\/iestorredelrey\/datos-del-centro\/","title":{"rendered":"Datos del Centro"},"content":{"rendered":"<p>[et_pb_section fb_built=&#8221;1&#8243; _builder_version=&#8221;4.16&#8243; custom_padding=&#8221;0px||0px|&#8221; z_index_tablet=&#8221;500&#8243; box_shadow_horizontal_tablet=&#8221;0px&#8221; box_shadow_vertical_tablet=&#8221;0px&#8221; box_shadow_blur_tablet=&#8221;40px&#8221; box_shadow_spread_tablet=&#8221;0px&#8221; collapsed=&#8221;off&#8221; global_colors_info=&#8221;{}&#8221; theme_builder_area=&#8221;post_content&#8221;][et_pb_row column_structure=&#8221;1_2,1_2&#8243; _builder_version=&#8221;4.24.2&#8243; width=&#8221;79.9%&#8221; custom_margin=&#8221;-10px|||&#8221; z_index_tablet=&#8221;500&#8243; box_shadow_horizontal_tablet=&#8221;0px&#8221; box_shadow_vertical_tablet=&#8221;0px&#8221; box_shadow_blur_tablet=&#8221;40px&#8221; box_shadow_spread_tablet=&#8221;0px&#8221; global_colors_info=&#8221;{}&#8221; theme_builder_area=&#8221;post_content&#8221;][et_pb_column type=&#8221;1_2&#8243; _builder_version=&#8221;4.16&#8243; custom_padding=&#8221;|||&#8221; global_colors_info=&#8221;{}&#8221; custom_padding__hover=&#8221;|||&#8221; theme_builder_area=&#8221;post_content&#8221;][et_pb_text _builder_version=&#8221;4.24.2&#8243; _module_preset=&#8221;default&#8221; theme_builder_area=&#8221;post_content&#8221; hover_enabled=&#8221;0&#8243; sticky_enabled=&#8221;0&#8243;]<\/p>\n<div>\n<h3>Datos de contacto<\/h3>\n<ul class=\"ice-check\">\n<li>C\u00f3digo del centro: 41701298<\/li>\n<li>Direcci\u00f3n: Avenida P\u00edo XII, 85<\/li>\n<li>C.P.: 41840<\/li>\n<li>Municipio: Pilas<\/li>\n<li>Provincia: Sevilla<\/li>\n<li>Tel\u00e9fono: 955 759 529 &#8211; (interno corporativo: 389529)<\/li>\n<li>Fax: 955 759 532 &#8211; 389532<\/li>\n<li>email: <span id=\"cloakfec6b8c73d927a7d36a79ae6ecc7cf10\"><a href=\"mailto:41701298.edu@juntadeandalucia.es\">41701298.edu@juntadeandalucia.es<\/a><\/span><\/li>\n<li>Web: <a href=\"http:\/\/www.iestorredelrey.es\/\">http:\/\/www.iestorredelrey.es<\/a><\/li>\n<li>Perfil facebook: <a href=\"https:\/\/www.facebook.com\/iestorredelrey\" target=\"_blank\" rel=\"noopener noreferrer\">https:\/\/www.facebook.com\/iestorredelrey<\/a><\/li>\n<\/ul>\n<h3>Horario<\/h3>\n<ul class=\"ice-star\">\n<li>Diurno (8:30h &#8211; 15:00h)<\/li>\n<\/ul>\n<h3>Mapa de localizaci\u00f3n del centro<\/h3>\n<\/div>\n<p>[\/et_pb_text][\/et_pb_column][et_pb_column type=&#8221;1_2&#8243; _builder_version=&#8221;4.16&#8243; custom_padding=&#8221;|||&#8221; global_colors_info=&#8221;{}&#8221; custom_padding__hover=&#8221;|||&#8221; theme_builder_area=&#8221;post_content&#8221;][et_pb_text _builder_version=&#8221;4.24.2&#8243; _module_preset=&#8221;default&#8221; theme_builder_area=&#8221;post_content&#8221; hover_enabled=&#8221;0&#8243; sticky_enabled=&#8221;0&#8243;]<\/p>\n<h4>Tel\u00e9fonos:<\/h4>\n<ul class=\"ice-check\">\n<li>Conserjer\u00eda: 955 759 529.<\/li>\n<li>Administraci\u00f3n (ventanilla): 671 538 270<\/li>\n<li>Direcci\u00f3n: 671 567 135&nbsp; \/&nbsp; 671 538 268<\/li>\n<li>Jefatura de Estudios: 671 567 136 \/ 955 759 532<\/li>\n<li>Secretar\u00eda \/ Vicedirecci\u00f3n: 671 538 269<\/li>\n<li>Orientaci\u00f3n: 671 538 271<\/li>\n<\/ul>\n<h3>Datos para facturaci\u00f3n electr\u00f3nica<\/h3>\n<ul class=\"ice-note\">\n<li>CIF: S-4111001-F<\/li>\n<li>Datos <strong>DIR3<\/strong> (<em>Directorio Com\u00fan de Unidades Org\u00e1nicas y Oficinas<\/em>):\n<ul>\n<li>Oficina Contable:&nbsp; <strong>A01004456<\/strong> (&#8220;Intervenci\u00f3n General de la Junta de Andaluc\u00eda&#8221;)<\/li>\n<li>Unidad Tramitadora:&nbsp; <strong>GE0010526<\/strong> (&#8220;Centros Educativos&#8221;)<\/li>\n<li>\u00d3rgano Gestor:&nbsp; <strong>GE0010302<\/strong> (&#8220;I.E.S. &#8211; Torre del Rey (Pilas) &#8211; 41701298&#8221;)<\/li>\n<\/ul>\n<\/li>\n<\/ul>\n<h4>Punto General de Entrada de Facturas Electr\u00f3nicas de Andaluc\u00eda:<\/h4>\n<ul>\n<li><a href=\"https:\/\/e-factura.juntadeandalucia.es\/\" target=\"_blank\" rel=\"noopener noreferrer\">https:\/\/e-factura.juntadeandalucia.es\/<\/a><\/li>\n<\/ul>\n<p>[\/et_pb_text][\/et_pb_column][\/et_pb_row][\/et_pb_section]<\/p>\n","protected":false},"excerpt":{"rendered":"<p>Datos de contacto C\u00f3digo del centro: 41701298 Direcci\u00f3n: Avenida P\u00edo XII, 85 C.P.: 41840 Municipio: Pilas Provincia: Sevilla Tel\u00e9fono: 955 759 529 &#8211; (interno corporativo: 389529) Fax: 955 759 532 &#8211; 389532 email: 41701298.edu@juntadeandalucia.es Web: http:\/\/www.iestorredelrey.es Perfil facebook: https:\/\/www.facebook.com\/iestorredelrey Horario Diurno (8:30h &#8211; 15:00h) Mapa de localizaci\u00f3n del centro Tel\u00e9fonos: Conserjer\u00eda: 955 759 529. Administraci\u00f3n [&hellip;]<\/p>\n","protected":false},"author":12995,"featured_media":0,"parent":0,"menu_order":0,"comment_status":"closed","ping_status":"closed","template":"","meta":{"_et_pb_use_builder":"on","_et_pb_old_content":"<div class=\"page-header\"><h2>Datos del Centro<\/h2><\/div><div><h3>Datos de contacto<\/h3><ul class=\"ice-check\"><li>C\u00f3digo del centro: 41701298<\/li><li>Direcci\u00f3n: Avenida P\u00edo XII, 85<\/li><li>C.P.: 41840<\/li><li>Municipio: Pilas<\/li><li>Provincia: Sevilla<\/li><li>Tel\u00e9fono: 955 759 529 - (interno corporativo: 389529)<\/li><li>Fax: 955 759 532 - 389532<\/li><li>email: <span id=\"cloakfec6b8c73d927a7d36a79ae6ecc7cf10\"><a href=\"mailto:41701298.edu@juntadeandalucia.es\">41701298.edu@juntadeandalucia.es<\/a><\/span><\/li><li>Web: <a href=\"http:\/\/www.iestorredelrey.es\/\">http:\/\/www.iestorredelrey.es<\/a><\/li><li>Perfil facebook: <a href=\"https:\/\/www.facebook.com\/iestorredelrey\" target=\"_blank\" rel=\"noopener noreferrer\">https:\/\/www.facebook.com\/iestorredelrey<\/a><\/li><\/ul><h4>Tel\u00e9fonos:<\/h4><ul class=\"ice-check\"><li>Conserjer\u00eda: 955 759 529.<\/li><li>Administraci\u00f3n (ventanilla): 671 538 270<\/li><li>Direcci\u00f3n: 671 567 135\u00a0 \/\u00a0 671 538 268<\/li><li>Jefatura de Estudios: 671 567 136 \/ 955 759 532<\/li><li>Secretar\u00eda \/ Vicedirecci\u00f3n: 671 538 269<\/li><li>Orientaci\u00f3n: 671 538 271<\/li><\/ul><h3>Horario<\/h3><ul class=\"ice-star\"><li>Diurno (8:30h - 15:00h)<\/li><\/ul><h3>Datos para facturaci\u00f3n electr\u00f3nica<\/h3><ul class=\"ice-note\"><li>CIF: S-4111001-F<\/li><li>Datos <strong>DIR3<\/strong> (<em>Directorio Com\u00fan de Unidades Org\u00e1nicas y Oficinas<\/em>):<ul><li>Oficina Contable:\u00a0 <strong>A01004456<\/strong> (\"Intervenci\u00f3n General de la Junta de Andaluc\u00eda\")<\/li><li>Unidad Tramitadora:\u00a0 <strong>GE0010526<\/strong> (\"Centros Educativos\")<\/li><li>\u00d3rgano Gestor:\u00a0 <strong>GE0010302<\/strong> (\"I.E.S. - Torre del Rey (Pilas) - 41701298\")<\/li><\/ul><\/li><\/ul><h4>Punto General de Entrada de Facturas Electr\u00f3nicas de Andaluc\u00eda:<\/h4><ul><li><a href=\"https:\/\/e-factura.juntadeandalucia.es\/\" target=\"_blank\" rel=\"noopener noreferrer\">https:\/\/e-factura.juntadeandalucia.es\/<\/a><\/li><\/ul><h3>Mapa de localizaci\u00f3n del centro<\/h3><\/div>","_et_gb_content_width":"","ngg_post_thumbnail":0,"footnotes":""},"aioseo_notices":[],"_links":{"self":[{"href":"https:\/\/blogsaverroes.juntadeandalucia.es\/iestorredelrey\/wp-json\/wp\/v2\/pages\/684"}],"collection":[{"href":"https:\/\/blogsaverroes.juntadeandalucia.es\/iestorredelrey\/wp-json\/wp\/v2\/pages"}],"about":[{"href":"https:\/\/blogsaverroes.juntadeandalucia.es\/iestorredelrey\/wp-json\/wp\/v2\/types\/page"}],"author":[{"embeddable":true,"href":"https:\/\/blogsaverroes.juntadeandalucia.es\/iestorredelrey\/wp-json\/wp\/v2\/users\/12995"}],"replies":[{"embeddable":true,"href":"https:\/\/blogsaverroes.juntadeandalucia.es\/iestorredelrey\/wp-json\/wp\/v2\/comments?post=684"}],"version-history":[{"count":4,"href":"https:\/\/blogsaverroes.juntadeandalucia.es\/iestorredelrey\/wp-json\/wp\/v2\/pages\/684\/revisions"}],"predecessor-version":[{"id":695,"href":"https:\/\/blogsaverroes.juntadeandalucia.es\/iestorredelrey\/wp-json\/wp\/v2\/pages\/684\/revisions\/695"}],"wp:attachment":[{"href":"https:\/\/blogsaverroes.juntadeandalucia.es\/iestorredelrey\/wp-json\/wp\/v2\/media?parent=684"}],"curies":[{"name":"wp","href":"https:\/\/api.w.org\/{rel}","templated":true}]}}