{"id":699,"date":"2025-04-08T14:14:28","date_gmt":"2025-04-08T12:14:28","guid":{"rendered":"https:\/\/blogsaverroes.juntadeandalucia.es\/iestorredelrey\/?page_id=699"},"modified":"2025-04-08T14:14:32","modified_gmt":"2025-04-08T12:14:32","slug":"claustro-de-profesores","status":"publish","type":"page","link":"https:\/\/blogsaverroes.juntadeandalucia.es\/iestorredelrey\/claustro-de-profesores\/","title":{"rendered":"Claustro de profesores"},"content":{"rendered":"<p>[et_pb_section fb_built=&#8221;1&#8243; _builder_version=&#8221;4.24.2&#8243; _module_preset=&#8221;default&#8221; global_colors_info=&#8221;{}&#8221;][et_pb_row column_structure=&#8221;1_2,1_2&#8243; _builder_version=&#8221;4.24.2&#8243; _module_preset=&#8221;default&#8221; global_colors_info=&#8221;{}&#8221;][et_pb_column type=&#8221;1_2&#8243; _builder_version=&#8221;4.24.2&#8243; _module_preset=&#8221;default&#8221; global_colors_info=&#8221;{}&#8221;][et_pb_text _builder_version=&#8221;4.24.2&#8243; _module_preset=&#8221;default&#8221; global_colors_info=&#8221;{}&#8221;]<\/p>\n<div class=\"page-header\">\n<h2>Claustro de Profesores<\/h2>\n<\/div>\n<div>\n<figure class=\"pull-right\"><figcaption class=\"text-center\">Primer Claustro de Profesorado del Torre del Rey (Curso 1979-80)<\/figcaption><\/figure>\n<p style=\"margin-bottom: 0cm\">El Claustro de Profesorado es el \u00f3rgano propio de participaci\u00f3n del profesorado en el gobierno del centro.&nbsp;<\/p>\n<p style=\"margin-bottom: 0cm\">Tiene tiene la responsabilidad de planificar, coordinar y, en su caso, decidir o informar sobre todos los aspectos educativos.<\/p>\n<p style=\"margin-bottom: 0cm\">Est\u00e1 presidido por el director o directora del Instituto y lo integran todos los profesores y profesoras que prestan servicios en el mismo.<\/p>\n<p style=\"margin-bottom: 0cm\">&nbsp;<\/p>\n<\/div>\n<p>[\/et_pb_text][\/et_pb_column][et_pb_column type=&#8221;1_2&#8243; _builder_version=&#8221;4.24.2&#8243; _module_preset=&#8221;default&#8221; global_colors_info=&#8221;{}&#8221;][et_pb_image src=&#8221;https:\/\/blogsaverroes.juntadeandalucia.es\/iestorredelrey\/files\/2025\/02\/claustro_primero_ies_torre_del_rey.jpg&#8221; title_text=&#8221;claustro_primero_ies_torre_del_rey&#8221; _builder_version=&#8221;4.24.2&#8243; _module_preset=&#8221;default&#8221; height=&#8221;266px&#8221; global_colors_info=&#8221;{}&#8221;][\/et_pb_image][\/et_pb_column][\/et_pb_row][et_pb_row _builder_version=&#8221;4.24.2&#8243; _module_preset=&#8221;default&#8221; global_colors_info=&#8221;{}&#8221;][et_pb_column type=&#8221;4_4&#8243; _builder_version=&#8221;4.24.2&#8243; _module_preset=&#8221;default&#8221; global_colors_info=&#8221;{}&#8221;][et_pb_text _builder_version=&#8221;4.24.2&#8243; _module_preset=&#8221;default&#8221; global_colors_info=&#8221;{}&#8221;]<\/p>\n<h3 style=\"margin-bottom: 0cm\">Competencias<\/h3>\n<p style=\"margin-bottom: 0cm\">Las competencias de este \u00f3rgano de gobierno vienen determinadas en el art\u00ba 68 del <strong><a href=\"http:\/\/www.juntadeandalucia.es\/boja\/2010\/139\/2\" target=\"_blank\" rel=\"noopener\" data-cke-saved-href=\"http:\/\/www.juntadeandalucia.es\/boja\/2010\/139\/2\">Decreto 327\/2010<\/a><\/strong>, por el que se aprueba el Reglamento Org\u00e1nico de los Institutos de Educaci\u00f3n Secundaria:<\/p>\n<p style=\"margin-bottom: 0cm\">a) Formular al equipo directivo y al Consejo Escolar propuestas para la elaboraci\u00f3n del Plan de Centro.<\/p>\n<p style=\"margin-bottom: 0cm\">b) Aprobar y evaluar los aspectos educativos del <strong>Plan de Centro<\/strong>.<\/p>\n<p style=\"margin-bottom: 0cm\">c) Aprobar las <strong>programaciones did\u00e1cticas<\/strong>.<\/p>\n<p style=\"margin-bottom: 0cm\">d) Fijar criterios referentes a la <strong>orientaci\u00f3n y tutor\u00eda<\/strong> del alumnado.<\/p>\n<p style=\"margin-bottom: 0cm\">e) Promover iniciativas en el \u00e1mbito de la <strong>experimentaci\u00f3n<\/strong>, de la <strong>innovaci\u00f3n <\/strong>y de la <strong>investigaci\u00f3n pedag\u00f3gica<\/strong> y en la <strong>formaci\u00f3n del profesorado<\/strong> del centro.<\/p>\n<p style=\"margin-bottom: 0cm\">f) Elegir sus representantes en el Consejo Escolar del centro y participar en la selecci\u00f3n del director o directora.<\/p>\n<p style=\"margin-bottom: 0cm\">g) Conocer las <strong>candidaturas a la direcci\u00f3n<\/strong> y los <strong>proyectos de direcci\u00f3n<\/strong> presentados por las personas candidatas.<\/p>\n<p style=\"margin-bottom: 0cm\">h) Analizar y valorar el <strong>funcionamiento general del instituto<\/strong>, la evoluci\u00f3n del <strong>rendimiento escolar<\/strong> y los <strong>resultados de las evaluaciones<\/strong> internas y externas en las que participe el centro.<\/p>\n<p style=\"margin-bottom: 0cm\">i) Informar el <strong>reglamento de organizaci\u00f3n y funcionamiento<\/strong> del instituto.<\/p>\n<p style=\"margin-bottom: 0cm\">j) Informar la <strong>memoria de autoevaluaci\u00f3n<\/strong> del centro.<\/p>\n<p style=\"margin-bottom: 0cm\">k) Conocer la resoluci\u00f3n de <strong>conflictos disciplinarios<\/strong> y la imposici\u00f3n de <strong>sanciones <\/strong>y velar para que \u00e9stas se atengan a la normativa vigente.<\/p>\n<p style=\"margin-bottom: 0cm\">l) Proponer medidas e iniciativas que favorezcan la <strong>convivencia <\/strong>en el instituto.<\/p>\n<p style=\"margin-bottom: 0cm\">m) Cualesquiera otras que le sean atribuidas por el reglamento de organizaci\u00f3n y funcionamiento del instituto o por Orden de la persona titular de la Consejer\u00eda competente en materia de educaci\u00f3n.<\/p>\n<p>[\/et_pb_text][\/et_pb_column][\/et_pb_row][\/et_pb_section]<\/p>\n","protected":false},"excerpt":{"rendered":"<p>Claustro de Profesores Primer Claustro de Profesorado del Torre del Rey (Curso 1979-80) El Claustro de Profesorado es el \u00f3rgano propio de participaci\u00f3n del profesorado en el gobierno del centro.&nbsp; Tiene tiene la responsabilidad de planificar, coordinar y, en su caso, decidir o informar sobre todos los aspectos educativos. Est\u00e1 presidido por el director o [&hellip;]<\/p>\n","protected":false},"author":12995,"featured_media":0,"parent":0,"menu_order":0,"comment_status":"closed","ping_status":"closed","template":"","meta":{"_et_pb_use_builder":"on","_et_pb_old_content":"","_et_gb_content_width":"","ngg_post_thumbnail":0,"footnotes":""},"aioseo_notices":[],"_links":{"self":[{"href":"https:\/\/blogsaverroes.juntadeandalucia.es\/iestorredelrey\/wp-json\/wp\/v2\/pages\/699"}],"collection":[{"href":"https:\/\/blogsaverroes.juntadeandalucia.es\/iestorredelrey\/wp-json\/wp\/v2\/pages"}],"about":[{"href":"https:\/\/blogsaverroes.juntadeandalucia.es\/iestorredelrey\/wp-json\/wp\/v2\/types\/page"}],"author":[{"embeddable":true,"href":"https:\/\/blogsaverroes.juntadeandalucia.es\/iestorredelrey\/wp-json\/wp\/v2\/users\/12995"}],"replies":[{"embeddable":true,"href":"https:\/\/blogsaverroes.juntadeandalucia.es\/iestorredelrey\/wp-json\/wp\/v2\/comments?post=699"}],"version-history":[{"count":6,"href":"https:\/\/blogsaverroes.juntadeandalucia.es\/iestorredelrey\/wp-json\/wp\/v2\/pages\/699\/revisions"}],"predecessor-version":[{"id":851,"href":"https:\/\/blogsaverroes.juntadeandalucia.es\/iestorredelrey\/wp-json\/wp\/v2\/pages\/699\/revisions\/851"}],"wp:attachment":[{"href":"https:\/\/blogsaverroes.juntadeandalucia.es\/iestorredelrey\/wp-json\/wp\/v2\/media?parent=699"}],"curies":[{"name":"wp","href":"https:\/\/api.w.org\/{rel}","templated":true}]}}