{"id":708,"date":"2025-04-08T14:14:22","date_gmt":"2025-04-08T12:14:22","guid":{"rendered":"https:\/\/blogsaverroes.juntadeandalucia.es\/iestorredelrey\/?page_id=708"},"modified":"2025-04-08T14:14:27","modified_gmt":"2025-04-08T12:14:27","slug":"consejo-escolar","status":"publish","type":"page","link":"https:\/\/blogsaverroes.juntadeandalucia.es\/iestorredelrey\/consejo-escolar\/","title":{"rendered":"Consejo Escolar"},"content":{"rendered":"<p>[et_pb_section fb_built=&#8221;1&#8243; _builder_version=&#8221;4.24.2&#8243; _module_preset=&#8221;default&#8221; global_colors_info=&#8221;{}&#8221;][et_pb_row column_structure=&#8221;1_2,1_2&#8243; _builder_version=&#8221;4.24.2&#8243; _module_preset=&#8221;default&#8221; global_colors_info=&#8221;{}&#8221;][et_pb_column type=&#8221;1_2&#8243; _builder_version=&#8221;4.24.2&#8243; _module_preset=&#8221;default&#8221; global_colors_info=&#8221;{}&#8221;][et_pb_text _builder_version=&#8221;4.24.2&#8243; _module_preset=&#8221;default&#8221; global_colors_info=&#8221;{}&#8221;]<\/p>\n<div class=\"page-header\">\n<blockquote>\n<h2><strong>Consejo Escolar<\/strong><\/h2>\n<\/blockquote>\n<\/div>\n<p>[\/et_pb_text][et_pb_text _builder_version=&#8221;4.24.2&#8243; _module_preset=&#8221;default&#8221; custom_padding=&#8221;||0px|||&#8221; global_colors_info=&#8221;{}&#8221;]<\/p>\n<p>El <strong>Consejo Escolar<\/strong> es el \u00f3rgano de gobierno del centro en el que participan todos los sectores de la comunidad educativa. Su constituci\u00f3n es obligatoria en todos los centros gestionados con fondos p\u00fablicos.<\/p>\n<p>[\/et_pb_text][et_pb_text _builder_version=&#8221;4.24.2&#8243; _module_preset=&#8221;default&#8221; global_colors_info=&#8221;{}&#8221;]<\/p>\n<h3><span style=\"text-decoration: underline\"><strong>Composici\u00f3n<\/strong><\/span><\/h3>\n<p>Para un centro con las caracter\u00edsticas del IES Torre del Rey, el Consejo Escolar debe estar compuesto por los siguientes miembros (art\u00edculo 50.1 del Decreto 327\/2010):<\/p>\n<p>a) El director o la directora del instituto, que ostentar\u00e1 la presidencia.<br \/>b) El jefe o la jefa de estudios.<br \/>c) Ocho profesores o profesoras.<br \/>d) Cinco padres, madres o representantes legales del alumnado, de los que uno ser\u00e1 designado por el AMPA con mayor n\u00famero de personas asociadas.<br \/>e) Cinco alumnos o alumnas.<br \/>f) Una persona representante del personal de administraci\u00f3n y servicios (P.A.S.).<br \/>g) Una concejal\u00eda o persona representante del Ayuntamiento de Pilas.<br \/>i) El secretario o la secretaria, que ejercer\u00e1 la secretar\u00eda del Consejo Escolar, con voz y sin voto.<\/p>\n<p>La elecci\u00f3n de todos los representantes se realiza durante el primer trimestre del curso acad\u00e9mico de los a\u00f1os pares.<\/p>\n<p>A continuaci\u00f3n se listan los miembros elegidos en el primer trimestre del <strong>curso 2021\/22<\/strong>, que forman el Consejo Escolar de nuestro centro hasta el primer trimestre del curso 2022\/23. Se incluye una direcci\u00f3n de correo electr\u00f3nico donde cualquier miembro de la comunidad educativa puede contactar con ellos para realizar propuestas para el Consejo Escolar.<\/p>\n<p>[\/et_pb_text][\/et_pb_column][et_pb_column type=&#8221;1_2&#8243; _builder_version=&#8221;4.24.2&#8243; _module_preset=&#8221;default&#8221; global_colors_info=&#8221;{}&#8221;][et_pb_text _builder_version=&#8221;4.24.2&#8243; _module_preset=&#8221;default&#8221; custom_margin=&#8221;80px|||||&#8221; custom_padding=&#8221;0px|||||&#8221; global_colors_info=&#8221;{}&#8221;]<\/p>\n<h4><span style=\"text-decoration: underline\"><strong>Equipo Directivo<\/strong><\/span><\/h4>\n<ul class=\"ice-check\">\n<li>D. Joaqu\u00edn Fuentes Rodr\u00edguez (Director) \u00a0 || \u00a0 <span id=\"cloak456420d04b2c718df14eff93ff408e1b\" style=\"color: #0c71c3\"><a href=\"mailto:direccion@iestorredelrey.es\" style=\"color: #0c71c3\">direccion@iestorredelrey.es<\/a><\/span><\/li>\n<li>D\u00aa Antonia Mar\u00eda Jurado Cabello (Jefa de Estudios) \u00a0 || \u00a0 <span id=\"cloak89990f56f32b47c273d6f4b319d1a4df\" style=\"color: #0c71c3\"><a href=\"mailto:jefatura@iestorredelrey.es\" style=\"color: #0c71c3\">jefatura@iestorredelrey.es<\/a><\/span><\/li>\n<li>D. Miguel Gabriel G\u00f3mez Lara (Secretario) \u00a0 || \u00a0 <span id=\"cloakb3a4ec44827588f0153726034e897f3b\" style=\"color: #0c71c3\"><a href=\"mailto:secretaria@iestorredelrey.es\" style=\"color: #0c71c3\">secretario@iestorredelrey.es<\/a><\/span><\/li>\n<\/ul>\n<h4><span style=\"text-decoration: underline\"><strong>Sector Profesorado<\/strong><\/span><\/h4>\n<ul class=\"ice-check\">\n<li>Ant\u00f3n Peri\u00e1\u00f1ez, Alicia \u00a0 || \u00a0 <span id=\"cloak8eb22517467a7e1c5d37bb18bade3f16\" style=\"color: #0c71c3\"><a href=\"mailto:aliciaanton@iestorredelrey.es\" style=\"color: #0c71c3\">aliciaanton@iestorredelrey.es<\/a><\/span><a href=\"mailto:direccion@iestorredelrey.es\"><\/a><\/li>\n<li>Barbecho Mena, Eva Mar\u00eda \u00a0 || \u00a0 <span id=\"cloak5bc1cee5c8b3d023a7b8ee9ee6786681\" style=\"color: #0c71c3\"><a href=\"mailto:evamariabarbecho@iestorredelrey.es\" style=\"color: #0c71c3\">evamariabarbecho@iestorredelrey.es<\/a><\/span><a href=\"mailto:direccion@iestorredelrey.es\"><\/a><\/li>\n<li>Cabello del Valle, Dolores \u00a0 || \u00a0 <span id=\"cloak61183b5b5fbbe3043ad66079f33295c3\" style=\"color: #0c71c3\"><a href=\"mailto:dolorescabello@iestorredelrey.es\" style=\"color: #0c71c3\">dolorescabello@iestorredelrey.es<\/a><\/span><a href=\"mailto:direccion@iestorredelrey.es\"><\/a><\/li>\n<li>Criado Pizarro, Mar\u00eda del Carmen \u00a0 || \u00a0 <span id=\"cloak1d38c1236dd0d70be1f9d59a2f0614c5\" style=\"color: #0c71c3\"><a href=\"mailto:mariadelcarmencriado@iestorredelrey.es\" style=\"color: #0c71c3\">mariadelcarmencriado@iestorredelrey.es<\/a><\/span><a href=\"mailto:direccion@iestorredelrey.es\"><\/a><\/li>\n<li>Laborda Moreno, Virginia \u00a0 || \u00a0 <span id=\"cloak6d2d9135fda0170ee0353613327b6601\" style=\"color: #0c71c3\"><a href=\"mailto:virginialaborda@iestorredelrey.es\" style=\"color: #0c71c3\">virginialaborda@iestorredelrey.es<\/a><\/span><a href=\"mailto:direccion@iestorredelrey.es\"><\/a><\/li>\n<li>L\u00f3pez Agrasar, Mar\u00eda Nieves \u00a0 || \u00a0 <span id=\"cloak7e5e668786c6253a979cca4c29787428\" style=\"color: #0c71c3\"><a href=\"mailto:nieveslopez@iestorredelrey.es\" style=\"color: #0c71c3\">nieveslopez@iestorredelrey.es<\/a><\/span><a href=\"mailto:direccion@iestorredelrey.es\"><\/a><\/li>\n<li>Ortega Irizo, Fernando \u00a0 || \u00a0 <span id=\"cloak0fa691f0fbeac1b4b20647365ed1cdb5\" style=\"color: #0c71c3\"><a href=\"mailto:fernandoortega@iestorredelrey.es\" style=\"color: #0c71c3\">fernandoortega@iestorredelrey.es<\/a><\/span><a href=\"mailto:direccion@iestorredelrey.es\"><\/a><\/li>\n<li>Saavedra Fern\u00e1ndez, Tom\u00e1s \u00a0 || \u00a0 <span id=\"cloak25a4faf66ff6df46cf7702c7787108bf\" style=\"color: #0c71c3\"><a href=\"mailto:tomassaavedra@iestorredelrey.es\" style=\"color: #0c71c3\">tomassaavedra@iestorredelrey.es<\/a><\/span><a href=\"mailto:direccion@iestorredelrey.es\"><\/a><\/li>\n<\/ul>\n<h4><span style=\"text-decoration: underline\"><strong>Sector Padres y Madres<\/strong><\/span><\/h4>\n<ul class=\"ice-check\">\n<li>Collado Barcia, Cristina<\/li>\n<li>Fern\u00e1ndez P\u00e9rez, Rosa<\/li>\n<li>G\u00f3mez L\u00f3pez, Antonia Jos\u00e9 (representante AMPA)<\/li>\n<li>Rodr\u00edguez Garc\u00eda, Eduardo Jes\u00fas<\/li>\n<li>Rojas Herrera, Dolores Roc\u00edo<\/li>\n<\/ul>\n<h4><strong><span style=\"text-decoration: underline\">Sector Alumnado<\/span><\/strong><\/h4>\n<div>\n<ul class=\"ice-check\">\n<li>Anguas Maraver, Mar\u00eda \u00a0 || \u00a0\u00a0<span id=\"cloakf2a17b4ad0f6f7d0aaa3386ee6a6d068\" style=\"color: #0c71c3\"><a href=\"mailto:mariaanguasmaraver@iestorredelrey.es\" style=\"color: #0c71c3\">mariaanguasmaraver@iestorredelrey.es<\/a><\/span><\/li>\n<li>Catal\u00e1n Colchero, Valeria \u00a0 || \u00a0\u00a0<span id=\"cloak606b6116e6eae70d3da40e410105d6e3\" style=\"color: #0c71c3\"><a href=\"mailto:valeriacatalancolchero@iestorredelrey.es\" style=\"color: #0c71c3\">valeriacatalancolchero@iestorredelrey.es<\/a><\/span><\/li>\n<li>Conde Medina, Antonio \u00a0 || \u00a0\u00a0<span id=\"cloak536e8eeb3790e84d6ad76dde29935d5a\" style=\"color: #0c71c3\"><a href=\"mailto:antoniocondemedina@iestorredelrey.es\" style=\"color: #0c71c3\">antoniocondemedina@iestorredelrey.es<\/a><\/span><\/li>\n<li>Mart\u00ednez Ant\u00fanez, Alejandra \u00a0 || \u00a0\u00a0<span id=\"cloaka851be0040fda7e7255904d8ae63aef1\" style=\"color: #0c71c3\"><a href=\"mailto:alejandramartinezantunez@iestorredelrey.es\" style=\"color: #0c71c3\">alejandramartinezantunez@iestorredelrey.es<\/a><\/span><\/li>\n<li>Real G\u00f3mez, Juan \u00a0 || \u00a0\u00a0<span id=\"cloak427b758d436f47a2041955414ffb8802\" style=\"color: #0c71c3\"><a href=\"mailto:juanrealgomez@iestorredelrey.es\" style=\"color: #0c71c3\">juanrealgomez@iestorredelrey.es<\/a><\/span><\/li>\n<\/ul>\n<\/div>\n<h4><strong><span style=\"text-decoration: underline\">Sector P.A.S.<\/span><\/strong><\/h4>\n<ul class=\"ice-check\">\n<li>Pinedo Pizarro, Encarnaci\u00f3n.<\/li>\n<\/ul>\n<h4><strong><span style=\"text-decoration: underline\">Representaci\u00f3n del Ayuntamiento de Pilas<\/span><\/strong><\/h4>\n<ul class=\"ice-check\">\n<li>D\u00aa Roc\u00edo Barrag\u00e1n Barrag\u00e1n \u00a0 || \u00a0 <span id=\"cloak4c0de42e211b1bcf9aed67a1fbd9c4fd\" style=\"color: #0c71c3\"><a href=\"mailto:educacionpilas@pilas.es\" style=\"color: #0c71c3\">educacionpilas@pilas.es<\/a><\/span><\/li>\n<\/ul>\n<p>[\/et_pb_text][\/et_pb_column][\/et_pb_row][et_pb_row _builder_version=&#8221;4.24.2&#8243; _module_preset=&#8221;default&#8221; global_colors_info=&#8221;{}&#8221;][et_pb_column type=&#8221;4_4&#8243; _builder_version=&#8221;4.24.2&#8243; _module_preset=&#8221;default&#8221; global_colors_info=&#8221;{}&#8221;][et_pb_text _builder_version=&#8221;4.24.2&#8243; _module_preset=&#8221;default&#8221; global_colors_info=&#8221;{}&#8221;]<\/p>\n<div id=\"middlecol\" class=\"floatleft span8 sidebar_right\">\n<div class=\"inside\">\n<div class=\"item-page\">\n<div>\n<h3><span style=\"text-decoration: underline\"><strong>Comisiones<\/strong><\/span><\/h3>\n<p>En el Consejo Escolar se constituyen, al menos, las siguientes comisiones (art\u00ba 66 del Decreto 327\/2010):<\/p>\n<ul class=\"ice-arrow\">\n<li>Comisi\u00f3n <strong>Permanente<\/strong>.<\/li>\n<li>Comisi\u00f3n de <strong>Convivencia<\/strong>.<\/li>\n<\/ul>\n<h3><span style=\"text-decoration: underline\"><strong>Competencias<\/strong><\/span><\/h3>\n<p>El Consejo Escolar de un IES tiene las siguientes competencias (art\u00edculo 127 de la LOMLOE)<\/p>\n<p>a) Aprobar y evaluar los proyectos y las normas a los que se refiere el cap\u00edtulo II del t\u00edtulo V de la presente Ley.<\/p>\n<p>b) Aprobar y evaluar la <strong>programaci\u00f3n general anual del centro<\/strong>, sin perjuicio de las competencias del Claustro del profesorado en relaci\u00f3n con la planificaci\u00f3n y organizaci\u00f3n docente.<\/p>\n<p>c) Conocer las <strong>candidaturas a la direcci\u00f3n<\/strong> y los proyectos de direcci\u00f3n presentados por los candidatos.<\/p>\n<p>d) Participar en la <strong>selecci\u00f3n del director o directora del centro<\/strong> en los t\u00e9rminos que la presente Ley establece. Ser informado del nombramiento y cese de los dem\u00e1s miembros del equipo directivo. En su caso, previo acuerdo de sus miembros, adoptado por mayor\u00eda de dos tercios, proponer la revocaci\u00f3n del nombramiento del director o directora.<\/p>\n<p>e) Decidir sobre la <strong>admisi\u00f3n del alumnado<\/strong> con sujeci\u00f3n a lo establecido en esta Ley y disposiciones que la desarrollen.<\/p>\n<p>f) Impulsar la adopci\u00f3n y seguimiento de medidas educativas que fomenten el reconocimiento y protecci\u00f3n de los derechos de la infancia.<\/p>\n<p>g) Proponer medidas e iniciativas que favorezcan los estilos de vida saludable, la convivencia en el centro, la <strong>igualdad<\/strong> efectiva de mujeres y hombres, la no discriminaci\u00f3n, la prevenci\u00f3n del acoso escolar y de la violencia de g\u00e9nero y la resoluci\u00f3n pac\u00edfica de conflictos en todos los \u00e1mbitos de la vida personal, familiar y social.<\/p>\n<p>h) Conocer las <strong>conductas contrarias a la convivencia<\/strong> y la aplicaci\u00f3n de las medidas educativas, de mediaci\u00f3n y correctoras velando por que se ajusten a la normativa vigente. Cuando las medidas correctoras adoptadas por el director o directora correspondan a conductas del alumnado que perjudiquen gravemente la convivencia del centro, el Consejo Escolar, a instancia de padres, madres o tutores legales o, en su caso, del alumnado, podr\u00e1 revisar la decisi\u00f3n adoptada y proponer, en su caso, las medidas oportunas.<\/p>\n<p>i) Promover progresivamente la <strong>conservaci\u00f3n y renovaci\u00f3n de las instalaciones y equipo escolar<\/strong> para la mejora de la calidad y la sostenibilidad y aprobar la obtenci\u00f3n de recursos complementarios de acuerdo con lo establecido en el art\u00edculo 122.3.<\/p>\n<p>j) Fijar las directrices para la colaboraci\u00f3n, con fines educativos y culturales, con las Administraciones locales y con otros centros, entidades y organismos.<\/p>\n<p>k) Analizar y valorar el funcionamiento general del centro, la evoluci\u00f3n del rendimiento escolar y los resultados de las evaluaciones internas y externas en las que participe el centro.<\/p>\n<p>l) Elaborar propuestas e informes, a iniciativa propia o a petici\u00f3n de la Administraci\u00f3n competente, sobre el funcionamiento del centro y la mejora de la calidad de la gesti\u00f3n, as\u00ed como sobre aquellos otros aspectos relacionados con la calidad de la misma.<\/p>\n<p>m) Aprobar el <strong>proyecto de presupuesto<\/strong> del centro.<\/p>\n<p>n) Cualesquiera otras que le sean atribuidas por la Administraci\u00f3n educativa.<\/p>\n<p>&nbsp;<\/p>\n<h3><span style=\"text-decoration: underline\"><strong>Normativa de referencia:<\/strong><\/span><\/h3>\n<ul class=\"ice-info\">\n<li><a href=\"https:\/\/www.boe.es\/diario_boe\/txt.php?id=BOE-A-2020-17264\" target=\"_blank\" rel=\"noopener noreferrer\">Ley Org\u00e1nica 3\/2020, de 29 de diciembre, por la que se modifica la Ley Org\u00e1nica 2\/2006, de 3 de mayo, de Educaci\u00f3n<\/a>. (<strong>LOMLOE<\/strong>)<\/li>\n<li><a href=\"http:\/\/www.juntadeandalucia.es\/boja\/2010\/139\/2\" target=\"_blank\" rel=\"noopener noreferrer\">Decreto 327\/2010, de 13 de julio, por el que se aprueba el <strong>Reglamento Org\u00e1nico de los Institutos de Educaci\u00f3n Secundaria<\/strong><\/a>.<\/li>\n<li><a href=\"http:\/\/www.juntadeandalucia.es\/boja\/2010\/200\/2\" target=\"_blank\" rel=\"noopener noreferrer\">Orden de 7 de octubre de 2010, por la que se regula el desarrollo de los <strong>procesos electorales para la renovaci\u00f3n y constituci\u00f3n de los Consejos Escolares<\/strong> de los centros docentes sostenidos con fondos p\u00fablicos de la Comunidad Aut\u00f3noma de Andaluc\u00eda<\/a>.<\/li>\n<\/ul>\n<div class=\"attachmentsContainer\">\n<div class=\"attachmentsList\" id=\"attachmentsList_com_content_article_216\">\n<div class=\"scrollable\">\n<div>\n<table>\n<caption>Adjuntos:<\/caption>\n<tbody>\n<tr class=\"odd\">\n<td class=\"at_filename\"><a class=\"at_icon\" href=\"https:\/\/www.iestorredelrey.es\/attachments\/article\/216\/Gu\u00eda Padres-Madres en Consejos Escolares (CODAPA).pdf\" title=\"Descargar este archivo (Gu\u00eda Padres-Madres en Consejos Escolares (CODAPA).pdf)\"><img decoding=\"async\" src=\"https:\/\/www.iestorredelrey.es\/media\/com_attachments\/images\/file_icons\/pdf.gif\" alt=\"Descargar este archivo (Gu\u00eda Padres-Madres en Consejos Escolares (CODAPA).pdf)\" \/><\/a><a class=\"at_url\" href=\"https:\/\/www.iestorredelrey.es\/attachments\/article\/216\/Gu\u00eda Padres-Madres en Consejos Escolares (CODAPA).pdf\" title=\"Descargar este archivo (Gu\u00eda Padres-Madres en Consejos Escolares (CODAPA).pdf)\">Gu\u00eda para Padres\/Madres en Consejos Escolares<\/a><\/td>\n<td class=\"at_description\">[\u00a0]<\/td>\n<td class=\"at_file_size\">4718 kB<\/td>\n<\/tr>\n<tr class=\"even\">\n<td class=\"at_filename\"><a class=\"at_icon\" href=\"https:\/\/www.iestorredelrey.es\/attachments\/article\/216\/Manual Consejero-a Escolar (CODAPA).pdf\" title=\"Descargar este archivo (Manual Consejero-a Escolar (CODAPA).pdf)\"><img decoding=\"async\" src=\"https:\/\/www.iestorredelrey.es\/media\/com_attachments\/images\/file_icons\/pdf.gif\" alt=\"Descargar este archivo (Manual Consejero-a Escolar (CODAPA).pdf)\" \/><\/a><a class=\"at_url\" href=\"https:\/\/www.iestorredelrey.es\/attachments\/article\/216\/Manual Consejero-a Escolar (CODAPA).pdf\" title=\"Descargar este archivo (Manual Consejero-a Escolar (CODAPA).pdf)\">Breve Manual del Consejero\/a Escolar<\/a><\/td>\n<td class=\"at_description\">[\u00a0]<\/td>\n<td class=\"at_file_size\">1306 kB<\/td>\n<\/tr>\n<\/tbody>\n<\/table>\n<\/div>\n<\/div>\n<\/div>\n<\/div>\n<\/div>\n<\/div>\n<\/div>\n<\/div>\n<p>&nbsp;<\/p>\n<div class=\"attachmentsContainer\">\n<div class=\"attachmentsList\" id=\"attachmentsList_com_content_article_216\">\n<div class=\"scrollable\">\n<div>\n<table>\n<caption><\/caption>\n<tbody>\n<tr class=\"odd\">\n<td class=\"at_filename\"><\/td>\n<td class=\"at_description\"><\/td>\n<td class=\"at_file_size\"><\/td>\n<\/tr>\n<tr class=\"even\">\n<td class=\"at_filename\"><\/td>\n<td class=\"at_description\"><\/td>\n<td class=\"at_file_size\"><\/td>\n<\/tr>\n<\/tbody>\n<\/table>\n<\/div>\n<\/div>\n<\/div>\n<\/div>\n<p>[\/et_pb_text][\/et_pb_column][\/et_pb_row][et_pb_row _builder_version=&#8221;4.24.2&#8243; _module_preset=&#8221;default&#8221; global_colors_info=&#8221;{}&#8221;][et_pb_column type=&#8221;4_4&#8243; _builder_version=&#8221;4.24.2&#8243; _module_preset=&#8221;default&#8221; global_colors_info=&#8221;{}&#8221;][\/et_pb_column][\/et_pb_row][\/et_pb_section]<\/p>\n","protected":false},"excerpt":{"rendered":"<p>Consejo Escolar El Consejo Escolar es el \u00f3rgano de gobierno del centro en el que participan todos los sectores de la comunidad educativa. Su constituci\u00f3n es obligatoria en todos los centros gestionados con fondos p\u00fablicos.Composici\u00f3n Para un centro con las caracter\u00edsticas del IES Torre del Rey, el Consejo Escolar debe estar compuesto por los siguientes [&hellip;]<\/p>\n","protected":false},"author":12995,"featured_media":0,"parent":0,"menu_order":0,"comment_status":"closed","ping_status":"closed","template":"","meta":{"_et_pb_use_builder":"on","_et_pb_old_content":"","_et_gb_content_width":"","ngg_post_thumbnail":0,"footnotes":""},"aioseo_notices":[],"_links":{"self":[{"href":"https:\/\/blogsaverroes.juntadeandalucia.es\/iestorredelrey\/wp-json\/wp\/v2\/pages\/708"}],"collection":[{"href":"https:\/\/blogsaverroes.juntadeandalucia.es\/iestorredelrey\/wp-json\/wp\/v2\/pages"}],"about":[{"href":"https:\/\/blogsaverroes.juntadeandalucia.es\/iestorredelrey\/wp-json\/wp\/v2\/types\/page"}],"author":[{"embeddable":true,"href":"https:\/\/blogsaverroes.juntadeandalucia.es\/iestorredelrey\/wp-json\/wp\/v2\/users\/12995"}],"replies":[{"embeddable":true,"href":"https:\/\/blogsaverroes.juntadeandalucia.es\/iestorredelrey\/wp-json\/wp\/v2\/comments?post=708"}],"version-history":[{"count":6,"href":"https:\/\/blogsaverroes.juntadeandalucia.es\/iestorredelrey\/wp-json\/wp\/v2\/pages\/708\/revisions"}],"predecessor-version":[{"id":850,"href":"https:\/\/blogsaverroes.juntadeandalucia.es\/iestorredelrey\/wp-json\/wp\/v2\/pages\/708\/revisions\/850"}],"wp:attachment":[{"href":"https:\/\/blogsaverroes.juntadeandalucia.es\/iestorredelrey\/wp-json\/wp\/v2\/media?parent=708"}],"curies":[{"name":"wp","href":"https:\/\/api.w.org\/{rel}","templated":true}]}}