{"id":170,"date":"2015-03-17T07:55:32","date_gmt":"2015-03-17T07:55:32","guid":{"rendered":"http:\/\/blogsaverroes.juntadeandalucia.es\/pre\/ceip\/?page_id=170"},"modified":"2022-03-02T20:45:12","modified_gmt":"2022-03-02T20:45:12","slug":"ccnn","status":"publish","type":"page","link":"https:\/\/blogsaverroes.juntadeandalucia.es\/iestorreolvidada\/ccnn\/","title":{"rendered":"Ciencias de la Naturaleza"},"content":{"rendered":"\t\t<div data-elementor-type=\"wp-page\" data-elementor-id=\"170\" class=\"elementor elementor-170\">\n\t\t\t\t\t\t<section class=\"elementor-section elementor-top-section elementor-element elementor-element-bfbf942 elementor-section-boxed elementor-section-height-default elementor-section-height-default\" data-id=\"bfbf942\" data-element_type=\"section\">\n\t\t\t\t\t\t<div class=\"elementor-container elementor-column-gap-default\">\n\t\t\t\t\t<div class=\"elementor-column elementor-col-100 elementor-top-column elementor-element elementor-element-768fe3b6\" data-id=\"768fe3b6\" data-element_type=\"column\">\n\t\t\t<div class=\"elementor-widget-wrap elementor-element-populated\">\n\t\t\t\t\t\t<div class=\"elementor-element elementor-element-1dfa812d elementor-widget elementor-widget-text-editor\" data-id=\"1dfa812d\" data-element_type=\"widget\" data-widget_type=\"text-editor.default\">\n\t\t\t\t<div class=\"elementor-widget-container\">\n\t\t\t\t\t\t\t\t\t<p><img fetchpriority=\"high\" decoding=\"async\" class=\"aligncenter size-medium wp-image-1992\" src=\"http:\/\/blogsaverroes.juntadeandalucia.es\/temafrontieries\/files\/2015\/03\/biologia-300x169.jpg\" alt=\"biologia\" width=\"300\" height=\"169\" srcset=\"https:\/\/blogsaverroes.juntadeandalucia.es\/iestorreolvidada\/files\/2015\/03\/biologia-300x169.jpg 300w, https:\/\/blogsaverroes.juntadeandalucia.es\/iestorreolvidada\/files\/2015\/03\/biologia.jpg 640w\" sizes=\"(max-width: 300px) 100vw, 300px\" \/><\/p><p><span style=\"font-size: medium;font-family: sans-serif\">\u00a0<\/span><\/p><p><span style=\"font-size: medium;font-family: sans-serif\">Las Ciencias Naturales deben contribuir durante la Educaci\u00f3n Secundaria Obligatoria (ESO) a que el alumnado adquiera unos conocimientos y destrezas b\u00e1sicas que le permitan adquirir una cultura cient\u00edfica; los alumnos y alumnas debe identificarse como agentes activos, y reconocer que de sus actuaciones y conocimientos depender\u00e1 el desarrollo de su entorno.<\/span><\/p><p><span style=\"font-family: sans-serif\"><span style=\"font-size: medium\">Durante esta etapa se persigue asentar los conocimientos ya adquiridos, para ir construyendo curso a curso conocimientos y destrezas que permitan a alumnos y alumnas ser ciudadanos respetuosos consigo mismos, con los dem\u00e1s y con el medio, con el material que utilizan o que est\u00e1 a su disposici\u00f3n, responsables, capaces de tener criterios propios y de no perder el inter\u00e9s que tienen desde el comienzo de su temprana actividad escolar por no dejar de aprender. <\/span><\/span><\/p><p>\u00a0<\/p>\t\t\t\t\t\t\t\t<\/div>\n\t\t\t\t<\/div>\n\t\t\t\t\t<\/div>\n\t\t<\/div>\n\t\t\t\t\t<\/div>\n\t\t<\/section>\n\t\t\t\t<section class=\"elementor-section elementor-top-section elementor-element elementor-element-237317a elementor-section-boxed elementor-section-height-default elementor-section-height-default\" data-id=\"237317a\" data-element_type=\"section\">\n\t\t\t\t\t\t<div class=\"elementor-container elementor-column-gap-default\">\n\t\t\t\t\t<div class=\"elementor-column elementor-col-33 elementor-top-column elementor-element elementor-element-91263ca\" data-id=\"91263ca\" data-element_type=\"column\">\n\t\t\t<div class=\"elementor-widget-wrap elementor-element-populated\">\n\t\t\t\t\t\t<div class=\"elementor-element elementor-element-1c3fa25 elementor-view-default elementor-position-top elementor-mobile-position-top elementor-widget elementor-widget-icon-box\" data-id=\"1c3fa25\" data-element_type=\"widget\" data-widget_type=\"icon-box.default\">\n\t\t\t\t<div class=\"elementor-widget-container\">\n\t\t\t\t\t\t\t<div class=\"elementor-icon-box-wrapper\">\n\n\t\t\t\t\t\t<div class=\"elementor-icon-box-icon\">\n\t\t\t\t<a href=\"https:\/\/blogsaverroes.juntadeandalucia.es\/iestorreolvidada\/biologia-y-geologia-2\/organigrama-dep-ciencias-naturaleza\/\" class=\"elementor-icon\" tabindex=\"-1\" aria-label=\"ORGANIGRAMA\">\n\t\t\t\t<i aria-hidden=\"true\" class=\"fas fa-users\"><\/i>\t\t\t\t<\/a>\n\t\t\t<\/div>\n\t\t\t\n\t\t\t\t\t\t<div class=\"elementor-icon-box-content\">\n\n\t\t\t\t\t\t\t\t\t<h3 class=\"elementor-icon-box-title\">\n\t\t\t\t\t\t<a href=\"https:\/\/blogsaverroes.juntadeandalucia.es\/iestorreolvidada\/biologia-y-geologia-2\/organigrama-dep-ciencias-naturaleza\/\" >\n\t\t\t\t\t\t\tORGANIGRAMA\t\t\t\t\t\t<\/a>\n\t\t\t\t\t<\/h3>\n\t\t\t\t\n\t\t\t\t\n\t\t\t<\/div>\n\t\t\t\n\t\t<\/div>\n\t\t\t\t\t\t<\/div>\n\t\t\t\t<\/div>\n\t\t\t\t\t<\/div>\n\t\t<\/div>\n\t\t\t\t<div class=\"elementor-column elementor-col-33 elementor-top-column elementor-element elementor-element-f288d68\" data-id=\"f288d68\" data-element_type=\"column\">\n\t\t\t<div class=\"elementor-widget-wrap elementor-element-populated\">\n\t\t\t\t\t\t<div class=\"elementor-element elementor-element-2c06a31 elementor-view-default elementor-position-top elementor-mobile-position-top elementor-widget elementor-widget-icon-box\" data-id=\"2c06a31\" data-element_type=\"widget\" data-widget_type=\"icon-box.default\">\n\t\t\t\t<div class=\"elementor-widget-container\">\n\t\t\t\t\t\t\t<div class=\"elementor-icon-box-wrapper\">\n\n\t\t\t\t\t\t<div class=\"elementor-icon-box-icon\">\n\t\t\t\t<a href=\"https:\/\/blogsaverroes.juntadeandalucia.es\/iestorreolvidada\/biologia-y-geologia-2\/criterios-de-evaluacion-dep-ciencias-naturales\/\" class=\"elementor-icon\" tabindex=\"-1\" aria-label=\"CRITERIOS DE EVALUACI\u00d3N\">\n\t\t\t\t<i aria-hidden=\"true\" class=\"far fa-check-square\"><\/i>\t\t\t\t<\/a>\n\t\t\t<\/div>\n\t\t\t\n\t\t\t\t\t\t<div class=\"elementor-icon-box-content\">\n\n\t\t\t\t\t\t\t\t\t<h3 class=\"elementor-icon-box-title\">\n\t\t\t\t\t\t<a href=\"https:\/\/blogsaverroes.juntadeandalucia.es\/iestorreolvidada\/biologia-y-geologia-2\/criterios-de-evaluacion-dep-ciencias-naturales\/\" >\n\t\t\t\t\t\t\tCRITERIOS DE EVALUACI\u00d3N\t\t\t\t\t\t<\/a>\n\t\t\t\t\t<\/h3>\n\t\t\t\t\n\t\t\t\t\n\t\t\t<\/div>\n\t\t\t\n\t\t<\/div>\n\t\t\t\t\t\t<\/div>\n\t\t\t\t<\/div>\n\t\t\t\t\t<\/div>\n\t\t<\/div>\n\t\t\t\t<div class=\"elementor-column elementor-col-33 elementor-top-column elementor-element elementor-element-c34ab94\" data-id=\"c34ab94\" data-element_type=\"column\">\n\t\t\t<div class=\"elementor-widget-wrap elementor-element-populated\">\n\t\t\t\t\t\t<div class=\"elementor-element elementor-element-575c6a2 elementor-view-default elementor-position-top elementor-mobile-position-top elementor-widget elementor-widget-icon-box\" data-id=\"575c6a2\" data-element_type=\"widget\" data-widget_type=\"icon-box.default\">\n\t\t\t\t<div class=\"elementor-widget-container\">\n\t\t\t\t\t\t\t<div class=\"elementor-icon-box-wrapper\">\n\n\t\t\t\t\t\t<div class=\"elementor-icon-box-icon\">\n\t\t\t\t<a href=\"https:\/\/blogsaverroes.juntadeandalucia.es\/iestorreolvidada\/biologia-y-geologia-2\/programaciones-dep-ciencias-naturales\/\" class=\"elementor-icon\" tabindex=\"-1\" aria-label=\"PROGRAMACIONES\">\n\t\t\t\t<i aria-hidden=\"true\" class=\"fas fa-file-invoice\"><\/i>\t\t\t\t<\/a>\n\t\t\t<\/div>\n\t\t\t\n\t\t\t\t\t\t<div class=\"elementor-icon-box-content\">\n\n\t\t\t\t\t\t\t\t\t<h3 class=\"elementor-icon-box-title\">\n\t\t\t\t\t\t<a href=\"https:\/\/blogsaverroes.juntadeandalucia.es\/iestorreolvidada\/biologia-y-geologia-2\/programaciones-dep-ciencias-naturales\/\" >\n\t\t\t\t\t\t\tPROGRAMACIONES\t\t\t\t\t\t<\/a>\n\t\t\t\t\t<\/h3>\n\t\t\t\t\n\t\t\t\t\n\t\t\t<\/div>\n\t\t\t\n\t\t<\/div>\n\t\t\t\t\t\t<\/div>\n\t\t\t\t<\/div>\n\t\t\t\t\t<\/div>\n\t\t<\/div>\n\t\t\t\t\t<\/div>\n\t\t<\/section>\n\t\t\t\t<\/div>\n\t\t","protected":false},"excerpt":{"rendered":"<p>Las Ciencias Naturales deben contribuir durante la Educaci\u00f3n Secundaria Obligatoria (ESO) a que el alumnado adquiera unos conocimientos y destrezas b\u00e1sicas que le permitan adquirir una cultura cient\u00edfica; los alumnos y alumnas debe identificarse&#46;&#46;&#46;<\/p>\n","protected":false},"author":1,"featured_media":0,"parent":0,"menu_order":0,"comment_status":"closed","ping_status":"open","template":"page-c.php","meta":{"ngg_post_thumbnail":0,"footnotes":"","_mc_calendar":[]},"aioseo_notices":[],"post_mailing_queue_ids":[],"_links":{"self":[{"href":"https:\/\/blogsaverroes.juntadeandalucia.es\/iestorreolvidada\/wp-json\/wp\/v2\/pages\/170"}],"collection":[{"href":"https:\/\/blogsaverroes.juntadeandalucia.es\/iestorreolvidada\/wp-json\/wp\/v2\/pages"}],"about":[{"href":"https:\/\/blogsaverroes.juntadeandalucia.es\/iestorreolvidada\/wp-json\/wp\/v2\/types\/page"}],"author":[{"embeddable":true,"href":"https:\/\/blogsaverroes.juntadeandalucia.es\/iestorreolvidada\/wp-json\/wp\/v2\/users\/1"}],"replies":[{"embeddable":true,"href":"https:\/\/blogsaverroes.juntadeandalucia.es\/iestorreolvidada\/wp-json\/wp\/v2\/comments?post=170"}],"version-history":[{"count":9,"href":"https:\/\/blogsaverroes.juntadeandalucia.es\/iestorreolvidada\/wp-json\/wp\/v2\/pages\/170\/revisions"}],"predecessor-version":[{"id":3368,"href":"https:\/\/blogsaverroes.juntadeandalucia.es\/iestorreolvidada\/wp-json\/wp\/v2\/pages\/170\/revisions\/3368"}],"wp:attachment":[{"href":"https:\/\/blogsaverroes.juntadeandalucia.es\/iestorreolvidada\/wp-json\/wp\/v2\/media?parent=170"}],"curies":[{"name":"wp","href":"https:\/\/api.w.org\/{rel}","templated":true}]}}