{"id":178,"date":"2015-03-17T07:56:43","date_gmt":"2015-03-17T07:56:43","guid":{"rendered":"http:\/\/blogsaverroes.juntadeandalucia.es\/pre\/ceip\/?page_id=178"},"modified":"2022-03-02T07:28:30","modified_gmt":"2022-03-02T07:28:30","slug":"musica","status":"publish","type":"page","link":"https:\/\/blogsaverroes.juntadeandalucia.es\/iestorreolvidada\/musica\/","title":{"rendered":"M\u00fasica"},"content":{"rendered":"\t\t<div data-elementor-type=\"wp-page\" data-elementor-id=\"178\" class=\"elementor elementor-178\">\n\t\t\t\t\t\t<section class=\"elementor-section elementor-top-section elementor-element elementor-element-4c0a13de elementor-section-boxed elementor-section-height-default elementor-section-height-default\" data-id=\"4c0a13de\" data-element_type=\"section\">\n\t\t\t\t\t\t<div class=\"elementor-container elementor-column-gap-default\">\n\t\t\t\t\t<div class=\"elementor-column elementor-col-100 elementor-top-column elementor-element elementor-element-6d1f7c80\" data-id=\"6d1f7c80\" data-element_type=\"column\">\n\t\t\t<div class=\"elementor-widget-wrap elementor-element-populated\">\n\t\t\t\t\t\t<div class=\"elementor-element elementor-element-48647645 elementor-widget elementor-widget-text-editor\" data-id=\"48647645\" data-element_type=\"widget\" data-widget_type=\"text-editor.default\">\n\t\t\t\t<div class=\"elementor-widget-container\">\n\t\t\t\t\t\t\t\t\t<a href=\"http:\/\/blogsaverroes.juntadeandalucia.es\/temafrontieries\/files\/2015\/03\/musica.jpg\"><img fetchpriority=\"high\" decoding=\"async\" class=\"aligncenter size-medium wp-image-2143\" src=\"http:\/\/blogsaverroes.juntadeandalucia.es\/temafrontieries\/files\/2015\/03\/musica-300x300.jpg\" alt=\"musica\" width=\"300\" height=\"300\" srcset=\"https:\/\/blogsaverroes.juntadeandalucia.es\/iestorreolvidada\/files\/2015\/03\/musica-300x300.jpg 300w, https:\/\/blogsaverroes.juntadeandalucia.es\/iestorreolvidada\/files\/2015\/03\/musica-150x150.jpg 150w, https:\/\/blogsaverroes.juntadeandalucia.es\/iestorreolvidada\/files\/2015\/03\/musica-160x160.jpg 160w, https:\/\/blogsaverroes.juntadeandalucia.es\/iestorreolvidada\/files\/2015\/03\/musica.jpg 640w\" sizes=\"(max-width: 300px) 100vw, 300px\" \/><\/a>\n\n<strong><span style=\"font-family: sans-serif\"><span style=\"font-size: medium\">M\u00fasica <\/span><\/span><\/strong>\n\n<span style=\"font-family: sans-serif\"><span style=\"font-size: medium\">La m\u00fasica, como bien cultural y como lenguaje y medio de comunicaci\u00f3n no verbal, constituye un elemento con gran valor en la vida de las personas; adem\u00e1s, favorece el desarrollo integral de los individuos, interviene en su formaci\u00f3n emocional e intelectual, a trav\u00e9s del conocimiento del hecho musical como manifestaci\u00f3n cultural e hist\u00f3rica, y contribuye al afianzamiento de una postura abierta, reflexiva y cr\u00edtica en el alumnado. <\/span><\/span>\n\n<span style=\"font-family: sans-serif\"><span style=\"font-size: medium\">En la actualidad la m\u00fasica constituye uno de los principales referentes de identificaci\u00f3n de la juventud. Con el desarrollo tecnol\u00f3gico se han multiplicado los cauces de acceso a las cada vez m\u00e1s numerosas fuentes de cultura musical, as\u00ed como a sus diversas maneras de creaci\u00f3n e interpretaci\u00f3n a trav\u00e9s de veh\u00edculos que forman parte de su vida cotidiana como Internet, dispositivos m\u00f3viles, reproductores de audio o videojuegos; adem\u00e1s, fomenta el desarrollo de la percepci\u00f3n, la sensibilidad est\u00e9tica, la expresi\u00f3n creativa y la reflexi\u00f3n cr\u00edtica.<\/span><\/span>\n\n&nbsp;\t\t\t\t\t\t\t\t<\/div>\n\t\t\t\t<\/div>\n\t\t\t\t\t<\/div>\n\t\t<\/div>\n\t\t\t\t\t<\/div>\n\t\t<\/section>\n\t\t\t\t<section class=\"elementor-section elementor-top-section elementor-element elementor-element-57340f3 elementor-section-boxed elementor-section-height-default elementor-section-height-default\" data-id=\"57340f3\" data-element_type=\"section\">\n\t\t\t\t\t\t<div class=\"elementor-container elementor-column-gap-default\">\n\t\t\t\t\t<div class=\"elementor-column elementor-col-33 elementor-top-column elementor-element elementor-element-a61fc64\" data-id=\"a61fc64\" data-element_type=\"column\">\n\t\t\t<div class=\"elementor-widget-wrap elementor-element-populated\">\n\t\t\t\t\t\t<div class=\"elementor-element elementor-element-a542982 elementor-view-default elementor-position-top elementor-mobile-position-top elementor-widget elementor-widget-icon-box\" data-id=\"a542982\" data-element_type=\"widget\" data-widget_type=\"icon-box.default\">\n\t\t\t\t<div class=\"elementor-widget-container\">\n\t\t\t\t\t\t\t<div class=\"elementor-icon-box-wrapper\">\n\n\t\t\t\t\t\t<div class=\"elementor-icon-box-icon\">\n\t\t\t\t<a href=\"https:\/\/blogsaverroes.juntadeandalucia.es\/iestorreolvidada\/musica\/organigrama-departamento-de-musica\/\" class=\"elementor-icon\" tabindex=\"-1\" aria-label=\"Organigrama\">\n\t\t\t\t<i aria-hidden=\"true\" class=\"fas fa-users\"><\/i>\t\t\t\t<\/a>\n\t\t\t<\/div>\n\t\t\t\n\t\t\t\t\t\t<div class=\"elementor-icon-box-content\">\n\n\t\t\t\t\t\t\t\t\t<h3 class=\"elementor-icon-box-title\">\n\t\t\t\t\t\t<a href=\"https:\/\/blogsaverroes.juntadeandalucia.es\/iestorreolvidada\/musica\/organigrama-departamento-de-musica\/\" >\n\t\t\t\t\t\t\tOrganigrama\t\t\t\t\t\t<\/a>\n\t\t\t\t\t<\/h3>\n\t\t\t\t\n\t\t\t\t\n\t\t\t<\/div>\n\t\t\t\n\t\t<\/div>\n\t\t\t\t\t\t<\/div>\n\t\t\t\t<\/div>\n\t\t\t\t\t<\/div>\n\t\t<\/div>\n\t\t\t\t<div class=\"elementor-column elementor-col-33 elementor-top-column elementor-element elementor-element-22f9a3a\" data-id=\"22f9a3a\" data-element_type=\"column\">\n\t\t\t<div class=\"elementor-widget-wrap elementor-element-populated\">\n\t\t\t\t\t\t<div class=\"elementor-element elementor-element-1ec6e21 elementor-view-default elementor-position-top elementor-mobile-position-top elementor-widget elementor-widget-icon-box\" data-id=\"1ec6e21\" data-element_type=\"widget\" data-widget_type=\"icon-box.default\">\n\t\t\t\t<div class=\"elementor-widget-container\">\n\t\t\t\t\t\t\t<div class=\"elementor-icon-box-wrapper\">\n\n\t\t\t\t\t\t<div class=\"elementor-icon-box-icon\">\n\t\t\t\t<a href=\"https:\/\/blogsaverroes.juntadeandalucia.es\/iestorreolvidada\/musica\/criterios-de-evaluacion-dep-musica\/\" class=\"elementor-icon\" tabindex=\"-1\" aria-label=\"Criterios de Evaluaci\u00f3n\">\n\t\t\t\t<i aria-hidden=\"true\" class=\"far fa-check-square\"><\/i>\t\t\t\t<\/a>\n\t\t\t<\/div>\n\t\t\t\n\t\t\t\t\t\t<div class=\"elementor-icon-box-content\">\n\n\t\t\t\t\t\t\t\t\t<h3 class=\"elementor-icon-box-title\">\n\t\t\t\t\t\t<a href=\"https:\/\/blogsaverroes.juntadeandalucia.es\/iestorreolvidada\/musica\/criterios-de-evaluacion-dep-musica\/\" >\n\t\t\t\t\t\t\tCriterios de Evaluaci\u00f3n\t\t\t\t\t\t<\/a>\n\t\t\t\t\t<\/h3>\n\t\t\t\t\n\t\t\t\t\n\t\t\t<\/div>\n\t\t\t\n\t\t<\/div>\n\t\t\t\t\t\t<\/div>\n\t\t\t\t<\/div>\n\t\t\t\t\t<\/div>\n\t\t<\/div>\n\t\t\t\t<div class=\"elementor-column elementor-col-33 elementor-top-column elementor-element elementor-element-9273662\" data-id=\"9273662\" data-element_type=\"column\">\n\t\t\t<div class=\"elementor-widget-wrap elementor-element-populated\">\n\t\t\t\t\t\t<div class=\"elementor-element elementor-element-2a69f47 elementor-view-default elementor-position-top elementor-mobile-position-top elementor-widget elementor-widget-icon-box\" data-id=\"2a69f47\" data-element_type=\"widget\" data-widget_type=\"icon-box.default\">\n\t\t\t\t<div class=\"elementor-widget-container\">\n\t\t\t\t\t\t\t<div class=\"elementor-icon-box-wrapper\">\n\n\t\t\t\t\t\t<div class=\"elementor-icon-box-icon\">\n\t\t\t\t<a href=\"https:\/\/blogsaverroes.juntadeandalucia.es\/iestorreolvidada\/musica\/programacion-didactica-musica\/\" class=\"elementor-icon\" tabindex=\"-1\" aria-label=\"Programaciones\">\n\t\t\t\t<i aria-hidden=\"true\" class=\"fas fa-file-invoice\"><\/i>\t\t\t\t<\/a>\n\t\t\t<\/div>\n\t\t\t\n\t\t\t\t\t\t<div class=\"elementor-icon-box-content\">\n\n\t\t\t\t\t\t\t\t\t<h3 class=\"elementor-icon-box-title\">\n\t\t\t\t\t\t<a href=\"https:\/\/blogsaverroes.juntadeandalucia.es\/iestorreolvidada\/musica\/programacion-didactica-musica\/\" >\n\t\t\t\t\t\t\tProgramaciones\t\t\t\t\t\t<\/a>\n\t\t\t\t\t<\/h3>\n\t\t\t\t\n\t\t\t\t\n\t\t\t<\/div>\n\t\t\t\n\t\t<\/div>\n\t\t\t\t\t\t<\/div>\n\t\t\t\t<\/div>\n\t\t\t\t\t<\/div>\n\t\t<\/div>\n\t\t\t\t\t<\/div>\n\t\t<\/section>\n\t\t\t\t<\/div>\n\t\t","protected":false},"excerpt":{"rendered":"<p>M\u00fasica La m\u00fasica, como bien cultural y como lenguaje y medio de comunicaci\u00f3n no verbal, constituye un elemento con gran valor en la vida de las personas; adem\u00e1s, favorece el desarrollo integral de los&#46;&#46;&#46;<\/p>\n","protected":false},"author":1,"featured_media":0,"parent":0,"menu_order":0,"comment_status":"closed","ping_status":"open","template":"page-c.php","meta":{"ngg_post_thumbnail":0,"footnotes":"","_mc_calendar":[]},"aioseo_notices":[],"post_mailing_queue_ids":[],"_links":{"self":[{"href":"https:\/\/blogsaverroes.juntadeandalucia.es\/iestorreolvidada\/wp-json\/wp\/v2\/pages\/178"}],"collection":[{"href":"https:\/\/blogsaverroes.juntadeandalucia.es\/iestorreolvidada\/wp-json\/wp\/v2\/pages"}],"about":[{"href":"https:\/\/blogsaverroes.juntadeandalucia.es\/iestorreolvidada\/wp-json\/wp\/v2\/types\/page"}],"author":[{"embeddable":true,"href":"https:\/\/blogsaverroes.juntadeandalucia.es\/iestorreolvidada\/wp-json\/wp\/v2\/users\/1"}],"replies":[{"embeddable":true,"href":"https:\/\/blogsaverroes.juntadeandalucia.es\/iestorreolvidada\/wp-json\/wp\/v2\/comments?post=178"}],"version-history":[{"count":8,"href":"https:\/\/blogsaverroes.juntadeandalucia.es\/iestorreolvidada\/wp-json\/wp\/v2\/pages\/178\/revisions"}],"predecessor-version":[{"id":3217,"href":"https:\/\/blogsaverroes.juntadeandalucia.es\/iestorreolvidada\/wp-json\/wp\/v2\/pages\/178\/revisions\/3217"}],"wp:attachment":[{"href":"https:\/\/blogsaverroes.juntadeandalucia.es\/iestorreolvidada\/wp-json\/wp\/v2\/media?parent=178"}],"curies":[{"name":"wp","href":"https:\/\/api.w.org\/{rel}","templated":true}]}}