{"id":2712,"date":"2021-02-08T18:11:48","date_gmt":"2021-02-08T18:11:48","guid":{"rendered":"https:\/\/blogsaverroes.juntadeandalucia.es\/iestorreolvidada\/?page_id=2712"},"modified":"2021-02-09T01:59:02","modified_gmt":"2021-02-09T01:59:02","slug":"bilinguismo","status":"publish","type":"page","link":"https:\/\/blogsaverroes.juntadeandalucia.es\/iestorreolvidada\/planes-y-proyectos\/bilinguismo\/","title":{"rendered":"BILING\u00dcISMO"},"content":{"rendered":"\t\t<div data-elementor-type=\"wp-page\" data-elementor-id=\"2712\" class=\"elementor elementor-2712\">\n\t\t\t\t\t\t<section class=\"elementor-section elementor-top-section elementor-element elementor-element-3a16857a elementor-section-boxed elementor-section-height-default elementor-section-height-default\" data-id=\"3a16857a\" data-element_type=\"section\">\n\t\t\t\t\t\t<div class=\"elementor-container elementor-column-gap-default\">\n\t\t\t\t\t<div class=\"elementor-column elementor-col-100 elementor-top-column elementor-element elementor-element-592d6143\" data-id=\"592d6143\" data-element_type=\"column\">\n\t\t\t<div class=\"elementor-widget-wrap elementor-element-populated\">\n\t\t\t\t\t\t<div class=\"elementor-element elementor-element-6b64527f elementor-widget elementor-widget-text-editor\" data-id=\"6b64527f\" data-element_type=\"widget\" data-widget_type=\"text-editor.default\">\n\t\t\t\t<div class=\"elementor-widget-container\">\n\t\t\t\t\t\t\t\t\t<p style=\"text-align: justify\"><span style=\"font-weight: 400\">El <strong>Programa de Biling\u00fcismo<\/strong> en el IES Torre Olvidada comenz\u00f3 en el curso acad\u00e9mico 2015-2016. Desde entonces, m\u00faltiples han sido las actividades realizadas para el fomento de la lengua inglesa como veh\u00edculo de comunicaci\u00f3n.<\/span><\/p>\r\n<p style=\"text-align: justify\"><span style=\"font-weight: 400\">Desde la secci\u00f3n de biling\u00fcismo trabajamos para que el ingl\u00e9s sea parte de nuestra vida&nbsp; y para que est\u00e9 presente en todas las actividades que se realizan en el centro. La lengua inglesa se hace visible en todos las celebraciones y en las onom\u00e1sticas.<\/span><\/p>\r\n<p style=\"text-align: justify\"><span style=\"font-weight: 400\">Desde el profesorado de la secci\u00f3n biling\u00fce incidimos en que el <strong>INGL\u00c9S S\u00d3LO SUMA<\/strong>, nunca resta. Decidir cursar la Educaci\u00f3n Secundaria Obligatoria biling\u00fce abre un mundo de posibilidades para mejorar la competencia ling\u00fc\u00edstica en lengua inglesa, proporcionando ocasiones reales de comunicaci\u00f3n gracias a la intervenci\u00f3n del ayudante ling\u00fc\u00edstico.<\/span><\/p>\r\n<p style=\"text-align: justify\"><span style=\"font-weight: 400\">En la evaluaci\u00f3n del alumnado el ingl\u00e9s s\u00f3lo servir\u00e1 para mejorar la nota. Esto se realizar\u00e1 a trav\u00e9s de presentaciones orales, el lenguaje utilizado en el aula y\/o preguntas en ingl\u00e9s que se valorar\u00e1n de forma extra.<\/span><\/p>\r\n<p style=\"text-align: justify\">&nbsp;<\/p>\t\t\t\t\t\t\t\t<\/div>\n\t\t\t\t<\/div>\n\t\t\t\t\t<\/div>\n\t\t<\/div>\n\t\t\t\t\t<\/div>\n\t\t<\/section>\n\t\t\t\t<section class=\"elementor-section elementor-top-section elementor-element elementor-element-d8bc11c elementor-section-boxed elementor-section-height-default elementor-section-height-default\" data-id=\"d8bc11c\" data-element_type=\"section\">\n\t\t\t\t\t\t<div class=\"elementor-container elementor-column-gap-default\">\n\t\t\t\t\t<div class=\"elementor-column elementor-col-33 elementor-top-column elementor-element elementor-element-d79206b\" data-id=\"d79206b\" data-element_type=\"column\">\n\t\t\t<div class=\"elementor-widget-wrap elementor-element-populated\">\n\t\t\t\t\t\t<div class=\"elementor-element elementor-element-43e0edf elementor-button-warning elementor-align-center elementor-widget elementor-widget-button\" data-id=\"43e0edf\" data-element_type=\"widget\" data-widget_type=\"button.default\">\n\t\t\t\t<div class=\"elementor-widget-container\">\n\t\t\t\t\t\t\t\t\t<div class=\"elementor-button-wrapper\">\n\t\t\t\t\t<a class=\"elementor-button elementor-button-link elementor-size-xl\" href=\"https:\/\/blogsaverroes.juntadeandalucia.es\/iestorreolvidada\/planes-y-proyectos\/bilinguismo\/materias-bilingues\/\" id=\"materias\">\n\t\t\t\t\t\t<span class=\"elementor-button-content-wrapper\">\n\t\t\t\t\t\t\t\t\t<span class=\"elementor-button-text\">Materias Biling\u00fces<\/span>\n\t\t\t\t\t<\/span>\n\t\t\t\t\t<\/a>\n\t\t\t\t<\/div>\n\t\t\t\t\t\t\t\t<\/div>\n\t\t\t\t<\/div>\n\t\t\t\t\t<\/div>\n\t\t<\/div>\n\t\t\t\t<div class=\"elementor-column elementor-col-33 elementor-top-column elementor-element elementor-element-f73fbdf\" data-id=\"f73fbdf\" data-element_type=\"column\">\n\t\t\t<div class=\"elementor-widget-wrap elementor-element-populated\">\n\t\t\t\t\t\t<div class=\"elementor-element elementor-element-d597093 elementor-align-center elementor-widget elementor-widget-button\" data-id=\"d597093\" data-element_type=\"widget\" data-widget_type=\"button.default\">\n\t\t\t\t<div class=\"elementor-widget-container\">\n\t\t\t\t\t\t\t\t\t<div class=\"elementor-button-wrapper\">\n\t\t\t\t\t<a class=\"elementor-button elementor-button-link elementor-size-xl\" href=\"https:\/\/blogsaverroes.juntadeandalucia.es\/iestorreolvidada\/planes-y-proyectos\/bilinguismo\/auxiliar-de-conversacion\/\">\n\t\t\t\t\t\t<span class=\"elementor-button-content-wrapper\">\n\t\t\t\t\t\t\t\t\t<span class=\"elementor-button-text\">Auxiliar de Conversaci\u00f3n<\/span>\n\t\t\t\t\t<\/span>\n\t\t\t\t\t<\/a>\n\t\t\t\t<\/div>\n\t\t\t\t\t\t\t\t<\/div>\n\t\t\t\t<\/div>\n\t\t\t\t\t<\/div>\n\t\t<\/div>\n\t\t\t\t<div class=\"elementor-column elementor-col-33 elementor-top-column elementor-element elementor-element-489386d\" data-id=\"489386d\" data-element_type=\"column\">\n\t\t\t<div class=\"elementor-widget-wrap elementor-element-populated\">\n\t\t\t\t\t\t<div class=\"elementor-element elementor-element-6cd542b elementor-button-info elementor-align-center elementor-widget elementor-widget-button\" data-id=\"6cd542b\" data-element_type=\"widget\" data-widget_type=\"button.default\">\n\t\t\t\t<div class=\"elementor-widget-container\">\n\t\t\t\t\t\t\t\t\t<div class=\"elementor-button-wrapper\">\n\t\t\t\t\t<a class=\"elementor-button elementor-button-link elementor-size-xl\" href=\"https:\/\/blogsaverroes.juntadeandalucia.es\/iestorreolvidada\/planes-y-proyectos\/bilinguismo\/actividades-bilinguismo\/\">\n\t\t\t\t\t\t<span class=\"elementor-button-content-wrapper\">\n\t\t\t\t\t\t\t\t\t<span class=\"elementor-button-text\">Actividades Biling\u00fces<\/span>\n\t\t\t\t\t<\/span>\n\t\t\t\t\t<\/a>\n\t\t\t\t<\/div>\n\t\t\t\t\t\t\t\t<\/div>\n\t\t\t\t<\/div>\n\t\t\t\t\t<\/div>\n\t\t<\/div>\n\t\t\t\t\t<\/div>\n\t\t<\/section>\n\t\t\t\t<\/div>\n\t\t","protected":false},"excerpt":{"rendered":"<p>El Programa de Biling\u00fcismo en el IES Torre Olvidada comenz\u00f3 en el curso acad\u00e9mico 2015-2016. Desde entonces, m\u00faltiples han sido las actividades realizadas para el fomento de la lengua inglesa como veh\u00edculo de comunicaci\u00f3n.&#46;&#46;&#46;<\/p>\n","protected":false},"author":6516,"featured_media":0,"parent":44,"menu_order":0,"comment_status":"closed","ping_status":"closed","template":"page-c.php","meta":{"ngg_post_thumbnail":0,"footnotes":"","_mc_calendar":[]},"aioseo_notices":[],"post_mailing_queue_ids":[],"_links":{"self":[{"href":"https:\/\/blogsaverroes.juntadeandalucia.es\/iestorreolvidada\/wp-json\/wp\/v2\/pages\/2712"}],"collection":[{"href":"https:\/\/blogsaverroes.juntadeandalucia.es\/iestorreolvidada\/wp-json\/wp\/v2\/pages"}],"about":[{"href":"https:\/\/blogsaverroes.juntadeandalucia.es\/iestorreolvidada\/wp-json\/wp\/v2\/types\/page"}],"author":[{"embeddable":true,"href":"https:\/\/blogsaverroes.juntadeandalucia.es\/iestorreolvidada\/wp-json\/wp\/v2\/users\/6516"}],"replies":[{"embeddable":true,"href":"https:\/\/blogsaverroes.juntadeandalucia.es\/iestorreolvidada\/wp-json\/wp\/v2\/comments?post=2712"}],"version-history":[{"count":12,"href":"https:\/\/blogsaverroes.juntadeandalucia.es\/iestorreolvidada\/wp-json\/wp\/v2\/pages\/2712\/revisions"}],"predecessor-version":[{"id":2817,"href":"https:\/\/blogsaverroes.juntadeandalucia.es\/iestorreolvidada\/wp-json\/wp\/v2\/pages\/2712\/revisions\/2817"}],"up":[{"embeddable":true,"href":"https:\/\/blogsaverroes.juntadeandalucia.es\/iestorreolvidada\/wp-json\/wp\/v2\/pages\/44"}],"wp:attachment":[{"href":"https:\/\/blogsaverroes.juntadeandalucia.es\/iestorreolvidada\/wp-json\/wp\/v2\/media?parent=2712"}],"curies":[{"name":"wp","href":"https:\/\/api.w.org\/{rel}","templated":true}]}}