{"id":2718,"date":"2021-02-08T18:23:22","date_gmt":"2021-02-08T18:23:22","guid":{"rendered":"https:\/\/blogsaverroes.juntadeandalucia.es\/iestorreolvidada\/?page_id=2718"},"modified":"2021-10-18T21:12:02","modified_gmt":"2021-10-18T21:12:02","slug":"auxiliar-de-conversacion","status":"publish","type":"page","link":"https:\/\/blogsaverroes.juntadeandalucia.es\/iestorreolvidada\/planes-y-proyectos\/bilinguismo\/auxiliar-de-conversacion\/","title":{"rendered":"Auxiliar de Conversaci\u00f3n"},"content":{"rendered":"<p style=\"text-align: justify\"><span style=\"font-weight: 400\">Una de los mayores atractivos del programa de biling\u00fcismo es la incorporaci\u00f3n del <strong>auxiliar ling\u00fc\u00edstico<\/strong> en el aula. Esto supone una gran ayuda ling\u00fc\u00edstica para practicar las destrezas orales de la lengua.<\/span><\/p>\n<p style=\"text-align: justify\"><span style=\"font-weight: 400\">Este a\u00f1o, nuestro auxiliar viene de Estados Unidos, de Sawyer. Se llama Sawyer y est\u00e1 trabajando de forma conjunta con el profesorado de las \u00e1reas no ling\u00fc\u00edsticas para que el alumnado tenga acceso a situaciones reales de comunicaci\u00f3n en lengua inglesa.<\/span><\/p>\n<p style=\"text-align: justify\">&nbsp;<\/p>\n","protected":false},"excerpt":{"rendered":"<p>Una de los mayores atractivos del programa de biling\u00fcismo es la incorporaci\u00f3n del auxiliar ling\u00fc\u00edstico en el aula. Esto supone una gran ayuda ling\u00fc\u00edstica para practicar las destrezas orales de la lengua. Este a\u00f1o,&#46;&#46;&#46;<\/p>\n","protected":false},"author":6516,"featured_media":0,"parent":2712,"menu_order":2,"comment_status":"closed","ping_status":"closed","template":"page-c.php","meta":{"ngg_post_thumbnail":0,"footnotes":"","_mc_calendar":[]},"aioseo_notices":[],"post_mailing_queue_ids":[],"_links":{"self":[{"href":"https:\/\/blogsaverroes.juntadeandalucia.es\/iestorreolvidada\/wp-json\/wp\/v2\/pages\/2718"}],"collection":[{"href":"https:\/\/blogsaverroes.juntadeandalucia.es\/iestorreolvidada\/wp-json\/wp\/v2\/pages"}],"about":[{"href":"https:\/\/blogsaverroes.juntadeandalucia.es\/iestorreolvidada\/wp-json\/wp\/v2\/types\/page"}],"author":[{"embeddable":true,"href":"https:\/\/blogsaverroes.juntadeandalucia.es\/iestorreolvidada\/wp-json\/wp\/v2\/users\/6516"}],"replies":[{"embeddable":true,"href":"https:\/\/blogsaverroes.juntadeandalucia.es\/iestorreolvidada\/wp-json\/wp\/v2\/comments?post=2718"}],"version-history":[{"count":3,"href":"https:\/\/blogsaverroes.juntadeandalucia.es\/iestorreolvidada\/wp-json\/wp\/v2\/pages\/2718\/revisions"}],"predecessor-version":[{"id":3093,"href":"https:\/\/blogsaverroes.juntadeandalucia.es\/iestorreolvidada\/wp-json\/wp\/v2\/pages\/2718\/revisions\/3093"}],"up":[{"embeddable":true,"href":"https:\/\/blogsaverroes.juntadeandalucia.es\/iestorreolvidada\/wp-json\/wp\/v2\/pages\/2712"}],"wp:attachment":[{"href":"https:\/\/blogsaverroes.juntadeandalucia.es\/iestorreolvidada\/wp-json\/wp\/v2\/media?parent=2718"}],"curies":[{"name":"wp","href":"https:\/\/api.w.org\/{rel}","templated":true}]}}