{"id":2860,"date":"2021-02-11T23:18:55","date_gmt":"2021-02-11T23:18:55","guid":{"rendered":"https:\/\/blogsaverroes.juntadeandalucia.es\/iestorreolvidada\/?page_id=2860"},"modified":"2021-02-11T23:18:55","modified_gmt":"2021-02-11T23:18:55","slug":"proyecto-de-gestion","status":"publish","type":"page","link":"https:\/\/blogsaverroes.juntadeandalucia.es\/iestorreolvidada\/proyecto-de-gestion\/","title":{"rendered":"Proyecto de Gesti\u00f3n"},"content":{"rendered":"<p style=\"text-align: justify;\">El uso responsable de los recursos es, cada vez m\u00e1s, un deber de todos los ciudadanos y, de las diferentes organizaciones, especialmente las de car\u00e1cter p\u00fablico.<\/p>\n<p style=\"text-align: justify;\">Esto adquiere especial importancia en el caso de los centros educativos, que deben contribuir a que los alumnos reciban una formaci\u00f3n que incluya el respeto al buen uso de los recursos materiales disponibles as\u00ed como a aprender a gastar un dinero p\u00fablico (de todos los ciudadanos) al servicio del bien com\u00fan, de forma racional y prudente para atender a todas las necesidades que se generan en el Instituto.<\/p>\n<p style=\"text-align: justify;\">De esta manera, formando parte del <a href=\"https:\/\/blogsaverroes.juntadeandalucia.es\/iestorreolvidada\/proyecto-educativo\/\"><strong>Proyecto Educativo del Centro<\/strong><\/a>, se establece un Plan de Gesti\u00f3n que pretende ser eficiente de los recursos. Dicho Plan, tiene car\u00e1cter permanente, informativo y formativo.<\/p>\n<div class=\"_3d-flip-book  fb3d-fullscreen-mode full-size\" data-id=\"0\" data-mode=\"fullscreen\" data-title=\"false\" data-template=\"short-white-book-view\" data-lightbox=\"dark-shadow\" data-urlparam=\"fb3d-page\" data-page-n=\"0\" data-pdf=\"https:\/\/blogsaverroes.juntadeandalucia.es\/iestorreolvidada\/files\/2021\/02\/PROYECTO-GESTION_2017-18.pdf\" data-tax=\"null\" data-thumbnail=\"\" data-cols=\"3\" data-book-template=\"default\" data-trigger=\"\"><\/div>\n<ul>\n<li><a href=\"https:\/\/blogsaverroes.juntadeandalucia.es\/iestorreolvidada\/files\/2021\/02\/PROYECTO-GESTION_2017-18.pdf\">Descargar<\/a><\/li>\n<\/ul>\n<p>&nbsp;<\/p>\n<p>&nbsp;<\/p>\n","protected":false},"excerpt":{"rendered":"<p>El uso responsable de los recursos es, cada vez m\u00e1s, un deber de todos los ciudadanos y, de las diferentes organizaciones, especialmente las de car\u00e1cter p\u00fablico. Esto adquiere especial importancia en el caso de&#46;&#46;&#46;<\/p>\n","protected":false},"author":6516,"featured_media":0,"parent":0,"menu_order":0,"comment_status":"closed","ping_status":"closed","template":"page-c.php","meta":{"ngg_post_thumbnail":0,"footnotes":"","_mc_calendar":[]},"aioseo_notices":[],"post_mailing_queue_ids":[],"_links":{"self":[{"href":"https:\/\/blogsaverroes.juntadeandalucia.es\/iestorreolvidada\/wp-json\/wp\/v2\/pages\/2860"}],"collection":[{"href":"https:\/\/blogsaverroes.juntadeandalucia.es\/iestorreolvidada\/wp-json\/wp\/v2\/pages"}],"about":[{"href":"https:\/\/blogsaverroes.juntadeandalucia.es\/iestorreolvidada\/wp-json\/wp\/v2\/types\/page"}],"author":[{"embeddable":true,"href":"https:\/\/blogsaverroes.juntadeandalucia.es\/iestorreolvidada\/wp-json\/wp\/v2\/users\/6516"}],"replies":[{"embeddable":true,"href":"https:\/\/blogsaverroes.juntadeandalucia.es\/iestorreolvidada\/wp-json\/wp\/v2\/comments?post=2860"}],"version-history":[{"count":1,"href":"https:\/\/blogsaverroes.juntadeandalucia.es\/iestorreolvidada\/wp-json\/wp\/v2\/pages\/2860\/revisions"}],"predecessor-version":[{"id":2862,"href":"https:\/\/blogsaverroes.juntadeandalucia.es\/iestorreolvidada\/wp-json\/wp\/v2\/pages\/2860\/revisions\/2862"}],"wp:attachment":[{"href":"https:\/\/blogsaverroes.juntadeandalucia.es\/iestorreolvidada\/wp-json\/wp\/v2\/media?parent=2860"}],"curies":[{"name":"wp","href":"https:\/\/api.w.org\/{rel}","templated":true}]}}