{"id":2901,"date":"2021-02-28T11:15:35","date_gmt":"2021-02-28T11:15:35","guid":{"rendered":"https:\/\/blogsaverroes.juntadeandalucia.es\/iestorreolvidada\/?page_id=2901"},"modified":"2022-02-25T06:32:18","modified_gmt":"2022-02-25T06:32:18","slug":"preinscripcion","status":"publish","type":"page","link":"https:\/\/blogsaverroes.juntadeandalucia.es\/iestorreolvidada\/secretaria\/preinscripcion\/","title":{"rendered":"PREINSCRIPCI\u00d3N"},"content":{"rendered":"<p><a href=\"https:\/\/blogsaverroes.juntadeandalucia.es\/iestorreolvidada\/files\/2021\/02\/PREINSCRIPCIONES_001-scaled.jpg\"><img fetchpriority=\"high\" decoding=\"async\" class=\"alignnone wp-image-2899 size-full\" src=\"https:\/\/blogsaverroes.juntadeandalucia.es\/iestorreolvidada\/files\/2021\/02\/PREINSCRIPCIONES_001-scaled.jpg\" alt=\"\" width=\"1600\" height=\"693\" srcset=\"https:\/\/blogsaverroes.juntadeandalucia.es\/iestorreolvidada\/files\/2021\/02\/PREINSCRIPCIONES_001-scaled.jpg 1600w, https:\/\/blogsaverroes.juntadeandalucia.es\/iestorreolvidada\/files\/2021\/02\/PREINSCRIPCIONES_001-300x130.jpg 300w, https:\/\/blogsaverroes.juntadeandalucia.es\/iestorreolvidada\/files\/2021\/02\/PREINSCRIPCIONES_001-1024x443.jpg 1024w, https:\/\/blogsaverroes.juntadeandalucia.es\/iestorreolvidada\/files\/2021\/02\/PREINSCRIPCIONES_001-768x332.jpg 768w, https:\/\/blogsaverroes.juntadeandalucia.es\/iestorreolvidada\/files\/2021\/02\/PREINSCRIPCIONES_001-1536x665.jpg 1536w, https:\/\/blogsaverroes.juntadeandalucia.es\/iestorreolvidada\/files\/2021\/02\/PREINSCRIPCIONES_001-2048x886.jpg 2048w\" sizes=\"(max-width: 1600px) 100vw, 1600px\" \/><\/a><\/p>\n<p>Aqu\u00ed tienes toda la informaci\u00f3n necesaria sobre la <strong>Preinscripci\u00f3n para el Curso 2022\/2023<\/strong><\/p>\n<div class=\"osc-res-tab tabbable   osc-tabs-left\"><div style=\"clear:both;width: 100%;\"><ul class=\"nav osc-res-nav nav-tabs osc-tabs-left-ul\" id=\"oscitas-restabs-1-preinscripcion-17454\"><li class=\"active\"><a href=\"#ert_pane1-0\" data-toggle=\"tab\">INFORMACI\u00d3N<\/a><\/li><li class=\"\"><a href=\"#ert_pane1-1\" data-toggle=\"tab\">SOLICITUD DE ADMISI\u00d3N<\/a><\/li><li class=\"\"><a href=\"#ert_pane1-2\" data-toggle=\"tab\">SOBRE PREINSCRIPCI\u00d3N<\/a><\/li><\/ul><\/div><div style=\"clear:both;width: 100%;\"><ul class=\"tab-content\" id=\"oscitas-restabcontent-1-preinscripcion-17454\"><li class=\"tab-pane active\" id=\"ert_pane1-0\">Informaci\u00f3n para la Escolarizaci\u00f3n 2022\/23. Pulse <a href=\"https:\/\/blogsaverroes.juntadeandalucia.es\/iestorreolvidada\/files\/2022\/02\/Admisi\u00f3n-22_23.pdf\" target=\"_blank\" rel=\"noopener noreferrer\">aqu\u00ed<\/a><\/li><li class=\"tab-pane \" id=\"ert_pane1-1\">Anexo III rellenable. Pulse <a href=\"https:\/\/blogsaverroes.juntadeandalucia.es\/iestorreolvidada\/files\/2021\/02\/ANEXO-III-Solicitud-admision.pdf\">aqu\u00ed<\/a><\/li><li class=\"tab-pane \" id=\"ert_pane1-2\">Preinscripci\u00f3n para el curso 2021\/22. Pulse <a href=\"https:\/\/blogsaverroes.juntadeandalucia.es\/iestorreolvidada\/files\/2021\/02\/Sobre-Preinscripcion-21-22.pdf\">aqu\u00ed<\/a><\/li><\/ul><\/div><\/div>\n","protected":false},"excerpt":{"rendered":"<p>Aqu\u00ed tienes toda la informaci\u00f3n necesaria sobre la Preinscripci\u00f3n para el Curso 2022\/2023<\/p>\n","protected":false},"author":6516,"featured_media":2899,"parent":77,"menu_order":0,"comment_status":"closed","ping_status":"closed","template":"page-c.php","meta":{"ngg_post_thumbnail":0,"footnotes":"","_mc_calendar":[]},"aioseo_notices":[],"post_mailing_queue_ids":[],"_links":{"self":[{"href":"https:\/\/blogsaverroes.juntadeandalucia.es\/iestorreolvidada\/wp-json\/wp\/v2\/pages\/2901"}],"collection":[{"href":"https:\/\/blogsaverroes.juntadeandalucia.es\/iestorreolvidada\/wp-json\/wp\/v2\/pages"}],"about":[{"href":"https:\/\/blogsaverroes.juntadeandalucia.es\/iestorreolvidada\/wp-json\/wp\/v2\/types\/page"}],"author":[{"embeddable":true,"href":"https:\/\/blogsaverroes.juntadeandalucia.es\/iestorreolvidada\/wp-json\/wp\/v2\/users\/6516"}],"replies":[{"embeddable":true,"href":"https:\/\/blogsaverroes.juntadeandalucia.es\/iestorreolvidada\/wp-json\/wp\/v2\/comments?post=2901"}],"version-history":[{"count":5,"href":"https:\/\/blogsaverroes.juntadeandalucia.es\/iestorreolvidada\/wp-json\/wp\/v2\/pages\/2901\/revisions"}],"predecessor-version":[{"id":3190,"href":"https:\/\/blogsaverroes.juntadeandalucia.es\/iestorreolvidada\/wp-json\/wp\/v2\/pages\/2901\/revisions\/3190"}],"up":[{"embeddable":true,"href":"https:\/\/blogsaverroes.juntadeandalucia.es\/iestorreolvidada\/wp-json\/wp\/v2\/pages\/77"}],"wp:featuredmedia":[{"embeddable":true,"href":"https:\/\/blogsaverroes.juntadeandalucia.es\/iestorreolvidada\/wp-json\/wp\/v2\/media\/2899"}],"wp:attachment":[{"href":"https:\/\/blogsaverroes.juntadeandalucia.es\/iestorreolvidada\/wp-json\/wp\/v2\/media?parent=2901"}],"curies":[{"name":"wp","href":"https:\/\/api.w.org\/{rel}","templated":true}]}}