{"id":3236,"date":"2022-03-02T10:25:02","date_gmt":"2022-03-02T10:25:02","guid":{"rendered":"https:\/\/blogsaverroes.juntadeandalucia.es\/iestorreolvidada\/?page_id=3236"},"modified":"2022-03-02T10:27:50","modified_gmt":"2022-03-02T10:27:50","slug":"organigrama-departamento-ingles","status":"publish","type":"page","link":"https:\/\/blogsaverroes.juntadeandalucia.es\/iestorreolvidada\/ingles-2\/organigrama-departamento-ingles\/","title":{"rendered":"Organigrama Departamento Ingl\u00e9s"},"content":{"rendered":"<p>El Departamento de Ingl\u00e9s est\u00e1 integrado por las siguientes profesoras durante el curso escolar 2021\/22&nbsp; :<\/p>\n<ul>\n<li><strong>Rosa Anguita R\u00edsquez<\/strong>\n<ul>\n<li>(Directora del centro y docencia de ingl\u00e9s).<\/li>\n<\/ul>\n<\/li>\n<li><strong>Inmaculada Rodr\u00edguez Ca\u00f1ada<\/strong>\n<ul>\n<li>(Coordinadora de biling\u00fcismo y docencia de Ingl\u00e9s).<\/li>\n<\/ul>\n<\/li>\n<li><strong>Mar\u00eda Moral Colomo<\/strong>\n<ul>\n<li>(Docencia de ingl\u00e9s)<\/li>\n<\/ul>\n<\/li>\n<li><strong>M\u00aa Lourdes Tello Catena<\/strong>\n<ul>\n<li>(Jefa del departamento y docencia de ingl\u00e9s)<\/li>\n<\/ul>\n<\/li>\n<\/ul>\n<h2><strong><em>Enlaces de inter\u00e9s<\/em><\/strong><\/h2>\n<ul>\n<li>BBC&nbsp; &#8211;&nbsp; <a href=\"https:\/\/www.bbc.co.uk\/learningenglish\/\" target=\"_blank\" rel=\"noopener noreferrer\">https:\/\/www.bbc.co.uk\/learningenglish<\/a><\/li>\n<li>BBC radio &#8211; <a href=\"https:\/\/www.bbc.co.uk\/sounds\" target=\"_blank\" rel=\"noopener noreferrer\">https:\/\/www.bbc.co.uk\/sounds<\/a><\/li>\n<li>Breaking news &#8211; <a href=\"https:\/\/breakingnewsenglish.com\/\" target=\"_blank\" rel=\"noopener noreferrer\">https:\/\/breakingnewsenglish.com<\/a><\/li>\n<li>La mansi\u00f3n del Ingl\u00e9s &#8211; <a href=\"http:\/\/www.mansioningles.com\/\" target=\"_blank\" rel=\"noopener noreferrer\">http:\/\/www.mansioningles.co<\/a><a href=\"http:\/\/www.mansioningles.com\/\"><em>m<\/em><\/a><\/li>\n<li>Linguee &#8211; <a href=\"https:\/\/www.linguee.es\/\" target=\"_blank\" rel=\"noopener noreferrer\">https:\/\/www.linguee.es<\/a><\/li>\n<li>Wordreference&nbsp; &#8211; <a href=\"https:\/\/www.wordreference.com\/\" target=\"_blank\" rel=\"noopener noreferrer\">https:\/\/www.wordreference.com<\/a> .<\/li>\n<\/ul>\n","protected":false},"excerpt":{"rendered":"<p>El Departamento de Ingl\u00e9s est\u00e1 integrado por las siguientes profesoras durante el curso escolar 2021\/22&nbsp; : Rosa Anguita R\u00edsquez (Directora del centro y docencia de ingl\u00e9s). Inmaculada Rodr\u00edguez Ca\u00f1ada (Coordinadora de biling\u00fcismo y docencia&#46;&#46;&#46;<\/p>\n","protected":false},"author":6516,"featured_media":0,"parent":164,"menu_order":0,"comment_status":"closed","ping_status":"closed","template":"page-c.php","meta":{"ngg_post_thumbnail":0,"footnotes":"","_mc_calendar":[]},"aioseo_notices":[],"post_mailing_queue_ids":[],"_links":{"self":[{"href":"https:\/\/blogsaverroes.juntadeandalucia.es\/iestorreolvidada\/wp-json\/wp\/v2\/pages\/3236"}],"collection":[{"href":"https:\/\/blogsaverroes.juntadeandalucia.es\/iestorreolvidada\/wp-json\/wp\/v2\/pages"}],"about":[{"href":"https:\/\/blogsaverroes.juntadeandalucia.es\/iestorreolvidada\/wp-json\/wp\/v2\/types\/page"}],"author":[{"embeddable":true,"href":"https:\/\/blogsaverroes.juntadeandalucia.es\/iestorreolvidada\/wp-json\/wp\/v2\/users\/6516"}],"replies":[{"embeddable":true,"href":"https:\/\/blogsaverroes.juntadeandalucia.es\/iestorreolvidada\/wp-json\/wp\/v2\/comments?post=3236"}],"version-history":[{"count":1,"href":"https:\/\/blogsaverroes.juntadeandalucia.es\/iestorreolvidada\/wp-json\/wp\/v2\/pages\/3236\/revisions"}],"predecessor-version":[{"id":3237,"href":"https:\/\/blogsaverroes.juntadeandalucia.es\/iestorreolvidada\/wp-json\/wp\/v2\/pages\/3236\/revisions\/3237"}],"up":[{"embeddable":true,"href":"https:\/\/blogsaverroes.juntadeandalucia.es\/iestorreolvidada\/wp-json\/wp\/v2\/pages\/164"}],"wp:attachment":[{"href":"https:\/\/blogsaverroes.juntadeandalucia.es\/iestorreolvidada\/wp-json\/wp\/v2\/media?parent=3236"}],"curies":[{"name":"wp","href":"https:\/\/api.w.org\/{rel}","templated":true}]}}