{"id":3343,"date":"2022-03-02T19:27:10","date_gmt":"2022-03-02T19:27:10","guid":{"rendered":"https:\/\/blogsaverroes.juntadeandalucia.es\/iestorreolvidada\/?page_id=3343"},"modified":"2022-03-02T19:33:57","modified_gmt":"2022-03-02T19:33:57","slug":"organigrama-dep-ciencias-naturaleza","status":"publish","type":"page","link":"https:\/\/blogsaverroes.juntadeandalucia.es\/iestorreolvidada\/ccnn\/organigrama-dep-ciencias-naturaleza\/","title":{"rendered":"Organigrama Dep. Ciencias Naturaleza"},"content":{"rendered":"\t\t<div data-elementor-type=\"wp-page\" data-elementor-id=\"3343\" class=\"elementor elementor-3343\">\n\t\t\t\t\t\t<section class=\"elementor-section elementor-top-section elementor-element elementor-element-41f75a08 elementor-section-boxed elementor-section-height-default elementor-section-height-default\" data-id=\"41f75a08\" data-element_type=\"section\">\n\t\t\t\t\t\t<div class=\"elementor-container elementor-column-gap-default\">\n\t\t\t\t\t<div class=\"elementor-column elementor-col-100 elementor-top-column elementor-element elementor-element-29f85009\" data-id=\"29f85009\" data-element_type=\"column\">\n\t\t\t<div class=\"elementor-widget-wrap elementor-element-populated\">\n\t\t\t\t\t\t<div class=\"elementor-element elementor-element-30d220a elementor-widget elementor-widget-text-editor\" data-id=\"30d220a\" data-element_type=\"widget\" data-widget_type=\"text-editor.default\">\n\t\t\t\t<div class=\"elementor-widget-container\">\n\t\t\t\t\t\t\t\t\t<p><strong>MAR\u00cdA MORENO FERN\u00c1NDEZ<\/strong> (SECRETARIA)<\/p><p>Grupos que imparte:<\/p><ul><li>F\u00edsica y Qu\u00edmica 2\u00ba ESO B<\/li><li>F\u00edsica y Qu\u00edmica (3\u00ba ESO A y B Biling\u00fce)<\/li><\/ul><p><strong>JOS\u00c9 ANTONIO MART\u00cdNEZ BARRANCO<\/strong> (Tutora 1\u00ba ESO- B)<\/p><p>Grupos que imparte:<\/p><ul><li>Biolog\u00eda y Geolog\u00eda (Biling\u00fce1 \u00ba ESO A y B)<\/li><li>Biolog\u00eda y Geolog\u00eda (3\u00ba ESO A y B)<\/li><li>Biolog\u00eda y Geolog\u00eda (4\u00ba ESO A-B)<\/li><li>Ciencias Aplicadas I (1\u00ba INA)<\/li><\/ul><p><strong>MANUEL JES\u00daS MART\u00cdN ARMENTEROS<\/strong> (Jefe de Departamento)<\/p><p>Grupos que imparte:<\/p><ul><li>F\u00edsica y Qu\u00edmica (2\u00ba ESO A )<\/li><li>F\u00edsica y Qu\u00edmica (3\u00ba ESO A y B No biling\u00fce)<\/li><li>F\u00edsica y Qu\u00edmica (4\u00ba ESO- A-B)<\/li><li>Cultura Cient\u00edfica (4\u00ba ESO A-B)<\/li><li>Ciencias Aplicadas II (2\u00ba INA)<\/li><\/ul>\t\t\t\t\t\t\t\t<\/div>\n\t\t\t\t<\/div>\n\t\t\t\t\t<\/div>\n\t\t<\/div>\n\t\t\t\t\t<\/div>\n\t\t<\/section>\n\t\t\t\t<section class=\"elementor-section elementor-top-section elementor-element elementor-element-f48ad45 elementor-section-boxed elementor-section-height-default elementor-section-height-default\" data-id=\"f48ad45\" data-element_type=\"section\">\n\t\t\t\t\t\t<div class=\"elementor-container elementor-column-gap-default\">\n\t\t\t\t\t<div class=\"elementor-column elementor-col-100 elementor-top-column elementor-element elementor-element-feca1d4\" data-id=\"feca1d4\" data-element_type=\"column\">\n\t\t\t<div class=\"elementor-widget-wrap elementor-element-populated\">\n\t\t\t\t\t\t<div class=\"elementor-element elementor-element-4846188 elementor-widget elementor-widget-button\" data-id=\"4846188\" data-element_type=\"widget\" data-widget_type=\"button.default\">\n\t\t\t\t<div class=\"elementor-widget-container\">\n\t\t\t\t\t\t\t\t\t<div class=\"elementor-button-wrapper\">\n\t\t\t\t\t<a class=\"elementor-button elementor-button-link elementor-size-sm\" href=\"https:\/\/blogsaverroes.juntadeandalucia.es\/iestorreolvidada\/biologia-y-geologia-2\/\">\n\t\t\t\t\t\t<span class=\"elementor-button-content-wrapper\">\n\t\t\t\t\t\t\t\t\t<span class=\"elementor-button-text\">VOLVER<\/span>\n\t\t\t\t\t<\/span>\n\t\t\t\t\t<\/a>\n\t\t\t\t<\/div>\n\t\t\t\t\t\t\t\t<\/div>\n\t\t\t\t<\/div>\n\t\t\t\t\t<\/div>\n\t\t<\/div>\n\t\t\t\t\t<\/div>\n\t\t<\/section>\n\t\t\t\t<\/div>\n\t\t","protected":false},"excerpt":{"rendered":"<p>MAR\u00cdA MORENO FERN\u00c1NDEZ (SECRETARIA) Grupos que imparte: F\u00edsica y Qu\u00edmica 2\u00ba ESO B F\u00edsica y Qu\u00edmica (3\u00ba ESO A y B Biling\u00fce) JOS\u00c9 ANTONIO MART\u00cdNEZ BARRANCO (Tutora 1\u00ba ESO- B) Grupos que imparte: Biolog\u00eda&#46;&#46;&#46;<\/p>\n","protected":false},"author":6516,"featured_media":0,"parent":170,"menu_order":0,"comment_status":"closed","ping_status":"closed","template":"","meta":{"ngg_post_thumbnail":0,"footnotes":"","_mc_calendar":[]},"aioseo_notices":[],"post_mailing_queue_ids":[],"_links":{"self":[{"href":"https:\/\/blogsaverroes.juntadeandalucia.es\/iestorreolvidada\/wp-json\/wp\/v2\/pages\/3343"}],"collection":[{"href":"https:\/\/blogsaverroes.juntadeandalucia.es\/iestorreolvidada\/wp-json\/wp\/v2\/pages"}],"about":[{"href":"https:\/\/blogsaverroes.juntadeandalucia.es\/iestorreolvidada\/wp-json\/wp\/v2\/types\/page"}],"author":[{"embeddable":true,"href":"https:\/\/blogsaverroes.juntadeandalucia.es\/iestorreolvidada\/wp-json\/wp\/v2\/users\/6516"}],"replies":[{"embeddable":true,"href":"https:\/\/blogsaverroes.juntadeandalucia.es\/iestorreolvidada\/wp-json\/wp\/v2\/comments?post=3343"}],"version-history":[{"count":4,"href":"https:\/\/blogsaverroes.juntadeandalucia.es\/iestorreolvidada\/wp-json\/wp\/v2\/pages\/3343\/revisions"}],"predecessor-version":[{"id":3347,"href":"https:\/\/blogsaverroes.juntadeandalucia.es\/iestorreolvidada\/wp-json\/wp\/v2\/pages\/3343\/revisions\/3347"}],"up":[{"embeddable":true,"href":"https:\/\/blogsaverroes.juntadeandalucia.es\/iestorreolvidada\/wp-json\/wp\/v2\/pages\/170"}],"wp:attachment":[{"href":"https:\/\/blogsaverroes.juntadeandalucia.es\/iestorreolvidada\/wp-json\/wp\/v2\/media?parent=3343"}],"curies":[{"name":"wp","href":"https:\/\/api.w.org\/{rel}","templated":true}]}}