{"id":42,"date":"2015-03-13T08:40:47","date_gmt":"2015-03-13T08:40:47","guid":{"rendered":"http:\/\/blogsaverroes.juntadeandalucia.es\/pre\/ceip\/?page_id=42"},"modified":"2021-10-18T20:59:03","modified_gmt":"2021-10-18T20:59:03","slug":"equipo-directivo","status":"publish","type":"page","link":"https:\/\/blogsaverroes.juntadeandalucia.es\/iestorreolvidada\/equipo-directivo\/","title":{"rendered":"Equipo directivo"},"content":{"rendered":"<p>&nbsp;<\/p>\n<p><b>Direcci\u00f3n:&nbsp;<\/b><em>Rosa Anguita R\u00edsquez<\/em><\/p>\n<p><strong>Jefatura de Estudios:<\/strong> <em>Adoraci\u00f3n Civantos Rico<\/em><\/p>\n<p><strong>Secretar\u00eda: <\/strong><em>Mar\u00eda Moreno Fern\u00e1ndez<\/em>&nbsp;<\/p>\n<p>&nbsp;<\/p>\n","protected":false},"excerpt":{"rendered":"<p>&nbsp; Direcci\u00f3n:&nbsp;Rosa Anguita R\u00edsquez Jefatura de Estudios: Adoraci\u00f3n Civantos Rico Secretar\u00eda: Mar\u00eda Moreno Fern\u00e1ndez&nbsp; &nbsp;<\/p>\n","protected":false},"author":1,"featured_media":0,"parent":0,"menu_order":0,"comment_status":"closed","ping_status":"open","template":"page-c.php","meta":{"ngg_post_thumbnail":0,"footnotes":"","_mc_calendar":[]},"aioseo_notices":[],"post_mailing_queue_ids":[],"_links":{"self":[{"href":"https:\/\/blogsaverroes.juntadeandalucia.es\/iestorreolvidada\/wp-json\/wp\/v2\/pages\/42"}],"collection":[{"href":"https:\/\/blogsaverroes.juntadeandalucia.es\/iestorreolvidada\/wp-json\/wp\/v2\/pages"}],"about":[{"href":"https:\/\/blogsaverroes.juntadeandalucia.es\/iestorreolvidada\/wp-json\/wp\/v2\/types\/page"}],"author":[{"embeddable":true,"href":"https:\/\/blogsaverroes.juntadeandalucia.es\/iestorreolvidada\/wp-json\/wp\/v2\/users\/1"}],"replies":[{"embeddable":true,"href":"https:\/\/blogsaverroes.juntadeandalucia.es\/iestorreolvidada\/wp-json\/wp\/v2\/comments?post=42"}],"version-history":[{"count":9,"href":"https:\/\/blogsaverroes.juntadeandalucia.es\/iestorreolvidada\/wp-json\/wp\/v2\/pages\/42\/revisions"}],"predecessor-version":[{"id":3089,"href":"https:\/\/blogsaverroes.juntadeandalucia.es\/iestorreolvidada\/wp-json\/wp\/v2\/pages\/42\/revisions\/3089"}],"wp:attachment":[{"href":"https:\/\/blogsaverroes.juntadeandalucia.es\/iestorreolvidada\/wp-json\/wp\/v2\/media?parent=42"}],"curies":[{"name":"wp","href":"https:\/\/api.w.org\/{rel}","templated":true}]}}