{"id":1018,"date":"2022-04-09T12:28:33","date_gmt":"2022-04-09T11:28:33","guid":{"rendered":"https:\/\/blogsaverroes.juntadeandalucia.es\/iestorrredelosguzmanes\/?page_id=1018"},"modified":"2022-10-07T20:22:02","modified_gmt":"2022-10-07T19:22:02","slug":"torre-de-los-guzmanes","status":"publish","type":"page","link":"https:\/\/blogsaverroes.juntadeandalucia.es\/iestorrredelosguzmanes\/torre-de-los-guzmanes\/","title":{"rendered":"Torre de los Guzmanes"},"content":{"rendered":"<p>La&nbsp;<b>Torre de los Guzmanes<\/b>&nbsp;est\u00e1 situada en el municipio&nbsp;espa\u00f1ol&nbsp;de&nbsp;La Algaba, en la&nbsp;provincia de Sevilla, en la comunidad aut\u00f3noma de&nbsp;Andaluc\u00eda. Se trata de una torre de planta rectangular, 27 metros de altura, almenada y construida en estilo&nbsp;mud\u00e9jar.<sup id=\"cite_ref-1\" class=\"reference separada\"><\/sup><sup id=\"cite_ref-2\" class=\"reference separada\"><\/sup><\/p>\n<p>Fue edificada por los Guzmanes en plena guerra civil protagonizada en el reino de Sevilla&nbsp;por la&nbsp;casa de Medina Sidonia&nbsp;y&nbsp;la de Arcos. Se inici\u00f3 en 1440, cuando&nbsp;don Juan de Guzm\u00e1n, I&nbsp;se\u00f1or de la Algaba, se hizo con la villa para cumplir funciones defensivas y residenciales y se finaliz\u00f3 pocos a\u00f1os despu\u00e9s, hacia 1446, como indica la losa de m\u00e1rmol ubicada sobre la puerta de entrada en la que aparece el escudo que dice:<\/p>\n<div class=\"flex\">\n<div class=\"quote\" style=\"text-align: center\">&nbsp; &nbsp; &nbsp; &nbsp; &nbsp; &nbsp; &nbsp; &nbsp; &nbsp; &nbsp; &nbsp; &nbsp; &nbsp; &nbsp; &nbsp; &nbsp; &nbsp; &nbsp; &nbsp; &nbsp; &nbsp; &nbsp; &nbsp; &nbsp; &nbsp; &nbsp; &nbsp; \u00abEfta torre mando sas\/er de usman f\/se\u00f1or defte lugar gijo de\/l fe\u00f1os don lus gus\/man maestre q fue de ca\/latrava a\u00f1o de UVV\/CC e XLVI a\u00f1os\u00bb.<\/div>\n<\/div>\n<p>&nbsp;<\/p>\n<p>Se trata de un fuerte baluarte almenado. Tiene 27 metros de altura y est\u00e1 construida en ladrillo, salvo la puerta de entrada y algunas ventanas que est\u00e1n hechas en piedra. Tiene cuatro plantas abovedadas y patio en la superior rodeado de un adarve. Su estado de conservaci\u00f3n es aceptable. Seg\u00fan la leyenda, la torre comunica con las ruinas de la metr\u00f3poli romana&nbsp;It\u00e1lica.<\/p>\n<h3>Im\u00e1genes Relacionadas:<\/h3>","protected":false},"excerpt":{"rendered":"<p>La&nbsp;Torre de los Guzmanes&nbsp;est\u00e1 situada en el municipio&nbsp;espa\u00f1ol&nbsp;de&nbsp;La Algaba, en la&nbsp;provincia de Sevilla, en la comunidad aut\u00f3noma de&nbsp;Andaluc\u00eda. Se trata de una torre de planta rectangular, 27 metros de altura, almenada y construida en estilo&nbsp;mud\u00e9jar. Fue edificada por los Guzmanes en plena guerra civil protagonizada en el reino de Sevilla&nbsp;por&#46;&#46;&#46;<\/p>\n","protected":false},"author":13735,"featured_media":0,"parent":0,"menu_order":0,"comment_status":"closed","ping_status":"closed","template":"","meta":{"ngg_post_thumbnail":0,"footnotes":""},"aioseo_notices":[],"_links":{"self":[{"href":"https:\/\/blogsaverroes.juntadeandalucia.es\/iestorrredelosguzmanes\/wp-json\/wp\/v2\/pages\/1018"}],"collection":[{"href":"https:\/\/blogsaverroes.juntadeandalucia.es\/iestorrredelosguzmanes\/wp-json\/wp\/v2\/pages"}],"about":[{"href":"https:\/\/blogsaverroes.juntadeandalucia.es\/iestorrredelosguzmanes\/wp-json\/wp\/v2\/types\/page"}],"author":[{"embeddable":true,"href":"https:\/\/blogsaverroes.juntadeandalucia.es\/iestorrredelosguzmanes\/wp-json\/wp\/v2\/users\/13735"}],"replies":[{"embeddable":true,"href":"https:\/\/blogsaverroes.juntadeandalucia.es\/iestorrredelosguzmanes\/wp-json\/wp\/v2\/comments?post=1018"}],"version-history":[{"count":3,"href":"https:\/\/blogsaverroes.juntadeandalucia.es\/iestorrredelosguzmanes\/wp-json\/wp\/v2\/pages\/1018\/revisions"}],"predecessor-version":[{"id":1419,"href":"https:\/\/blogsaverroes.juntadeandalucia.es\/iestorrredelosguzmanes\/wp-json\/wp\/v2\/pages\/1018\/revisions\/1419"}],"wp:attachment":[{"href":"https:\/\/blogsaverroes.juntadeandalucia.es\/iestorrredelosguzmanes\/wp-json\/wp\/v2\/media?parent=1018"}],"curies":[{"name":"wp","href":"https:\/\/api.w.org\/{rel}","templated":true}]}}