{"id":1020,"date":"2022-04-09T12:35:21","date_gmt":"2022-04-09T11:35:21","guid":{"rendered":"https:\/\/blogsaverroes.juntadeandalucia.es\/iestorrredelosguzmanes\/?page_id=1020"},"modified":"2023-03-08T12:57:00","modified_gmt":"2023-03-08T11:57:00","slug":"historia","status":"publish","type":"page","link":"https:\/\/blogsaverroes.juntadeandalucia.es\/iestorrredelosguzmanes\/historia\/","title":{"rendered":"Historia"},"content":{"rendered":"<p>El I.E.S. Torre de los Guzmanes de La Algaba, antes Secci\u00f3n del I.E.S. San Jer\u00f3nimo, se constituy\u00f3 en centro independiente a partir del curso 1998-1999, traslad\u00e1ndose al edificio que actualmente ocupa durante el curso 1999-2000.<\/p>\n<p>El municipio donde se halla nuestro instituto, La Algaba, pertenece a la comarca de la Vega del Guadalquivir y est\u00e1 ubicado entre los cauces de los r\u00edos Guadalquivir y Ribera de Huelva. Sus coordenadas geogr\u00e1ficas son 37\u00ba27\u2019 N y 6\u00ba00\u2019 W y se encuentra a 6 kil\u00f3metros de la capital provincial. Tiene una superficie de 18,5 km cuadrados y su suelo es de rocas sedimentarias al 100%. Su altitud es de 11 metros sobre el nivel del mar. Su clima es mediterr\u00e1neo-continental, con veranos c\u00e1lidos y muy secos, inviernos suaves y precipitaciones entre 500 y 600 mm, siendo diciembre el mes m\u00e1s lluvioso.<\/p>\n<p>El Centro es de categor\u00eda B (de 20 a 32 unidades). La mayor\u00eda del alumnado vive en La Algaba, siendo muy escaso el n\u00famero de alumnos y alumnas procedentes de Torre de la Reina y de otros n\u00facleos de poblaci\u00f3n y de otras zonas del mundo (Hispanoam\u00e9rica, Europa del Este, Magreb).<\/p>\n<p>Las etapas educativas impartidas en el instituto son:<\/p>\n<ul>\n<li>La Educaci\u00f3n Secundaria Obligatoria, de 1\u00ba a 4\u00ba curso.<\/li>\n<li>Los Bachilleratos de Ciencias y de Humanidades y Ciencias Sociales (1\u00ba y 2\u00ba curso).<\/li>\n<li>Ciclo formativo de grado medio: Conducci\u00f3n de actividades f\u00edsico deportivas en el medio natural.<\/li>\n<li>Desde el curso 2019\/20, Formaci\u00f3n Profesional B\u00e1sica en Agrojardiner\u00eda y Composiciones Florales.<\/li>\n<\/ul>\n<p>Su horario de funcionamiento general es el siguiente:<\/p>\n<ul>\n<li>Lunes a viernes de 8:00 a 14:30, con seis m\u00f3dulos horarios de 60 minutos cada uno y un recreo de treinta minutos (de 11:00 a 11:30).<\/li>\n<li>Horario de Secretar\u00eda: de 11.00 a 13:00.<\/li>\n<li>Martes de 16:00 a 18:00.<\/li>\n<li>Horario de la A.M.P.A.: los martes de 17:00 a 18:00<\/li>\n<\/ul>\n<p>NOTA: Es indispensable tener cita concertada para ser recibido por el profesorado o el equipo directivo.<\/p>\n<h3>Im\u00e1genes Relacionadas:<\/h3>","protected":false},"excerpt":{"rendered":"<p>El I.E.S. Torre de los Guzmanes de La Algaba, antes Secci\u00f3n del I.E.S. San Jer\u00f3nimo, se constituy\u00f3 en centro independiente a partir del curso 1998-1999, traslad\u00e1ndose al edificio que actualmente ocupa durante el curso 1999-2000. El municipio donde se halla nuestro instituto, La Algaba, pertenece a la comarca de la&#46;&#46;&#46;<\/p>\n","protected":false},"author":13735,"featured_media":0,"parent":0,"menu_order":0,"comment_status":"closed","ping_status":"closed","template":"","meta":{"ngg_post_thumbnail":0,"footnotes":""},"aioseo_notices":[],"_links":{"self":[{"href":"https:\/\/blogsaverroes.juntadeandalucia.es\/iestorrredelosguzmanes\/wp-json\/wp\/v2\/pages\/1020"}],"collection":[{"href":"https:\/\/blogsaverroes.juntadeandalucia.es\/iestorrredelosguzmanes\/wp-json\/wp\/v2\/pages"}],"about":[{"href":"https:\/\/blogsaverroes.juntadeandalucia.es\/iestorrredelosguzmanes\/wp-json\/wp\/v2\/types\/page"}],"author":[{"embeddable":true,"href":"https:\/\/blogsaverroes.juntadeandalucia.es\/iestorrredelosguzmanes\/wp-json\/wp\/v2\/users\/13735"}],"replies":[{"embeddable":true,"href":"https:\/\/blogsaverroes.juntadeandalucia.es\/iestorrredelosguzmanes\/wp-json\/wp\/v2\/comments?post=1020"}],"version-history":[{"count":3,"href":"https:\/\/blogsaverroes.juntadeandalucia.es\/iestorrredelosguzmanes\/wp-json\/wp\/v2\/pages\/1020\/revisions"}],"predecessor-version":[{"id":1724,"href":"https:\/\/blogsaverroes.juntadeandalucia.es\/iestorrredelosguzmanes\/wp-json\/wp\/v2\/pages\/1020\/revisions\/1724"}],"wp:attachment":[{"href":"https:\/\/blogsaverroes.juntadeandalucia.es\/iestorrredelosguzmanes\/wp-json\/wp\/v2\/media?parent=1020"}],"curies":[{"name":"wp","href":"https:\/\/api.w.org\/{rel}","templated":true}]}}