{"id":1034,"date":"2022-04-09T12:56:56","date_gmt":"2022-04-09T11:56:56","guid":{"rendered":"https:\/\/blogsaverroes.juntadeandalucia.es\/iestorrredelosguzmanes\/?page_id=1034"},"modified":"2024-09-09T17:59:53","modified_gmt":"2024-09-09T16:59:53","slug":"eso","status":"publish","type":"page","link":"https:\/\/blogsaverroes.juntadeandalucia.es\/iestorrredelosguzmanes\/eso\/","title":{"rendered":"ESO"},"content":{"rendered":"<h1 style=\"text-align: justify\">Educaci\u00f3n Secundaria Obligatoria (ESO)<\/h1>\n<div class=\"cte\" style=\"text-align: justify\">\n<p class=\"ta-justify\">La Educaci\u00f3n Secundaria Obligatoria (ESO) es una etapa educativa obligatoria y gratuita que completa la educaci\u00f3n b\u00e1sica. Consta de cuatro cursos acad\u00e9micos que se realizan ordinariamente entre los 12 y los 16 a\u00f1os de edad. No obstante, los alumnos tendr\u00e1n derecho a permanecer en r\u00e9gimen ordinario cursando la ense\u00f1anza b\u00e1sica hasta los dieciocho a\u00f1os de edad.<\/p>\n<\/div>\n<div class=\"cte\">\n<p class=\"font-size: 12px; ta-left\" style=\"text-align: justify\">Se organiza de acuerdo con los principios de educaci\u00f3n com\u00fan y de atenci\u00f3n a la diversidad y presta especial atenci\u00f3n a la orientaci\u00f3n educativa y profesional del alumnado<\/p>\n<p class=\"font-size: 12px;\" style=\"text-align: justify\">La Educaci\u00f3n Secundaria Obligatoria tiene como finalidad:<\/p>\n<ul style=\"text-align: justify\">\n<li>Lograr que todos adquieran los elementos b\u00e1sicos de la cultura: human\u00edsticos, art\u00edsticos, cient\u00edficos y tecnol\u00f3gicos.<\/li>\n<li>Desarrollar y consolidar h\u00e1bitos de estudio y de trabajo.<\/li>\n<li>Preparar para la incorporaci\u00f3n a estudios posteriores y para su inserci\u00f3n laboral.<\/li>\n<li>Formar a todos para el ejercicio de sus derechos y obligaciones en la vida como ciudadanos.<\/li>\n<\/ul>\n<p style=\"text-align: justify\">&nbsp;<\/p>\n<\/div>\n<h3>Im\u00e1genes Relacionadas:<\/h3>","protected":false},"excerpt":{"rendered":"<p>Educaci\u00f3n Secundaria Obligatoria (ESO) La Educaci\u00f3n Secundaria Obligatoria (ESO) es una etapa educativa obligatoria y gratuita que completa la educaci\u00f3n b\u00e1sica. Consta de cuatro cursos acad\u00e9micos que se realizan ordinariamente entre los 12 y los 16 a\u00f1os de edad. No obstante, los alumnos tendr\u00e1n derecho a permanecer en r\u00e9gimen ordinario&#46;&#46;&#46;<\/p>\n","protected":false},"author":13735,"featured_media":0,"parent":0,"menu_order":0,"comment_status":"closed","ping_status":"closed","template":"","meta":{"ngg_post_thumbnail":0,"footnotes":""},"aioseo_notices":[],"_links":{"self":[{"href":"https:\/\/blogsaverroes.juntadeandalucia.es\/iestorrredelosguzmanes\/wp-json\/wp\/v2\/pages\/1034"}],"collection":[{"href":"https:\/\/blogsaverroes.juntadeandalucia.es\/iestorrredelosguzmanes\/wp-json\/wp\/v2\/pages"}],"about":[{"href":"https:\/\/blogsaverroes.juntadeandalucia.es\/iestorrredelosguzmanes\/wp-json\/wp\/v2\/types\/page"}],"author":[{"embeddable":true,"href":"https:\/\/blogsaverroes.juntadeandalucia.es\/iestorrredelosguzmanes\/wp-json\/wp\/v2\/users\/13735"}],"replies":[{"embeddable":true,"href":"https:\/\/blogsaverroes.juntadeandalucia.es\/iestorrredelosguzmanes\/wp-json\/wp\/v2\/comments?post=1034"}],"version-history":[{"count":4,"href":"https:\/\/blogsaverroes.juntadeandalucia.es\/iestorrredelosguzmanes\/wp-json\/wp\/v2\/pages\/1034\/revisions"}],"predecessor-version":[{"id":2089,"href":"https:\/\/blogsaverroes.juntadeandalucia.es\/iestorrredelosguzmanes\/wp-json\/wp\/v2\/pages\/1034\/revisions\/2089"}],"wp:attachment":[{"href":"https:\/\/blogsaverroes.juntadeandalucia.es\/iestorrredelosguzmanes\/wp-json\/wp\/v2\/media?parent=1034"}],"curies":[{"name":"wp","href":"https:\/\/api.w.org\/{rel}","templated":true}]}}