{"id":1036,"date":"2022-04-09T12:57:26","date_gmt":"2022-04-09T11:57:26","guid":{"rendered":"https:\/\/blogsaverroes.juntadeandalucia.es\/iestorrredelosguzmanes\/?page_id=1036"},"modified":"2024-09-09T18:02:05","modified_gmt":"2024-09-09T17:02:05","slug":"bachillerato","status":"publish","type":"page","link":"https:\/\/blogsaverroes.juntadeandalucia.es\/iestorrredelosguzmanes\/bachillerato\/","title":{"rendered":"Bachillerato"},"content":{"rendered":"<p style=\"text-align: justify\">El Bachillerato es una etapa educativa postobligatoria que comprende de los 16 a los 18 a\u00f1os. Esta etapa se caracteriza por presentar una organizaci\u00f3n de las ense\u00f1anzas flexible aunque ajustada a las expectativas del alumnado, con objeto de permitir su especializaci\u00f3n en funci\u00f3n de sus necesidades e intereses para el futuro y de su&nbsp; incorporaci\u00f3n a estudios posteriores o a la vida laboral. Mediante estas ense\u00f1anzas se proporciona al alumnado una formaci\u00f3n, madurez intelectual, conocimientos y habilidades que le permitir\u00e1n ejercer una ciudadan\u00eda responsable e incorporarse con \u00e9xito a la vida activa de manera responsable y competente.<\/p>\n<p style=\"text-align: justify\">En nuestro Centro, esta etapa se organiza en dos modalidades, siendo \u00e9stas las siguientes:<\/p>\n<ul style=\"text-align: justify\">\n<li>Modalidad de Ciencias y Tecnolog\u00eda.<\/li>\n<li>Modalidad de Humanidades y Ciencias Sociales.<\/li>\n<\/ul>\n<p style=\"text-align: justify\">Al final de esta etapa se consigue el T\u00edtulo de Bachiller que capacitar\u00e1 al alumnado&nbsp; para su acceso a estudios superiores o para su inserci\u00f3n en el mundo laboral.<\/p>\n<p style=\"text-align: justify\">El Bachillerato tiene como finalidad:<\/p>\n<ul style=\"text-align: justify\">\n<li>Proporcionar a los alumnos formaci\u00f3n, madurez intelectual y humana, conocimientos y habilidades que les permitan desarrollar funciones sociales e incorporarse a la vida activa con responsabilidad y competencia.<\/li>\n<li>Capacitar a los alumnos para acceder a la educaci\u00f3n superior.<\/li>\n<\/ul>\n<p style=\"text-align: justify\">Las actividades educativas en el Bachillerato favorecer\u00e1n la capacidad del alumno para aprender por s\u00ed mismo, para trabajar en equipo y para aplicar los m\u00e9todos de investigaci\u00f3n apropiados.<\/p>\n<h3>Im\u00e1genes Relacionadas:<\/h3>","protected":false},"excerpt":{"rendered":"<p>El Bachillerato es una etapa educativa postobligatoria que comprende de los 16 a los 18 a\u00f1os. Esta etapa se caracteriza por presentar una organizaci\u00f3n de las ense\u00f1anzas flexible aunque ajustada a las expectativas del alumnado, con objeto de permitir su especializaci\u00f3n en funci\u00f3n de sus necesidades e intereses para el&#46;&#46;&#46;<\/p>\n","protected":false},"author":13735,"featured_media":0,"parent":0,"menu_order":0,"comment_status":"closed","ping_status":"closed","template":"","meta":{"ngg_post_thumbnail":0,"footnotes":""},"aioseo_notices":[],"_links":{"self":[{"href":"https:\/\/blogsaverroes.juntadeandalucia.es\/iestorrredelosguzmanes\/wp-json\/wp\/v2\/pages\/1036"}],"collection":[{"href":"https:\/\/blogsaverroes.juntadeandalucia.es\/iestorrredelosguzmanes\/wp-json\/wp\/v2\/pages"}],"about":[{"href":"https:\/\/blogsaverroes.juntadeandalucia.es\/iestorrredelosguzmanes\/wp-json\/wp\/v2\/types\/page"}],"author":[{"embeddable":true,"href":"https:\/\/blogsaverroes.juntadeandalucia.es\/iestorrredelosguzmanes\/wp-json\/wp\/v2\/users\/13735"}],"replies":[{"embeddable":true,"href":"https:\/\/blogsaverroes.juntadeandalucia.es\/iestorrredelosguzmanes\/wp-json\/wp\/v2\/comments?post=1036"}],"version-history":[{"count":4,"href":"https:\/\/blogsaverroes.juntadeandalucia.es\/iestorrredelosguzmanes\/wp-json\/wp\/v2\/pages\/1036\/revisions"}],"predecessor-version":[{"id":2090,"href":"https:\/\/blogsaverroes.juntadeandalucia.es\/iestorrredelosguzmanes\/wp-json\/wp\/v2\/pages\/1036\/revisions\/2090"}],"wp:attachment":[{"href":"https:\/\/blogsaverroes.juntadeandalucia.es\/iestorrredelosguzmanes\/wp-json\/wp\/v2\/media?parent=1036"}],"curies":[{"name":"wp","href":"https:\/\/api.w.org\/{rel}","templated":true}]}}