{"id":1040,"date":"2022-04-09T12:58:29","date_gmt":"2022-04-09T11:58:29","guid":{"rendered":"https:\/\/blogsaverroes.juntadeandalucia.es\/iestorrredelosguzmanes\/?page_id=1040"},"modified":"2024-09-09T20:56:45","modified_gmt":"2024-09-09T19:56:45","slug":"formacion-profesional-basica","status":"publish","type":"page","link":"https:\/\/blogsaverroes.juntadeandalucia.es\/iestorrredelosguzmanes\/formacion-profesional-basica\/","title":{"rendered":"Formaci\u00f3n Profesional de Grado B\u00e1sico"},"content":{"rendered":"<div class=\"cte\">\n<h2>CICLO FORMATIVO DE GRADO B\u00c1SICO (CFGB)<\/h2>\n<p>Con un ciclo formativo de&nbsp;<strong>Formaci\u00f3n Profesional B\u00e1sica<\/strong> obtendr\u00e1s una formaci\u00f3n que t<strong>e preparar\u00e1<\/strong> para iniciarte en el aprendizaje de un oficio y realizar actividades profesionales (seg\u00fan el ciclo formativo que curse). Conseguir\u00e1s las competencias profesionales correspondientes a una <strong>cualificaci\u00f3n de nivel uno<\/strong>&nbsp;del Cat\u00e1logo Nacional de Cualificaciones Profesionales.<\/p>\n<p>Obtendr\u00e1s un <strong>T\u00edtulo Profesional B\u00e1sico<\/strong>, que te permitir\u00e1 el acceso a ciclos de grado medio y lograr el t\u00edtulo de Graduado en Educaci\u00f3n Secundaria Obligatoria. En el \u00e1mbito laboral tendr\u00e1 los mismos efectos que el t\u00edtulo de Educaci\u00f3n Secundaria Obligatoria para el acceso a empleos p\u00fablicos y privados.<\/p>\n<p>Estos ciclos son de&nbsp;<strong>2000 horas<\/strong>, son de dos cursos acad\u00e9micos de 1000 horas cada uno. Cada ciclo formativo est\u00e1 organizado en m\u00f3dulos profesionales de duraci\u00f3n variable, constituidos por \u00e1reas de conocimiento te\u00f3rico-pr\u00e1cticas cuyo objeto es la adquisici\u00f3n de las competencias profesionales, personales y sociales y de las competencias del aprendizaje permanente a lo largo de la vida.<\/p>\n<p>En nuestro centro se puede cursar <strong>Ciclo formativo de grado b\u00e1sico de Agrojardiner\u00eda y composiciones florales<\/strong>.<\/p>\n<h2>Ciclo Formativo de Grado B\u00e1sico de Agrojardiner\u00eda y composiciones florales<\/h2>\n<div id=\"p_p_id_ABACO_WEB_WAR_abacoportlet_INSTANCE_dKetCTo0kuPJ_\" class=\"portlet-boundary portlet-boundary_ABACO_WEB_WAR_abacoportlet_ portlet-static portlet-static-end \">\n<section id=\"portlet_ABACO_WEB_WAR_abacoportlet_INSTANCE_dKetCTo0kuPJ\" class=\"portlet\">\n<div class=\"portlet-content\">\n<div class=\" portlet-content-container\">\n<div class=\"portlet-body\">\n<div class=\"contenido_portlet \">\n<div class=\"portlet_web\">\n<div class=\"detalle web\">\n<div class=\"contenido_detalle\">\n<section class=\"cuerpo detalle_html\">\n<div class=\"inner_cuerpo\">\n<p>La competencia general de este t\u00edtulo consiste en elaborar composiciones con flores y plantas y realizar operaciones auxiliares en cultivos, en producci\u00f3n de planta en invernaderos o en centros de jardiner\u00eda, colaborando en la preparaci\u00f3n del terreno y en la implantaci\u00f3n y mantenimiento de jardines, parques y zonas verdes, operando con la calidad indicada, observando las normas de prevenci\u00f3n de riesgos laborales y protecci\u00f3n medioambiental correspondientes y comunic\u00e1ndose de forma oral y escrita en lengua castellana y en su caso en la lengua cooficial propia as\u00ed como en alguna lengua extranjera.<\/p>\n<p>Programa financiado por el Ministerio de Educaci\u00f3n y Formaci\u00f3n Profesional y cofinanciado por el Fondo Social Europeo.<\/p>\n<\/div>\n<\/section>\n<\/div>\n<\/div>\n<\/div>\n<\/div>\n<\/div>\n<\/div>\n<\/div>\n<\/section>\n<\/div>\n<div id=\"p_p_id_ABACO_WEB_WAR_abacoportlet_INSTANCE_iYi2_\" class=\"portlet-boundary portlet-boundary_ABACO_WEB_WAR_abacoportlet_ portlet-static portlet-static-end portlet-borderless \">\n<div class=\"portlet-borderless-container\">\n<div class=\"portlet-body\">\n<div class=\"contenido_portlet \">\n<div class=\"portlet_web\">\n<div class=\"detalle web\">\n<div class=\"contenido_detalle\">\n<section class=\"cuerpo detalle_html\">\n<div class=\"inner_cuerpo\">\n<p>Se distinguen los siguientes m\u00f3dulos profesionales en la Formaci\u00f3n Profesional B\u00e1sica:<\/p>\n<ul>\n<li><strong>M\u00d3DULOS ASOCIADOS A UNIDADES DE COMPETENCIA<\/strong>:\n<ul>\n<li>Aportan la formaci\u00f3n necesaria para obtener una o m\u00e1s Cualificaciones de nivel 1 del Cat\u00e1logo Nacional de las Cualificaciones Profesionales.<\/li>\n<\/ul>\n<\/li>\n<li><strong>M\u00d3DULOS ASOCIADOS A BLOQUES COMUNES<\/strong>:\n<ul>\n<li>Aportan la adquisici\u00f3n de las competencias del aprendizaje permanente, equivalentes a las de la Educaci\u00f3n Secundaria Obligatoria, que garantizar\u00e1n la adquisici\u00f3n de las competencias del aprendizaje permanente:\n<ul>\n<li><strong>M\u00f3dulos de Comunicaci\u00f3n y Sociedad I y II<\/strong>: Lengua castellana, Lengua extranjera y Ciencias Sociales.<\/li>\n<li><strong>M\u00f3dulos de&nbsp;Ciencias Aplicadas I y II<\/strong>: Matem\u00e1ticas aplicadas al contexto personal y de aprendizaje en un campo profesional, Ciencias aplicadas al contexto personal y de aprendizaje en un campo profesional.<\/li>\n<\/ul>\n<\/li>\n<\/ul>\n<\/li>\n<li><strong>M\u00d3DULO DE FORMACI\u00d3N EN CENTROS DE TRABAJO<\/strong>:\n<ul>\n<li>La duraci\u00f3n de este m\u00f3dulo profesional representa, con car\u00e1cter general, un m\u00ednimo del 12% de la duraci\u00f3n total del ciclo formativo.<\/li>\n<\/ul>\n<\/li>\n<\/ul>\n<\/div>\n<h2>Entorno profesional<\/h2>\n<p>1. Este profesional realiza trabajos auxiliares en la elaboraci\u00f3n de composiciones con flores y plantas en empresas dedicadas a la ornamentaci\u00f3n floral y\/o decoraci\u00f3n de espacios y eventos. Tambi\u00e9n desarrolla su actividad profesional en el \u00e1rea de producci\u00f3n y\/o en el \u00e1rea de medioambiente en grandes, medianas y peque\u00f1as empresas, tanto p\u00fablicas, como privadas, dedicadas al cultivo agr\u00edcola, a la producci\u00f3n de plantas y a la instalaci\u00f3n y mantenimiento de jardines y zonas verdes.<br \/>\nEste profesional est\u00e1 capacitado para realizar tratamientos plaguicidas de nivel b\u00e1sico, seg\u00fan la actividad regulada por la normativa correspondiente.<\/p>\n<p>2. Las ocupaciones y puestos de trabajo m\u00e1s relevantes son los siguientes:<\/p>\n<p>&#8211; Pe\u00f3n agr\u00edcola.<br \/>\n&#8211; Pe\u00f3n agropecuario.<br \/>\n&#8211; Pe\u00f3n en horticultura.<br \/>\n&#8211; Pe\u00f3n en fruticultura.<br \/>\n&#8211; Pe\u00f3n en cultivos herb\u00e1ceos.<br \/>\n&#8211; Pe\u00f3n en cultivos de flor cortada.<br \/>\n&#8211; Pe\u00f3n de jardiner\u00eda.<br \/>\n&#8211; Pe\u00f3n de vivero.<br \/>\n&#8211; Pe\u00f3n de centros de jardiner\u00eda.<br \/>\n&#8211; Pe\u00f3n de campos deportivos.<br \/>\n&#8211; Pe\u00f3n de florister\u00eda<br \/>\n&#8211; Auxiliar de florister\u00eda.<br \/>\n&#8211; Auxiliar de almac\u00e9n de flores.<\/p>\n<\/section>\n<\/div>\n<\/div>\n<div class=\"detalle web\">\n<div class=\"contenido_detalle\">\n<section class=\"cuerpo detalle_html\">Para poder cursar este CFGB ser\u00e1 necesario disponer de:<\/p>\n<ul>\n<li>Botas de seguridad.<\/li>\n<li>Pantalones de trabajo.<\/li>\n<li>Guantes de trabajo.<\/li>\n<\/ul>\n<div id=\"column-1\" class=\"col-md-8 portlet-column portlet-column-first\">\n<div id=\"column-insert-content-responsive-main\">\n<div id=\"column-content-responsive\" class=\"portlet-column portlet-column-only\">\n<div id=\"layout-column_column-1\" class=\"portlet-dropzone portlet-column-content portlet-column-content-only\">\n<div id=\"p_p_id_ABACO_PROXY_WAR_abacoportlet_\" class=\"portlet-boundary portlet-boundary_ABACO_PROXY_WAR_abacoportlet_ portlet-static portlet-static-end portlet-borderless \">\n<div class=\"portlet-borderless-container\">\n<div class=\"portlet-body\">\n<div class=\"contenido_portlet\">\n<div class=\"portlet_proxy\">\n<div class=\"wrapper_content\">\n<div id=\"detalle_titulo\" class=\"detalle_titulo\">\n<div id=\"p_p_id_ABACO_WEB_WAR_abacoportlet_\" class=\"portlet-boundary portlet-boundary_ABACO_WEB_WAR_abacoportlet_ portlet-static portlet-static-end \">&nbsp;<\/div>\n<div class=\"portlet-boundary portlet-boundary_ABACO_ENLACESINTERES_WAR_abacoportlet_ portlet-static portlet-static-end \">\n<div class=\"portlet-borderless-container\">\n<div class=\"portlet-body\">\n<div class=\"content_enlaces bordeLineaSolida opened\">&nbsp;<\/div>\n<\/div>\n<\/div>\n<\/div>\n<div id=\"p_p_id_ABACO_WEB_WAR_abacoportlet_\" class=\"portlet-boundary portlet-boundary_ABACO_WEB_WAR_abacoportlet_ portlet-static portlet-static-end \">&nbsp;<\/div>\n<div class=\"portlet-boundary portlet-boundary_ABACO_ENLACESINTERES_WAR_abacoportlet_ portlet-static portlet-static-end \">\n<div class=\"portlet-borderless-container\">\n<div class=\"portlet-body\">&nbsp;<\/div>\n<\/div>\n<\/div>\n<\/div>\n<\/div>\n<\/div>\n<\/div>\n<\/div>\n<\/div>\n<\/div>\n<\/div>\n<\/div>\n<\/div>\n<\/div>\n<\/section>\n<\/div>\n<\/div>\n<\/div>\n<\/div>\n<\/div>\n<\/div>\n<\/div>\n<\/div>\n<h3>Im\u00e1genes Relacionadas:<\/h3>","protected":false},"excerpt":{"rendered":"<p>CICLO FORMATIVO DE GRADO B\u00c1SICO (CFGB) Con un ciclo formativo de&nbsp;Formaci\u00f3n Profesional B\u00e1sica obtendr\u00e1s una formaci\u00f3n que te preparar\u00e1 para iniciarte en el aprendizaje de un oficio y realizar actividades profesionales (seg\u00fan el ciclo formativo que curse). Conseguir\u00e1s las competencias profesionales correspondientes a una cualificaci\u00f3n de nivel uno&nbsp;del Cat\u00e1logo Nacional&#46;&#46;&#46;<\/p>\n","protected":false},"author":13735,"featured_media":0,"parent":0,"menu_order":0,"comment_status":"closed","ping_status":"closed","template":"","meta":{"ngg_post_thumbnail":0,"footnotes":""},"aioseo_notices":[],"_links":{"self":[{"href":"https:\/\/blogsaverroes.juntadeandalucia.es\/iestorrredelosguzmanes\/wp-json\/wp\/v2\/pages\/1040"}],"collection":[{"href":"https:\/\/blogsaverroes.juntadeandalucia.es\/iestorrredelosguzmanes\/wp-json\/wp\/v2\/pages"}],"about":[{"href":"https:\/\/blogsaverroes.juntadeandalucia.es\/iestorrredelosguzmanes\/wp-json\/wp\/v2\/types\/page"}],"author":[{"embeddable":true,"href":"https:\/\/blogsaverroes.juntadeandalucia.es\/iestorrredelosguzmanes\/wp-json\/wp\/v2\/users\/13735"}],"replies":[{"embeddable":true,"href":"https:\/\/blogsaverroes.juntadeandalucia.es\/iestorrredelosguzmanes\/wp-json\/wp\/v2\/comments?post=1040"}],"version-history":[{"count":10,"href":"https:\/\/blogsaverroes.juntadeandalucia.es\/iestorrredelosguzmanes\/wp-json\/wp\/v2\/pages\/1040\/revisions"}],"predecessor-version":[{"id":2122,"href":"https:\/\/blogsaverroes.juntadeandalucia.es\/iestorrredelosguzmanes\/wp-json\/wp\/v2\/pages\/1040\/revisions\/2122"}],"wp:attachment":[{"href":"https:\/\/blogsaverroes.juntadeandalucia.es\/iestorrredelosguzmanes\/wp-json\/wp\/v2\/media?parent=1040"}],"curies":[{"name":"wp","href":"https:\/\/api.w.org\/{rel}","templated":true}]}}