{"id":1044,"date":"2022-04-09T12:59:33","date_gmt":"2022-04-09T11:59:33","guid":{"rendered":"https:\/\/blogsaverroes.juntadeandalucia.es\/iestorrredelosguzmanes\/?page_id=1044"},"modified":"2025-10-30T18:27:45","modified_gmt":"2025-10-30T17:27:45","slug":"plan-de-centro","status":"publish","type":"page","link":"https:\/\/blogsaverroes.juntadeandalucia.es\/iestorrredelosguzmanes\/planes-y-programas\/plan-de-centro\/","title":{"rendered":"Plan de Centro"},"content":{"rendered":"<p><a href=\"https:\/\/blogsaverroes.juntadeandalucia.es\/iestorrredelosguzmanes\/files\/2025\/10\/PROYECTO-EDUCATIVO.pdf\">PROYECTO EDUCATIVO<\/a>.<\/p>\n<p><a href=\"https:\/\/blogsaverroes.juntadeandalucia.es\/iestorrredelosguzmanes\/files\/2025\/10\/ROF-25_26.pdf\">REGLAMENTO DE ORGANIZACI\u00d3N Y FUNCIONAMIENTO.<\/a>.<\/p>\n<p><a href=\"https:\/\/blogsaverroes.juntadeandalucia.es\/iestorrredelosguzmanes\/files\/2023\/10\/PROYECTO-DE-GESTI\u00d3N-23_24.pdf\">PROYECTO DE GESTI\u00d3N<\/a><\/p>\n<p>El plan de centro estar\u00e1 vigente en tanto no se hagan modificaciones para adecuarlo a los cambios normativos o de circunstancias del centro docente. Las modificaciones pertinentes, si fueran necesarias, se har\u00e1n teniendo en cuenta las propuestas del claustro de profesores y profesoras, que aprobar\u00e1 los aspectos educativos del mismo. El documento definitivo ser\u00e1 presentado al Consejo escolar para su informaci\u00f3n y aprobaci\u00f3n.<\/p>\n<p><a href=\"https:\/\/blogsaverroes.juntadeandalucia.es\/iestorrredelosguzmanes\/files\/2023\/05\/Protocolo-de-ola-de-calor.pdf\">Protocolo de ola de calor<\/a><\/p>\n<h3>Im\u00e1genes Relacionadas:<\/h3>","protected":false},"excerpt":{"rendered":"<p>PROYECTO EDUCATIVO. REGLAMENTO DE ORGANIZACI\u00d3N Y FUNCIONAMIENTO.. PROYECTO DE GESTI\u00d3N El plan de centro estar\u00e1 vigente en tanto no se hagan modificaciones para adecuarlo a los cambios normativos o de circunstancias del centro docente. Las modificaciones pertinentes, si fueran necesarias, se har\u00e1n teniendo en cuenta las propuestas del claustro de&#46;&#46;&#46;<\/p>\n","protected":false},"author":13735,"featured_media":0,"parent":1046,"menu_order":0,"comment_status":"closed","ping_status":"closed","template":"","meta":{"ngg_post_thumbnail":0,"footnotes":""},"aioseo_notices":[],"_links":{"self":[{"href":"https:\/\/blogsaverroes.juntadeandalucia.es\/iestorrredelosguzmanes\/wp-json\/wp\/v2\/pages\/1044"}],"collection":[{"href":"https:\/\/blogsaverroes.juntadeandalucia.es\/iestorrredelosguzmanes\/wp-json\/wp\/v2\/pages"}],"about":[{"href":"https:\/\/blogsaverroes.juntadeandalucia.es\/iestorrredelosguzmanes\/wp-json\/wp\/v2\/types\/page"}],"author":[{"embeddable":true,"href":"https:\/\/blogsaverroes.juntadeandalucia.es\/iestorrredelosguzmanes\/wp-json\/wp\/v2\/users\/13735"}],"replies":[{"embeddable":true,"href":"https:\/\/blogsaverroes.juntadeandalucia.es\/iestorrredelosguzmanes\/wp-json\/wp\/v2\/comments?post=1044"}],"version-history":[{"count":16,"href":"https:\/\/blogsaverroes.juntadeandalucia.es\/iestorrredelosguzmanes\/wp-json\/wp\/v2\/pages\/1044\/revisions"}],"predecessor-version":[{"id":2629,"href":"https:\/\/blogsaverroes.juntadeandalucia.es\/iestorrredelosguzmanes\/wp-json\/wp\/v2\/pages\/1044\/revisions\/2629"}],"up":[{"embeddable":true,"href":"https:\/\/blogsaverroes.juntadeandalucia.es\/iestorrredelosguzmanes\/wp-json\/wp\/v2\/pages\/1046"}],"wp:attachment":[{"href":"https:\/\/blogsaverroes.juntadeandalucia.es\/iestorrredelosguzmanes\/wp-json\/wp\/v2\/media?parent=1044"}],"curies":[{"name":"wp","href":"https:\/\/api.w.org\/{rel}","templated":true}]}}