{"id":1050,"date":"2022-04-09T13:00:53","date_gmt":"2022-04-09T12:00:53","guid":{"rendered":"https:\/\/blogsaverroes.juntadeandalucia.es\/iestorrredelosguzmanes\/?page_id=1050"},"modified":"2026-01-14T18:19:30","modified_gmt":"2026-01-14T17:19:30","slug":"lenguas-clasicas","status":"publish","type":"page","link":"https:\/\/blogsaverroes.juntadeandalucia.es\/iestorrredelosguzmanes\/lenguas-clasicas\/","title":{"rendered":"Lenguas cl\u00e1sicas"},"content":{"rendered":"<p>Miembros del Departamento de Lenguas Cl\u00e1sicas:<\/p>\n<ul>\n<li>Jefa del departamento: D\u00f1a. Nuria P\u00e9rez Pereira.<\/li>\n<li>D\u00f1a. Aida Corpas Rold\u00e1n.<\/li>\n<\/ul>\n<p><a href=\"https:\/\/blogsaverroes.juntadeandalucia.es\/iestorrredelosguzmanes\/files\/2026\/01\/Programacion-Lenguas-Clasicas-ESO-BACH-.pdf\">Programacio\u0301n Lenguas Cla\u0301sicas ESO-BACH<\/a><\/p>\n<h3>Im\u00e1genes Relacionadas:<\/h3>","protected":false},"excerpt":{"rendered":"<p>Miembros del Departamento de Lenguas Cl\u00e1sicas: Jefa del departamento: D\u00f1a. Nuria P\u00e9rez Pereira. D\u00f1a. Aida Corpas Rold\u00e1n. Programacio\u0301n Lenguas Cla\u0301sicas ESO-BACH Im\u00e1genes Relacionadas:<\/p>\n","protected":false},"author":13735,"featured_media":0,"parent":0,"menu_order":0,"comment_status":"closed","ping_status":"closed","template":"","meta":{"ngg_post_thumbnail":0,"footnotes":""},"aioseo_notices":[],"_links":{"self":[{"href":"https:\/\/blogsaverroes.juntadeandalucia.es\/iestorrredelosguzmanes\/wp-json\/wp\/v2\/pages\/1050"}],"collection":[{"href":"https:\/\/blogsaverroes.juntadeandalucia.es\/iestorrredelosguzmanes\/wp-json\/wp\/v2\/pages"}],"about":[{"href":"https:\/\/blogsaverroes.juntadeandalucia.es\/iestorrredelosguzmanes\/wp-json\/wp\/v2\/types\/page"}],"author":[{"embeddable":true,"href":"https:\/\/blogsaverroes.juntadeandalucia.es\/iestorrredelosguzmanes\/wp-json\/wp\/v2\/users\/13735"}],"replies":[{"embeddable":true,"href":"https:\/\/blogsaverroes.juntadeandalucia.es\/iestorrredelosguzmanes\/wp-json\/wp\/v2\/comments?post=1050"}],"version-history":[{"count":14,"href":"https:\/\/blogsaverroes.juntadeandalucia.es\/iestorrredelosguzmanes\/wp-json\/wp\/v2\/pages\/1050\/revisions"}],"predecessor-version":[{"id":2856,"href":"https:\/\/blogsaverroes.juntadeandalucia.es\/iestorrredelosguzmanes\/wp-json\/wp\/v2\/pages\/1050\/revisions\/2856"}],"wp:attachment":[{"href":"https:\/\/blogsaverroes.juntadeandalucia.es\/iestorrredelosguzmanes\/wp-json\/wp\/v2\/media?parent=1050"}],"curies":[{"name":"wp","href":"https:\/\/api.w.org\/{rel}","templated":true}]}}