{"id":1052,"date":"2022-04-09T13:01:10","date_gmt":"2022-04-09T12:01:10","guid":{"rendered":"https:\/\/blogsaverroes.juntadeandalucia.es\/iestorrredelosguzmanes\/?page_id=1052"},"modified":"2026-01-14T19:40:58","modified_gmt":"2026-01-14T18:40:58","slug":"dibujo","status":"publish","type":"page","link":"https:\/\/blogsaverroes.juntadeandalucia.es\/iestorrredelosguzmanes\/dibujo\/","title":{"rendered":"Dibujo"},"content":{"rendered":"<p>Miembros del Departamento de Dibujo curso:<\/p>\n<ul>\n<li>Jefe de Departamento: D. Miguel Vargas Garc\u00eda<\/li>\n<li>D. Fernando Trigo del Bosch.<\/li>\n<\/ul>\n<p><a href=\"https:\/\/blogsaverroes.juntadeandalucia.es\/iestorrredelosguzmanes\/files\/2026\/01\/Programacion-dibujo.pdf\">Programaci\u00f3n dibujo<\/a><\/p>\n<h3>Im\u00e1genes Relacionadas:<\/h3>","protected":false},"excerpt":{"rendered":"<p>Miembros del Departamento de Dibujo curso: Jefe de Departamento: D. Miguel Vargas Garc\u00eda D. Fernando Trigo del Bosch. Programaci\u00f3n dibujo Im\u00e1genes Relacionadas:<\/p>\n","protected":false},"author":13735,"featured_media":0,"parent":0,"menu_order":0,"comment_status":"closed","ping_status":"closed","template":"","meta":{"ngg_post_thumbnail":0,"footnotes":""},"aioseo_notices":[],"_links":{"self":[{"href":"https:\/\/blogsaverroes.juntadeandalucia.es\/iestorrredelosguzmanes\/wp-json\/wp\/v2\/pages\/1052"}],"collection":[{"href":"https:\/\/blogsaverroes.juntadeandalucia.es\/iestorrredelosguzmanes\/wp-json\/wp\/v2\/pages"}],"about":[{"href":"https:\/\/blogsaverroes.juntadeandalucia.es\/iestorrredelosguzmanes\/wp-json\/wp\/v2\/types\/page"}],"author":[{"embeddable":true,"href":"https:\/\/blogsaverroes.juntadeandalucia.es\/iestorrredelosguzmanes\/wp-json\/wp\/v2\/users\/13735"}],"replies":[{"embeddable":true,"href":"https:\/\/blogsaverroes.juntadeandalucia.es\/iestorrredelosguzmanes\/wp-json\/wp\/v2\/comments?post=1052"}],"version-history":[{"count":11,"href":"https:\/\/blogsaverroes.juntadeandalucia.es\/iestorrredelosguzmanes\/wp-json\/wp\/v2\/pages\/1052\/revisions"}],"predecessor-version":[{"id":2888,"href":"https:\/\/blogsaverroes.juntadeandalucia.es\/iestorrredelosguzmanes\/wp-json\/wp\/v2\/pages\/1052\/revisions\/2888"}],"wp:attachment":[{"href":"https:\/\/blogsaverroes.juntadeandalucia.es\/iestorrredelosguzmanes\/wp-json\/wp\/v2\/media?parent=1052"}],"curies":[{"name":"wp","href":"https:\/\/api.w.org\/{rel}","templated":true}]}}