{"id":1060,"date":"2022-04-09T13:02:18","date_gmt":"2022-04-09T12:02:18","guid":{"rendered":"https:\/\/blogsaverroes.juntadeandalucia.es\/iestorrredelosguzmanes\/?page_id=1060"},"modified":"2026-01-14T19:22:20","modified_gmt":"2026-01-14T18:22:20","slug":"filosofia","status":"publish","type":"page","link":"https:\/\/blogsaverroes.juntadeandalucia.es\/iestorrredelosguzmanes\/filosofia\/","title":{"rendered":"Filosof\u00eda"},"content":{"rendered":"<p>Miembros del Departamento de Filosof\u00eda:<\/p>\n<ul>\n<li>Jefe de Departamento: D. Rub\u00e9n Blanco Fern\u00e1ndez.<\/li>\n<\/ul>\n<p><a href=\"https:\/\/blogsaverroes.juntadeandalucia.es\/iestorrredelosguzmanes\/files\/2026\/01\/DPTO-FILOSOFIA-PROGRAMACION-2025-26.pdf\">DPTO FILOSOFI\u0301A PROGRAMACIO\u0301N 2025-26<\/a><\/p>\n<h3>Im\u00e1genes Relacionadas:<\/h3>","protected":false},"excerpt":{"rendered":"<p>Miembros del Departamento de Filosof\u00eda: Jefe de Departamento: D. Rub\u00e9n Blanco Fern\u00e1ndez. DPTO FILOSOFI\u0301A PROGRAMACIO\u0301N 2025-26 Im\u00e1genes Relacionadas:<\/p>\n","protected":false},"author":13735,"featured_media":0,"parent":0,"menu_order":0,"comment_status":"closed","ping_status":"closed","template":"","meta":{"ngg_post_thumbnail":0,"footnotes":""},"aioseo_notices":[],"_links":{"self":[{"href":"https:\/\/blogsaverroes.juntadeandalucia.es\/iestorrredelosguzmanes\/wp-json\/wp\/v2\/pages\/1060"}],"collection":[{"href":"https:\/\/blogsaverroes.juntadeandalucia.es\/iestorrredelosguzmanes\/wp-json\/wp\/v2\/pages"}],"about":[{"href":"https:\/\/blogsaverroes.juntadeandalucia.es\/iestorrredelosguzmanes\/wp-json\/wp\/v2\/types\/page"}],"author":[{"embeddable":true,"href":"https:\/\/blogsaverroes.juntadeandalucia.es\/iestorrredelosguzmanes\/wp-json\/wp\/v2\/users\/13735"}],"replies":[{"embeddable":true,"href":"https:\/\/blogsaverroes.juntadeandalucia.es\/iestorrredelosguzmanes\/wp-json\/wp\/v2\/comments?post=1060"}],"version-history":[{"count":10,"href":"https:\/\/blogsaverroes.juntadeandalucia.es\/iestorrredelosguzmanes\/wp-json\/wp\/v2\/pages\/1060\/revisions"}],"predecessor-version":[{"id":2875,"href":"https:\/\/blogsaverroes.juntadeandalucia.es\/iestorrredelosguzmanes\/wp-json\/wp\/v2\/pages\/1060\/revisions\/2875"}],"wp:attachment":[{"href":"https:\/\/blogsaverroes.juntadeandalucia.es\/iestorrredelosguzmanes\/wp-json\/wp\/v2\/media?parent=1060"}],"curies":[{"name":"wp","href":"https:\/\/api.w.org\/{rel}","templated":true}]}}