{"id":1072,"date":"2022-04-09T13:04:10","date_gmt":"2022-04-09T12:04:10","guid":{"rendered":"https:\/\/blogsaverroes.juntadeandalucia.es\/iestorrredelosguzmanes\/?page_id=1072"},"modified":"2026-01-14T19:53:09","modified_gmt":"2026-01-14T18:53:09","slug":"matematicas","status":"publish","type":"page","link":"https:\/\/blogsaverroes.juntadeandalucia.es\/iestorrredelosguzmanes\/matematicas\/","title":{"rendered":"Matem\u00e1ticas"},"content":{"rendered":"<p>Miembros del Departamento de Matem\u00e1ticas:<\/p>\n<ul>\n<li>Jefe de Departamento: D. Jos\u00e9 Juan Ramos Garc\u00eda.<\/li>\n<li>D\u00f1a. Antonia P\u00e9rez Lancharro.<\/li>\n<li>D. Javier Dur\u00e1n Garc\u00eda.<\/li>\n<li>D. Antonio Manuel Tof\u00e9 Morej\u00f3n.<\/li>\n<li>D\u00f1a. M\u00aa Isabel Talero Garc\u00eda.<\/li>\n<li>D. \u00d3scar M\u00e9ndez S\u00e1nchez.<\/li>\n<li>D Manuel Jes\u00fas Aguilar Lebr\u00f3n.<\/li>\n<\/ul>\n<p><a href=\"https:\/\/blogsaverroes.juntadeandalucia.es\/iestorrredelosguzmanes\/files\/2026\/01\/Programacion-Dpto-Matematicas-2526.pdf\">Programacion Dpto Matematicas 2526<\/a><\/p>\n<h3>Im\u00e1genes Relacionadas:<\/h3>","protected":false},"excerpt":{"rendered":"<p>Miembros del Departamento de Matem\u00e1ticas: Jefe de Departamento: D. Jos\u00e9 Juan Ramos Garc\u00eda. D\u00f1a. Antonia P\u00e9rez Lancharro. D. Javier Dur\u00e1n Garc\u00eda. D. Antonio Manuel Tof\u00e9 Morej\u00f3n. D\u00f1a. M\u00aa Isabel Talero Garc\u00eda. D. \u00d3scar M\u00e9ndez S\u00e1nchez. D Manuel Jes\u00fas Aguilar Lebr\u00f3n. Programacion Dpto Matematicas 2526 Im\u00e1genes Relacionadas:<\/p>\n","protected":false},"author":13735,"featured_media":0,"parent":0,"menu_order":0,"comment_status":"closed","ping_status":"closed","template":"","meta":{"ngg_post_thumbnail":0,"footnotes":""},"aioseo_notices":[],"_links":{"self":[{"href":"https:\/\/blogsaverroes.juntadeandalucia.es\/iestorrredelosguzmanes\/wp-json\/wp\/v2\/pages\/1072"}],"collection":[{"href":"https:\/\/blogsaverroes.juntadeandalucia.es\/iestorrredelosguzmanes\/wp-json\/wp\/v2\/pages"}],"about":[{"href":"https:\/\/blogsaverroes.juntadeandalucia.es\/iestorrredelosguzmanes\/wp-json\/wp\/v2\/types\/page"}],"author":[{"embeddable":true,"href":"https:\/\/blogsaverroes.juntadeandalucia.es\/iestorrredelosguzmanes\/wp-json\/wp\/v2\/users\/13735"}],"replies":[{"embeddable":true,"href":"https:\/\/blogsaverroes.juntadeandalucia.es\/iestorrredelosguzmanes\/wp-json\/wp\/v2\/comments?post=1072"}],"version-history":[{"count":10,"href":"https:\/\/blogsaverroes.juntadeandalucia.es\/iestorrredelosguzmanes\/wp-json\/wp\/v2\/pages\/1072\/revisions"}],"predecessor-version":[{"id":2898,"href":"https:\/\/blogsaverroes.juntadeandalucia.es\/iestorrredelosguzmanes\/wp-json\/wp\/v2\/pages\/1072\/revisions\/2898"}],"wp:attachment":[{"href":"https:\/\/blogsaverroes.juntadeandalucia.es\/iestorrredelosguzmanes\/wp-json\/wp\/v2\/media?parent=1072"}],"curies":[{"name":"wp","href":"https:\/\/api.w.org\/{rel}","templated":true}]}}