{"id":1168,"date":"2022-04-09T14:28:00","date_gmt":"2022-04-09T13:28:00","guid":{"rendered":"https:\/\/blogsaverroes.juntadeandalucia.es\/iestorrredelosguzmanes\/?page_id=1168"},"modified":"2026-01-14T19:01:22","modified_gmt":"2026-01-14T18:01:22","slug":"orientacion","status":"publish","type":"page","link":"https:\/\/blogsaverroes.juntadeandalucia.es\/iestorrredelosguzmanes\/orientacion\/","title":{"rendered":"Orientaci\u00f3n"},"content":{"rendered":"<p>Miembros del departamento de Orientaci\u00f3n:&nbsp; &nbsp; &nbsp; &nbsp; &nbsp; &nbsp; &nbsp; &nbsp; &nbsp; &nbsp; <a href=\"https:\/\/www.facebook.com\/departamento.orientacion.torreguzmanes\/\"><img decoding=\"async\" class=\" wp-image-1544 alignright\" src=\"https:\/\/blogsaverroes.juntadeandalucia.es\/iestorrredelosguzmanes\/files\/2022\/10\/facebook-design-template-935d72736eb17f5a6429dbf56a006a20_screen-300x300.jpg\" alt=\"\" width=\"83\" height=\"83\" srcset=\"https:\/\/blogsaverroes.juntadeandalucia.es\/iestorrredelosguzmanes\/files\/2022\/10\/facebook-design-template-935d72736eb17f5a6429dbf56a006a20_screen-300x300.jpg 300w, https:\/\/blogsaverroes.juntadeandalucia.es\/iestorrredelosguzmanes\/files\/2022\/10\/facebook-design-template-935d72736eb17f5a6429dbf56a006a20_screen-150x150.jpg 150w, https:\/\/blogsaverroes.juntadeandalucia.es\/iestorrredelosguzmanes\/files\/2022\/10\/facebook-design-template-935d72736eb17f5a6429dbf56a006a20_screen-80x80.jpg 80w, https:\/\/blogsaverroes.juntadeandalucia.es\/iestorrredelosguzmanes\/files\/2022\/10\/facebook-design-template-935d72736eb17f5a6429dbf56a006a20_screen-320x320.jpg 320w, https:\/\/blogsaverroes.juntadeandalucia.es\/iestorrredelosguzmanes\/files\/2022\/10\/facebook-design-template-935d72736eb17f5a6429dbf56a006a20_screen.jpg 690w\" sizes=\"(max-width: 83px) 100vw, 83px\" \/><\/a><\/p>\n<ul>\n<li>Orientador: D. Luis Raya S\u00e1nchez.<\/li>\n<li>Pedagog\u00eda terape\u00fatica: D\u00f1a. Mar\u00eda Buz\u00f3n Gonz\u00e1lez.<\/li>\n<li>Pedagog\u00eda terape\u00fatica: D\u00f1a. M\u00aa \u00c1ngeles P\u00e9rez Hidalgo.<\/li>\n<li>Pedagog\u00eda terape\u00fatica: D\u00f1a. \u00c1ngela Reyes Mart\u00edn Casta\u00f1o.<\/li>\n<li>Audici\u00f3n y lenguaje: D\u00f1a. Elena C\u00e1mara Delgado.<\/li>\n<li>PTIS: D\u00f1a. M\u00aa del Mar Lira Mart\u00edn.<\/li>\n<\/ul>\n<p><a href=\"https:\/\/blogsaverroes.juntadeandalucia.es\/iestorrredelosguzmanes\/files\/2026\/01\/PROGRAMACION-DIDACTICA-AULA-ESPECIFICA_25_26.docx.pdf\">PROGRAMACIO\u0301N DIDA\u0301CTICA AULA ESPECI\u0301FICA_25_26.docx<\/a><\/p>\n<p><a href=\"https:\/\/blogsaverroes.juntadeandalucia.es\/iestorrredelosguzmanes\/files\/2026\/01\/Plan-actuacion-DO-25_26.pdf\">Plan actuacio\u0301n DO 25_26<\/a><\/p>\n<p>&nbsp;<\/p>\n<h3>Im\u00e1genes Relacionadas:<\/h3>","protected":false},"excerpt":{"rendered":"<p>Miembros del departamento de Orientaci\u00f3n:&nbsp; &nbsp; &nbsp; &nbsp; &nbsp; &nbsp; &nbsp; &nbsp; &nbsp; &nbsp; Orientador: D. Luis Raya S\u00e1nchez. Pedagog\u00eda terape\u00fatica: D\u00f1a. Mar\u00eda Buz\u00f3n Gonz\u00e1lez. Pedagog\u00eda terape\u00fatica: D\u00f1a. M\u00aa \u00c1ngeles P\u00e9rez Hidalgo. Pedagog\u00eda terape\u00fatica: D\u00f1a. \u00c1ngela Reyes Mart\u00edn Casta\u00f1o. Audici\u00f3n y lenguaje: D\u00f1a. Elena C\u00e1mara Delgado. PTIS: D\u00f1a. M\u00aa del&#46;&#46;&#46;<\/p>\n","protected":false},"author":13735,"featured_media":0,"parent":0,"menu_order":0,"comment_status":"closed","ping_status":"closed","template":"","meta":{"ngg_post_thumbnail":0,"footnotes":""},"aioseo_notices":[],"_links":{"self":[{"href":"https:\/\/blogsaverroes.juntadeandalucia.es\/iestorrredelosguzmanes\/wp-json\/wp\/v2\/pages\/1168"}],"collection":[{"href":"https:\/\/blogsaverroes.juntadeandalucia.es\/iestorrredelosguzmanes\/wp-json\/wp\/v2\/pages"}],"about":[{"href":"https:\/\/blogsaverroes.juntadeandalucia.es\/iestorrredelosguzmanes\/wp-json\/wp\/v2\/types\/page"}],"author":[{"embeddable":true,"href":"https:\/\/blogsaverroes.juntadeandalucia.es\/iestorrredelosguzmanes\/wp-json\/wp\/v2\/users\/13735"}],"replies":[{"embeddable":true,"href":"https:\/\/blogsaverroes.juntadeandalucia.es\/iestorrredelosguzmanes\/wp-json\/wp\/v2\/comments?post=1168"}],"version-history":[{"count":14,"href":"https:\/\/blogsaverroes.juntadeandalucia.es\/iestorrredelosguzmanes\/wp-json\/wp\/v2\/pages\/1168\/revisions"}],"predecessor-version":[{"id":2861,"href":"https:\/\/blogsaverroes.juntadeandalucia.es\/iestorrredelosguzmanes\/wp-json\/wp\/v2\/pages\/1168\/revisions\/2861"}],"wp:attachment":[{"href":"https:\/\/blogsaverroes.juntadeandalucia.es\/iestorrredelosguzmanes\/wp-json\/wp\/v2\/media?parent=1168"}],"curies":[{"name":"wp","href":"https:\/\/api.w.org\/{rel}","templated":true}]}}