{"id":1193,"date":"2022-04-09T14:45:28","date_gmt":"2022-04-09T13:45:28","guid":{"rendered":"https:\/\/blogsaverroes.juntadeandalucia.es\/iestorrredelosguzmanes\/?page_id=1193"},"modified":"2023-10-23T16:26:58","modified_gmt":"2023-10-23T15:26:58","slug":"biblioguzmanes","status":"publish","type":"page","link":"https:\/\/blogsaverroes.juntadeandalucia.es\/iestorrredelosguzmanes\/biblioguzmanes\/","title":{"rendered":"Biblioguzmanes"},"content":{"rendered":"<p>\u00bfSab\u00edas que con PASEN puedes consultar los fondos de nuestra biblioteca?<\/p>\n<p>Incluso puedes reservar el libro que te interesa y ver tus pr\u00e9stamos.<\/p>\n<p>Presenta tus trabajos correctamente consultando el&nbsp;<a href=\"https:\/\/blogsaverroes.juntadeandalucia.es\/iestorrredelosguzmanes\/files\/2022\/12\/MANUAL-DE-ESTILO.pdf\">MANUAL DE ESTILO.<\/a><\/p>\n<p>Vis\u00edtanos.<\/p>\n<p>CONTACTO: <span style=\"font-weight: 400\">correo electr\u00f3nico <\/span><a href=\"mailto:bibliotecaguzmanes@gmail.com\"><span style=\"font-weight: 400\">bibliotecaguzmanes@gmail.com<\/span><\/a><span style=\"font-weight: 400\">, <\/span><\/p>\n<p><a href=\"https:\/\/blogsaverroes.juntadeandalucia.es\/iestorrredelosguzmanes\/files\/2023\/10\/Biblioteca.pdf\">Proyecto de Biblioteca. Biblioguzmanes.<\/a><\/p>\n<p>&nbsp;<\/p>\n<p>&nbsp;<\/p>\n<p>&nbsp;<\/p>\n<p>&nbsp;<\/p>\n<p>&nbsp;<\/p>\n<p>&nbsp;<\/p>\n<p>&nbsp;<\/p>\n<h3>Im\u00e1genes Relacionadas:<\/h3>","protected":false},"excerpt":{"rendered":"<p>\u00bfSab\u00edas que con PASEN puedes consultar los fondos de nuestra biblioteca? Incluso puedes reservar el libro que te interesa y ver tus pr\u00e9stamos. Presenta tus trabajos correctamente consultando el&nbsp;MANUAL DE ESTILO. Vis\u00edtanos. CONTACTO: correo electr\u00f3nico bibliotecaguzmanes@gmail.com, Proyecto de Biblioteca. Biblioguzmanes. &nbsp; &nbsp; &nbsp; &nbsp; &nbsp; &nbsp; &nbsp; Im\u00e1genes Relacionadas:<\/p>\n","protected":false},"author":13735,"featured_media":0,"parent":0,"menu_order":0,"comment_status":"closed","ping_status":"closed","template":"","meta":{"ngg_post_thumbnail":0,"footnotes":""},"aioseo_notices":[],"_links":{"self":[{"href":"https:\/\/blogsaverroes.juntadeandalucia.es\/iestorrredelosguzmanes\/wp-json\/wp\/v2\/pages\/1193"}],"collection":[{"href":"https:\/\/blogsaverroes.juntadeandalucia.es\/iestorrredelosguzmanes\/wp-json\/wp\/v2\/pages"}],"about":[{"href":"https:\/\/blogsaverroes.juntadeandalucia.es\/iestorrredelosguzmanes\/wp-json\/wp\/v2\/types\/page"}],"author":[{"embeddable":true,"href":"https:\/\/blogsaverroes.juntadeandalucia.es\/iestorrredelosguzmanes\/wp-json\/wp\/v2\/users\/13735"}],"replies":[{"embeddable":true,"href":"https:\/\/blogsaverroes.juntadeandalucia.es\/iestorrredelosguzmanes\/wp-json\/wp\/v2\/comments?post=1193"}],"version-history":[{"count":8,"href":"https:\/\/blogsaverroes.juntadeandalucia.es\/iestorrredelosguzmanes\/wp-json\/wp\/v2\/pages\/1193\/revisions"}],"predecessor-version":[{"id":1853,"href":"https:\/\/blogsaverroes.juntadeandalucia.es\/iestorrredelosguzmanes\/wp-json\/wp\/v2\/pages\/1193\/revisions\/1853"}],"wp:attachment":[{"href":"https:\/\/blogsaverroes.juntadeandalucia.es\/iestorrredelosguzmanes\/wp-json\/wp\/v2\/media?parent=1193"}],"curies":[{"name":"wp","href":"https:\/\/api.w.org\/{rel}","templated":true}]}}