{"id":1822,"date":"2023-10-01T19:11:11","date_gmt":"2023-10-01T18:11:11","guid":{"rendered":"https:\/\/blogsaverroes.juntadeandalucia.es\/iestorrredelosguzmanes\/?page_id=1822"},"modified":"2025-11-08T21:54:33","modified_gmt":"2025-11-08T20:54:33","slug":"erasmus-2","status":"publish","type":"page","link":"https:\/\/blogsaverroes.juntadeandalucia.es\/iestorrredelosguzmanes\/erasmus-2\/","title":{"rendered":"ERASMUS +"},"content":{"rendered":"<h6 style=\"text-align: justify\">Los proyectos Erasmus+ de nuestro centro est\u00e1n cofinanciados por el programa Erasmus+ de la Uni\u00f3n Europea. El contenido de esta web es responsabilidad exclusiva del IES Torre de los Guzmanes, y ni la Comisi\u00f3n Europea, ni el Servicio Espa\u00f1ol para la Internacionalizaci\u00f3n de la Educaci\u00f3n (SEPIE) son responsables del uso que pueda hacerse de la informaci\u00f3n aqu\u00ed difundida.&nbsp; &nbsp; &nbsp; &nbsp; &nbsp; &nbsp; &nbsp; &nbsp; &nbsp; &nbsp; &nbsp; &nbsp; &nbsp; &nbsp; &nbsp; &nbsp; &nbsp; &nbsp; &nbsp; &nbsp; &nbsp; &nbsp; &nbsp;<a href=\"https:\/\/blogsaverroes.juntadeandalucia.es\/iestorrredelosguzmanes\/files\/2025\/11\/ES-V-Financiado-por-la-Union-Europea_POS.jpg\"><img decoding=\"async\" class=\" wp-image-2684 alignright\" src=\"https:\/\/blogsaverroes.juntadeandalucia.es\/iestorrredelosguzmanes\/files\/2025\/11\/ES-V-Financiado-por-la-Union-Europea_POS-296x300.jpg\" alt=\"\" width=\"186\" height=\"188\" srcset=\"https:\/\/blogsaverroes.juntadeandalucia.es\/iestorrredelosguzmanes\/files\/2025\/11\/ES-V-Financiado-por-la-Union-Europea_POS-296x300.jpg 296w, https:\/\/blogsaverroes.juntadeandalucia.es\/iestorrredelosguzmanes\/files\/2025\/11\/ES-V-Financiado-por-la-Union-Europea_POS-768x778.jpg 768w, https:\/\/blogsaverroes.juntadeandalucia.es\/iestorrredelosguzmanes\/files\/2025\/11\/ES-V-Financiado-por-la-Union-Europea_POS-80x80.jpg 80w, https:\/\/blogsaverroes.juntadeandalucia.es\/iestorrredelosguzmanes\/files\/2025\/11\/ES-V-Financiado-por-la-Union-Europea_POS.jpg 910w\" sizes=\"(max-width: 186px) 100vw, 186px\" \/><\/a><\/h6>\n<h6 style=\"text-align: justify\">Erasmus+ Projects have been funded with support from the European Commission. This publication reflects the views only of the author, and the Commision cannot be held responsible for any use which may be made of the information contained therein.<\/h6>\n<p>&nbsp;<\/p>\n<p><img decoding=\"async\" class=\" wp-image-1830 alignleft\" src=\"https:\/\/blogsaverroes.juntadeandalucia.es\/iestorrredelosguzmanes\/files\/2023\/10\/ERASMUS-1--300x300.png\" alt=\"\" width=\"196\" height=\"196\" srcset=\"https:\/\/blogsaverroes.juntadeandalucia.es\/iestorrredelosguzmanes\/files\/2023\/10\/ERASMUS-1--300x300.png 300w, https:\/\/blogsaverroes.juntadeandalucia.es\/iestorrredelosguzmanes\/files\/2023\/10\/ERASMUS-1--150x150.png 150w, https:\/\/blogsaverroes.juntadeandalucia.es\/iestorrredelosguzmanes\/files\/2023\/10\/ERASMUS-1--80x80.png 80w, https:\/\/blogsaverroes.juntadeandalucia.es\/iestorrredelosguzmanes\/files\/2023\/10\/ERASMUS-1--320x320.png 320w, https:\/\/blogsaverroes.juntadeandalucia.es\/iestorrredelosguzmanes\/files\/2023\/10\/ERASMUS-1-.png 500w\" sizes=\"(max-width: 196px) 100vw, 196px\" \/><\/p>\n<p>Desde el a\u00f1o 2020 contamos con la acreditaci\u00f3n Erasmus + FP, aunque las movilidades a otros pa\u00edses europeos se llevan haciendo desde cursos anteriores.<\/p>\n<p>Nuestro alumnado del ciclo formativo de grado medio TEGUI hace las pr\u00e1cticas del m\u00f3dulo de FCT en empresas europeas.&nbsp;<\/p>\n<p>&nbsp;<\/p>\n<p>&nbsp;<\/p>\n<p>A partir del curso 24\/25 nuestro centro va a participar en el <strong>Consorcio de Internalizaci\u00f3n del CEP de Sevilla<\/strong>. El primer contacto ha tenido lugar el martes 4 de febrero para preparar futuras movilidades del profesorado.&nbsp; En el IES Torre de los Guzmanes trabajamos por la mejora de la educaci\u00f3n y por acercarnos a Europa para que nuestro alumnado sea m\u00e1s competitivo.<\/p>\n<p><img fetchpriority=\"high\" decoding=\"async\" class=\"wp-image-2198 aligncenter\" src=\"https:\/\/blogsaverroes.juntadeandalucia.es\/iestorrredelosguzmanes\/files\/2025\/02\/Logo-300x300.png\" alt=\"\" width=\"227\" height=\"227\" srcset=\"https:\/\/blogsaverroes.juntadeandalucia.es\/iestorrredelosguzmanes\/files\/2025\/02\/Logo-300x300.png 300w, https:\/\/blogsaverroes.juntadeandalucia.es\/iestorrredelosguzmanes\/files\/2025\/02\/Logo-150x150.png 150w, https:\/\/blogsaverroes.juntadeandalucia.es\/iestorrredelosguzmanes\/files\/2025\/02\/Logo-80x80.png 80w, https:\/\/blogsaverroes.juntadeandalucia.es\/iestorrredelosguzmanes\/files\/2025\/02\/Logo-320x320.png 320w, https:\/\/blogsaverroes.juntadeandalucia.es\/iestorrredelosguzmanes\/files\/2025\/02\/Logo.png 500w\" sizes=\"(max-width: 227px) 100vw, 227px\" \/><\/p>\n<p>Tambi\u00e9n estamos en la plataforma eTwinning para trabajar en proyectos colaborativos con alumnado de otros pa\u00edses europeos. Los cambios sociales y los avances tecnol\u00f3gicos nos facilitan generar aprendizajes para el alumnado m\u00e1s actualizados y de forma m\u00e1s actractiva. Es importante abrirnos a Europa y contribuir a que nuestros ni\u00f1os y ni\u00f1as sean m\u00e1s competentes y mejores personas.<\/p>\n<p><a href=\"https:\/\/blogsaverroes.juntadeandalucia.es\/iestorrredelosguzmanes\/files\/2025\/03\/etw.jpg\"><img loading=\"lazy\" decoding=\"async\" class=\"size-medium wp-image-2320 aligncenter\" src=\"https:\/\/blogsaverroes.juntadeandalucia.es\/iestorrredelosguzmanes\/files\/2025\/03\/etw-300x143.jpg\" alt=\"\" width=\"300\" height=\"143\" srcset=\"https:\/\/blogsaverroes.juntadeandalucia.es\/iestorrredelosguzmanes\/files\/2025\/03\/etw-300x143.jpg 300w, https:\/\/blogsaverroes.juntadeandalucia.es\/iestorrredelosguzmanes\/files\/2025\/03\/etw-768x365.jpg 768w, https:\/\/blogsaverroes.juntadeandalucia.es\/iestorrredelosguzmanes\/files\/2025\/03\/etw-720x340.jpg 720w, https:\/\/blogsaverroes.juntadeandalucia.es\/iestorrredelosguzmanes\/files\/2025\/03\/etw.jpg 837w\" sizes=\"(max-width: 300px) 100vw, 300px\" \/><\/a><\/p>\n<p>M\u00e1s informaci\u00f3n en <a href=\"https:\/\/blogsaverroes.juntadeandalucia.es\/iestorrredelosguzmanes\/actividades-erasmus\/\">Actividades Erasmus+<\/a> y en <a href=\"https:\/\/blogsaverroes.juntadeandalucia.es\/iestorrredelosguzmanes\/proyectos-etiwnning\/\">Proyectos eTwinning<\/a>.<\/p>\n<p>&nbsp;<\/p>\n<h3>Im\u00e1genes Relacionadas:<\/h3>","protected":false},"excerpt":{"rendered":"<p>Los proyectos Erasmus+ de nuestro centro est\u00e1n cofinanciados por el programa Erasmus+ de la Uni\u00f3n Europea. El contenido de esta web es responsabilidad exclusiva del IES Torre de los Guzmanes, y ni la Comisi\u00f3n Europea, ni el Servicio Espa\u00f1ol para la Internacionalizaci\u00f3n de la Educaci\u00f3n (SEPIE) son responsables del uso&#46;&#46;&#46;<\/p>\n","protected":false},"author":13735,"featured_media":0,"parent":0,"menu_order":0,"comment_status":"closed","ping_status":"closed","template":"","meta":{"ngg_post_thumbnail":0,"footnotes":""},"aioseo_notices":[],"_links":{"self":[{"href":"https:\/\/blogsaverroes.juntadeandalucia.es\/iestorrredelosguzmanes\/wp-json\/wp\/v2\/pages\/1822"}],"collection":[{"href":"https:\/\/blogsaverroes.juntadeandalucia.es\/iestorrredelosguzmanes\/wp-json\/wp\/v2\/pages"}],"about":[{"href":"https:\/\/blogsaverroes.juntadeandalucia.es\/iestorrredelosguzmanes\/wp-json\/wp\/v2\/types\/page"}],"author":[{"embeddable":true,"href":"https:\/\/blogsaverroes.juntadeandalucia.es\/iestorrredelosguzmanes\/wp-json\/wp\/v2\/users\/13735"}],"replies":[{"embeddable":true,"href":"https:\/\/blogsaverroes.juntadeandalucia.es\/iestorrredelosguzmanes\/wp-json\/wp\/v2\/comments?post=1822"}],"version-history":[{"count":14,"href":"https:\/\/blogsaverroes.juntadeandalucia.es\/iestorrredelosguzmanes\/wp-json\/wp\/v2\/pages\/1822\/revisions"}],"predecessor-version":[{"id":2685,"href":"https:\/\/blogsaverroes.juntadeandalucia.es\/iestorrredelosguzmanes\/wp-json\/wp\/v2\/pages\/1822\/revisions\/2685"}],"wp:attachment":[{"href":"https:\/\/blogsaverroes.juntadeandalucia.es\/iestorrredelosguzmanes\/wp-json\/wp\/v2\/media?parent=1822"}],"curies":[{"name":"wp","href":"https:\/\/api.w.org\/{rel}","templated":true}]}}