{"id":1864,"date":"2023-12-06T11:00:06","date_gmt":"2023-12-06T10:00:06","guid":{"rendered":"https:\/\/blogsaverroes.juntadeandalucia.es\/iestorrredelosguzmanes\/?page_id=1864"},"modified":"2025-11-02T01:35:57","modified_gmt":"2025-11-02T00:35:57","slug":"formacion-profesional-superior","status":"publish","type":"page","link":"https:\/\/blogsaverroes.juntadeandalucia.es\/iestorrredelosguzmanes\/formacion-profesional-superior\/","title":{"rendered":"Formaci\u00f3n Profesional de Grado Superior"},"content":{"rendered":"<h2>Ciclos Formativos de Grado Superior<\/h2>\n<p>En la actualidad, en el centro se imparte un \u00fanico CFGS el de Desarrollo de Aplicaciones Multiplataforma.<\/p>\n<h3>CFGS Desarrollo de Aplicaciones Multiplataforma (DAM)<\/h3>\n<p>La competencia general de este t\u00edtulo consiste en desarrollar, implantar, documentar y mantener aplicaciones inform\u00e1ticas multiplataforma, utilizando tecnolog\u00edas y entornos de desarrollo espec\u00edficos, garantizando el acceso a los datos de forma segura y cumpliendo los criterios de \u00abusabilidad\u00bb y calidad exigidas en los est\u00e1ndares establecidos.<\/p>\n<p>En la actualidad, se oferta este m\u00f3dulo en formato 100% Dual.<\/p>\n<h2>Salidas profesionales<\/h2>\n<p>Las ocupaciones y puestos de trabajo pueden ser las siguientes:<\/p>\n<ul>\n<li>Analista de sistemas inform\u00e1ticos<\/li>\n<li>Comprobador de software inform\u00e1tico<\/li>\n<li>Consultor de tecnolog\u00edas inform\u00e1ticas<\/li>\n<li>Gerente del departamento de inform\u00e1tica<\/li>\n<li>Jefe de proyectos inform\u00e1ticos<\/li>\n<li>Desarrollador de software<\/li>\n<\/ul>\n<p>&nbsp;<\/p>\n<h3>Im\u00e1genes Relacionadas:<\/h3>","protected":false},"excerpt":{"rendered":"<p>Ciclos Formativos de Grado Superior En la actualidad, en el centro se imparte un \u00fanico CFGS el de Desarrollo de Aplicaciones Multiplataforma. CFGS Desarrollo de Aplicaciones Multiplataforma (DAM) La competencia general de este t\u00edtulo consiste en desarrollar, implantar, documentar y mantener aplicaciones inform\u00e1ticas multiplataforma, utilizando tecnolog\u00edas y entornos de desarrollo&#46;&#46;&#46;<\/p>\n","protected":false},"author":13735,"featured_media":0,"parent":0,"menu_order":0,"comment_status":"closed","ping_status":"closed","template":"","meta":{"ngg_post_thumbnail":0,"footnotes":""},"aioseo_notices":[],"_links":{"self":[{"href":"https:\/\/blogsaverroes.juntadeandalucia.es\/iestorrredelosguzmanes\/wp-json\/wp\/v2\/pages\/1864"}],"collection":[{"href":"https:\/\/blogsaverroes.juntadeandalucia.es\/iestorrredelosguzmanes\/wp-json\/wp\/v2\/pages"}],"about":[{"href":"https:\/\/blogsaverroes.juntadeandalucia.es\/iestorrredelosguzmanes\/wp-json\/wp\/v2\/types\/page"}],"author":[{"embeddable":true,"href":"https:\/\/blogsaverroes.juntadeandalucia.es\/iestorrredelosguzmanes\/wp-json\/wp\/v2\/users\/13735"}],"replies":[{"embeddable":true,"href":"https:\/\/blogsaverroes.juntadeandalucia.es\/iestorrredelosguzmanes\/wp-json\/wp\/v2\/comments?post=1864"}],"version-history":[{"count":29,"href":"https:\/\/blogsaverroes.juntadeandalucia.es\/iestorrredelosguzmanes\/wp-json\/wp\/v2\/pages\/1864\/revisions"}],"predecessor-version":[{"id":2632,"href":"https:\/\/blogsaverroes.juntadeandalucia.es\/iestorrredelosguzmanes\/wp-json\/wp\/v2\/pages\/1864\/revisions\/2632"}],"wp:attachment":[{"href":"https:\/\/blogsaverroes.juntadeandalucia.es\/iestorrredelosguzmanes\/wp-json\/wp\/v2\/media?parent=1864"}],"curies":[{"name":"wp","href":"https:\/\/api.w.org\/{rel}","templated":true}]}}