{"id":2633,"date":"2025-11-02T11:41:17","date_gmt":"2025-11-02T10:41:17","guid":{"rendered":"https:\/\/blogsaverroes.juntadeandalucia.es\/iestorrredelosguzmanes\/?page_id=2633"},"modified":"2025-12-20T22:41:07","modified_gmt":"2025-12-20T21:41:07","slug":"small-actions-big-changes-2025-26","status":"publish","type":"page","link":"https:\/\/blogsaverroes.juntadeandalucia.es\/iestorrredelosguzmanes\/small-actions-big-changes-2025-26\/","title":{"rendered":"Small Actions, Big Changes 2025\/26"},"content":{"rendered":"<p><b><a href=\"https:\/\/blogsaverroes.juntadeandalucia.es\/iestorrredelosguzmanes\/files\/2025\/12\/lOGO-SM.jpeg\"><img fetchpriority=\"high\" decoding=\"async\" class=\"alignleft wp-image-2841 size-medium\" src=\"https:\/\/blogsaverroes.juntadeandalucia.es\/iestorrredelosguzmanes\/files\/2025\/12\/lOGO-SM-300x300.jpeg\" alt=\"\" width=\"300\" height=\"300\" srcset=\"https:\/\/blogsaverroes.juntadeandalucia.es\/iestorrredelosguzmanes\/files\/2025\/12\/lOGO-SM-300x300.jpeg 300w, https:\/\/blogsaverroes.juntadeandalucia.es\/iestorrredelosguzmanes\/files\/2025\/12\/lOGO-SM-150x150.jpeg 150w, https:\/\/blogsaverroes.juntadeandalucia.es\/iestorrredelosguzmanes\/files\/2025\/12\/lOGO-SM-80x80.jpeg 80w, https:\/\/blogsaverroes.juntadeandalucia.es\/iestorrredelosguzmanes\/files\/2025\/12\/lOGO-SM-320x320.jpeg 320w, https:\/\/blogsaverroes.juntadeandalucia.es\/iestorrredelosguzmanes\/files\/2025\/12\/lOGO-SM.jpeg 560w\" sizes=\"(max-width: 300px) 100vw, 300px\" \/><\/a><\/b><\/p>\n<h2>SMALL ACTIONS, BIG CHANGES.<\/h2>\n<p><span style=\"font-weight: 400\">&#8220;Small Actions, Big Changes&#8221; is an interdisciplinary eTwinning project that connects students from different countries (Spain, Turkey, Portugal, Italy, Poland, Romania and Greece) to explore which everyday routines harm the planet and how we can become more aware and help raise awareness among others.<\/span><\/p>\n<p style=\"text-align: justify\"><span style=\"font-weight: 400\">By working in international teams, students will learn about the measures, initiatives and habits practiced in each country, how to inspire those around them and how small actions can lead to big changes.<\/span><\/p>\n<p style=\"text-align: justify\"><span style=\"font-weight: 400\">Additionally, secondary school students will be responsible for mentoring and guiding primary school students, helping the younger ones become aware of the importance of caring for the planet and continue learning as they grow.<\/span><\/p>\n<p style=\"text-align: justify\"><span style=\"font-weight: 400\">They will also build relationships with peers who speak different languages, improving their language and communication skills and overcoming the fear of expressing themselves in another language.<\/span><\/p>\n<p style=\"text-align: justify\"><span style=\"font-weight: 400\">Finally, students will enhance their digital competence by completing various tasks using different tools and applications, as well as through active participation on the eTwinning platform.<\/span><\/p>\n<p style=\"text-align: justify\">&#8220;Small Actions, Big Changes&#8221; es un proyecto de eTwinning interdisciplinar que conecta estudiantes de diferentes pa\u00edses (Espa\u00f1a, Turqu\u00eda, Portugal, Italia, Polonia y Grecia) para explorar qu\u00e9 rutinas diarias amenazan el planeta y c\u00f3mo podemos ser m\u00e1s conscientes y contribuir a despertar la conciencia en los dem\u00e1s.<\/p>\n<p style=\"text-align: justify\">Trabajando en equipos internacionales, los estudiantes van a aprender sobre medidas, iniciativas y h\u00e1bitos practicados en cada pa\u00eds, c\u00f3mo inspirar al entornoy c\u00f3mo peque\u00f1as acciones pueden llevar a grandes cambios.<\/p>\n<p style=\"text-align: justify\">Adem\u00e1s, los estudiantes de secundaria ser\u00e1n responsables como mentores y gu\u00edas del alumnado de la escuela primaria. ayudando a los m\u00e1s j\u00f3venes a ser conscientes de la importancia de cuidar el planeta y continuar aprendiendo mientras crecen.<\/p>\n<p style=\"text-align: justify\">Tambi\u00e9n construir\u00e1n relaciones con iguales que hablan diferentes idiomas, mejorando sus compentecias ling\u00fc\u00edstica y comunicativa y superando el miedo a comunicarse en otra lengua.<\/p>\n<p style=\"text-align: justify\">Finalmente, los estudiantes desarrollar\u00e1n su compentencia digital complentando diversas tareas mediante variadas herramientas y aplicaciones y con la participaci\u00f3n activa en la plataforma eTwinning.<\/p>\n<p style=\"text-align: justify\"><b>PROJECT PURPOSE<\/b><\/p>\n<p style=\"text-align: justify\"><span style=\"font-weight: 400\">The purpose of the project is to raise students\u2019 awareness of the environmental issues that affect both the planet and the entire educational community. This is especially relevant in a context where disconnection, lack of concern about climate change and unawareness of one\u2019s own contribution to environmental degradation are increasingly common.<\/span><\/p>\n<p style=\"text-align: justify\"><span style=\"font-weight: 400\">The project aims to foster students\u2019 social, cultural and cognitive development, helping them become more conscious, responsible and actively engaged in caring for their surroundings and the planet.<\/span><\/p>\n<p style=\"text-align: justify\">OBJETIVO DEL PROYECTO<\/p>\n<p>El prop\u00f3sito de este proyecto es despertar en el alumnado la conciencia por las cuestiones medioambientales que afectan tanto al planeta como a todo la comunidad educativa. Esto es especialmente relevante en un contexto donde la desconexi\u00f3n, la falta de preocupaci\u00f3n por el cambio clim\u00e1tico y el desconocimiento de la propia contribuci\u00f3n a la degradaci\u00f3n del medioambiente se est\u00e1n generalizando.<\/p>\n<p>Este proyecto pretende alentar el desarrollo social, cultural y cognitivo de los estudiantes, ayud\u00e1ndolos a hacerse m\u00e1s conscientes, resposables y comprometidos activamente en el cuidado de su entorno y el planeta.<\/p>\n<p><b>GOALS<\/b><\/p>\n<ol>\n<li style=\"text-align: justify\"><span style=\"font-weight: 400;color: #333333\">To raise students\u2019 awareness of the impact of their daily routines on the environment and to promote responsible habits that contribute to sustainability. <\/span><\/li>\n<li style=\"text-align: justify\"><span style=\"color: #333333\">To promote peer mentoring, where secondary school students guide and support primary school students in becoming aware of environmental issues and developing sustainable habits.<\/span><\/li>\n<li><span style=\"color: #333333\">To exchange good practices and eco-friendly initiatives carried out in each partner country.<\/span><\/li>\n<li><span style=\"color: #333333\">To build a sense of European citizenship by working together towards a common goal: protecting the planet.<\/span><\/li>\n<li><span style=\"color: #333333\">To improve linguistic and social skills through teamwork, allowing students to build an intercultural network.<\/span><\/li>\n<li><span style=\"color: #333333\">Develop digital competence through the use of digital tools and platforms to create multimedia projects.<\/span><\/li>\n<\/ol>\n<p><span style=\"color: #333333\">OBJETIVOS<\/span><\/p>\n<ol>\n<li><span style=\"color: #333333\">Despertar la conciencia de los estudiantes sobre el impacto de sus rutinas diarias sobre el medioambiente y promover h\u00e1bitos responsables que contribuyan a la sostenibilidad.<\/span><\/li>\n<li><span style=\"color: #333333\">Promover la mentorizaci\u00f3n entre iguales de forma que alumnado de la escuela secundaria gu\u00ede y apoye a estudiantes de la escuela primaria para que tomen conciencia de las cuestiones medioambientales y desarrollen h\u00e1bitos sostenibles.<\/span><\/li>\n<li><span style=\"color: #333333\">Intercambiar buenas pr\u00e1cticas e iniciativas ecol\u00f3gicas que se implementan en los pa\u00edses participantes.<\/span><\/li>\n<li><span style=\"color: #333333\">Construir un sentimiento de ciudadan\u00eda europea trabajando juntos con un objetivo com\u00fan: proteger el planeta.<\/span><\/li>\n<li><span style=\"color: #333333\">Mejorar las competencias ling\u00fc\u00edstica y social a trav\u00e9s del trabajo en equipo, permitiendo a los estudiantes a construir una red de trabajo intercultural.<\/span><\/li>\n<li><span style=\"color: #333333\">Desarrollar la competencia digital a trav\u00e9s del uso de herramientas digitales y plataformas para crear proyectos multimedia.<\/span><\/li>\n<\/ol>\n<p><span style=\"color: #333333\">Los participantes en el proyecto ya han elegido el avatar que va a identificarlos en la plataforma. Aqu\u00ed ten\u00e9is algunos. Han demostrado creatividad.<\/span><\/p>\n<p><span style=\"color: #333333\"><div class=\"h5p-content\" data-content-id=\"14\"><\/div><\/span><\/p>\n<p><span style=\"color: #333333\">Comienzos del trabajo que est\u00e1n realizando nuestros chicas y chicos con materiales reciclados. Pronto veremos el resultado.<\/span><\/p>\n<p><span style=\"color: #333333\"><div class=\"h5p-content\" data-content-id=\"4\"><\/div><\/span><\/p>\n<p>Este es nuestro \u00e1rbol de los deseos hecho con materiales reciclados. Cada centro educativo participante en el programa ha construido el suyo. Por votaci\u00f3n de todos los chicos y chicas involucrados en el proyecto ha resultado ganador el \u00c1rbol de los Deseos del CEIP Pur\u00edsima Concepci\u00f3n de La Algaba.&nbsp; &nbsp; &nbsp; &nbsp; &nbsp; &nbsp; &nbsp; &nbsp; &nbsp; &nbsp; &nbsp; &nbsp; &nbsp; &nbsp; &nbsp; &nbsp; &nbsp; &nbsp; &nbsp; &nbsp;<\/p>\n<div id=\"attachment_2844\" style=\"width: 279px\" class=\"wp-caption alignleft\"><a href=\"https:\/\/blogsaverroes.juntadeandalucia.es\/iestorrredelosguzmanes\/files\/2025\/12\/ARBOL.jpeg\"><img decoding=\"async\" aria-describedby=\"caption-attachment-2844\" class=\"wp-image-2844 \" src=\"https:\/\/blogsaverroes.juntadeandalucia.es\/iestorrredelosguzmanes\/files\/2025\/12\/ARBOL-e1766266138880-300x267.jpeg\" alt=\"\" width=\"269\" height=\"239\" srcset=\"https:\/\/blogsaverroes.juntadeandalucia.es\/iestorrredelosguzmanes\/files\/2025\/12\/ARBOL-e1766266138880-300x267.jpeg 300w, https:\/\/blogsaverroes.juntadeandalucia.es\/iestorrredelosguzmanes\/files\/2025\/12\/ARBOL-e1766266138880-768x684.jpeg 768w, https:\/\/blogsaverroes.juntadeandalucia.es\/iestorrredelosguzmanes\/files\/2025\/12\/ARBOL-e1766266138880.jpeg 1018w\" sizes=\"(max-width: 269px) 100vw, 269px\" \/><\/a><p id=\"caption-attachment-2844\" class=\"wp-caption-text\">\u00c1rbol de los Deseos. IES Torre de los Guzmanes.<\/p><\/div>\n<div id=\"attachment_2845\" style=\"width: 235px\" class=\"wp-caption alignleft\"><a href=\"https:\/\/blogsaverroes.juntadeandalucia.es\/iestorrredelosguzmanes\/files\/2025\/12\/puri.jpeg\"><img decoding=\"async\" aria-describedby=\"caption-attachment-2845\" class=\"wp-image-2845 size-medium\" src=\"https:\/\/blogsaverroes.juntadeandalucia.es\/iestorrredelosguzmanes\/files\/2025\/12\/puri-e1766266584133-225x300.jpeg\" alt=\"\" width=\"225\" height=\"300\" srcset=\"https:\/\/blogsaverroes.juntadeandalucia.es\/iestorrredelosguzmanes\/files\/2025\/12\/puri-e1766266584133-225x300.jpeg 225w, https:\/\/blogsaverroes.juntadeandalucia.es\/iestorrredelosguzmanes\/files\/2025\/12\/puri-e1766266584133.jpeg 610w\" sizes=\"(max-width: 225px) 100vw, 225px\" \/><\/a><p id=\"caption-attachment-2845\" class=\"wp-caption-text\">\u00c1rbol de los Deseos. CEIP Pur\u00edsima Concepci\u00f3n.<\/p><\/div>\n<p>&nbsp; &nbsp; &nbsp; &nbsp; &nbsp;&nbsp;<\/p>\n<p>&nbsp;<\/p>\n<h3>Im\u00e1genes Relacionadas:<\/h3>","protected":false},"excerpt":{"rendered":"<p>SMALL ACTIONS, BIG CHANGES. &#8220;Small Actions, Big Changes&#8221; is an interdisciplinary eTwinning project that connects students from different countries (Spain, Turkey, Portugal, Italy, Poland, Romania and Greece) to explore which everyday routines harm the planet and how we can become more aware and help raise awareness among others. By working&#46;&#46;&#46;<\/p>\n","protected":false},"author":13735,"featured_media":0,"parent":0,"menu_order":0,"comment_status":"closed","ping_status":"closed","template":"","meta":{"ngg_post_thumbnail":0,"footnotes":""},"aioseo_notices":[],"_links":{"self":[{"href":"https:\/\/blogsaverroes.juntadeandalucia.es\/iestorrredelosguzmanes\/wp-json\/wp\/v2\/pages\/2633"}],"collection":[{"href":"https:\/\/blogsaverroes.juntadeandalucia.es\/iestorrredelosguzmanes\/wp-json\/wp\/v2\/pages"}],"about":[{"href":"https:\/\/blogsaverroes.juntadeandalucia.es\/iestorrredelosguzmanes\/wp-json\/wp\/v2\/types\/page"}],"author":[{"embeddable":true,"href":"https:\/\/blogsaverroes.juntadeandalucia.es\/iestorrredelosguzmanes\/wp-json\/wp\/v2\/users\/13735"}],"replies":[{"embeddable":true,"href":"https:\/\/blogsaverroes.juntadeandalucia.es\/iestorrredelosguzmanes\/wp-json\/wp\/v2\/comments?post=2633"}],"version-history":[{"count":15,"href":"https:\/\/blogsaverroes.juntadeandalucia.es\/iestorrredelosguzmanes\/wp-json\/wp\/v2\/pages\/2633\/revisions"}],"predecessor-version":[{"id":2847,"href":"https:\/\/blogsaverroes.juntadeandalucia.es\/iestorrredelosguzmanes\/wp-json\/wp\/v2\/pages\/2633\/revisions\/2847"}],"wp:attachment":[{"href":"https:\/\/blogsaverroes.juntadeandalucia.es\/iestorrredelosguzmanes\/wp-json\/wp\/v2\/media?parent=2633"}],"curies":[{"name":"wp","href":"https:\/\/api.w.org\/{rel}","templated":true}]}}