{"id":1756,"date":"2018-06-24T09:23:01","date_gmt":"2018-06-24T09:23:01","guid":{"rendered":"http:\/\/instituto.iestrassierra.net\/?page_id=1756"},"modified":"2018-06-24T09:23:01","modified_gmt":"2018-06-24T09:23:01","slug":"el-centro","status":"publish","type":"page","link":"https:\/\/blogsaverroes.juntadeandalucia.es\/iestrassierra\/el-centro\/","title":{"rendered":"El Centro: \u00bfPor qu\u00e9 Trassierra?"},"content":{"rendered":"\n<figure class=\"wp-block-image\"><img loading=\"lazy\" decoding=\"async\" width=\"1024\" height=\"256\" src=\"http:\/\/www.iestrassierra.com\/wp-content\/uploads\/2019\/07\/banner05-1024x256.jpg\" alt=\"\" class=\"wp-image-2986\" srcset=\"https:\/\/blogsaverroes.juntadeandalucia.es\/iestrassierra\/files\/2019\/07\/banner05-1024x256.jpg 1024w, https:\/\/blogsaverroes.juntadeandalucia.es\/iestrassierra\/files\/2019\/07\/banner05-300x75.jpg 300w, https:\/\/blogsaverroes.juntadeandalucia.es\/iestrassierra\/files\/2019\/07\/banner05-768x192.jpg 768w, https:\/\/blogsaverroes.juntadeandalucia.es\/iestrassierra\/files\/2019\/07\/banner05-1536x384.jpg 1536w, https:\/\/blogsaverroes.juntadeandalucia.es\/iestrassierra\/files\/2019\/07\/banner05-2048x512.jpg 2048w, https:\/\/blogsaverroes.juntadeandalucia.es\/iestrassierra\/files\/2019\/07\/banner05-1080x270.jpg 1080w, https:\/\/blogsaverroes.juntadeandalucia.es\/iestrassierra\/files\/2019\/07\/banner05-1280x320.jpg 1280w, https:\/\/blogsaverroes.juntadeandalucia.es\/iestrassierra\/files\/2019\/07\/banner05-980x245.jpg 980w, https:\/\/blogsaverroes.juntadeandalucia.es\/iestrassierra\/files\/2019\/07\/banner05-480x120.jpg 480w\" sizes=\"(max-width: 1024px) 100vw, 1024px\" \/><\/figure>\n\n\n\n<p>En el IES Trassierra tenemos la mejor oferta educativa y profesorado para alcanzar tus metas de una forma cercana y siempre centrada en el alumnado. Con\u00f3cenos.<\/p>\n\n\n\n<h2 class=\"wp-block-heading\">\u00bfQui\u00e9nes somos?<\/h2>\n\n\n\n<p><strong><span class=\"cuerpo\">El I.E.S.<\/span><\/strong><span class=\"cuerpo\"> (Instituto de Ense\u00f1anza Secundaria)<\/span><strong><span class=\"cuerpo\"> \u201cTrassierra\u201d <\/span><\/strong><span class=\"cuerpo\">es un<\/span><strong><span class=\"cuerpo\"> centro p\u00fablico <\/span><\/strong><span class=\"cuerpo\">dependiente<\/span><span class=\"cuerpo\"> de la <\/span><strong><span class=\"negrita\">Junta de Andaluc\u00eda.<\/span><\/strong><span class=\"cuerpo\"> Fue <strong>inaugurado en septiembre de 1983<\/strong> como centro de Formaci\u00f3n Profesional. Centro <strong>pionero<\/strong> en la capital de la <strong>Reforma de las Ense\u00f1anzas Medias y en la aplicaci\u00f3n de la L.O.G.S.E<\/strong>.. Este a\u00f1o cumple <strong>33 a\u00f1os al servicio de la educaci\u00f3n<\/strong>.<\/span><\/p>\n\n\n\n<p><span class=\"cuerpo\">Es un<\/span> <strong><span class=\"negrita\">centro abierto<\/span><\/strong><span class=\"cuerpo\"> donde <\/span><span class=\"negrita\"><strong>la formaci\u00f3n<\/strong> de los alumnos <strong>como personas<\/strong><\/span><span class=\"cuerpo\"><strong> trata de ser uno de sus pilares b\u00e1sicos<\/strong>, sin olvidar lo acad\u00e9mico. El fomento de la <\/span><span class=\"negrita\">sana convivencia<\/span><span class=\"cuerpo\"> en el interior y el contacto con el exterior forma parte del trabajo de cada d\u00eda.<\/span><\/p>\n\n\n\n<h2 class=\"wp-block-heading\">\u00bfQu\u00e9 puedes estudiar?<\/h2>\n\n\n\n<div class=\"wp-block-image\"><figure class=\"alignleft\"><img loading=\"lazy\" decoding=\"async\" width=\"350\" height=\"350\" src=\"https:\/\/blogsaverroes.juntadeandalucia.es\/iestrassierra\/files\/2019\/07\/oferta-formativa.png\" alt=\"Oferta formativa\" class=\"wp-image-2994\" srcset=\"https:\/\/blogsaverroes.juntadeandalucia.es\/iestrassierra\/files\/2019\/07\/oferta-formativa.png 350w, https:\/\/blogsaverroes.juntadeandalucia.es\/iestrassierra\/files\/2019\/07\/oferta-formativa-300x300.png 300w, https:\/\/blogsaverroes.juntadeandalucia.es\/iestrassierra\/files\/2019\/07\/oferta-formativa-150x150.png 150w\" sizes=\"(max-width: 350px) 100vw, 350px\" \/><\/figure><\/div>\n\n\n\n<p style=\"text-align:justify\">Tenemos la mejor oferta educativa en formaci\u00f3n presencial y semipresencial para adultos. Elige tu futuro:<\/p>\n\n\n\n<ul><li><strong>ESO y ESPA<\/strong>.<\/li><li><strong>BACHILLERATOS<\/strong>: Artes, Ciencias y Tecnolog\u00eda, Humanidades y Ciencias Sociales.<\/li><li><strong>FORMACI\u00d3N PROFESIONAL<\/strong>: FPB Servicios Administrativos, CGM en, Gesti\u00f3n Administrativa, CGS en Administraci\u00f3n y Finanzas, CGS en, Desarrollo de Aplicaciones Web, CGS en Desarrollo de Aplicaciones Multiplataforma.<\/li><\/ul>\n\n\n\n<h2 class=\"wp-block-heading\">\u00bfQu\u00e9 tenemos?<\/h2>\n\n\n\n<p>Tenemos las mejores instalaciones siempre disponibles para llevar a cabo las actividades: laboratorios, aulas TICS, talleres, etc. \u00bfQuieres saber m\u00e1s de nuestras instalaciones? <a href=\"http:\/\/www.iestrassierra.com\/instalaciones\/\">Echa un ojo<\/a>.<\/p>\n\n\n\n<h2 class=\"wp-block-heading\">\u00bfD\u00f3nde estamos?<\/h2>\n\n\n\n<p>No dudes en pasar a conocernos. Te esperamos:<\/p>\n\n\n\n<blockquote class=\"wp-block-quote\"><p style=\"text-align: left\"><strong><span class=\"titular\">Direcci\u00f3n: <\/span><\/strong><span class=\"titular\">Avenida Arroyo del Moro s\/n \u2013 14011 \u2013 C\u00f3rdoba.<\/span><strong><span class=\"titular\"><br>\nTel\u00e9fono:<\/span><\/strong><span class=\"titular\"> 957 73 49 00<\/span><strong><span class=\"titular\">; FAX:<\/span><\/strong><span class=\"titular\"> 957 73 49 01<\/span><strong><span class=\"titular\"><br>\nCorreo electr\u00f3nico: <\/span><\/strong><a href=\"informacion@iestrassierra.com\"><span class=\"titular\">informacion@iestrassierra.com<\/span><\/a><strong><br>\n<\/strong><\/p><p style=\"text-align: left\"><strong><span class=\"titular\">Dominio: <\/span><\/strong><a href=\"http:\/\/instituto.iestrassierra.net\/alumnado\/curso1718\/DAW\/atinoco\/?p=576\" target=\"_blank\" rel=\"noopener noreferrer\"><span class=\"titular\">www.iestrassierra.com<\/span><\/a><\/p><\/blockquote>\n\n\n\n<figure><iframe loading=\"lazy\" src=\"https:\/\/www.google.com\/maps\/embed?pb=!1m18!1m12!1m3!1d3148.6681628821675!2d-4.799850827642679!3d37.89144240405684!2m3!1f0!2f0!3f0!3m2!1i1024!2i768!4f13.1!3m3!1m2!1s0xd6cdf5b069498d9%3A0x810d06e06b60e1b4!2sIES+Trassierra!5e0!3m2!1ses!2ses!4v1558379627630!5m2!1ses!2ses\" width=\"600\" height=\"450\" frameborder=\"0\"><\/iframe><\/figure>\n\n\n\n<div class=\"wp-block-image\"><figure class=\"alignleft is-resized\"><img loading=\"lazy\" decoding=\"async\" src=\"https:\/\/blogsaverroes.juntadeandalucia.es\/iestrassierra\/files\/2019\/07\/tic-1.jpg\" alt=\"\" class=\"wp-image-2997\" width=\"256\" height=\"193\" \/><\/figure><\/div>\n\n\n\n<h2 class=\"titular wp-block-heading\"><span class=\"verde\">Somos digitales<\/span><\/h2>\n\n\n\n<p class=\"titular\"><span class=\"cuerpo\">Es un centro que incorpora las<\/span><span class=\"negrita\"> tecnolog\u00edas de la informaci\u00f3n<\/span> <span class=\"negrita\">y de la comunicaci\u00f3n<\/span><span class=\"cuerpo\"> a las relaciones con los alumnos y sus familias. <\/span><\/p>\n\n\n\n<p class=\"titular\"><span class=\"cuerpo\">Se facilita la tramitaci\u00f3n de documentos (becas, solicitudes de plazas y certificados, t\u00edtulos, informaci\u00f3n, etc&#8230;.) y cualquier comunicaci\u00f3n en el interior y con el exterior por medio del correo electr\u00f3nico. Hemos sido elegidos para formar parte de la primera red de centros digitales p\u00fablicos de la Junta de Andaluc\u00eda.<\/span><\/p>\n\n\n\n<p><span class=\"cuerpo\">Afecta a todos los sectores del centro: Alumnos, Padres y Madres, Ordenanzas, Profesores, Tutores y Direcci\u00f3n. Conlleva una importante modernizaci\u00f3n y actualizaci\u00f3n del material inform\u00e1tico del centro utilizando software libre.<\/span><\/p>\n\n\n\n<div class=\"wp-block-image\"><figure class=\"alignleft\"><img loading=\"lazy\" decoding=\"async\" width=\"300\" height=\"300\" src=\"https:\/\/blogsaverroes.juntadeandalucia.es\/iestrassierra\/files\/2019\/07\/eco.jpg\" alt=\"\" class=\"wp-image-2998\" srcset=\"https:\/\/blogsaverroes.juntadeandalucia.es\/iestrassierra\/files\/2019\/07\/eco.jpg 300w, https:\/\/blogsaverroes.juntadeandalucia.es\/iestrassierra\/files\/2019\/07\/eco-150x150.jpg 150w\" sizes=\"(max-width: 300px) 100vw, 300px\" \/><\/figure><\/div>\n\n\n\n<h2 class=\"titular wp-block-heading\"><span class=\"verde\">Somos eco-instituto<\/span>, cuidamos de nuestro entorno y nuestro futuro<\/h2>\n\n\n\n<p class=\"titular\"><span class=\"cuerpo\">Es un centro docente donde la preocupaci\u00f3n por el Medio Ambiente ocupa un lugar destacado.<\/span><\/p>\n\n\n\n<p><span class=\"cuerpo\">El an\u00e1lisis y repercusiones de los problemas medio-ambientales impregnan las programaciones de las diversas materias y a lo largo del curso se desarrollan actividades muy relacionadas con estos temas:<\/span><\/p>\n\n\n\n<ul><li>Cuidado de jardines y plantaci\u00f3n de especies.<\/li><li><span class=\"negrita\">Recogida de papel y pilas.<\/span><\/li><li><span class=\"cuerpo\">Senderismo, conferencias, actividades al aire libre.<\/span><\/li><li><span class=\"negrita\">Elaboraci\u00f3n de paneles alusivos.<\/span><\/li><li><span class=\"cuerpo\">Estudios del rio y de la sierra.<\/span><\/li><li><span class=\"cuerpo\">Recuperaci\u00f3n de pueblos abandonados<\/span><\/li><li>Medidas de ahorro energ\u00e9tico<\/li><li><span class=\"cuerpo\">etc&#8230;.<br> <\/span><\/li><\/ul>\n\n\n\n<p class=\"titular\"><span class=\"cuerpo\">La conservaci\u00f3n y cuidado del medio ambiente pasa as\u00ed del instituto al hogar, a la ciudad&#8230;..se incorpora a la cultura personal del individuo y de su entorno. Es un valor de futuro, de t\u00fa futuro.<\/span><\/p>\n","protected":false},"excerpt":{"rendered":"<p>En el IES Trassierra tenemos la mejor oferta educativa y profesorado para alcanzar tus metas de una forma cercana y siempre centrada en el alumnado. Con\u00f3cenos. \u00bfQui\u00e9nes somos? El I.E.S. (Instituto de Ense\u00f1anza Secundaria) \u201cTrassierra\u201d es un centro p\u00fablico dependiente de la Junta de Andaluc\u00eda. Fue inaugurado en septiembre de 1983 como centro de Formaci\u00f3n [&hellip;]<\/p>\n","protected":false},"author":11007,"featured_media":3007,"parent":0,"menu_order":0,"comment_status":"closed","ping_status":"closed","template":"","meta":{"_et_pb_use_builder":"","_et_pb_old_content":"","_et_gb_content_width":"","ngg_post_thumbnail":0,"footnotes":""},"aioseo_notices":[],"_links":{"self":[{"href":"https:\/\/blogsaverroes.juntadeandalucia.es\/iestrassierra\/wp-json\/wp\/v2\/pages\/1756"}],"collection":[{"href":"https:\/\/blogsaverroes.juntadeandalucia.es\/iestrassierra\/wp-json\/wp\/v2\/pages"}],"about":[{"href":"https:\/\/blogsaverroes.juntadeandalucia.es\/iestrassierra\/wp-json\/wp\/v2\/types\/page"}],"author":[{"embeddable":true,"href":"https:\/\/blogsaverroes.juntadeandalucia.es\/iestrassierra\/wp-json\/wp\/v2\/users\/11007"}],"replies":[{"embeddable":true,"href":"https:\/\/blogsaverroes.juntadeandalucia.es\/iestrassierra\/wp-json\/wp\/v2\/comments?post=1756"}],"version-history":[{"count":0,"href":"https:\/\/blogsaverroes.juntadeandalucia.es\/iestrassierra\/wp-json\/wp\/v2\/pages\/1756\/revisions"}],"wp:featuredmedia":[{"embeddable":true,"href":"https:\/\/blogsaverroes.juntadeandalucia.es\/iestrassierra\/wp-json\/wp\/v2\/media\/3007"}],"wp:attachment":[{"href":"https:\/\/blogsaverroes.juntadeandalucia.es\/iestrassierra\/wp-json\/wp\/v2\/media?parent=1756"}],"curies":[{"name":"wp","href":"https:\/\/api.w.org\/{rel}","templated":true}]}}