{"id":1771,"date":"2018-06-24T09:52:17","date_gmt":"2018-06-24T09:52:17","guid":{"rendered":"http:\/\/instituto.iestrassierra.net\/?page_id=1771"},"modified":"2018-06-24T09:52:17","modified_gmt":"2018-06-24T09:52:17","slug":"planes-y-programas-educativos","status":"publish","type":"page","link":"https:\/\/blogsaverroes.juntadeandalucia.es\/iestrassierra\/planes-y-programas-educativos\/","title":{"rendered":"Planes y Programas Educativos"},"content":{"rendered":"\n<p>A continuaci\u00f3n se muestran los Planes y Programas Educativos y distintos grupos de trabajo que dan vida a nuestro Instituto y son parte de su identidad.<\/p>\n\n\n\n<h4 class=\"wp-block-heading\">Listado<\/h4>\n\n\n\n<figure class=\"wp-block-table aligncenter alignleft is-style-stripes\"><table class=\"has-subtle-light-gray-background-color has-background\"><tbody><tr><td><img loading=\"lazy\" decoding=\"async\" width=\"928\" height=\"157\" class=\"wp-image-4452\" style=\"width: 130px\" src=\"https:\/\/blogsaverroes.juntadeandalucia.es\/iestrassierra\/files\/2021\/04\/LOGO-BLOG.jpg\" alt=\"\" srcset=\"https:\/\/blogsaverroes.juntadeandalucia.es\/iestrassierra\/files\/2021\/04\/LOGO-BLOG.jpg 928w, https:\/\/blogsaverroes.juntadeandalucia.es\/iestrassierra\/files\/2021\/04\/LOGO-BLOG-480x81.jpg 480w\" sizes=\"(min-width: 0px) and (max-width: 480px) 480px, (min-width: 481px) 928px, 100vw\" \/><\/td><td><a href=\"http:\/\/www.iestrassierra.com\/plan-de-igualdad\/\"><strong>Plan de Igualdad<\/strong><\/a><\/td><\/tr><tr><td><img loading=\"lazy\" decoding=\"async\" width=\"2560\" height=\"1920\" class=\"wp-image-4344\" style=\"width: 100px\" src=\"https:\/\/blogsaverroes.juntadeandalucia.es\/iestrassierra\/files\/2021\/02\/IMG_20210129_122409-scaled-1.jpg\" alt=\"\" srcset=\"https:\/\/blogsaverroes.juntadeandalucia.es\/iestrassierra\/files\/2021\/02\/IMG_20210129_122409-scaled-1.jpg 2560w, https:\/\/blogsaverroes.juntadeandalucia.es\/iestrassierra\/files\/2021\/02\/IMG_20210129_122409-scaled-1-1280x960.jpg 1280w, https:\/\/blogsaverroes.juntadeandalucia.es\/iestrassierra\/files\/2021\/02\/IMG_20210129_122409-scaled-1-980x735.jpg 980w, https:\/\/blogsaverroes.juntadeandalucia.es\/iestrassierra\/files\/2021\/02\/IMG_20210129_122409-scaled-1-480x360.jpg 480w\" sizes=\"(min-width: 0px) and (max-width: 480px) 480px, (min-width: 481px) and (max-width: 980px) 980px, (min-width: 981px) and (max-width: 1280px) 1280px, (min-width: 1281px) 2560px, 100vw\" \/><\/td><td><strong><a href=\"https:\/\/www.iestrassierra.com\/proyecto-escuela-espacio-de-paz\/\">Proyecto Escuela: Espacio de Paz<\/a><\/strong><\/td><\/tr><tr><td><img loading=\"lazy\" decoding=\"async\" class=\"alignnone wp-image-2782\" src=\"https:\/\/blogsaverroes.juntadeandalucia.es\/iestrassierra\/files\/2019\/06\/formaJove.png\" alt=\"\" width=\"75\" height=\"56\"><\/td><td><a href=\"http:\/\/www.iestrassierra.com\/forma-joven\/\"><strong>Forma Joven<\/strong><\/a><\/td><\/tr><tr><td><img loading=\"lazy\" decoding=\"async\" class=\"alignnone wp-image-695\" src=\"http:\/\/www.iestrassierra.com\/wp-content\/uploads\/2011\/03\/images_trassierra_logotrastea.jpg\" alt=\"logo trastea\" width=\"75\" height=\"47\"><\/td><td> <p><a href=\"http:\/\/www.iestrassierra.com\/grupo-de-teatro-trassttea\/\"><strong>Teatro<\/strong><\/a><\/p> <\/td><\/tr><tr><td><img loading=\"lazy\" decoding=\"async\" class=\"alignnone wp-image-696\" src=\"http:\/\/www.iestrassierra.com\/wp-content\/uploads\/2011\/03\/images_trassierra_logobiblio-150x150.jpg\" alt=\"logo biblioteca\" width=\"75\" height=\"56\"><\/td><td><a href=\"https:\/\/sites.google.com\/iestrassierra.com\/bibliotecamaramoliner\/p%C3%A1gina-principal\"><strong>Biblioteca y Creatividad Literaria<\/strong><\/a><\/td><\/tr><tr><td>&nbsp;<img loading=\"lazy\" decoding=\"async\" width=\"367\" height=\"137\" class=\"wp-image-4451\" style=\"width: 150px\" src=\"https:\/\/blogsaverroes.juntadeandalucia.es\/iestrassierra\/files\/2021\/04\/Logo-TDE-2.png\" alt=\"\" srcset=\"https:\/\/blogsaverroes.juntadeandalucia.es\/iestrassierra\/files\/2021\/04\/Logo-TDE-2.png 367w, https:\/\/blogsaverroes.juntadeandalucia.es\/iestrassierra\/files\/2021\/04\/Logo-TDE-2-300x112.png 300w\" sizes=\"(max-width: 367px) 100vw, 367px\" \/><\/td><td><a href=\"https:\/\/sites.google.com\/iestrassierra.com\/tde\/p%C3%A1gina-principal\"><strong>Transformaci\u00f3n Digital Educativa<\/strong><\/a><br><\/td><\/tr><tr><td><img loading=\"lazy\" decoding=\"async\" class=\"alignnone wp-image-1330\" src=\"http:\/\/www.iestrassierra.com\/wp-content\/uploads\/2018\/05\/logo_PLC-150x150.jpg\" alt=\"\" width=\"75\" height=\"35\" srcset=\"https:\/\/blogsaverroes.juntadeandalucia.es\/iestrassierra\/files\/2018\/05\/logo_PLC-300x141.jpg 300w, https:\/\/blogsaverroes.juntadeandalucia.es\/iestrassierra\/files\/2018\/05\/logo_PLC.jpg 338w\" sizes=\"(max-width: 75px) 100vw, 75px\" \/><\/td><td><a href=\"https:\/\/sites.google.com\/iestrassierra.com\/plc-trassierra\/p%C3%A1gina-principal\"><strong>Proyecto Ling\u00fc\u00edstico de Centro<\/strong><\/a><\/td><\/tr><tr><td>\n<figure><a href=\"comunica\"><img loading=\"lazy\" decoding=\"async\" class=\"wp-image-2859\" src=\"http:\/\/www.iestrassierra.com\/wp-content\/uploads\/2019\/06\/Captura-de-pantalla-2019-06-20-a-las-11.47.19-150x150.png\" alt=\"\" width=\"75\" height=\"24\" srcset=\"https:\/\/blogsaverroes.juntadeandalucia.es\/iestrassierra\/files\/2019\/06\/Captura-de-pantalla-2019-06-20-a-las-11.47.19-300x97.png 300w, https:\/\/blogsaverroes.juntadeandalucia.es\/iestrassierra\/files\/2019\/06\/Captura-de-pantalla-2019-06-20-a-las-11.47.19-1024x331.png 1024w, https:\/\/blogsaverroes.juntadeandalucia.es\/iestrassierra\/files\/2019\/06\/Captura-de-pantalla-2019-06-20-a-las-11.47.19-768x249.png 768w, https:\/\/blogsaverroes.juntadeandalucia.es\/iestrassierra\/files\/2019\/06\/Captura-de-pantalla-2019-06-20-a-las-11.47.19-1080x350.png 1080w, https:\/\/blogsaverroes.juntadeandalucia.es\/iestrassierra\/files\/2019\/06\/Captura-de-pantalla-2019-06-20-a-las-11.47.19-980x317.png 980w, https:\/\/blogsaverroes.juntadeandalucia.es\/iestrassierra\/files\/2019\/06\/Captura-de-pantalla-2019-06-20-a-las-11.47.19-480x155.png 480w, https:\/\/blogsaverroes.juntadeandalucia.es\/iestrassierra\/files\/2019\/06\/Captura-de-pantalla-2019-06-20-a-las-11.47.19.png 1174w\" sizes=\"(max-width: 75px) 100vw, 75px\" \/><\/a><\/figure><p><\/p>\n<\/td><td> <p><a href=\"https:\/\/sites.google.com\/iestrassierra.com\/plc-trassierra\/Comunica\" target=\"_blank\" rel=\"noopener noreferrer\"><strong>Proyecto Comunica<\/strong><\/a><\/p><\/td><\/tr><tr><td><img loading=\"lazy\" decoding=\"async\" class=\"alignnone wp-image-698\" src=\"http:\/\/www.iestrassierra.com\/wp-content\/uploads\/2011\/03\/1.bp_.blogspot.com_-KQkQyQSSvU4_TxGTKY8wImI_AAAAAAAAEnU_XbhT3fcsfMw_s250_82-150x150.gif\" alt=\"LOGO HUERTO ESCOLAR\" width=\"75\" height=\"61\"><\/td><td><a href=\"https:\/\/huertotrassierra18.blogspot.com\/\"><strong>Huerto Escolar<\/strong><\/a><\/td><\/tr><tr><td><img loading=\"lazy\" decoding=\"async\" class=\"alignnone wp-image-2486\" src=\"http:\/\/www.iestrassierra.com\/wp-content\/uploads\/2019\/05\/bandera-bilingue-150x150.png\" alt=\"\" width=\"75\" height=\"61\" srcset=\"https:\/\/blogsaverroes.juntadeandalucia.es\/iestrassierra\/files\/2019\/05\/bandera-bilingue-300x245.png 300w, https:\/\/blogsaverroes.juntadeandalucia.es\/iestrassierra\/files\/2019\/05\/bandera-bilingue-480x392.png 480w, https:\/\/blogsaverroes.juntadeandalucia.es\/iestrassierra\/files\/2019\/05\/bandera-bilingue.png 640w\" sizes=\"(max-width: 75px) 100vw, 75px\" \/><\/td><td><strong>Proyecto Biling\u00fce del Ciclo Superior de Desarrollo de Aplicaciones Web<\/strong><\/td><\/tr><tr><td><img loading=\"lazy\" decoding=\"async\" class=\"alignnone wp-image-2315\" src=\"http:\/\/www.iestrassierra.com\/wp-content\/uploads\/2019\/05\/Logomobil-150x150.jpg\" alt=\"\" width=\"75\" height=\"54\" srcset=\"https:\/\/blogsaverroes.juntadeandalucia.es\/iestrassierra\/files\/2019\/05\/Logomobil-300x218.jpg 300w, https:\/\/blogsaverroes.juntadeandalucia.es\/iestrassierra\/files\/2019\/05\/Logomobil-400x284.jpg 400w, https:\/\/blogsaverroes.juntadeandalucia.es\/iestrassierra\/files\/2019\/05\/Logomobil-480x348.jpg 480w, https:\/\/blogsaverroes.juntadeandalucia.es\/iestrassierra\/files\/2019\/05\/Logomobil.jpg 640w\" sizes=\"(max-width: 75px) 100vw, 75px\" \/><\/td><td><a href=\"http:\/\/www.iestrassierra.com\/campana-sobre-el-mal-uso-del-movil\/\"><strong>Campa\u00f1a sobre el buen uso de las nuevas Tecnolog\u00edas<\/strong><\/a><\/td><\/tr><tr><td><img loading=\"lazy\" decoding=\"async\" class=\"alignnone wp-image-2805\" src=\"http:\/\/www.iestrassierra.com\/wp-content\/uploads\/2019\/06\/patrimonio-150x150.png\" alt=\"\" width=\"75\" height=\"75\" srcset=\"https:\/\/blogsaverroes.juntadeandalucia.es\/iestrassierra\/files\/2019\/06\/patrimonio-150x150.png 150w, https:\/\/blogsaverroes.juntadeandalucia.es\/iestrassierra\/files\/2019\/06\/patrimonio.png 177w\" sizes=\"(max-width: 75px) 100vw, 75px\" \/><\/td><td><a href=\"https:\/\/sites.google.com\/view\/patrimonioeneltrassierra\/home\" target=\"_blank\" rel=\"noopener noreferrer\"><strong>Patrimonio en el Trassierra<\/strong><\/a><\/td><\/tr><tr><td><img loading=\"lazy\" decoding=\"async\" class=\"alignnone wp-image-2805\" src=\"https:\/\/blogsaverroes.juntadeandalucia.es\/iestrassierra\/files\/2021\/05\/image.png\" alt=\"\" width=\"75\" height=\"75\"><\/td><td><strong><a href=\"https:\/\/www.iestrassierra.com\/proyecto-innicia\/\" target=\"_blank\" rel=\"noreferrer noopener\">Proyecto INNICIA<\/a><\/strong><\/td><\/tr><\/tbody><\/table><\/figure>\n\n\n\n<!--more-->\n\n\n\n<p>&nbsp;<\/p>\n\n\n\n<p><\/p>\n\n\n\n<p>&nbsp;<\/p>\n","protected":false},"excerpt":{"rendered":"<p>A continuaci\u00f3n se muestran los Planes y Programas Educativos y distintos grupos de trabajo que dan vida a nuestro Instituto y son parte de su identidad. Listado Plan de Igualdad Proyecto Escuela: Espacio de Paz Forma Joven Teatro Biblioteca y Creatividad Literaria &nbsp; Transformaci\u00f3n Digital Educativa Proyecto Ling\u00fc\u00edstico de Centro Proyecto Comunica Huerto Escolar Proyecto [&hellip;]<\/p>\n","protected":false},"author":11007,"featured_media":0,"parent":0,"menu_order":0,"comment_status":"closed","ping_status":"closed","template":"","meta":{"_et_pb_use_builder":"","_et_pb_old_content":"","_et_gb_content_width":"","ngg_post_thumbnail":0,"footnotes":""},"aioseo_notices":[],"_links":{"self":[{"href":"https:\/\/blogsaverroes.juntadeandalucia.es\/iestrassierra\/wp-json\/wp\/v2\/pages\/1771"}],"collection":[{"href":"https:\/\/blogsaverroes.juntadeandalucia.es\/iestrassierra\/wp-json\/wp\/v2\/pages"}],"about":[{"href":"https:\/\/blogsaverroes.juntadeandalucia.es\/iestrassierra\/wp-json\/wp\/v2\/types\/page"}],"author":[{"embeddable":true,"href":"https:\/\/blogsaverroes.juntadeandalucia.es\/iestrassierra\/wp-json\/wp\/v2\/users\/11007"}],"replies":[{"embeddable":true,"href":"https:\/\/blogsaverroes.juntadeandalucia.es\/iestrassierra\/wp-json\/wp\/v2\/comments?post=1771"}],"version-history":[{"count":0,"href":"https:\/\/blogsaverroes.juntadeandalucia.es\/iestrassierra\/wp-json\/wp\/v2\/pages\/1771\/revisions"}],"wp:attachment":[{"href":"https:\/\/blogsaverroes.juntadeandalucia.es\/iestrassierra\/wp-json\/wp\/v2\/media?parent=1771"}],"curies":[{"name":"wp","href":"https:\/\/api.w.org\/{rel}","templated":true}]}}