{"id":1774,"date":"2018-06-24T09:59:00","date_gmt":"2018-06-24T09:59:00","guid":{"rendered":"http:\/\/instituto.iestrassierra.net\/?page_id=1774"},"modified":"2018-06-24T09:59:00","modified_gmt":"2018-06-24T09:59:00","slug":"instalaciones","status":"publish","type":"page","link":"https:\/\/blogsaverroes.juntadeandalucia.es\/iestrassierra\/instalaciones\/","title":{"rendered":"Instalaciones"},"content":{"rendered":"\n<figure class=\"wp-block-image\"><img loading=\"lazy\" decoding=\"async\" width=\"2074\" height=\"518\" src=\"https:\/\/i2.wp.com\/www.iestrassierra.com\/wp-content\/uploads\/2019\/06\/banner06.jpg?fit=790%2C198\" alt=\"\" class=\"wp-image-2793\" srcset=\"https:\/\/blogsaverroes.juntadeandalucia.es\/iestrassierra\/files\/2019\/06\/banner06.jpg 2074w, https:\/\/blogsaverroes.juntadeandalucia.es\/iestrassierra\/files\/2019\/06\/banner06-300x75.jpg 300w, https:\/\/blogsaverroes.juntadeandalucia.es\/iestrassierra\/files\/2019\/06\/banner06-1024x256.jpg 1024w, https:\/\/blogsaverroes.juntadeandalucia.es\/iestrassierra\/files\/2019\/06\/banner06-768x192.jpg 768w, https:\/\/blogsaverroes.juntadeandalucia.es\/iestrassierra\/files\/2019\/06\/banner06-1536x384.jpg 1536w, https:\/\/blogsaverroes.juntadeandalucia.es\/iestrassierra\/files\/2019\/06\/banner06-2048x512.jpg 2048w, https:\/\/blogsaverroes.juntadeandalucia.es\/iestrassierra\/files\/2019\/06\/banner06-1080x270.jpg 1080w, https:\/\/blogsaverroes.juntadeandalucia.es\/iestrassierra\/files\/2019\/06\/banner06-1280x320.jpg 1280w, https:\/\/blogsaverroes.juntadeandalucia.es\/iestrassierra\/files\/2019\/06\/banner06-980x245.jpg 980w, https:\/\/blogsaverroes.juntadeandalucia.es\/iestrassierra\/files\/2019\/06\/banner06-480x120.jpg 480w\" sizes=\"(max-width: 2074px) 100vw, 2074px\" \/><\/figure>\n\n\n\n<h3 class=\"wp-block-heading\"><strong><span class=\"verde\">ESPACIOS COMUNES:<\/span><\/strong><\/h3>\n\n\n\n<ul><li><span class=\"cuerpo\">3 pistas polideportivas<\/span><\/li><li><span class=\"cuerpo\">Sal\u00f3n de Actos con capacidad para 120 personas, con escenario adaptado para representaciones culturales y con medios audiovisuales.<\/span><\/li><li><span class=\"cuerpo\">Biblioteca (7.500 vol\u00famenes).<\/span><\/li><li><span class=\"cuerpo\">Cafeter\u00eda.<\/span><\/li><li><span class=\"cuerpo\">Zonas ajardinadas y de expansi\u00f3n.<\/span><\/li><\/ul>\n\n\n\n<h3 class=\"wp-block-heading\"><strong><span class=\"verde\">AULAS COMUNES:<\/span><\/strong><\/h3>\n\n\n\n<ul><li><span class=\"subtitulo\"><span class=\"cuerpo\">20 aulas dotadas con pizarra digital o proyector.<\/span><\/span><\/li><\/ul>\n\n\n\n<h3 class=\"wp-block-heading\"><strong><span class=\"verde\">AULAS DE TRABAJO EN PEQUE\u00d1O GRUPO:<\/span><\/strong><\/h3>\n\n\n\n<ul><li><span class=\"subtitulo\"><span class=\"cuerpo\">3 aulas ( con capacidad m\u00e1xima de 15 alumnos\/as).<\/span><\/span><\/li><\/ul>\n\n\n\n<h3 class=\"wp-block-heading\"><strong><span class=\"verde\">LABORATORIOS:<\/span><\/strong><\/h3>\n\n\n\n<ul><li><span class=\"subtitulo\"><span class=\"cuerpo\">Laboratorio de Qu\u00edmica.<\/span><\/span><\/li><li><span class=\"subtitulo\"><span class=\"cuerpo\">Laboratorio de Biolog\u00eda-Geolog\u00eda.<\/span><\/span><\/li><li><span class=\"subtitulo\"><span class=\"cuerpo\">Laboratorio de F\u00edsica.<\/span><\/span><\/li><li><span class=\"subtitulo\"><span class=\"cuerpo\">Laboratorio de Idiomas, dotado de 15 equipos inform\u00e1ticos conectados a Internet, m\u00e1s los recursos audiovisuales: DVD, video, cassette, lector de CDs.<\/span><\/span><\/li><\/ul>\n\n\n\n<h3 class=\"wp-block-heading\"><strong><span class=\"verde\">AULAS ESPEC\u00cdFICAS:<\/span><\/strong><\/h3>\n\n\n\n<ul><li><span class=\"subtitulo\"><span class=\"cuerpo\">Aula de Audiovisuales.<\/span><\/span><\/li><li><span class=\"subtitulo\"><span class=\"cuerpo\">Aula de Dibujo Art\u00edstico.<\/span><\/span><\/li><li><span class=\"subtitulo\"><span class=\"cuerpo\">Aula de M\u00fasica.<\/span><\/span><\/li><li><span class=\"subtitulo\"><span class=\"cuerpo\">Aula de Ciencias Sociales.<\/span><\/span><\/li><li><span class=\"subtitulo\"><span class=\"cuerpo\">3 Aulas de Inform\u00e1tica.<\/span><\/span><\/li><li><span class=\"subtitulo\"><span class=\"cuerpo\">4 Aulas de Administrativo. (con medios inform\u00e1ticos).<\/span><\/span><\/li><li><span class=\"subtitulo\"><span class=\"cuerpo\">Aula de Educaci\u00f3n Especial.<\/span><\/span><\/li><\/ul>\n\n\n\n<h3 class=\"wp-block-heading\"><strong><span class=\"verde\">TALLERES:<\/span><\/strong><\/h3>\n\n\n\n<ul><li><span class=\"subtitulo\"><span class=\"cuerpo\">Taller de Tecnolog\u00eda Aplicada.<\/span><\/span><\/li><li><span class=\"subtitulo\"><span class=\"cuerpo\">Taller de Visual y Pl\u00e1stica Aplicadas.<\/span><\/span><\/li><\/ul>\n\n\n\n<h3 class=\"wp-block-heading\"><strong><span class=\"verde\">GIMNASIO.<\/span><\/strong><span class=\"subtitulo\"><br>\n<\/span><span class=\"verde\"><strong>SALA DE PROFESORES.<\/strong><\/span><span class=\"subtitulo\"><br>\n<\/span><strong><span class=\"verde\">SEMINARIOS: <\/span><\/strong><\/h3>\n\n\n\n<ul><li><span class=\"subtitulo\"><span class=\"cuerpo\">Biolog\u00eda y Geolog\u00eda + F\u00edsica y Qu\u00edmica + Matem\u00e1ticas.<\/span><\/span><\/li><li><span class=\"subtitulo\"><span class=\"cuerpo\">Lengua + Lat\u00edn + Ingl\u00e9s + Franc\u00e9s.<\/span><\/span><\/li><li><span class=\"subtitulo\"><span class=\"cuerpo\">Sociales + Filosof\u00eda + Educaci\u00f3n F\u00edsica + Religi\u00f3n.<\/span><\/span><\/li><li><span class=\"subtitulo\"><span class=\"cuerpo\">Administrativo + F.O.L.<\/span><\/span><\/li><li><span class=\"subtitulo\"><span class=\"cuerpo\">Inform\u00e1tica<\/span><\/span><\/li><li><span class=\"subtitulo\"><span class=\"cuerpo\">Orientaci\u00f3n.<\/span><\/span><\/li><li><span class=\"subtitulo\"><span class=\"cuerpo\">Tecnolog\u00eda + Dibujo + M\u00fasica + DACE.<\/span><\/span><\/li><\/ul>\n\n\n\n[embed-google-photos-album link=&#8221;https:\/\/photos.app.goo.gl\/BcnQAhGXbMwuruFx7&#8243;]\n","protected":false},"excerpt":{"rendered":"<p>ESPACIOS COMUNES: 3 pistas polideportivas Sal\u00f3n de Actos con capacidad para 120 personas, con escenario adaptado para representaciones culturales y con medios audiovisuales. Biblioteca (7.500 vol\u00famenes). Cafeter\u00eda. Zonas ajardinadas y de expansi\u00f3n. AULAS COMUNES: 20 aulas dotadas con pizarra digital o proyector. AULAS DE TRABAJO EN PEQUE\u00d1O GRUPO: 3 aulas ( con capacidad m\u00e1xima de [&hellip;]<\/p>\n","protected":false},"author":11007,"featured_media":0,"parent":0,"menu_order":0,"comment_status":"closed","ping_status":"closed","template":"","meta":{"_et_pb_use_builder":"","_et_pb_old_content":"","_et_gb_content_width":"","ngg_post_thumbnail":0,"footnotes":""},"aioseo_notices":[],"_links":{"self":[{"href":"https:\/\/blogsaverroes.juntadeandalucia.es\/iestrassierra\/wp-json\/wp\/v2\/pages\/1774"}],"collection":[{"href":"https:\/\/blogsaverroes.juntadeandalucia.es\/iestrassierra\/wp-json\/wp\/v2\/pages"}],"about":[{"href":"https:\/\/blogsaverroes.juntadeandalucia.es\/iestrassierra\/wp-json\/wp\/v2\/types\/page"}],"author":[{"embeddable":true,"href":"https:\/\/blogsaverroes.juntadeandalucia.es\/iestrassierra\/wp-json\/wp\/v2\/users\/11007"}],"replies":[{"embeddable":true,"href":"https:\/\/blogsaverroes.juntadeandalucia.es\/iestrassierra\/wp-json\/wp\/v2\/comments?post=1774"}],"version-history":[{"count":0,"href":"https:\/\/blogsaverroes.juntadeandalucia.es\/iestrassierra\/wp-json\/wp\/v2\/pages\/1774\/revisions"}],"wp:attachment":[{"href":"https:\/\/blogsaverroes.juntadeandalucia.es\/iestrassierra\/wp-json\/wp\/v2\/media?parent=1774"}],"curies":[{"name":"wp","href":"https:\/\/api.w.org\/{rel}","templated":true}]}}