{"id":1796,"date":"2018-06-24T10:29:58","date_gmt":"2018-06-24T10:29:58","guid":{"rendered":"http:\/\/instituto.iestrassierra.net\/?page_id=1796"},"modified":"2018-06-24T10:29:58","modified_gmt":"2018-06-24T10:29:58","slug":"secretaria-virtual","status":"publish","type":"page","link":"https:\/\/blogsaverroes.juntadeandalucia.es\/iestrassierra\/secretaria-virtual\/","title":{"rendered":"Secretar\u00eda Virtual"},"content":{"rendered":"\n<h2 class=\"wp-block-heading\"><strong>Descarga de impresos para realizar tr\u00e1mites en nuestra secretar\u00eda:<\/strong><\/h2>\n\n\n\n<p>A continuaci\u00f3n les mostramos un video para todas las personas interesadas en hacer uso de la Secretar\u00eda virtual.<\/p>\n\n\n\n<figure class=\"wp-block-video\"><video controls src=\"https:\/\/blogsaverroes.juntadeandalucia.es\/iestrassierra\/files\/2020\/05\/EDITADO-PRESENTACI\u00d3N-ELECTR\u00d3NICA-GENERAL-PEG-PARA-LOS-CENTROS_1.mp4\"><\/video><\/figure>\n\n\n\n<p>Para poder cumplimentar desde el ordenador los documentos rellenables, deber\u00e1s descargarlos y posteriormente editarlos con Adobe Reader.<\/p>\n\n\n\n<h4 class=\"wp-block-heading\">TASAS ACAD\u00c9MICAS 2022:<\/h4>\n\n\n\n<p>Ley 8\/2021, de 23 de diciembre, de financiaci\u00f3n incondicionada para las entidades<br>locales aut\u00f3nomas. <a href=\"https:\/\/blogsaverroes.juntadeandalucia.es\/iestrassierra\/files\/2022\/01\/Tasas-Academicas-2022.pdf\">Enlace<\/a><\/p>\n\n\n\n<h4 class=\"wp-block-heading\">GEN\u00c9RICOS:<\/h4>\n\n\n\n<ul><li><a href=\"https:\/\/blogsaverroes.juntadeandalucia.es\/iestrassierra\/files\/2021\/10\/instancia-generica-logotipo-ies-Nuevo.pdf\" target=\"_blank\" rel=\"noreferrer noopener\">Modelo de instancia<\/a><\/li><li><a href=\"https:\/\/blogsaverroes.juntadeandalucia.es\/iestrassierra\/files\/2021\/01\/SOLICITUD-CERTIFICADO-NUEVO.pdf\" target=\"_blank\" rel=\"noreferrer noopener\">Solicitud de certificado<\/a><\/li><li><em><a href=\"https:\/\/blogsaverroes.juntadeandalucia.es\/iestrassierra\/files\/2021\/01\/solicitud_de_titulo-1.pdf\" target=\"_blank\" rel=\"noreferrer noopener\"><strong>Solicitud de t\u00edtulo<\/strong><\/a><\/em><strong> <\/strong>que se acompa\u00f1ar\u00e1 del <em><a title=\"Modelo 046 rellenable \" rel=\"noopener noreferrer\" href=\"http:\/\/www.juntadeandalucia.es\/economiayhacienda\/apl\/surweb\/modelos\/modelo046\/046.jsp\" target=\"_blank\"><strong>modelo 046<\/strong><\/a><\/em> (tasas) cumplimentado seg\u00fan unas <em><strong><a href=\"https:\/\/blogsaverroes.juntadeandalucia.es\/iestrassierra\/files\/2021\/01\/1.-INSTRUCCIONES-LOGSE-LOE-LOMCE-1-1.pdf\">instrucciones.<\/a><\/strong><\/em><\/li><\/ul>\n\n\n\n<h4 class=\"wp-block-heading\">BACHILLERATO:<\/h4>\n\n\n\n<p><a href=\"https:\/\/blogsaverroes.juntadeandalucia.es\/iestrassierra\/files\/2021\/01\/SOLICITUD-DE-ANULACION-DE-MATRICULA-BACHILLERATO_.pdf\" target=\"_blank\" rel=\"noreferrer noopener\">Solicitud de anulaci\u00f3n de matr\u00edcula<\/a><\/p>\n\n\n\n<h4 class=\"wp-block-heading\">FORMACI\u00d3N PROFESIONAL:<\/h4>\n\n\n\n<ul><li><a href=\"http:\/\/www.iestrassierra.com\/wp-content\/uploads\/2011\/05\/images_trassierra_secretaria_virtual_solicitud_anulacion_matricula_fp.pdf\" target=\"_blank\" rel=\"noopener noreferrer\">Solicitud de anulaci\u00f3n de matr\u00edcula<\/a>.<\/li><li><a href=\"https:\/\/blogsaverroes.juntadeandalucia.es\/iestrassierra\/files\/2021\/10\/Renuncia-convocatoria-de-Modulos-Profesionales.pdf\" target=\"_blank\" rel=\"noreferrer noopener\">Solicitud de renuncia de convocatoria<\/a>.<\/li><li><a href=\"https:\/\/blogsaverroes.juntadeandalucia.es\/iestrassierra\/files\/2020\/12\/SOLICITUD-CONVOCATORIA-EXTRAORDINARIA-FP.pdf\" target=\"_blank\" rel=\"noreferrer noopener\">Solicitud de convocatoria extraordinaria.<\/a><\/li><li><a href=\"https:\/\/blogsaverroes.juntadeandalucia.es\/iestrassierra\/files\/2021\/10\/Anexo-v-Solicitud-de-convalidacion-FP-NUEVO.pdf\" target=\"_blank\" rel=\"noreferrer noopener\">Solicitud de convalidaci\u00f3n de m\u00f3dulos profesionales<\/a>.<\/li><li><a href=\"http:\/\/www.iestrassierra.com\/wp-content\/uploads\/2011\/05\/images_trassierra_secretaria_virtual_solicitud_prueba_acceso_gm_fp.pdf\" target=\"_blank\" rel=\"noopener noreferrer\">Solicitud de prueba de acceso a ciclos de grado medio<\/a>.<\/li><li><a href=\"http:\/\/www.iestrassierra.com\/wp-content\/uploads\/2011\/05\/images_trassierra_secretaria_virtual_solicitud_prueba_acceso_gs_fp.pdf\" target=\"_blank\" rel=\"noopener noreferrer\">Solicitud de prueba de acceso a ciclos de grado superior<\/a>.<\/li><li><a href=\"https:\/\/blogsaverroes.juntadeandalucia.es\/iestrassierra\/files\/2020\/07\/Exenci\u00f3n-M\u00f3dulo-FCT.pdf\">Solicitud de Exenci\u00f3n del M\u00f3dulo Profesional de FCT (Anexo I)<\/a><\/li><li><a href=\"https:\/\/blogsaverroes.juntadeandalucia.es\/iestrassierra\/files\/2020\/07\/Anexo-Alegaciones.pdf\">Solicitud de Alegaciones referidas al procedimiento de admisi\u00f3n en Ciclos Formativos de Grado Medio y Superior (Anexo XI)<\/a><\/li><li><a rel=\"noopener noreferrer\" href=\"http:\/\/www.iestrassierra.com\/wp-content\/uploads\/2011\/05\/images_trassierra_secretaria_virtual_solicitud_prueba_acceso_gm_fp.pdf\" target=\"_blank\">Solicitud de prueba de acceso a ciclos de grado medio<\/a>.<\/li><li><a rel=\"noopener noreferrer\" href=\"http:\/\/www.iestrassierra.com\/wp-content\/uploads\/2011\/05\/images_trassierra_secretaria_virtual_solicitud_prueba_acceso_gs_fp.pdf\" target=\"_blank\">Solicitud de prueba de acceso a ciclos de grado superior<\/a>.<\/li><li><a href=\"https:\/\/blogsaverroes.juntadeandalucia.es\/iestrassierra\/files\/2020\/07\/Exenci\u00f3n-M\u00f3dulo-FCT.pdf\">Solicitud de Exenci\u00f3n del M\u00f3dulo Profesional de FCT (Anexo I)<\/a><\/li><li><a href=\"https:\/\/blogsaverroes.juntadeandalucia.es\/iestrassierra\/files\/2020\/07\/Anexo-Alegaciones.pdf\">Solicitud de Alegaciones referidas al procedimiento de admisi\u00f3n en Ciclos Formativos de Grado Medio y Superior (Anexo XI)<\/a><\/li><\/ul>\n\n\n\n<h4 class=\"wp-block-heading\">ENLACES SOBRE ESCOLARIZACI\u00d3N:<\/h4>\n\n\n\n<ul><li><a href=\"http:\/\/www.juntadeandalucia.es\/educacion\/webportal\/web\/portal-escolarizacion\/infantil-primaria-eso-bachillerato\/impresos\" target=\"_blank\" rel=\"noopener noreferrer\">ESO y Bachillerato<\/a><\/li><li><a href=\"http:\/\/www.juntadeandalucia.es\/educacion\/webportal\/web\/portal-escolarizacion\/personas-adultas\/impresos\" target=\"_blank\" rel=\"noopener noreferrer\">ESPA y Bachillerato de adultos<\/a><\/li><li><a href=\"http:\/\/www.juntadeandalucia.es\/educacion\/webportal\/web\/portal-escolarizacion\/solicitudes-de-admision\" target=\"_blank\" rel=\"noopener noreferrer\">FP oferta completa en modalidad presencial (Diurno)<\/a><\/li><li><a href=\"http:\/\/www.juntadeandalucia.es\/educacion\/formacionprofesional\/index.php\/fp-adistancia-14-15\/solicitud-matricula-14-15\" target=\"_blank\" rel=\"noopener noreferrer\">FP oferta parcial en modalidad semipresencial (Tarde)<\/a><\/li><\/ul>\n","protected":false},"excerpt":{"rendered":"<p>Descarga de impresos para realizar tr\u00e1mites en nuestra secretar\u00eda: A continuaci\u00f3n les mostramos un video para todas las personas interesadas en hacer uso de la Secretar\u00eda virtual. Para poder cumplimentar desde el ordenador los documentos rellenables, deber\u00e1s descargarlos y posteriormente editarlos con Adobe Reader. TASAS ACAD\u00c9MICAS 2022: Ley 8\/2021, de 23 de diciembre, de financiaci\u00f3n [&hellip;]<\/p>\n","protected":false},"author":11007,"featured_media":0,"parent":0,"menu_order":0,"comment_status":"closed","ping_status":"closed","template":"","meta":{"_et_pb_use_builder":"","_et_pb_old_content":"","_et_gb_content_width":"","ngg_post_thumbnail":0,"footnotes":""},"aioseo_notices":[],"_links":{"self":[{"href":"https:\/\/blogsaverroes.juntadeandalucia.es\/iestrassierra\/wp-json\/wp\/v2\/pages\/1796"}],"collection":[{"href":"https:\/\/blogsaverroes.juntadeandalucia.es\/iestrassierra\/wp-json\/wp\/v2\/pages"}],"about":[{"href":"https:\/\/blogsaverroes.juntadeandalucia.es\/iestrassierra\/wp-json\/wp\/v2\/types\/page"}],"author":[{"embeddable":true,"href":"https:\/\/blogsaverroes.juntadeandalucia.es\/iestrassierra\/wp-json\/wp\/v2\/users\/11007"}],"replies":[{"embeddable":true,"href":"https:\/\/blogsaverroes.juntadeandalucia.es\/iestrassierra\/wp-json\/wp\/v2\/comments?post=1796"}],"version-history":[{"count":0,"href":"https:\/\/blogsaverroes.juntadeandalucia.es\/iestrassierra\/wp-json\/wp\/v2\/pages\/1796\/revisions"}],"wp:attachment":[{"href":"https:\/\/blogsaverroes.juntadeandalucia.es\/iestrassierra\/wp-json\/wp\/v2\/media?parent=1796"}],"curies":[{"name":"wp","href":"https:\/\/api.w.org\/{rel}","templated":true}]}}