{"id":3897,"date":"2020-06-29T20:18:39","date_gmt":"2020-06-29T20:18:39","guid":{"rendered":"http:\/\/www.iestrassierra.com\/?page_id=3897"},"modified":"2020-06-29T20:18:39","modified_gmt":"2020-06-29T20:18:39","slug":"erasmus-k2","status":"publish","type":"page","link":"https:\/\/blogsaverroes.juntadeandalucia.es\/iestrassierra\/erasmus-k2\/","title":{"rendered":"ERASMUS K2"},"content":{"rendered":"\n<figure class=\"wp-block-image size-large is-resized\"><img loading=\"lazy\" decoding=\"async\" src=\"http:\/\/www.iestrassierra.com\/wp-content\/uploads\/2019\/10\/cofinanciado-1024x249.png\" alt=\"\" class=\"wp-image-3272\" width=\"381\" height=\"93\" srcset=\"https:\/\/blogsaverroes.juntadeandalucia.es\/iestrassierra\/files\/2019\/10\/cofinanciado-1024x249.png 1024w, https:\/\/blogsaverroes.juntadeandalucia.es\/iestrassierra\/files\/2019\/10\/cofinanciado-300x73.png 300w, https:\/\/blogsaverroes.juntadeandalucia.es\/iestrassierra\/files\/2019\/10\/cofinanciado-768x187.png 768w, https:\/\/blogsaverroes.juntadeandalucia.es\/iestrassierra\/files\/2019\/10\/cofinanciado-1536x373.png 1536w, https:\/\/blogsaverroes.juntadeandalucia.es\/iestrassierra\/files\/2019\/10\/cofinanciado-1080x262.png 1080w, https:\/\/blogsaverroes.juntadeandalucia.es\/iestrassierra\/files\/2019\/10\/cofinanciado-1280x311.png 1280w, https:\/\/blogsaverroes.juntadeandalucia.es\/iestrassierra\/files\/2019\/10\/cofinanciado-980x238.png 980w, https:\/\/blogsaverroes.juntadeandalucia.es\/iestrassierra\/files\/2019\/10\/cofinanciado-480x117.png 480w, https:\/\/blogsaverroes.juntadeandalucia.es\/iestrassierra\/files\/2019\/10\/cofinanciado.png 1659w\" sizes=\"(max-width: 381px) 100vw, 381px\" \/><\/figure>\n\n\n\n<p class=\"has-very-dark-gray-color has-text-color\">Desde el a\u00f1o 2016 el IES Trassierra ha participado, como centro coordinador, en tres proyectos Erasmus+ de asociaciones escolares para la innovaci\u00f3n y el intercambio de buenas pr\u00e1cticas:<\/p>\n\n\n\n<p class=\"has-text-align-left has-medium-font-size\"><strong><span class=\"has-inline-color has-vivid-cyan-blue-color\"><span style=\"text-decoration: underline\">CREANDO Y COMUNICANDO EUROPA (CRECE<\/span>)<\/span><\/strong><img loading=\"lazy\" decoding=\"async\" width=\"335\" height=\"348\" class=\"wp-image-3900\" style=\"width: 150px\" src=\"https:\/\/blogsaverroes.juntadeandalucia.es\/iestrassierra\/files\/2020\/06\/logo-CRECE-1.jpg\" alt=\"\" srcset=\"https:\/\/blogsaverroes.juntadeandalucia.es\/iestrassierra\/files\/2020\/06\/logo-CRECE-1.jpg 335w, https:\/\/blogsaverroes.juntadeandalucia.es\/iestrassierra\/files\/2020\/06\/logo-CRECE-1-289x300.jpg 289w\" sizes=\"(max-width: 335px) 100vw, 335px\" \/><\/p>\n\n\n\n<p class=\"has-very-dark-gray-color has-text-color\"><strong>Duraci\u00f3n:<\/strong> Desde septiembre de 2019 a agosto de 2021<\/p>\n\n\n\n<p class=\"has-very-dark-gray-color has-text-color\"><strong>Subvenci\u00f3n aprobada por el SEPIE:<\/strong> 101382 \u20ac<\/p>\n\n\n\n<p class=\"has-very-dark-gray-color has-text-color\"><strong>Socios participantes:<\/strong><\/p>\n\n\n\n<ul><li><span class=\"has-inline-color has-vivid-cyan-blue-color\">IES Trassierra<\/span><\/li><li><span class=\"has-inline-color has-vivid-cyan-blue-color\">Liceul Teoretic Bilingv Miguel de Cervantes (Bucarest, Ruman\u00eda)<\/span><\/li><li><span class=\"has-inline-color has-vivid-cyan-blue-color\">Liceo Scientifico Statale Giordano Bruno (N\u00e1poles, Italia)<\/span><\/li><\/ul>\n\n\n\n<p class=\"has-very-dark-gray-color has-text-color\"><strong>Resumen del proyecto:<\/strong><\/p>\n\n\n\n<p class=\"has-very-dark-gray-color has-text-color\">CREando y Comunicando Europa (CRECE) nace de varias necesidades y de una inquietud. La primera es acercar a nuestro alumnado a la realidad social en que vivimos, que se ve modificada continuamente a consecuencia de la globalizaci\u00f3n. Las relaciones sociales, las diferencias de g\u00e9nero, las migraciones y las manifestaciones culturales son algunos de los aspectos en los que esta la manifiesta. En segundo lugar, nos parece queremos utilizar algunas metodolog\u00edas&nbsp; TICs&nbsp; como la grabaci\u00f3n de podcasts, la poes\u00eda visual y la creaci\u00f3n de v\u00eddeos para estimular no solo la capacidad cr\u00edtica sino tambi\u00e9n la creativa tanto en su aspecto ling\u00fc\u00edstico como en el pl\u00e1stico y visual<\/p>\n\n\n\n<p><strong>Calendario de movilidades:<\/strong><\/p>\n\n\n\n<figure class=\"wp-block-table\"><table class=\"has-subtle-pale-pink-background-color has-background\"><tbody><tr><td><strong>Localidad<\/strong><\/td><td><strong>Fecha<\/strong><\/td><td><strong>Actividad principal<\/strong><\/td><td>&nbsp;<\/td><\/tr><tr><td><span class=\"has-inline-color has-luminous-vivid-amber-color\"><strong>Bucarest<\/strong><\/span><\/td><td>20\/26 octubre 2019<\/td><td>Formaci\u00f3n y coordinaci\u00f3n del profesorado.<\/td><td>&nbsp;<a href=\"https:\/\/drive.google.com\/file\/d\/1-ODBXsHwuXHEmHWaG6Zhy1_Dx6CRaEaS\/view?usp=sharing\"><span class=\"has-inline-color has-vivid-red-color\">v\u00eddeo<\/span><\/a><\/td><\/tr><tr><td><span class=\"has-inline-color has-vivid-green-cyan-color\"><strong>N\u00e1poles<\/strong><\/span><\/td><td>&nbsp;<\/td><td>Movilidad de alumnado. Podcast radio.<\/td><td>&nbsp;<\/td><\/tr><tr><td><span class=\"has-inline-color has-luminous-vivid-amber-color\"><strong>Bucarest<\/strong><\/span><\/td><td>&nbsp;<\/td><td>Movilidad de alumnado. Poes\u00eda Visual.<\/td><td>&nbsp;<\/td><\/tr><tr><td><span class=\"has-inline-color has-vivid-red-color\"><strong>C\u00f3rdob<\/strong>a<\/span><\/td><td>&nbsp;<\/td><td>Movilidad de alumnado. Videocreaci\u00f3n.<\/td><td>&nbsp;<\/td><\/tr><\/tbody><\/table><\/figure>\n\n\n\n<p><a href=\"https:\/\/ec.europa.eu\/programmes\/erasmus-plus\/projects\/eplus-project-details\/#project\/2019-1-ES01-KA229-063876\"><span class=\"has-inline-color has-vivid-red-color\">Pinche aqu\u00ed para ver la ficha del proyecto en la plataforma oficial de resultados Erasmus+<\/span><\/a><span class=\"has-inline-color has-vivid-red-color\">.<\/span><\/p>\n\n\n\n<p class=\"has-text-align-left has-medium-font-size\"><strong><span style=\"text-decoration: underline\"><span class=\"has-inline-color has-vivid-cyan-blue-color\"><a href=\"http:\/\/maths-everywhere.eu\/\">MATHS EVERYWHERE<\/a><\/span><\/span><\/strong>                                        <img loading=\"lazy\" decoding=\"async\" width=\"400\" height=\"400\" class=\"wp-image-3908\" style=\"width: 160px\" src=\"https:\/\/blogsaverroes.juntadeandalucia.es\/iestrassierra\/files\/2020\/06\/Maths-everywhere.jpg\" alt=\"\" srcset=\"https:\/\/blogsaverroes.juntadeandalucia.es\/iestrassierra\/files\/2020\/06\/Maths-everywhere.jpg 400w, https:\/\/blogsaverroes.juntadeandalucia.es\/iestrassierra\/files\/2020\/06\/Maths-everywhere-300x300.jpg 300w, https:\/\/blogsaverroes.juntadeandalucia.es\/iestrassierra\/files\/2020\/06\/Maths-everywhere-150x150.jpg 150w\" sizes=\"(max-width: 400px) 100vw, 400px\" \/><\/p>\n\n\n\n<p class=\"has-very-dark-gray-color has-text-color\"><strong>Duraci\u00f3n: <\/strong>Desde septiembre de 2019 a agosto de 2021<\/p>\n\n\n\n<p><strong>Subvenci\u00f3n aprobada por el SEPIE:<\/strong> 138680 \u20ac<\/p>\n\n\n\n<p class=\"has-very-dark-gray-color has-text-color\"><strong>Socios participantes:<\/strong><\/p>\n\n\n\n<ul><li><span class=\"has-inline-color has-vivid-cyan-blue-color\">IES Trassierra (centro coordinador)<\/span><\/li><li><span class=\"has-inline-color has-vivid-cyan-blue-color\">Galatasaray Lisesi (Estambul, Turqu\u00eda)<\/span><\/li><li><span class=\"has-inline-color has-vivid-cyan-blue-color\">IIS Enrico Fermi (Montesarchio, Italia)<\/span><\/li><li><span class=\"has-inline-color has-vivid-cyan-blue-color\">1o Geniko Lykeio Iliou (Atenas, Grecia)<\/span><\/li><li><span class=\"has-inline-color has-vivid-cyan-blue-color\">Riga Secondary School No. 25 (Riga, Letonia)<\/span><\/li><\/ul>\n\n\n\n<p class=\"has-very-dark-gray-color has-text-color\"><strong>Resumen del proyecto:<\/strong><\/p>\n\n\n\n<p class=\"has-very-dark-gray-color has-text-color\">El objetivo principal de este proyecto es investigar la relaci\u00f3n que existe entre las Matem\u00e1ticas y otras disciplinas con las que habitualmente no se asocian: Filosof\u00eda, M\u00fasica, Arte, Econom\u00eda, etc. Esta investigaci\u00f3n se realizar\u00e1 fomentando los aspectos m\u00e1s l\u00fadicos de las matem\u00e1ticas con actividades que no siempre tienen cabida en la programaci\u00f3n del trabajo en el aula. Para una informaci\u00f3n m\u00e1s detallada se recomienda visitar la p\u00e1gina del proyecto en eTwinning y seguir la cuenta oficial de Twitter y Facebook.<\/p>\n\n\n\n<p class=\"has-very-dark-gray-color has-text-color\"><strong>Calendario de movilidades:<\/strong><\/p>\n\n\n\n<figure class=\"wp-block-table is-style-regular\"><table class=\"has-subtle-pale-pink-background-color has-background\"><tbody><tr><td><strong>Localidad<\/strong><\/td><td><strong>Fecha<\/strong><\/td><td><strong>Actividad principal<\/strong><\/td><td>&nbsp;<\/td><\/tr><tr><td><span class=\"has-inline-color has-luminous-vivid-amber-color\"><strong>Estambul<\/strong><\/span><\/td><td>20\/26 octubre 2019<\/td><td>Formaci\u00f3n y coordinaci\u00f3n del profesorado<\/td><td>\u00a0<a href=\"https:\/\/drive.google.com\/file\/d\/1QARB9DO3hJGSs8q3WcqBCJDO7hyt1H7L\/view?usp=sharing\"><span class=\"has-inline-color has-vivid-red-color\">video<\/span><\/a><\/td><\/tr><tr><td><span class=\"has-inline-color has-vivid-green-cyan-color\"><strong>Montesarchio<\/strong><\/span><\/td><td>16\/22 febrero 2020<\/td><td>Movilidad de alumnado. Gymkhana matem\u00e1tica<\/td><td> <a href=\"https:\/\/drive.google.com\/file\/d\/1133zaeXl4v2ub1yLkFPD1oY70-lqha2U\/view?usp=sharing\"><span class=\"has-inline-color has-vivid-red-color\">video<\/span><\/a><\/td><\/tr><tr><td><span class=\"has-inline-color has-vivid-red-color\"><strong>Riga<\/strong><\/span><\/td><td>&nbsp;<\/td><td>Movilidad de alumnado. Matem\u00e1ticas y finanzas<\/td><td>&nbsp;<\/td><\/tr><tr><td><span class=\"has-inline-color has-pale-cyan-blue-color\"><strong>Atenas<\/strong><\/span><\/td><td>\u00a008\/12 noviembre 2021<\/td><td>Movilidad de alumnado. Matem\u00e1ticas y m\u00fasica<\/td><td>\u00a0<a href=\"https:\/\/www.youtube.com\/playlist?list=PLIPInt80vAAEQUDPxEZFuDX7IlaAW0RBG\">video<\/a><\/td><\/tr><tr><td><span class=\"has-inline-color has-vivid-red-color\"><strong>C\u00f3rdoba<\/strong><\/span><\/td><td>&nbsp;<\/td><td>Movilidad de alumnado. Juegos y matem\u00e1ticas<\/td><td>&nbsp;<\/td><\/tr><\/tbody><\/table><\/figure>\n\n\n\n<p class=\"has-very-dark-gray-color has-text-color\">Los detalles anteriormente expuestos son s\u00f3lo una pincelada de los aspectos en los que hemos trabajado, si est\u00e1 interesado en conocer todo el proyecto pinche en el siguiente enlace:<\/p>\n\n\n\n<p><a href=\"http:\/\/maths-everywhere.eu\/\"><span class=\"has-inline-color has-vivid-red-color\">Proyecto <strong>MATHS EVERYWHERE<\/strong><\/span> <span class=\"has-inline-color has-vivid-red-color\">completo<\/span><\/a><\/p>\n\n\n\n<p><a href=\"https:\/\/ec.europa.eu\/programmes\/erasmus-plus\/projects\/eplus-project-details\/#project\/2019-1-ES01-KA229-064352\"><span style=\"color:#e11a1a\" class=\"has-inline-color\">Pinche aqu\u00ed para ver la ficha del proyecto en la plataforma oficial de resultados Erasmus+<\/span><\/a>.<\/p>\n\n\n\n<p class=\"has-medium-font-size\"><span class=\"has-inline-color has-vivid-cyan-blue-color\"><strong><span style=\"text-decoration: underline\"><a href=\"http:\/\/eac.iestrassierra.net\/\">EUROPEAN ACTIVE CITIZENSHIP<\/a><\/span><\/strong><\/span><\/p>\n\n\n\n<p class=\"has-medium-font-size\"><img loading=\"lazy\" decoding=\"async\" width=\"2175\" height=\"1022\" class=\"wp-image-3910\" style=\"width: 175px\" src=\"https:\/\/blogsaverroes.juntadeandalucia.es\/iestrassierra\/files\/2020\/06\/logo-EAC.png\" alt=\"\" srcset=\"https:\/\/blogsaverroes.juntadeandalucia.es\/iestrassierra\/files\/2020\/06\/logo-EAC.png 2175w, https:\/\/blogsaverroes.juntadeandalucia.es\/iestrassierra\/files\/2020\/06\/logo-EAC-1280x601.png 1280w, https:\/\/blogsaverroes.juntadeandalucia.es\/iestrassierra\/files\/2020\/06\/logo-EAC-980x460.png 980w, https:\/\/blogsaverroes.juntadeandalucia.es\/iestrassierra\/files\/2020\/06\/logo-EAC-480x226.png 480w\" sizes=\"(min-width: 0px) and (max-width: 480px) 480px, (min-width: 481px) and (max-width: 980px) 980px, (min-width: 981px) and (max-width: 1280px) 1280px, (min-width: 1281px) 2175px, 100vw\" \/><\/p>\n\n\n\n<p class=\"has-very-dark-gray-color has-text-color\"><strong>Duraci\u00f3n:<\/strong> Desde septiembre de 2016 a agosto de 2018<\/p>\n\n\n\n<p class=\"has-very-dark-gray-color has-text-color\"><strong>Subvenci\u00f3n aprobada por el SEPIE:<\/strong> 105805 \u20ac<\/p>\n\n\n\n<p class=\"has-very-dark-gray-color has-text-color\"><strong>Socios participantes:<\/strong><\/p>\n\n\n\n<ul><li><span class=\"has-inline-color has-vivid-cyan-blue-color\">IES Trassierra (centro coordinador)<\/span><\/li><li><span class=\"has-inline-color has-vivid-cyan-blue-color\">XVIII Gimnazija (Zagreb, Croacia)<\/span><\/li><li><span class=\"has-inline-color has-vivid-cyan-blue-color\">IIS Raffaello (Urbino, Italia)<\/span><\/li><li><span class=\"has-inline-color has-vivid-cyan-blue-color\">Kungsv\u00e4gens skola (Sibbo, Finlandia)<\/span><\/li><li><span class=\"has-inline-color has-vivid-cyan-blue-color\">Riga Secondary School No. 25 (Riga, Letonia)<\/span><\/li><\/ul>\n\n\n\n<p class=\"has-very-dark-gray-color has-text-color\"><strong>Resumen del proyecto:<\/strong><\/p>\n\n\n\n<p class=\"has-very-dark-gray-color has-text-color\">Estudio de la implantaci\u00f3n del plan de crecimiento Europa 2020 aprobado por la Comisi\u00f3n Europea en cuatro \u00e1reas fundamentales: Cambio clim\u00e1tico y sostenibilidad energ\u00e9tica; Lucha contra la pobreza y la exclusi\u00f3n social; Migraci\u00f3n en integraci\u00f3n; y Empleo juvenil.<\/p>\n\n\n\n<p class=\"has-very-dark-gray-color has-text-color\">Pretendemos concienciar a nuestro alumnado sobre la importancia de esos objetivos y la necesidad de conocer las instituciones y pol\u00edticas europeas, al mismo tiempo que trabajan la competencia matem\u00e1tica, ling\u00fc\u00edstica y comunicativa a trav\u00e9s de podcast de radio, obras de teatro, gymkhanas matem\u00e1ticas, investigaciones estad\u00edsticas, documentaci\u00f3n y dise\u00f1o de paneles informativos, redacci\u00f3n de propuestas y memor\u00e1ndums, concurso de logotipos\u2026, etc.<\/p>\n\n\n\n<p class=\"has-very-dark-gray-color has-text-color\"><strong>Calendario de movilidades:<\/strong><\/p>\n\n\n\n<figure class=\"wp-block-table\"><table class=\"has-subtle-pale-pink-background-color has-background\"><tbody><tr><td><strong>Localidad<\/strong><\/td><td><strong>Fecha<\/strong><\/td><td><strong>Actividad principal<\/strong><\/td><td>&nbsp;<\/td><\/tr><tr><td><strong><span class=\"has-inline-color has-vivid-green-cyan-color\">Urbino<\/span><\/strong><\/td><td>16\/22 octubre 2016<\/td><td>Formaci\u00f3n y coordinaci\u00f3n del profesorado<\/td><td>&nbsp;<\/td><\/tr><tr><td><strong><span class=\"has-inline-color has-vivid-cyan-blue-color\">Zagreb<\/span><\/strong><\/td><td>5\/11 marzo 2017<\/td><td>Movilidad de alumnado. Gymkhana matem\u00e1tica<\/td><td><a href=\"https:\/\/drive.google.com\/file\/d\/1co-mdWzhVgTurQkyjNwaMjM96dLz7K1S\/view?usp=sharing\"><span class=\"has-inline-color has-vivid-red-color\">v\u00eddeo<\/span><\/a><\/td><\/tr><tr><td><strong><span class=\"has-inline-color has-luminous-vivid-orange-color\">Sibbo<\/span><\/strong><\/td><td>7\/12 mayo 2017<\/td><td>Movilidad de alumnado. Podcasts de radio<\/td><td><a href=\"https:\/\/drive.google.com\/file\/d\/1oJtkATfxy80oz09EgdY1fXNIYK-IwBOy\/view?usp=sharing\"><span class=\"has-inline-color has-vivid-red-color\">v\u00eddeo<\/span><\/a><\/td><\/tr><tr><td><strong><span class=\"has-inline-color has-vivid-red-color\">C\u00f3rdoba<\/span><\/strong><\/td><td>11\/17 febrero 2018<\/td><td>Movilidad de alumnado. Obra de teatro<\/td><td>&nbsp;<\/td><\/tr><tr><td><strong><span class=\"has-inline-color has-luminous-vivid-amber-color\">Riga<\/span><\/strong><\/td><td>6\/12 mayo 2018<\/td><td>Movilidad de alumnado. Memor\u00e1ndum<\/td><td><a href=\"https:\/\/drive.google.com\/file\/d\/1NQxQOf64azGy_IszX2g939F_gcob68XQ\/view?usp=sharing\"><span class=\"has-inline-color has-vivid-red-color\">v\u00eddeo<\/span><\/a><\/td><\/tr><\/tbody><\/table><\/figure>\n\n\n\n<p class=\"has-very-dark-gray-color has-text-color\">Los detalles anteriormente expuestos son s\u00f3lo una pincelada de los aspectos en los que hemos trabajado, si est\u00e1 interesado en conocer todo el proyecto pinche en el siguiente enlace:<\/p>\n\n\n\n<p><a href=\"http:\/\/eac.iestrassierra.net\/\"><span class=\"has-inline-color has-vivid-red-color\">Proyecto completo <strong>EUROPEAN ACTIVE CITIZENSHIP<\/strong><\/span><\/a><\/p>\n\n\n\n<p><a href=\"https:\/\/ec.europa.eu\/programmes\/erasmus-plus\/projects\/eplus-project-details\/#project\/2016-1-ES01-KA219-025186\"><span class=\"has-inline-color has-vivid-red-color\">Pinche aqu\u00ed para ver la ficha del proyecto en la plataforma oficial de resultados Erasmus+<\/span><\/a><\/p>\n","protected":false},"excerpt":{"rendered":"<p>Desde el a\u00f1o 2016 el IES Trassierra ha participado, como centro coordinador, en tres proyectos Erasmus+ de asociaciones escolares para la innovaci\u00f3n y el intercambio de buenas pr\u00e1cticas: CREANDO Y COMUNICANDO EUROPA (CRECE) Duraci\u00f3n: Desde septiembre de 2019 a agosto de 2021 Subvenci\u00f3n aprobada por el SEPIE: 101382 \u20ac Socios participantes: IES Trassierra Liceul Teoretic [&hellip;]<\/p>\n","protected":false},"author":11007,"featured_media":0,"parent":0,"menu_order":0,"comment_status":"closed","ping_status":"closed","template":"","meta":{"_et_pb_use_builder":"","_et_pb_old_content":"","_et_gb_content_width":"","ngg_post_thumbnail":0,"footnotes":""},"aioseo_notices":[],"_links":{"self":[{"href":"https:\/\/blogsaverroes.juntadeandalucia.es\/iestrassierra\/wp-json\/wp\/v2\/pages\/3897"}],"collection":[{"href":"https:\/\/blogsaverroes.juntadeandalucia.es\/iestrassierra\/wp-json\/wp\/v2\/pages"}],"about":[{"href":"https:\/\/blogsaverroes.juntadeandalucia.es\/iestrassierra\/wp-json\/wp\/v2\/types\/page"}],"author":[{"embeddable":true,"href":"https:\/\/blogsaverroes.juntadeandalucia.es\/iestrassierra\/wp-json\/wp\/v2\/users\/11007"}],"replies":[{"embeddable":true,"href":"https:\/\/blogsaverroes.juntadeandalucia.es\/iestrassierra\/wp-json\/wp\/v2\/comments?post=3897"}],"version-history":[{"count":0,"href":"https:\/\/blogsaverroes.juntadeandalucia.es\/iestrassierra\/wp-json\/wp\/v2\/pages\/3897\/revisions"}],"wp:attachment":[{"href":"https:\/\/blogsaverroes.juntadeandalucia.es\/iestrassierra\/wp-json\/wp\/v2\/media?parent=3897"}],"curies":[{"name":"wp","href":"https:\/\/api.w.org\/{rel}","templated":true}]}}