{"id":3914,"date":"2020-06-29T21:12:17","date_gmt":"2020-06-29T21:12:17","guid":{"rendered":"http:\/\/www.iestrassierra.com\/?page_id=3914"},"modified":"2020-06-29T21:12:17","modified_gmt":"2020-06-29T21:12:17","slug":"plataforma-etwinning","status":"publish","type":"page","link":"https:\/\/blogsaverroes.juntadeandalucia.es\/iestrassierra\/plataforma-etwinning\/","title":{"rendered":"Plataforma eTwinning"},"content":{"rendered":"\n<figure class=\"wp-block-image size-large is-resized\"><img loading=\"lazy\" decoding=\"async\" src=\"https:\/\/blogsaverroes.juntadeandalucia.es\/iestrassierra\/files\/2020\/06\/03.-eTwinning.png\" alt=\"\" class=\"wp-image-3915\" width=\"358\" height=\"108\" \/><\/figure>\n\n\n\n<p class=\"has-text-color has-very-dark-gray-color\"><strong>La plataforma eTwinning <\/strong>es una herramienta pedag\u00f3gica de suma importancia en el IES Trassierra. Desde el departamento de Formaci\u00f3n Evaluaci\u00f3n e Innovaci\u00f3n Educativa se han organizado microtalleres para el profesorado interesado, y el fomento de su uso es uno de los objetivos del Plan de Mejora para el curso 19\/20 especialmente entre los participantes del proyecto biling\u00fce y de los proyectos Erasmus+.<\/p>\n\n\n\n<p class=\"has-text-color has-very-dark-gray-color\">Desde aqu\u00ed se puede acceder a todos los twinspaces de los proyectos:<\/p>\n\n\n\n<figure class=\"wp-block-table aligncenter is-style-stripes\"><table class=\"has-subtle-pale-pink-background-color has-background\"><tbody><tr><td class=\"has-text-align-center\" data-align=\"center\"><a href=\"https:\/\/twinspace.etwinning.net\/26224\/home\"><strong><span class=\"has-inline-color has-vivid-red-color\">Maths in our life<\/span><\/strong><\/a><\/td><td><img loading=\"lazy\" decoding=\"async\" width=\"682\" height=\"500\" class=\"wp-image-3916\" style=\"width: 150px\" src=\"https:\/\/blogsaverroes.juntadeandalucia.es\/iestrassierra\/files\/2020\/06\/01.Maths-in-our-life.jpg\" alt=\"\" srcset=\"https:\/\/blogsaverroes.juntadeandalucia.es\/iestrassierra\/files\/2020\/06\/01.Maths-in-our-life.jpg 682w, https:\/\/blogsaverroes.juntadeandalucia.es\/iestrassierra\/files\/2020\/06\/01.Maths-in-our-life-480x352.jpg 480w\" sizes=\"(min-width: 0px) and (max-width: 480px) 480px, (min-width: 481px) 682px, 100vw\" \/><\/td><\/tr><tr><td class=\"has-text-align-center\" data-align=\"center\"><a href=\"https:\/\/twinspace.etwinning.net\/17263\/home\"><span class=\"has-inline-color has-vivid-red-color\"><strong>European Active Citizenship<\/strong><\/span><\/a><\/td><td>\u00a0<img loading=\"lazy\" decoding=\"async\" width=\"2175\" height=\"1022\" class=\"wp-image-3917\" style=\"width: 150px\" src=\"https:\/\/blogsaverroes.juntadeandalucia.es\/iestrassierra\/files\/2020\/06\/02.-European-Active-Citizenship.png\" alt=\"\" srcset=\"https:\/\/blogsaverroes.juntadeandalucia.es\/iestrassierra\/files\/2020\/06\/02.-European-Active-Citizenship.png 2175w, https:\/\/blogsaverroes.juntadeandalucia.es\/iestrassierra\/files\/2020\/06\/02.-European-Active-Citizenship-1280x601.png 1280w, https:\/\/blogsaverroes.juntadeandalucia.es\/iestrassierra\/files\/2020\/06\/02.-European-Active-Citizenship-980x460.png 980w, https:\/\/blogsaverroes.juntadeandalucia.es\/iestrassierra\/files\/2020\/06\/02.-European-Active-Citizenship-480x226.png 480w\" sizes=\"(min-width: 0px) and (max-width: 480px) 480px, (min-width: 481px) and (max-width: 980px) 980px, (min-width: 981px) and (max-width: 1280px) 1280px, (min-width: 1281px) 2175px, 100vw\" \/><\/td><\/tr><tr><td class=\"has-text-align-center\" data-align=\"center\"><a href=\"https:\/\/twinspace.etwinning.net\/28778\/home\"><span class=\"has-inline-color has-vivid-red-color\"><strong>Gymkhana EAC<\/strong><\/span><\/a><\/td><td>\u00a0<img loading=\"lazy\" decoding=\"async\" width=\"2175\" height=\"1022\" class=\"wp-image-3918\" style=\"width: 150px\" src=\"https:\/\/blogsaverroes.juntadeandalucia.es\/iestrassierra\/files\/2020\/06\/03.-Gymkhana-EAC.png\" alt=\"\" srcset=\"https:\/\/blogsaverroes.juntadeandalucia.es\/iestrassierra\/files\/2020\/06\/03.-Gymkhana-EAC.png 2175w, https:\/\/blogsaverroes.juntadeandalucia.es\/iestrassierra\/files\/2020\/06\/03.-Gymkhana-EAC-1280x601.png 1280w, https:\/\/blogsaverroes.juntadeandalucia.es\/iestrassierra\/files\/2020\/06\/03.-Gymkhana-EAC-980x460.png 980w, https:\/\/blogsaverroes.juntadeandalucia.es\/iestrassierra\/files\/2020\/06\/03.-Gymkhana-EAC-480x226.png 480w\" sizes=\"(min-width: 0px) and (max-width: 480px) 480px, (min-width: 481px) and (max-width: 980px) 980px, (min-width: 981px) and (max-width: 1280px) 1280px, (min-width: 1281px) 2175px, 100vw\" \/><\/td><\/tr><tr><td class=\"has-text-align-center\" data-align=\"center\"><a href=\"https:\/\/twinspace.etwinning.net\/34025\/home\"><span class=\"has-inline-color has-vivid-red-color\"><strong>EAC Radio Podcasts<\/strong><\/span><\/a><\/td><td>\u00a0<img loading=\"lazy\" decoding=\"async\" width=\"2175\" height=\"1022\" class=\"wp-image-3919\" style=\"width: 150px\" src=\"https:\/\/blogsaverroes.juntadeandalucia.es\/iestrassierra\/files\/2020\/06\/04.-Podcasts-EAC.png\" alt=\"\" srcset=\"https:\/\/blogsaverroes.juntadeandalucia.es\/iestrassierra\/files\/2020\/06\/04.-Podcasts-EAC.png 2175w, https:\/\/blogsaverroes.juntadeandalucia.es\/iestrassierra\/files\/2020\/06\/04.-Podcasts-EAC-1280x601.png 1280w, https:\/\/blogsaverroes.juntadeandalucia.es\/iestrassierra\/files\/2020\/06\/04.-Podcasts-EAC-980x460.png 980w, https:\/\/blogsaverroes.juntadeandalucia.es\/iestrassierra\/files\/2020\/06\/04.-Podcasts-EAC-480x226.png 480w\" sizes=\"(min-width: 0px) and (max-width: 480px) 480px, (min-width: 481px) and (max-width: 980px) 980px, (min-width: 981px) and (max-width: 1280px) 1280px, (min-width: 1281px) 2175px, 100vw\" \/><\/td><\/tr><tr><td class=\"has-text-align-center\" data-align=\"center\"><a href=\"https:\/\/twinspace.etwinning.net\/46592\/home\"><span class=\"has-inline-color has-vivid-red-color\"><strong>The Right Decision<\/strong><\/span><\/a><\/td><td>\u00a0<img loading=\"lazy\" decoding=\"async\" width=\"392\" height=\"556\" class=\"wp-image-3920\" style=\"width: 150px\" src=\"https:\/\/blogsaverroes.juntadeandalucia.es\/iestrassierra\/files\/2020\/06\/05.-The-right-decision.png\" alt=\"\" srcset=\"https:\/\/blogsaverroes.juntadeandalucia.es\/iestrassierra\/files\/2020\/06\/05.-The-right-decision.png 392w, https:\/\/blogsaverroes.juntadeandalucia.es\/iestrassierra\/files\/2020\/06\/05.-The-right-decision-212x300.png 212w\" sizes=\"(max-width: 392px) 100vw, 392px\" \/><\/td><\/tr><tr><td class=\"has-text-align-center\" data-align=\"center\"><a href=\"https:\/\/twinspace.etwinning.net\/61227\/home\"><span class=\"has-inline-color has-vivid-red-color\"><strong>Memorandum EAC<\/strong><\/span><\/a><\/td><td>\u00a0<img loading=\"lazy\" decoding=\"async\" width=\"2175\" height=\"1022\" class=\"wp-image-3921\" style=\"width: 150px\" src=\"https:\/\/blogsaverroes.juntadeandalucia.es\/iestrassierra\/files\/2020\/06\/06.-Memorandum-EAC.png\" alt=\"\" srcset=\"https:\/\/blogsaverroes.juntadeandalucia.es\/iestrassierra\/files\/2020\/06\/06.-Memorandum-EAC.png 2175w, https:\/\/blogsaverroes.juntadeandalucia.es\/iestrassierra\/files\/2020\/06\/06.-Memorandum-EAC-1280x601.png 1280w, https:\/\/blogsaverroes.juntadeandalucia.es\/iestrassierra\/files\/2020\/06\/06.-Memorandum-EAC-980x460.png 980w, https:\/\/blogsaverroes.juntadeandalucia.es\/iestrassierra\/files\/2020\/06\/06.-Memorandum-EAC-480x226.png 480w\" sizes=\"(min-width: 0px) and (max-width: 480px) 480px, (min-width: 481px) and (max-width: 980px) 980px, (min-width: 981px) and (max-width: 1280px) 1280px, (min-width: 1281px) 2175px, 100vw\" \/><\/td><\/tr><tr><td class=\"has-text-align-center\" data-align=\"center\"><a href=\"https:\/\/twinspace.etwinning.net\/83790\/home\"><span class=\"has-inline-color has-vivid-red-color\"><strong>Maths Everywhere<\/strong><\/span><\/a><\/td><td>\u00a0<img loading=\"lazy\" decoding=\"async\" width=\"400\" height=\"400\" class=\"wp-image-3922\" style=\"width: 150px\" src=\"https:\/\/blogsaverroes.juntadeandalucia.es\/iestrassierra\/files\/2020\/06\/07.-Maths-everywhere.jpg\" alt=\"\" srcset=\"https:\/\/blogsaverroes.juntadeandalucia.es\/iestrassierra\/files\/2020\/06\/07.-Maths-everywhere.jpg 400w, https:\/\/blogsaverroes.juntadeandalucia.es\/iestrassierra\/files\/2020\/06\/07.-Maths-everywhere-300x300.jpg 300w, https:\/\/blogsaverroes.juntadeandalucia.es\/iestrassierra\/files\/2020\/06\/07.-Maths-everywhere-150x150.jpg 150w\" sizes=\"(max-width: 400px) 100vw, 400px\" \/><\/td><\/tr><tr><td class=\"has-text-align-center\" data-align=\"center\"><a href=\"https:\/\/twinspace.etwinning.net\/85683\/home\"><span class=\"has-inline-color has-vivid-red-color\"><strong>CRECE<\/strong><\/span><\/a><\/td><td>\u00a0<img decoding=\"async\" class=\"wp-image-3923\" style=\"width: 150px\" src=\"http:\/\/www.iestrassierra.com\/wp-content\/uploads\/2020\/06\/08.-CRECE.jpg\" alt=\"\"><\/td><\/tr><tr><td class=\"has-text-align-center\" data-align=\"center\"><a href=\"https:\/\/twinspace.etwinning.net\/99007\/home\"><span class=\"has-inline-color has-vivid-red-color\"><strong>Maths in the streets<\/strong><\/span><\/a><\/td><td>\u00a0<img loading=\"lazy\" decoding=\"async\" width=\"537\" height=\"400\" class=\"wp-image-3924\" style=\"width: 150px\" src=\"https:\/\/blogsaverroes.juntadeandalucia.es\/iestrassierra\/files\/2020\/06\/09.-Maths-in-the-streets.jpg\" alt=\"\" srcset=\"https:\/\/blogsaverroes.juntadeandalucia.es\/iestrassierra\/files\/2020\/06\/09.-Maths-in-the-streets.jpg 537w, https:\/\/blogsaverroes.juntadeandalucia.es\/iestrassierra\/files\/2020\/06\/09.-Maths-in-the-streets-480x358.jpg 480w\" sizes=\"(min-width: 0px) and (max-width: 480px) 480px, (min-width: 481px) 537px, 100vw\" \/><\/td><\/tr><tr><td class=\"has-text-align-center\" data-align=\"center\"><a href=\"https:\/\/twinspace.etwinning.net\/107115\/home\"><span class=\"has-inline-color has-vivid-red-color\"><strong>School Exchange Stockholm Cordoba<\/strong><\/span><\/a><\/td><td>\u00a0<img loading=\"lazy\" decoding=\"async\" width=\"371\" height=\"326\" class=\"wp-image-3925\" style=\"width: 150px\" src=\"https:\/\/blogsaverroes.juntadeandalucia.es\/iestrassierra\/files\/2020\/06\/10.-intercambio.png\" alt=\"\" srcset=\"https:\/\/blogsaverroes.juntadeandalucia.es\/iestrassierra\/files\/2020\/06\/10.-intercambio.png 371w, https:\/\/blogsaverroes.juntadeandalucia.es\/iestrassierra\/files\/2020\/06\/10.-intercambio-300x264.png 300w\" sizes=\"(max-width: 371px) 100vw, 371px\" \/><\/td><\/tr><\/tbody><\/table><\/figure>\n","protected":false},"excerpt":{"rendered":"<p>La plataforma eTwinning es una herramienta pedag\u00f3gica de suma importancia en el IES Trassierra. Desde el departamento de Formaci\u00f3n Evaluaci\u00f3n e Innovaci\u00f3n Educativa se han organizado microtalleres para el profesorado interesado, y el fomento de su uso es uno de los objetivos del Plan de Mejora para el curso 19\/20 especialmente entre los participantes del [&hellip;]<\/p>\n","protected":false},"author":11007,"featured_media":3915,"parent":0,"menu_order":0,"comment_status":"closed","ping_status":"closed","template":"","meta":{"_et_pb_use_builder":"","_et_pb_old_content":"","_et_gb_content_width":"","ngg_post_thumbnail":0,"footnotes":""},"aioseo_notices":[],"_links":{"self":[{"href":"https:\/\/blogsaverroes.juntadeandalucia.es\/iestrassierra\/wp-json\/wp\/v2\/pages\/3914"}],"collection":[{"href":"https:\/\/blogsaverroes.juntadeandalucia.es\/iestrassierra\/wp-json\/wp\/v2\/pages"}],"about":[{"href":"https:\/\/blogsaverroes.juntadeandalucia.es\/iestrassierra\/wp-json\/wp\/v2\/types\/page"}],"author":[{"embeddable":true,"href":"https:\/\/blogsaverroes.juntadeandalucia.es\/iestrassierra\/wp-json\/wp\/v2\/users\/11007"}],"replies":[{"embeddable":true,"href":"https:\/\/blogsaverroes.juntadeandalucia.es\/iestrassierra\/wp-json\/wp\/v2\/comments?post=3914"}],"version-history":[{"count":0,"href":"https:\/\/blogsaverroes.juntadeandalucia.es\/iestrassierra\/wp-json\/wp\/v2\/pages\/3914\/revisions"}],"wp:featuredmedia":[{"embeddable":true,"href":"https:\/\/blogsaverroes.juntadeandalucia.es\/iestrassierra\/wp-json\/wp\/v2\/media\/3915"}],"wp:attachment":[{"href":"https:\/\/blogsaverroes.juntadeandalucia.es\/iestrassierra\/wp-json\/wp\/v2\/media?parent=3914"}],"curies":[{"name":"wp","href":"https:\/\/api.w.org\/{rel}","templated":true}]}}