{"id":3994,"date":"2020-07-12T12:08:35","date_gmt":"2020-07-12T12:08:35","guid":{"rendered":"http:\/\/www.iestrassierra.com\/?page_id=3994"},"modified":"2020-07-12T12:08:35","modified_gmt":"2020-07-12T12:08:35","slug":"garantias-procedimentales","status":"publish","type":"page","link":"https:\/\/blogsaverroes.juntadeandalucia.es\/iestrassierra\/garantias-procedimentales\/","title":{"rendered":"GARANT\u00cdAS PROCEDIMENTALES PARA EL ALUMNADO"},"content":{"rendered":"\n<div class=\"wp-block-cover has-background-dim\" style=\"min-height:377px\"><video class=\"wp-block-cover__video-background intrinsic-ignore\" autoplay muted loop src=\"https:\/\/blogsaverroes.juntadeandalucia.es\/iestrassierra\/files\/2020\/07\/logoJuntapeque\u00f1o.mp4\" data-object-fit=\"cover\"><\/video><div class=\"wp-block-cover__inner-container is-layout-flow wp-block-cover-is-layout-flow\">\n<p class=\"has-text-align-center has-large-font-size\">Curso 2020-2021<\/p>\n<\/div><\/div>\n\n\n\n<h6 class=\"wp-block-heading\">Garant\u00edas procedimentales<\/h6>\n\n\n\n<p>Los representantes legales del alumnado podr\u00e1n instar el procedimiento de revisi\u00f3n de la calificaci\u00f3n final obtenida en una materia y respecto a la decisi\u00f3n de promoci\u00f3n adoptada en los plazos establecidos, bien en junio, bien en septiembre, cuando consideren lesionado su derecho y por ende puedan justificar su reclamaci\u00f3n, una vez agotadas las aclaraciones verbales pertinentes con el profesorado. No proceder\u00e1 iniciar el procedimiento de revisi\u00f3n de calificaciones hasta el momento en el que \u00e9stas tengan la consideraci\u00f3n de calificaci\u00f3n final en las correspondientes actas de evaluaci\u00f3n.<\/p>\n\n\n\n<p><strong>PROCESO DE RECLAMACI\u00d3N SOBRE CALIFICACIONES, PROMOCI\u00d3N O TITULACI\u00d3N<\/strong><strong><\/strong><\/p>\n\n\n\n<p>El procedimiento para ello es el siguiente:<\/p>\n\n\n\n<ul><li>Todas las reclamaciones de solicitud de revisi\u00f3n, tanto las dirigidas al Centro -primera instancia- (MOD 01) como las que se dirigen a la Delegaci\u00f3n Provincial -segunda instancia-(MOD 02), se presentar\u00e1n por escrito en la Secretar\u00eda del Centro en el plazo de dos d\u00edas h\u00e1biles a partir de aquel en que se produjo la comunicaci\u00f3n. La solicitud de revisi\u00f3n contendr\u00e1 cuantas alegaciones justifiquen la disconformidad con la calificaci\u00f3n final o la decisi\u00f3n adoptada.<\/li><li>Cuando la entrega del mencionado escrito sea para elevarlo a la Delegaci\u00f3n Territorial, se har\u00e1 entrega en el mismo momento de la recepci\u00f3n de la notificaci\u00f3n para la comunicaci\u00f3n de la Resoluci\u00f3n de la Delegaci\u00f3n (MOD 03).<\/li><li>Cuando la solicitud de revisi\u00f3n se presente fuera de plazo (dos d\u00edas h\u00e1biles a partir de la comunicaci\u00f3n), se comunicar\u00e1 al interesado su inadmisibilidad (MOD 04).<\/li><\/ul>\n\n\n\n<p><strong>Calendario curso 2020\/21<\/strong><\/p>\n\n\n\n<p>(*)&nbsp;Las familias tendr\u00e1n las siguientes opciones para solicitar aclaraciones verbales:<\/p>\n\n\n\n<ul><li>A trav\u00e9s de Pasen o iPasen. Se habilitar\u00e1 la posibilidad de que la familia escriba directamente al profesorado para solicitar las aclaraciones que estime oportunas.<\/li><li>Personalmente, previa cita con el profesor a trav\u00e9s de Pasen o del correo corporativo del profesor.<\/li><li>Se evitar\u00e1 personarse en el centro sin haber establecido una cita con el profesor o profesora correspondiente.<\/li><\/ul>\n\n\n\n<p><strong>CURSO 2\u00ba BACHILLERATO<\/strong><\/p>\n\n\n\n<figure class=\"wp-block-image size-large\"><img loading=\"lazy\" decoding=\"async\" width=\"613\" height=\"517\" src=\"https:\/\/blogsaverroes.juntadeandalucia.es\/iestrassierra\/files\/2021\/05\/imagen.png\" alt=\"\" class=\"wp-image-4514\" srcset=\"https:\/\/blogsaverroes.juntadeandalucia.es\/iestrassierra\/files\/2021\/05\/imagen.png 613w, https:\/\/blogsaverroes.juntadeandalucia.es\/iestrassierra\/files\/2021\/05\/imagen-480x405.png 480w\" sizes=\"(min-width: 0px) and (max-width: 480px) 480px, (min-width: 481px) 613px, 100vw\" \/><\/figure>\n\n\n\n<p><strong><em>Fechas de celebraci\u00f3n de las P.Ev.A.U. ordinarias: 15, 16 y 17 de junio 2021 y de las P.Ev.A.U. extraordinarias 13, 14, 15 de julio de 2021.<\/em><\/strong><\/p>\n\n\n\n<p><strong>CURSO 4\u00ba ESO<\/strong><\/p>\n\n\n\n<figure class=\"wp-block-image size-large is-resized\"><img loading=\"lazy\" decoding=\"async\" src=\"https:\/\/blogsaverroes.juntadeandalucia.es\/iestrassierra\/files\/2021\/05\/imagen-1.png\" alt=\"\" class=\"wp-image-4515\" width=\"618\" height=\"215\" srcset=\"https:\/\/blogsaverroes.juntadeandalucia.es\/iestrassierra\/files\/2021\/05\/imagen-1.png 618w, https:\/\/blogsaverroes.juntadeandalucia.es\/iestrassierra\/files\/2021\/05\/imagen-1-480x168.png 480w\" sizes=\"(min-width: 0px) and (max-width: 480px) 480px, (min-width: 481px) 618px, 100vw\" \/><\/figure>\n\n\n\n<figure class=\"wp-block-image size-large is-resized\"><img loading=\"lazy\" decoding=\"async\" src=\"https:\/\/blogsaverroes.juntadeandalucia.es\/iestrassierra\/files\/2021\/05\/imagen-2.png\" alt=\"\" class=\"wp-image-4516\" width=\"620\" height=\"204\" srcset=\"https:\/\/blogsaverroes.juntadeandalucia.es\/iestrassierra\/files\/2021\/05\/imagen-2.png 620w, https:\/\/blogsaverroes.juntadeandalucia.es\/iestrassierra\/files\/2021\/05\/imagen-2-480x158.png 480w\" sizes=\"(min-width: 0px) and (max-width: 480px) 480px, (min-width: 481px) 620px, 100vw\" \/><\/figure>\n\n\n\n<p><strong>RESTO DE ENSE\u00d1ANZAS DIFERENTES A 4\u00ba ESO Y 2\u00ba BACHILLERATO<\/strong><\/p>\n\n\n\n<figure class=\"wp-block-image size-large is-resized\"><img loading=\"lazy\" decoding=\"async\" src=\"https:\/\/blogsaverroes.juntadeandalucia.es\/iestrassierra\/files\/2021\/07\/garantias1-1024x592.png\" alt=\"\" class=\"wp-image-4697\" width=\"637\" height=\"368\" \/><\/figure>\n\n\n\n<figure class=\"wp-block-image size-large is-resized\"><img loading=\"lazy\" decoding=\"async\" src=\"https:\/\/blogsaverroes.juntadeandalucia.es\/iestrassierra\/files\/2021\/07\/garantias2-1024x572.png\" alt=\"\" class=\"wp-image-4698\" width=\"641\" height=\"357\" \/><\/figure>\n\n\n\n<p><strong>Nota<\/strong>: En algunos casos de Ciclos Formativos y Ense\u00f1anzas de R\u00e9gimen Especial podr\u00eda ser necesaria la intervenci\u00f3n de una Comisi\u00f3n Interprovincial lo que demorar\u00eda la resoluci\u00f3n.<\/p>\n\n\n\n<p><strong>Procedimiento de revisi\u00f3n ante el centro (Primera instancia).<\/strong><\/p>\n\n\n\n<p>Se pueden dar tres supuestos.<\/p>\n\n\n\n<p><strong>a) Si se solicita la revisi\u00f3n de la calificaci\u00f3n final de una materia en cualquier etapa:<\/strong><\/p>\n\n\n\n<ul><li>La solicitud de revisi\u00f3n deber\u00e1 formularse por escrito (MOD 01) y presentarse en el centro docente en el plazo de dos d\u00edas h\u00e1biles a partir de aquel en el que se produjo la comunicaci\u00f3n de la calificaci\u00f3n final o de la decisi\u00f3n de promoci\u00f3n y contendr\u00e1 cuantas alegaciones justifiquen la disconformidad con dicha calificaci\u00f3n o con la decisi\u00f3n adoptada.<\/li><li>Esta ser\u00e1 tramitada a trav\u00e9s de la jefatura de estudios, quien la trasladar\u00e1 al departamento de coordinaci\u00f3n did\u00e1ctica responsable de la materia con cuya calificaci\u00f3n se manifiesta el desacuerdo, y comunicar\u00e1 tal circunstancia al profesor tutor o profesora tutora. El profesorado del departamento contrastar\u00e1 las actuaciones seguidas en el proceso de evaluaci\u00f3n, con especial referencia a la adecuaci\u00f3n de los procedimientos e instrumentos de evaluaci\u00f3n aplicados con los recogidos en la correspondiente programaci\u00f3n did\u00e1ctica y en el proyecto educativo del centro. Tras este estudio, el departamento did\u00e1ctico elaborar\u00e1 el informe correspondiente que recoger\u00e1 la descripci\u00f3n de los hechos y actuaciones previas que hayan tenido lugar, el an\u00e1lisis realizado y la decisi\u00f3n adoptada por el mismo de ratificaci\u00f3n o modificaci\u00f3n de la calificaci\u00f3n final objeto de revisi\u00f3n. (MOD 05).<\/li><\/ul>\n\n\n\n<p>El jefe o la jefa del departamento de coordinaci\u00f3n did\u00e1ctica correspondiente trasladar\u00e1 el informe elaborado al jefe o jefa de estudios, quien informar\u00e1 al profesor tutor o profesora tutora haci\u00e9ndole entrega de una copia de dicho informe para considerar conjuntamente, en funci\u00f3n de los criterios de promoci\u00f3n establecidos con car\u00e1cter general en el centro docente, la procedencia de reunir en sesi\u00f3n extraordinaria al equipo docente, a fin de valorar la posibilidad de revisar los acuerdos y las decisiones adoptadas para dicho alumno o alumna.<\/p>\n\n\n\n<ul><li>El jefe o jefa de estudios comunicar\u00e1 por escrito al alumno o alumna y a su padre, madre o quienes ejerzan su tutela legal, la decisi\u00f3n razonada de ratificaci\u00f3n o modificaci\u00f3n de la calificaci\u00f3n revisada. (MOD 06). Asimismo informar\u00e1 de la misma al profesor tutor o profesora tutora haci\u00e9ndole entrega de una copia del escrito cursado, lo cual pondr\u00e1 t\u00e9rmino al proceso de revisi\u00f3n<\/li><li>Si tras el proceso de revisi\u00f3n procediera la modificaci\u00f3n de alguna calificaci\u00f3n final y de los consecuentes efectos de promoci\u00f3n para el alumno o alumna, el secretario o secretaria del centro docente insertar\u00e1 en las actas y, en su caso, en el expediente acad\u00e9mico y en el historial acad\u00e9mico de Bachillerato del alumno o la alumna, la oportuna diligencia, que ser\u00e1 visada por el director o directora del centro.<\/li><\/ul>\n\n\n\n<p><strong>b) Si se solicita la revisi\u00f3n de la decisi\u00f3n de promoci\u00f3n en ESO:<\/strong><\/p>\n\n\n\n<ul><li>La solicitud de revisi\u00f3n deber\u00e1 formularse por escrito y presentarse en el centro docente en el plazo de dos d\u00edas h\u00e1biles a partir de aquel en el que se produjo la comunicaci\u00f3n de la calificaci\u00f3n final o de la decisi\u00f3n de promoci\u00f3n y contendr\u00e1 cuantas alegaciones justifiquen la disconformidad con dicha calificaci\u00f3n o con la decisi\u00f3n adoptada.<\/li><li>Esta ser\u00e1 tramitada a trav\u00e9s de la jefatura de estudios, quien la trasladar\u00e1 al profesor tutor o profesora tutora del alumno o alumna, como responsable de la coordinaci\u00f3n de la sesi\u00f3n de evaluaci\u00f3n en la que se adopt\u00f3 la decisi\u00f3n.<\/li><li>Cuando la solicitud de revisi\u00f3n tenga por objeto la decisi\u00f3n de promoci\u00f3n adoptada para un alumno o alumna, se realizar\u00e1, en un plazo m\u00e1ximo de dos d\u00edas h\u00e1biles desde la finalizaci\u00f3n del per\u00edodo de solicitud de revisi\u00f3n, una reuni\u00f3n extraordinaria del equipo docente correspondiente. En dicha reuni\u00f3n se revisar\u00e1 el proceso de adopci\u00f3n de dicha decisi\u00f3n a la vista de las alegaciones presentadas. El profesor tutor o la profesora tutora recoger\u00e1 en el acta de la sesi\u00f3n extraordinaria la descripci\u00f3n de hechos y actuaciones previas que hayan tenido lugar, los puntos principales de las deliberaciones del equipo docente y la ratificaci\u00f3n o modificaci\u00f3n de la decisi\u00f3n objeto de revisi\u00f3n, razonada conforme a los criterios para la promoci\u00f3n del alumnado establecidos con car\u00e1cter general por el centro docente en el proyecto educativo. (MOD 07).<\/li><li>El jefe o jefa de estudios comunicar\u00e1 por escrito al alumno o alumna y a su padre, madre o quienes ejerzan su tutela legal, la decisi\u00f3n razonada de ratificaci\u00f3n o modificaci\u00f3n de la decisi\u00f3n de promoci\u00f3n (MOD 08), e informar\u00e1 de la misma al profesor tutor o profesora tutora haci\u00e9ndole entrega de una copia del escrito cursado, lo cual pondr\u00e1 t\u00e9rmino al proceso de revisi\u00f3n.<\/li><\/ul>\n\n\n\n<p><strong>c) Si se solicita la revisi\u00f3n de la calificaci\u00f3n final de una materia y la revisi\u00f3n de la decisi\u00f3n de promoci\u00f3n o titulaci\u00f3n en ESO:<\/strong><\/p>\n\n\n\n<ul><li>Se proceder\u00e1 conforme a lo indicado en los art\u00edculos 33 y 34 de la Orden de 14 de julio de 2016, por la que se desarrolla el curr\u00edculo correspondiente a la Educaci\u00f3n Secundaria Obligatoria en la Comunidad Aut\u00f3noma de Andaluc\u00eda<\/li><li>Si tras el proceso de revisi\u00f3n procediera la modificaci\u00f3n de alguna calificaci\u00f3n final o de la decisi\u00f3n de promoci\u00f3n en ESO, se actuar\u00e1 conforme al art\u00edculo 33 de la Orden de 14 de julio de 2016, por la que se desarrolla el curr\u00edculo correspondiente a la Educaci\u00f3n Secundaria Obligatoria en la Comunidad Aut\u00f3noma de Andaluc\u00eda, se regulan determinados aspectos de la atenci\u00f3n a la diversidad y se establece la ordenaci\u00f3n de la evaluaci\u00f3n del proceso de aprendizaje del alumnado. (MOD 14).<\/li><\/ul>\n\n\n\n<p><strong>Procedimiento de reclamaciones ante la Delegaci\u00f3n Territorial (Segunda instancia).<\/strong><\/p>\n\n\n\n<ul><li>Si tras el proceso de revisi\u00f3n persiste el desacuerdo, el interesado o interesada podr\u00e1 solicitar por escrito al Director o Directora del Centro en el plazo de 2 d\u00edas h\u00e1biles a partir de la \u00faltima comunicaci\u00f3n del Centro que eleve la reclamaci\u00f3n a la Delegaci\u00f3n Territorial de la Consejer\u00eda de Educaci\u00f3n.(MOD 02).<\/li><li>El Director o Directora presentar\u00e1 el expediente de la reclamaci\u00f3n en la Delegaci\u00f3n Territorial de la Consejer\u00eda de Educaci\u00f3n, que contendr\u00e1 ordenados los documentos relacionados en el MOD 12. Previamente, la Direcci\u00f3n del centro comunicar\u00e1 al Servicio de Inspecci\u00f3n, al tel\u00e9fono recogido en el Anexo I y II (plazos), la existencia de reclamaci\u00f3n, indicando el nombre del alumno\/a reclamante, centro, curso y materia, en cuanto tenga conocimiento de ella. Dada la brevedad de los plazos estos expedientes ser\u00e1n presentados personalmente en el Servicio de Inspecci\u00f3n (3a planta) dentro de los plazos establecidos en los anexos remitidos por la Delegaci\u00f3n, con objeto de agilizar los tr\u00e1mites. Cuando se considere necesario o conveniente se incluir\u00e1 en el expediente Informe de la Direcci\u00f3n del centro.<\/li><li>El alumnado, sus padres, madres o representantes legales podr\u00e1n solicitar copia de las pruebas y ex\u00e1menes que formen parte de los instrumentos de evaluaci\u00f3n aplicados. Dicha solicitud ser\u00e1 realizada por el interesado mediante escrito firmado y dirigido a la Direcci\u00f3n del Centro.<\/li><\/ul>\n\n\n\n<p>Los siguientes documentos contienen las garant\u00edas procedimentales completas para cada una de las etapas educativas as\u00ed como los distintos modelos de impresos:<\/p>\n\n\n\n<ul><li>Garant\u00edas procedimentales en ESO. &nbsp;<a href=\"https:\/\/drive.google.com\/file\/d\/16-kMFqGc5BQQOVcKUbE_q0rgAdDjv22U\/view?usp=sharing\"><strong><span class=\"has-inline-color has-vivid-red-color\">Anexo modelos<\/span><\/strong><\/a><\/li><li>Garant\u00edas procedimentales en Bachillerato. &nbsp;<a href=\"https:\/\/drive.google.com\/file\/d\/16-elM5dJl1HO5QYRMbv-AXWDTkz-PAOu\/view?usp=sharing\"><strong><span class=\"has-inline-color has-vivid-red-color\">Anexo modelos<\/span><\/strong><\/a><\/li><li>Garant\u00edas procedimentales en Formaci\u00f3n Profesional Inicial. <strong>&nbsp;<a href=\"https:\/\/drive.google.com\/file\/d\/160gpZs3plgCZ3JVsySfloltkPyJGTg_U\/view?usp=sharing\"><span class=\"has-inline-color has-vivid-red-color\">Anexo modelos<\/span><\/a><\/strong><\/li><\/ul>\n","protected":false},"excerpt":{"rendered":"<p>Garant\u00edas procedimentales Los representantes legales del alumnado podr\u00e1n instar el procedimiento de revisi\u00f3n de la calificaci\u00f3n final obtenida en una materia y respecto a la decisi\u00f3n de promoci\u00f3n adoptada en los plazos establecidos, bien en junio, bien en septiembre, cuando consideren lesionado su derecho y por ende puedan justificar su reclamaci\u00f3n, una vez agotadas las [&hellip;]<\/p>\n","protected":false},"author":11007,"featured_media":0,"parent":0,"menu_order":0,"comment_status":"closed","ping_status":"closed","template":"","meta":{"_et_pb_use_builder":"","_et_pb_old_content":"","_et_gb_content_width":"","ngg_post_thumbnail":0,"footnotes":""},"aioseo_notices":[],"_links":{"self":[{"href":"https:\/\/blogsaverroes.juntadeandalucia.es\/iestrassierra\/wp-json\/wp\/v2\/pages\/3994"}],"collection":[{"href":"https:\/\/blogsaverroes.juntadeandalucia.es\/iestrassierra\/wp-json\/wp\/v2\/pages"}],"about":[{"href":"https:\/\/blogsaverroes.juntadeandalucia.es\/iestrassierra\/wp-json\/wp\/v2\/types\/page"}],"author":[{"embeddable":true,"href":"https:\/\/blogsaverroes.juntadeandalucia.es\/iestrassierra\/wp-json\/wp\/v2\/users\/11007"}],"replies":[{"embeddable":true,"href":"https:\/\/blogsaverroes.juntadeandalucia.es\/iestrassierra\/wp-json\/wp\/v2\/comments?post=3994"}],"version-history":[{"count":0,"href":"https:\/\/blogsaverroes.juntadeandalucia.es\/iestrassierra\/wp-json\/wp\/v2\/pages\/3994\/revisions"}],"wp:attachment":[{"href":"https:\/\/blogsaverroes.juntadeandalucia.es\/iestrassierra\/wp-json\/wp\/v2\/media?parent=3994"}],"curies":[{"name":"wp","href":"https:\/\/api.w.org\/{rel}","templated":true}]}}