{"id":4218,"date":"2020-11-23T12:04:10","date_gmt":"2020-11-23T12:04:10","guid":{"rendered":"https:\/\/www.iestrassierra.com\/?page_id=4218"},"modified":"2020-11-23T12:04:10","modified_gmt":"2020-11-23T12:04:10","slug":"proyectos-ka103","status":"publish","type":"page","link":"https:\/\/blogsaverroes.juntadeandalucia.es\/iestrassierra\/proyectos-ka103\/","title":{"rendered":"Proyectos de Educaci\u00f3n Superior"},"content":{"rendered":"\n<figure class=\"wp-block-image size-large is-resized\"><img loading=\"lazy\" decoding=\"async\" src=\"https:\/\/blogsaverroes.juntadeandalucia.es\/iestrassierra\/files\/2019\/10\/cofinanciado-1024x249.png\" alt=\"\" class=\"wp-image-3272\" width=\"453\" height=\"110\" \/><\/figure>\n\n\n\n<p>Son proyectos para realizar movilidades alumnos y profesores de educaci\u00f3n superior. Pueden participar en estos proyectos todos los alumnos y profesores que reciban o impartan clase en cualquiera de los ciclos formativos de nivel superior de nuestro centro.<\/p>\n\n\n\n<p><strong>Para los alumnos ofrecemos la movilidad de estudiantes para pr\u00e1cticas (SMT)<\/strong><\/p>\n\n\n\n<p>Duraci\u00f3n de 2 a 12 meses &nbsp;&nbsp;&nbsp;&nbsp;<\/p>\n\n\n\n<p>Instituciones de acogida admisibles:<\/p>\n\n\n\n<ul><li>Organizaciones Activas en el mundo laboral o en los campos de la educaci\u00f3n, la formaci\u00f3n o la juventud.<\/li><li>Instituci\u00f3n de Educaci\u00f3n Superior (HEI) con ECHE.<\/li><\/ul>\n\n\n\n<p>Instituciones de acogida no admisibles:<\/p>\n\n\n\n<ul><li>Instituciones y organismos de la UE, organizaciones que gestionen programas de la UE. &nbsp;&nbsp;&nbsp;&nbsp;&nbsp;&nbsp;&nbsp;&nbsp;&nbsp;&nbsp;&nbsp; &nbsp;<\/li><\/ul>\n\n\n\n<p>Para los profesores ofrecemos movilidad para docencia (STA) y movilidad para la formaci\u00f3n (STT).<\/p>\n\n\n\n<p><strong>Modalidad movilidad de personal para docencia (STA)<\/strong><\/p>\n\n\n\n<p>Duraci\u00f3n de 2 d\u00edas a 2 meses, m\u00e1s el periodo de viaje, docencia m\u00ednima de 8 horas semanales.<\/p>\n\n\n\n<p>Instituciones de acogida admisibles:<\/p>\n\n\n\n<ul><li>Instituci\u00f3n de Educaci\u00f3n Superior (HEI) con Carta Erasmus (ECHE).<\/li><\/ul>\n\n\n\n<p><strong>Modalidad movilidad de personal para formaci\u00f3n (STT)<\/strong><\/p>\n\n\n\n<p>Eventos de formaci\u00f3n y periodos de observaci\u00f3n o formaci\u00f3n en el puesto de trabajo, no se incluyen congresos ni conferencias.<\/p>\n\n\n\n<p>Duraci\u00f3n de 2 d\u00edas a 2 meses, m\u00e1s periodo de viaje.<\/p>\n\n\n\n<p>Instituciones de acogida admisibles:<\/p>\n\n\n\n<ul><li>Instituci\u00f3n de Educaci\u00f3n Superior (HEI) con Carta Erasmus (ECHE)<\/li><li>Organizaciones activas en el mundo laboral o en los campos de la educaci\u00f3n, la formaci\u00f3n o la juventud.<\/li><\/ul>\n\n\n\n<p>Si quiere conocer la Declaraci\u00f3n de las Pol\u00edticas Erasmus pinche en los siguientes enlaces:<\/p>\n\n\n\n<p><a href=\"https:\/\/blogsaverroes.juntadeandalucia.es\/iestrassierra\/files\/2021\/05\/EPS-espanol.pdf\">Declaraci\u00f3n de las Pol\u00edticas Erasmus en espa\u00f1ol.<\/a><\/p>\n\n\n\n<p><a href=\"https:\/\/blogsaverroes.juntadeandalucia.es\/iestrassierra\/files\/2021\/05\/EPS-english.pdf\">Declaraci\u00f3n de las Pol\u00edticas Erasmus en ingl\u00e9s.<\/a><\/p>\n\n\n\n<p>Aqu\u00ed ten\u00e9is unas fotos de nuestros alumnos en el extranjero.<\/p>\n\n\n\n<figure class=\"wp-block-gallery columns-3 is-cropped wp-block-gallery-1 is-layout-flex wp-block-gallery-is-layout-flex\"><ul class=\"blocks-gallery-grid\"><li class=\"blocks-gallery-item\"><figure><img loading=\"lazy\" decoding=\"async\" width=\"512\" height=\"440\" src=\"https:\/\/blogsaverroes.juntadeandalucia.es\/iestrassierra\/files\/2020\/11\/Meryemm.png\" alt=\"\" data-id=\"4219\" data-full-url=\"https:\/\/blogsaverroes.juntadeandalucia.es\/iestrassierra\/files\/2020\/11\/Meryemm.png\" data-link=\"https:\/\/www.iestrassierra.com\/?attachment_id=4219\" class=\"wp-image-4219\" srcset=\"https:\/\/blogsaverroes.juntadeandalucia.es\/iestrassierra\/files\/2020\/11\/Meryemm.png 512w, https:\/\/blogsaverroes.juntadeandalucia.es\/iestrassierra\/files\/2020\/11\/Meryemm-480x413.png 480w\" sizes=\"(min-width: 0px) and (max-width: 480px) 480px, (min-width: 481px) 512px, 100vw\" \/><\/figure><\/li><li class=\"blocks-gallery-item\"><figure><img loading=\"lazy\" decoding=\"async\" width=\"512\" height=\"341\" src=\"https:\/\/blogsaverroes.juntadeandalucia.es\/iestrassierra\/files\/2020\/11\/JuanPedroMartos.png\" alt=\"\" data-id=\"4220\" data-full-url=\"https:\/\/blogsaverroes.juntadeandalucia.es\/iestrassierra\/files\/2020\/11\/JuanPedroMartos.png\" data-link=\"https:\/\/www.iestrassierra.com\/?attachment_id=4220\" class=\"wp-image-4220\" srcset=\"https:\/\/blogsaverroes.juntadeandalucia.es\/iestrassierra\/files\/2020\/11\/JuanPedroMartos.png 512w, https:\/\/blogsaverroes.juntadeandalucia.es\/iestrassierra\/files\/2020\/11\/JuanPedroMartos-480x320.png 480w\" sizes=\"(min-width: 0px) and (max-width: 480px) 480px, (min-width: 481px) 512px, 100vw\" \/><\/figure><\/li><li class=\"blocks-gallery-item\"><figure><img loading=\"lazy\" decoding=\"async\" width=\"1024\" height=\"768\" src=\"https:\/\/blogsaverroes.juntadeandalucia.es\/iestrassierra\/files\/2020\/11\/fotoErasmusitos-1024x768.png\" alt=\"\" data-id=\"4221\" data-full-url=\"https:\/\/blogsaverroes.juntadeandalucia.es\/iestrassierra\/files\/2020\/11\/fotoErasmusitos.png\" data-link=\"https:\/\/www.iestrassierra.com\/?attachment_id=4221\" class=\"wp-image-4221\" srcset=\"https:\/\/blogsaverroes.juntadeandalucia.es\/iestrassierra\/files\/2020\/11\/fotoErasmusitos-980x735.png 980w, https:\/\/blogsaverroes.juntadeandalucia.es\/iestrassierra\/files\/2020\/11\/fotoErasmusitos-480x360.png 480w\" sizes=\"(min-width: 0px) and (max-width: 480px) 480px, (min-width: 481px) and (max-width: 980px) 980px, (min-width: 981px) 1024px, 100vw\" \/><\/figure><\/li><\/ul><\/figure>\n","protected":false},"excerpt":{"rendered":"<p>Son proyectos para realizar movilidades alumnos y profesores de educaci\u00f3n superior. Pueden participar en estos proyectos todos los alumnos y profesores que reciban o impartan clase en cualquiera de los ciclos formativos de nivel superior de nuestro centro. Para los alumnos ofrecemos la movilidad de estudiantes para pr\u00e1cticas (SMT) Duraci\u00f3n de 2 a 12 meses [&hellip;]<\/p>\n","protected":false},"author":11007,"featured_media":0,"parent":0,"menu_order":0,"comment_status":"closed","ping_status":"closed","template":"","meta":{"_et_pb_use_builder":"","_et_pb_old_content":"","_et_gb_content_width":"","ngg_post_thumbnail":0,"footnotes":""},"aioseo_notices":[],"_links":{"self":[{"href":"https:\/\/blogsaverroes.juntadeandalucia.es\/iestrassierra\/wp-json\/wp\/v2\/pages\/4218"}],"collection":[{"href":"https:\/\/blogsaverroes.juntadeandalucia.es\/iestrassierra\/wp-json\/wp\/v2\/pages"}],"about":[{"href":"https:\/\/blogsaverroes.juntadeandalucia.es\/iestrassierra\/wp-json\/wp\/v2\/types\/page"}],"author":[{"embeddable":true,"href":"https:\/\/blogsaverroes.juntadeandalucia.es\/iestrassierra\/wp-json\/wp\/v2\/users\/11007"}],"replies":[{"embeddable":true,"href":"https:\/\/blogsaverroes.juntadeandalucia.es\/iestrassierra\/wp-json\/wp\/v2\/comments?post=4218"}],"version-history":[{"count":0,"href":"https:\/\/blogsaverroes.juntadeandalucia.es\/iestrassierra\/wp-json\/wp\/v2\/pages\/4218\/revisions"}],"wp:attachment":[{"href":"https:\/\/blogsaverroes.juntadeandalucia.es\/iestrassierra\/wp-json\/wp\/v2\/media?parent=4218"}],"curies":[{"name":"wp","href":"https:\/\/api.w.org\/{rel}","templated":true}]}}