{"id":4235,"date":"2020-11-30T18:47:45","date_gmt":"2020-11-30T18:47:45","guid":{"rendered":"https:\/\/www.iestrassierra.com\/?page_id=4235"},"modified":"2020-11-30T18:47:45","modified_gmt":"2020-11-30T18:47:45","slug":"proyecto-2017-1-es01-ka103-035709","status":"publish","type":"page","link":"https:\/\/blogsaverroes.juntadeandalucia.es\/iestrassierra\/proyecto-2017-1-es01-ka103-035709\/","title":{"rendered":"Proyecto 2017-1-ES01-KA103-035709"},"content":{"rendered":"\n<p><strong>N\u00famero del convenio de subvenci\u00f3n: <\/strong>2017-1-ES01-KA103-035709<br><strong>Fecha de inicio del proyecto:<\/strong> 01\/06\/2017<br><strong>Fecha de finalizaci\u00f3n del proyecto:<\/strong> 31\/05\/2019<br><strong>Duraci\u00f3n total del proyecto: <\/strong>24 meses<br><strong>Subvenci\u00f3n total declarada:<\/strong> 8.611 euros<br><strong>Coordinador: <\/strong>Pedro Jim\u00e9nez Latorre<br><strong>Alumnos participantes:<\/strong> Realizaron movilidad 4 alumnos, dos alumnos de ense\u00f1anza presencial uno del Ciclo Superior de Desarrollo de Aplicaciones WEB biling\u00fce (Espa\u00f1ol-Ingl\u00e9s), otra del Ciclo Superior de Administraci\u00f3n y Finanzas y dos alumnos de ense\u00f1anza semipresencial uno del Ciclo Superior de Desarrollo de Aplicaciones WEB y otro del Ciclo Superior de Desarrollo de Aplicaciones Multiplataforma. <\/p>\n\n\n\n<p>Todos ellos realizaron pr\u00e1cticas en empresas para superar el m\u00f3dulo profesional de formaci\u00f3n en centros de trabajo.<\/p>\n\n\n\n<p><br><strong>Organizaciones de acogida:<\/strong> Colanguage LTD en Gante (B\u00e9lgica) y Cr\u00e9dit Mutuel en Lemans (Francia).<\/p>\n\n\n\n<p><br><strong>Profesores participantes: <\/strong>Durante su viaje a Dublin entre el 30 de marzo y el 5 de abril de 2019, los profesores Jos\u00e9 Luis \u00c1vila Jim\u00e9nez y Pedro Jim\u00e9nez Latorre, realizaron contactos con empresas de esa ciudad. En concreto con el Departamento de Inform\u00e1tica del Banco de Irlanda, con la empresa Clubtravel y con el Dublin Institute of Technology. As\u00ed mismo realizaron un curso de formaci\u00f3n <strong>\u201cMicrosoft for Education: Powerful Tools to Create, Share and Inspire\u201d<\/strong>, de 30 horas de duraci\u00f3n.<\/p>\n\n\n\n<p><br><strong>Organizaciones de acogida:<\/strong> Europass Teacher Academy en Dublin (Irlanda).<\/p>\n","protected":false},"excerpt":{"rendered":"<p>N\u00famero del convenio de subvenci\u00f3n: 2017-1-ES01-KA103-035709Fecha de inicio del proyecto: 01\/06\/2017Fecha de finalizaci\u00f3n del proyecto: 31\/05\/2019Duraci\u00f3n total del proyecto: 24 mesesSubvenci\u00f3n total declarada: 8.611 eurosCoordinador: Pedro Jim\u00e9nez LatorreAlumnos participantes: Realizaron movilidad 4 alumnos, dos alumnos de ense\u00f1anza presencial uno del Ciclo Superior de Desarrollo de Aplicaciones WEB biling\u00fce (Espa\u00f1ol-Ingl\u00e9s), otra del Ciclo Superior de Administraci\u00f3n [&hellip;]<\/p>\n","protected":false},"author":11007,"featured_media":0,"parent":0,"menu_order":0,"comment_status":"closed","ping_status":"closed","template":"","meta":{"_et_pb_use_builder":"","_et_pb_old_content":"","_et_gb_content_width":"","ngg_post_thumbnail":0,"footnotes":""},"aioseo_notices":[],"_links":{"self":[{"href":"https:\/\/blogsaverroes.juntadeandalucia.es\/iestrassierra\/wp-json\/wp\/v2\/pages\/4235"}],"collection":[{"href":"https:\/\/blogsaverroes.juntadeandalucia.es\/iestrassierra\/wp-json\/wp\/v2\/pages"}],"about":[{"href":"https:\/\/blogsaverroes.juntadeandalucia.es\/iestrassierra\/wp-json\/wp\/v2\/types\/page"}],"author":[{"embeddable":true,"href":"https:\/\/blogsaverroes.juntadeandalucia.es\/iestrassierra\/wp-json\/wp\/v2\/users\/11007"}],"replies":[{"embeddable":true,"href":"https:\/\/blogsaverroes.juntadeandalucia.es\/iestrassierra\/wp-json\/wp\/v2\/comments?post=4235"}],"version-history":[{"count":0,"href":"https:\/\/blogsaverroes.juntadeandalucia.es\/iestrassierra\/wp-json\/wp\/v2\/pages\/4235\/revisions"}],"wp:attachment":[{"href":"https:\/\/blogsaverroes.juntadeandalucia.es\/iestrassierra\/wp-json\/wp\/v2\/media?parent=4235"}],"curies":[{"name":"wp","href":"https:\/\/api.w.org\/{rel}","templated":true}]}}