{"id":1113,"date":"2015-03-12T11:00:55","date_gmt":"2015-03-12T11:00:55","guid":{"rendered":"http:\/\/blogsaverroes.juntadeandalucia.es\/pre\/ceip\/?page_id=2"},"modified":"2017-09-28T12:22:01","modified_gmt":"2017-09-28T12:22:01","slug":"pagina-ejemplo-2","status":"publish","type":"page","link":"https:\/\/blogsaverroes.juntadeandalucia.es\/iestriana\/pagina-ejemplo-2\/","title":{"rendered":"I.E.S. TRIANA"},"content":{"rendered":"<h3><\/h3>\n<h3><\/h3>\n<h3><strong><em>LAS CLASES DE LENGUA Y CULTURA CHINA COMIENZAN EL PR\u00d3XIMO 2 DE OCTUBRE.<\/em><\/strong><\/h3>\n<p><a href=\"https:\/\/blogsaverroes.juntadeandalucia.es\/iestriana\/files\/2015\/03\/Horario-Clases-2017_2018.pdf\">Horario Clases 2017_2018<\/a><\/p>\n<p><a href=\"https:\/\/blogsaverroes.juntadeandalucia.es\/iestriana\/files\/2015\/03\/LISTAS-CHINO-2017_2018-2.pdf\">LISTAS CHINO 2017_2018 (2)<\/a><\/p>\n<p><span style=\"color: #ff0000\">\u00a0 Las listas son provisionales. La profesora podr\u00eda aconsejar cambios de nivel una vez realizada una evaluaci\u00f3n inicial del alumnado.<\/span><\/p>\n<h3><span style=\"color: #800000\">Ya se pueden recoger los cheques-libros de 2\u00ba y 4\u00ba de ESO<\/span><\/h3>\n<h3><span style=\"color: #008000\"><em>Enhorabuena a nuestra alumna Ana Isabel Bugeda D\u00edaz\u00a0<\/em><\/span><span style=\"color: #008000\"><em>que ha obtenido Premio Extraordinario de Bachillerato<\/em><\/span><\/h3>\n<p>&nbsp;<\/p>\n<p><span style=\"color: #800080\"><a style=\"color: #800080\" href=\"http:\/\/blogsaverroes.juntadeandalucia.es\/iestriana\/files\/2015\/03\/COMUNICADO-UNESCO-FRANC\u00c9S.pdf\">COMUNICADO UNESCO FRANC\u00c9S<\/a>\u00a0 \u00a0 \u00a0<a style=\"color: #800080\" href=\"http:\/\/blogsaverroes.juntadeandalucia.es\/iestriana\/files\/2015\/03\/COMUNICADO-UNESCO-IN.pdf\">COMUNICADO UNESCO INGL\u00c9S<\/a>\u00a0 \u00a0 \u00a0 \u00a0<\/span><\/p>\n<p><a style=\"color: #800080\" href=\"http:\/\/blogsaverroes.juntadeandalucia.es\/iestriana\/files\/2015\/03\/COMUNICADO-UNESCO-ESPA\u00d1OL.pdf\">COMUNICADO UNESCO ESPA\u00d1OL<\/a><br \/>\n<a href=\"http:\/\/blogsaverroes.juntadeandalucia.es\/iestriana\/files\/2015\/03\/COMUNICADO-UNESCO-ESPA\u00d1OL.pdf\"><img loading=\"lazy\" decoding=\"async\" class=\" wp-image-2301 aligncenter\" src=\"http:\/\/blogsaverroes.juntadeandalucia.es\/iestriana\/files\/2015\/03\/label-.png\" alt=\"label\" width=\"121\" height=\"121\" srcset=\"https:\/\/blogsaverroes.juntadeandalucia.es\/iestriana\/files\/2015\/03\/label-.png 144w, https:\/\/blogsaverroes.juntadeandalucia.es\/iestriana\/files\/2015\/03\/label--100x100.png 100w\" sizes=\"(max-width: 121px) 100vw, 121px\" \/><\/a><\/p>\n<table style=\"width: 100%\">\n<tbody>\n<tr>\n<td><a href=\"http:\/\/www.juntadeandalucia.es\/educacion\/moodle-centros\/41700041\/\"><img loading=\"lazy\" decoding=\"async\" class=\"alignnone wp-image-2321\" src=\"http:\/\/blogsaverroes.juntadeandalucia.es\/iestriana\/files\/2015\/03\/Unknown.jpg\" alt=\"Unknown\" width=\"97\" height=\"66\" srcset=\"https:\/\/blogsaverroes.juntadeandalucia.es\/iestriana\/files\/2015\/03\/Unknown.jpg 275w, https:\/\/blogsaverroes.juntadeandalucia.es\/iestriana\/files\/2015\/03\/Unknown-268x183.jpg 268w\" sizes=\"(max-width: 97px) 100vw, 97px\" \/><\/a><\/td>\n<td>\u00a0 \u00a0<a href=\"https:\/\/twitter.com\/iestriana\"><img loading=\"lazy\" decoding=\"async\" class=\"alignnone wp-image-2323\" src=\"http:\/\/blogsaverroes.juntadeandalucia.es\/iestriana\/files\/2015\/03\/twiter.png\" alt=\"twiter\" width=\"74\" height=\"74\" srcset=\"https:\/\/blogsaverroes.juntadeandalucia.es\/iestriana\/files\/2015\/03\/twiter.png 225w, https:\/\/blogsaverroes.juntadeandalucia.es\/iestriana\/files\/2015\/03\/twiter-150x150.png 150w, https:\/\/blogsaverroes.juntadeandalucia.es\/iestriana\/files\/2015\/03\/twiter-100x100.png 100w\" sizes=\"(max-width: 74px) 100vw, 74px\" \/><\/a><\/td>\n<td>\u00a0 \u00a0<a href=\"https:\/\/es-es.facebook.com\/IES-Triana-262554440514548\/\"><img loading=\"lazy\" decoding=\"async\" class=\"alignnone wp-image-2324\" src=\"http:\/\/blogsaverroes.juntadeandalucia.es\/iestriana\/files\/2015\/03\/Unknown.png\" alt=\"Unknown\" width=\"67\" height=\"66\" srcset=\"https:\/\/blogsaverroes.juntadeandalucia.es\/iestriana\/files\/2015\/03\/Unknown.png 225w, https:\/\/blogsaverroes.juntadeandalucia.es\/iestriana\/files\/2015\/03\/Unknown-150x150.png 150w, https:\/\/blogsaverroes.juntadeandalucia.es\/iestriana\/files\/2015\/03\/Unknown-100x100.png 100w\" sizes=\"(max-width: 67px) 100vw, 67px\" \/><\/a><\/td>\n<\/tr>\n<\/tbody>\n<\/table>\n<p>&nbsp;<\/p>\n<p>El IES Triana es un centro educativo de titularidad p\u00fablica situado en<a href=\"https:\/\/es.wikipedia.org\/wiki\/Triana_(Sevilla)\" target=\"_blank\"> pleno coraz\u00f3n del barrio del mismo nombre<\/a>, en Sevilla.<\/p>\n<p>El centro imparte estudios de <a href=\"http:\/\/www.mecd.gob.es\/educacion-mecd\/areas-educacion\/sistema-educativo\/ensenanzas\/educacion-secundaria-obligatoria.html\" target=\"_blank\">secundaria obligatoria<\/a>,<a href=\"http:\/\/w3.recursostic.edu.es\/bachillerato\/bachibac\/web\/es\/\" target=\"_blank\"> bachillerato franc\u00e9s<\/a> y<a href=\"http:\/\/www.mecd.gob.es\/educacion-mecd\/areas-educacion\/sistema-educativo\/ensenanzas\/bachillerato.html\" target=\"_blank\"> bachillerato espa\u00f1ol,<\/a> as\u00ed como <a href=\"http:\/\/asiestriana.es\" target=\"_blank\">Formaci\u00f3n Profesional de la familia profesional de Inform\u00e1tica.<\/a><\/p>\n<p><a href=\"http:\/\/blogsaverroes.juntadeandalucia.es\/iestriana\/files\/2015\/03\/entrada_ies_4.jpg\"><img loading=\"lazy\" decoding=\"async\" class=\" size-medium wp-image-2316 aligncenter\" src=\"http:\/\/blogsaverroes.juntadeandalucia.es\/iestriana\/files\/2015\/03\/entrada_ies_4-300x169.jpg\" alt=\"entrada_ies_4\" width=\"300\" height=\"169\" \/><\/a><\/p>\n<p>Desde su inauguraci\u00f3n en 1986, el IES Triana ocupa un edificio de nueva construcci\u00f3n en la calle San Jacinto, levantado en el solar de lo que antes fue la f\u00e1brica de cer\u00e1mica de <a href=\"https:\/\/es.wikipedia.org\/wiki\/Manuel_Ramos_Rejano\" target=\"_blank\">Manuel Ramos Rejano.<\/a> La edificaci\u00f3n, dise\u00f1ada por los arquitectos <a href=\"http:\/\/www.cruzyortiz.com\/\">Cruz y Ortiz<\/a>, ocupa una parcela de 4700 m<sup>2<\/sup><strong>.<\/strong><\/p>\n<p><a href=\"http:\/\/blogsaverroes.juntadeandalucia.es\/iestriana\/files\/2015\/03\/FachadaRamosRejano.jpg\"><img loading=\"lazy\" decoding=\"async\" class=\" size-medium wp-image-2317 aligncenter\" src=\"http:\/\/blogsaverroes.juntadeandalucia.es\/iestriana\/files\/2015\/03\/FachadaRamosRejano-300x206.jpg\" alt=\"FachadaRamosRejano\" width=\"300\" height=\"206\" srcset=\"https:\/\/blogsaverroes.juntadeandalucia.es\/iestriana\/files\/2015\/03\/FachadaRamosRejano-300x206.jpg 300w, https:\/\/blogsaverroes.juntadeandalucia.es\/iestriana\/files\/2015\/03\/FachadaRamosRejano-332x228.jpg 332w, https:\/\/blogsaverroes.juntadeandalucia.es\/iestriana\/files\/2015\/03\/FachadaRamosRejano.jpg 650w\" sizes=\"(max-width: 300px) 100vw, 300px\" \/><\/a><\/p>\n<p>En nuestro centro, de tama\u00f1o medio (unos 500 alumnos de media matriculados por curso), hay matriculados alumnos \u00a0de \u00a0diversas nacionalidades, en un clima de total integraci\u00f3n con el alumnado de la zona.<\/p>\n<p>En nuestro distrito escolar, hemos sido el centro con mejores resultados en las pruebas de acceso a la Universidad (convocatoria junio de 2015).<\/p>\n<p>&nbsp;<\/p>\n","protected":false},"excerpt":{"rendered":"<p>LAS CLASES DE LENGUA Y CULTURA CHINA COMIENZAN EL PR\u00d3XIMO 2 DE OCTUBRE. Horario Clases 2017_2018 LISTAS CHINO 2017_2018 (2) \u00a0 Las listas son provisionales. La profesora podr\u00eda aconsejar cambios de nivel una vez realizada una evaluaci\u00f3n inicial del alumnado. Ya se pueden recoger los cheques-libros de 2\u00ba y 4\u00ba de ESO Enhorabuena a nuestra alumna Ana Isabel Bugeda D\u00edaz\u00a0que&#46;&#46;&#46;<\/p>\n","protected":false},"author":1,"featured_media":0,"parent":0,"menu_order":0,"comment_status":"open","ping_status":"open","template":"","meta":{"ngg_post_thumbnail":0,"footnotes":"","_mc_calendar":[]},"aioseo_notices":[],"_links":{"self":[{"href":"https:\/\/blogsaverroes.juntadeandalucia.es\/iestriana\/wp-json\/wp\/v2\/pages\/1113"}],"collection":[{"href":"https:\/\/blogsaverroes.juntadeandalucia.es\/iestriana\/wp-json\/wp\/v2\/pages"}],"about":[{"href":"https:\/\/blogsaverroes.juntadeandalucia.es\/iestriana\/wp-json\/wp\/v2\/types\/page"}],"author":[{"embeddable":true,"href":"https:\/\/blogsaverroes.juntadeandalucia.es\/iestriana\/wp-json\/wp\/v2\/users\/1"}],"replies":[{"embeddable":true,"href":"https:\/\/blogsaverroes.juntadeandalucia.es\/iestriana\/wp-json\/wp\/v2\/comments?post=1113"}],"version-history":[{"count":58,"href":"https:\/\/blogsaverroes.juntadeandalucia.es\/iestriana\/wp-json\/wp\/v2\/pages\/1113\/revisions"}],"predecessor-version":[{"id":2872,"href":"https:\/\/blogsaverroes.juntadeandalucia.es\/iestriana\/wp-json\/wp\/v2\/pages\/1113\/revisions\/2872"}],"wp:attachment":[{"href":"https:\/\/blogsaverroes.juntadeandalucia.es\/iestriana\/wp-json\/wp\/v2\/media?parent=1113"}],"curies":[{"name":"wp","href":"https:\/\/api.w.org\/{rel}","templated":true}]}}