{"id":141,"date":"2019-06-17T07:13:24","date_gmt":"2019-06-17T07:13:24","guid":{"rendered":"http:\/\/blogsaverroes.juntadeandalucia.es\/pre\/ceip\/?page_id=141"},"modified":"2021-03-19T13:00:13","modified_gmt":"2021-03-19T13:00:13","slug":"escolarizacion","status":"publish","type":"page","link":"https:\/\/blogsaverroes.juntadeandalucia.es\/iestriana\/escolarizacion\/","title":{"rendered":"Escolarizaci\u00f3n"},"content":{"rendered":"<blockquote><p><strong>PLAZO DE ESCOLARIZACI\u00d3N ESO Y BACHILLERATO<\/strong><\/p><\/blockquote>\n<p>Abierto plazo de escolarizaci\u00f3n para solicitudes de ESO y Bachillerato del 1 al 31 de marzo.<br \/>\n\u2013 Puede obtener informaci\u00f3n en:<br \/>\n<a href=\"https:\/\/www.juntadeandalucia.es\/educacion\/portals\/web\/escolarizacion\" target=\"_blank\" rel=\"noopener noreferrer\">https:\/\/www.juntadeandalucia.es\/educacion\/portals\/web\/escolarizacion<\/a><\/p>\n<p>\u2013 Las solicitudes se puede realizar en la secretar\u00eda virtual de la junta de Andaluc\u00eda mediante certificado digital, clave iANDe o cl@ve. Tambi\u00e9n se puede completar sin necesidad de clave directamente en la web, imprimirla y entregarla f\u00edsicamente en la secretar\u00eda del centro hasta el 26 de marzo.<\/p>\n<p>Secretaria virtual:<br \/>\n<a href=\"https:\/\/www.juntadeandalucia.es\/educacion\/secretariavirtual\/accesoTramite\/543\/\" target=\"_blank\" rel=\"noopener noreferrer\">https:\/\/www.juntadeandalucia.es\/educacion\/secretariavirtual\/accesoTramite\/543\/<\/a><\/p>\n<blockquote><p><strong>\u00bfQUIERES ESTUDIAR FP?<\/strong><\/p><\/blockquote>\n<p style=\"padding-left: 40px\"><a href=\"http:\/\/www.juntadeandalucia.es\/educacion\/portals\/web\/formacion-profesional-andaluza\" target=\"_blank\" rel=\"noopener noreferrer\">Formaci\u00f3n Profesional Andaluza<\/a><\/p>\n","protected":false},"excerpt":{"rendered":"<p>PLAZO DE ESCOLARIZACI\u00d3N ESO Y BACHILLERATO Abierto plazo de escolarizaci\u00f3n para solicitudes de ESO y Bachillerato del 1 al 31 de marzo. \u2013 Puede obtener informaci\u00f3n en: https:\/\/www.juntadeandalucia.es\/educacion\/portals\/web\/escolarizacion \u2013 Las solicitudes se puede realizar en la secretar\u00eda virtual de la junta de Andaluc\u00eda mediante certificado digital, clave iANDe o cl@ve. Tambi\u00e9n se puede completar sin necesidad de clave directamente en&#46;&#46;&#46;<\/p>\n","protected":false},"author":1,"featured_media":0,"parent":0,"menu_order":0,"comment_status":"open","ping_status":"open","template":"","meta":{"ngg_post_thumbnail":0,"footnotes":"","_mc_calendar":[]},"aioseo_notices":[],"_links":{"self":[{"href":"https:\/\/blogsaverroes.juntadeandalucia.es\/iestriana\/wp-json\/wp\/v2\/pages\/141"}],"collection":[{"href":"https:\/\/blogsaverroes.juntadeandalucia.es\/iestriana\/wp-json\/wp\/v2\/pages"}],"about":[{"href":"https:\/\/blogsaverroes.juntadeandalucia.es\/iestriana\/wp-json\/wp\/v2\/types\/page"}],"author":[{"embeddable":true,"href":"https:\/\/blogsaverroes.juntadeandalucia.es\/iestriana\/wp-json\/wp\/v2\/users\/1"}],"replies":[{"embeddable":true,"href":"https:\/\/blogsaverroes.juntadeandalucia.es\/iestriana\/wp-json\/wp\/v2\/comments?post=141"}],"version-history":[{"count":27,"href":"https:\/\/blogsaverroes.juntadeandalucia.es\/iestriana\/wp-json\/wp\/v2\/pages\/141\/revisions"}],"predecessor-version":[{"id":5178,"href":"https:\/\/blogsaverroes.juntadeandalucia.es\/iestriana\/wp-json\/wp\/v2\/pages\/141\/revisions\/5178"}],"wp:attachment":[{"href":"https:\/\/blogsaverroes.juntadeandalucia.es\/iestriana\/wp-json\/wp\/v2\/media?parent=141"}],"curies":[{"name":"wp","href":"https:\/\/api.w.org\/{rel}","templated":true}]}}