{"id":153,"date":"2015-03-17T07:48:56","date_gmt":"2015-03-17T07:48:56","guid":{"rendered":"http:\/\/blogsaverroes.juntadeandalucia.es\/pre\/ceip\/?page_id=153"},"modified":"2022-11-28T13:12:25","modified_gmt":"2022-11-28T13:12:25","slug":"geografia-e-historia","status":"publish","type":"page","link":"https:\/\/blogsaverroes.juntadeandalucia.es\/iestriana\/geografia-e-historia\/","title":{"rendered":"Geograf\u00eda e Historia"},"content":{"rendered":"<p style=\"text-align: justify\"><span style=\"font-family: sans-serif\"><span style=\"font-size: medium\">El conocimiento de la sociedad, su organizaci\u00f3n y funcionamiento a lo largo del tiempo es esencial para poder entender el mundo actual. Conocer el espacio donde se desarrollan las sociedades, los recursos naturales y el uso que se ha dado a \u00e9stos, nos aporta datos sobre el pasado y nos permiten vislumbrar algunos de los problemas del futuro. <\/span><\/span><\/p>\n<p style=\"text-align: justify\"><span style=\"font-family: sans-serif\"><span style=\"font-size: medium\">Las disciplinas de la Geograf\u00eda y la Historia son dos importantes ejes vertebradores para el conocimiento de la sociedad, ya que contemplan la realidad humana y social desde una perspectiva global e integradora y ofrecen una mayor capacidad para la estructuraci\u00f3n de los hechos sociales; no obstante la sociedad actual, cada vez m\u00e1s compleja, requiere de la intervenci\u00f3n de otras disciplinas como la Econom\u00eda, Sociolog\u00eda, Ecolog\u00eda o Historia del Arte, que aportan an\u00e1lisis diferentes y complementarios, para la mejor comprensi\u00f3n de la realidad social. <\/span><\/span><\/p>\n","protected":false},"excerpt":{"rendered":"<p>El conocimiento de la sociedad, su organizaci\u00f3n y funcionamiento a lo largo del tiempo es esencial para poder entender el mundo actual. Conocer el espacio donde se desarrollan las sociedades, los recursos naturales y el uso que se ha dado a \u00e9stos, nos aporta datos sobre el pasado y nos permiten vislumbrar algunos de los problemas del futuro. Las disciplinas&#46;&#46;&#46;<\/p>\n","protected":false},"author":1,"featured_media":0,"parent":0,"menu_order":0,"comment_status":"open","ping_status":"open","template":"","meta":{"ngg_post_thumbnail":0,"footnotes":"","_mc_calendar":[]},"aioseo_notices":[],"_links":{"self":[{"href":"https:\/\/blogsaverroes.juntadeandalucia.es\/iestriana\/wp-json\/wp\/v2\/pages\/153"}],"collection":[{"href":"https:\/\/blogsaverroes.juntadeandalucia.es\/iestriana\/wp-json\/wp\/v2\/pages"}],"about":[{"href":"https:\/\/blogsaverroes.juntadeandalucia.es\/iestriana\/wp-json\/wp\/v2\/types\/page"}],"author":[{"embeddable":true,"href":"https:\/\/blogsaverroes.juntadeandalucia.es\/iestriana\/wp-json\/wp\/v2\/users\/1"}],"replies":[{"embeddable":true,"href":"https:\/\/blogsaverroes.juntadeandalucia.es\/iestriana\/wp-json\/wp\/v2\/comments?post=153"}],"version-history":[{"count":24,"href":"https:\/\/blogsaverroes.juntadeandalucia.es\/iestriana\/wp-json\/wp\/v2\/pages\/153\/revisions"}],"predecessor-version":[{"id":5907,"href":"https:\/\/blogsaverroes.juntadeandalucia.es\/iestriana\/wp-json\/wp\/v2\/pages\/153\/revisions\/5907"}],"wp:attachment":[{"href":"https:\/\/blogsaverroes.juntadeandalucia.es\/iestriana\/wp-json\/wp\/v2\/media?parent=153"}],"curies":[{"name":"wp","href":"https:\/\/api.w.org\/{rel}","templated":true}]}}