{"id":1806,"date":"2015-03-17T07:46:28","date_gmt":"2015-03-17T07:46:28","guid":{"rendered":"http:\/\/blogsaverroes.juntadeandalucia.es\/pre\/ceip\/?page_id=144"},"modified":"2025-10-20T11:51:38","modified_gmt":"2025-10-20T09:51:38","slug":"orientacion-2","status":"publish","type":"page","link":"https:\/\/blogsaverroes.juntadeandalucia.es\/iestriana\/orientacion-2\/","title":{"rendered":"Orientaci\u00f3n"},"content":{"rendered":"<h4><a href=\"https:\/\/blogsaverroes.juntadeandalucia.es\/iestriana\/files\/2023\/06\/orientacion_acedemica-e1686769143464.png\"><img loading=\"lazy\" decoding=\"async\" class=\"wp-image-6054 alignleft\" src=\"https:\/\/blogsaverroes.juntadeandalucia.es\/iestriana\/files\/2023\/06\/orientacion_acedemica-e1686769143464.png\" alt=\"\" width=\"314\" height=\"209\"><\/a><b>Qui\u00e9nes somos<\/b><\/h4>\n<p style=\"text-align: justify\">El Departamento de Orientaci\u00f3n del IES Triana es un servicio de apoyo especializado que trabaja para atender las necesidades del alumnado y del profesorado, promoviendo una educaci\u00f3n inclusiva, equitativa y de calidad.<br \/>\nNuestro objetivo es acompa\u00f1ar a cada estudiante en su proceso personal, acad\u00e9mico y profesional, ayud\u00e1ndole a descubrir sus capacidades y a construir su propio proyecto de vida.<\/p>\n<h4>&nbsp;<\/h4>\n<h4>&nbsp;<\/h4>\n<h4><b>Qu\u00e9 hacemos<\/b><\/h4>\n<p style=\"text-align: justify\">Desde el Departamento de Orientaci\u00f3n desarrollamos diversas l\u00edneas de trabajo en colaboraci\u00f3n con toda la comunidad educativa:<\/p>\n<p style=\"text-align: justify\">Asesoramos al profesorado y al equipo directivo en la organizaci\u00f3n de medidas y estrategias de atenci\u00f3n a la diversidad.<\/p>\n<p style=\"text-align: justify\">Impulsamos la acci\u00f3n tutorial, ofreciendo recursos y orientaci\u00f3n para mejorar la convivencia, la educaci\u00f3n emocional y la formaci\u00f3n en valores.<\/p>\n<p style=\"text-align: justify\">Orientamos al alumnado en la toma de decisiones acad\u00e9micas y profesionales en la ESO, Bachillerato, Formaci\u00f3n Profesional y Programa Bachibac, en el que el alumnado obtiene la doble titulaci\u00f3n espa\u00f1ola y francesa,<\/p>\n<p style=\"text-align: justify\">Acompa\u00f1amos a las familias, facilitando pautas y asesoramiento sobre el desarrollo personal, escolar y social de sus hijos e hijas.<\/p>\n<p style=\"text-align: justify\">Colaboramos con servicios y entidades del entorno, favoreciendo la inclusi\u00f3n educativa y la inserci\u00f3n laboral del alumnado.<\/p>\n<h4><b>Nuestro compromiso<\/b><\/h4>\n<p style=\"text-align: justify\">Trabajamos cada d\u00eda para que todos los alumnos y alumnas del IES Triana encuentren un entorno educativo acogedor, motivador y orientado al \u00e9xito personal y profesional.<br \/>\nCreemos en una educaci\u00f3n que valora las diferencias, impulsa el talento y abre las puertas al mundo, especialmente a trav\u00e9s de programas como el Bachibac, que enriquecen la formaci\u00f3n y las perspectivas internacionales de nuestro alumnado.<\/p>\n","protected":false},"excerpt":{"rendered":"<p>Qui\u00e9nes somos El Departamento de Orientaci\u00f3n del IES Triana es un servicio de apoyo especializado que trabaja para atender las necesidades del alumnado y del profesorado, promoviendo una educaci\u00f3n inclusiva, equitativa y de calidad. Nuestro objetivo es acompa\u00f1ar a cada estudiante en su proceso personal, acad\u00e9mico y profesional, ayud\u00e1ndole a descubrir sus capacidades y a construir su propio proyecto de&#46;&#46;&#46;<\/p>\n","protected":false},"author":1,"featured_media":0,"parent":0,"menu_order":0,"comment_status":"open","ping_status":"open","template":"","meta":{"ngg_post_thumbnail":0,"footnotes":"","_mc_calendar":[]},"aioseo_notices":[],"_links":{"self":[{"href":"https:\/\/blogsaverroes.juntadeandalucia.es\/iestriana\/wp-json\/wp\/v2\/pages\/1806"}],"collection":[{"href":"https:\/\/blogsaverroes.juntadeandalucia.es\/iestriana\/wp-json\/wp\/v2\/pages"}],"about":[{"href":"https:\/\/blogsaverroes.juntadeandalucia.es\/iestriana\/wp-json\/wp\/v2\/types\/page"}],"author":[{"embeddable":true,"href":"https:\/\/blogsaverroes.juntadeandalucia.es\/iestriana\/wp-json\/wp\/v2\/users\/1"}],"replies":[{"embeddable":true,"href":"https:\/\/blogsaverroes.juntadeandalucia.es\/iestriana\/wp-json\/wp\/v2\/comments?post=1806"}],"version-history":[{"count":27,"href":"https:\/\/blogsaverroes.juntadeandalucia.es\/iestriana\/wp-json\/wp\/v2\/pages\/1806\/revisions"}],"predecessor-version":[{"id":6471,"href":"https:\/\/blogsaverroes.juntadeandalucia.es\/iestriana\/wp-json\/wp\/v2\/pages\/1806\/revisions\/6471"}],"wp:attachment":[{"href":"https:\/\/blogsaverroes.juntadeandalucia.es\/iestriana\/wp-json\/wp\/v2\/media?parent=1806"}],"curies":[{"name":"wp","href":"https:\/\/api.w.org\/{rel}","templated":true}]}}