{"id":373,"date":"2015-03-18T10:25:52","date_gmt":"2015-03-18T10:25:52","guid":{"rendered":"http:\/\/blogsaverroes.juntadeandalucia.es\/pre\/ceip\/?page_id=373"},"modified":"2026-02-25T10:55:13","modified_gmt":"2026-02-25T08:55:13","slug":"materiales-recursos","status":"publish","type":"page","link":"https:\/\/blogsaverroes.juntadeandalucia.es\/iestriana\/orientacion-2\/materiales-recursos\/","title":{"rendered":"Materiales, recursos&#8230;"},"content":{"rendered":"<h2>Materiales y recursos del Dpto. de Orientaci\u00f3n<\/h2>\n<h4>Becas y ayudas <a href=\"https:\/\/blogsaverroes.juntadeandalucia.es\/iestriana\/files\/2017\/11\/10-becas-de-estudios-en-espana.jpg\"><img loading=\"lazy\" decoding=\"async\" class=\"wp-image-3119 alignleft\" src=\"https:\/\/blogsaverroes.juntadeandalucia.es\/iestriana\/files\/2017\/11\/10-becas-de-estudios-en-espana.jpg\" alt=\"\" width=\"185\" height=\"91\" srcset=\"https:\/\/blogsaverroes.juntadeandalucia.es\/iestriana\/files\/2017\/11\/10-becas-de-estudios-en-espana.jpg 712w, https:\/\/blogsaverroes.juntadeandalucia.es\/iestriana\/files\/2017\/11\/10-becas-de-estudios-en-espana-300x147.jpg 300w, https:\/\/blogsaverroes.juntadeandalucia.es\/iestriana\/files\/2017\/11\/10-becas-de-estudios-en-espana-24x12.jpg 24w, https:\/\/blogsaverroes.juntadeandalucia.es\/iestriana\/files\/2017\/11\/10-becas-de-estudios-en-espana-36x18.jpg 36w, https:\/\/blogsaverroes.juntadeandalucia.es\/iestriana\/files\/2017\/11\/10-becas-de-estudios-en-espana-48x24.jpg 48w\" sizes=\"(max-width: 185px) 100vw, 185px\" \/><\/a><\/h4>\n<p>En el siguiente sitio web puedes encontrar respuesta a todas las cuestiones relacionadas con las becas y ayudas al estudio.<\/p>\n<p><a href=\"https:\/\/view.genially.com\/5fb1427d72da7f14532e16f2\" target=\"_blank\" rel=\"noopener\">Becas y ayudas al alumnado de Andaluc\u00eda<\/a><\/p>\n<p>&nbsp;<\/p>\n<p><strong>Formaci\u00f3n Profesional<\/strong><\/p>\n<p><a href=\"https:\/\/blogsaverroes.juntadeandalucia.es\/iestriana\/files\/2026\/01\/fpinformatica.png\"><img loading=\"lazy\" decoding=\"async\" class=\"wp-image-6524 alignleft\" src=\"https:\/\/blogsaverroes.juntadeandalucia.es\/iestriana\/files\/2026\/01\/fpinformatica.png\" alt=\"\" width=\"175\" height=\"124\" srcset=\"https:\/\/blogsaverroes.juntadeandalucia.es\/iestriana\/files\/2026\/01\/fpinformatica.png 1024w, https:\/\/blogsaverroes.juntadeandalucia.es\/iestriana\/files\/2026\/01\/fpinformatica-300x212.png 300w, https:\/\/blogsaverroes.juntadeandalucia.es\/iestriana\/files\/2026\/01\/fpinformatica-768x543.png 768w\" sizes=\"(max-width: 175px) 100vw, 175px\" \/><\/a><\/p>\n<p>&nbsp;<\/p>\n<p><a href=\"https:\/\/view.genially.com\/671e1f0cd917c7e4efb2af0e\" target=\"_blank\" rel=\"noopener\">Informaci\u00f3n y orientaci\u00f3n acad\u00e9mica y profesional (2\u00ba ASIR)<\/a><\/p>\n<p>&nbsp;<\/p>\n<p>&nbsp;<\/p>\n<p><strong><a href=\"https:\/\/blogsaverroes.juntadeandalucia.es\/iestriana\/files\/2026\/02\/2bach.jpg\"><img loading=\"lazy\" decoding=\"async\" class=\"alignleft  wp-image-6544\" src=\"https:\/\/blogsaverroes.juntadeandalucia.es\/iestriana\/files\/2026\/02\/2bach.jpg\" alt=\"\" width=\"146\" height=\"101\" srcset=\"https:\/\/blogsaverroes.juntadeandalucia.es\/iestriana\/files\/2026\/02\/2bach.jpg 550w, https:\/\/blogsaverroes.juntadeandalucia.es\/iestriana\/files\/2026\/02\/2bach-300x208.jpg 300w\" sizes=\"(max-width: 146px) 100vw, 146px\" \/><\/a>Orientaci\u00f3n para alumnos de 2\u00ba Bachillerato<\/strong><\/p>\n<div><a href=\"https:\/\/view.genially.com\/69846d6fec0f64793e9da285\" target=\"_blank\" rel=\"noopener\">Cosas a tener en cuenta al elegir unos estudios (para 2\u00ba Bachillerato)<\/a><\/div>\n<div>&nbsp;<\/div>\n<div>&nbsp;<\/div>\n<div>&nbsp;<\/div>\n<div><strong><a href=\"https:\/\/blogsaverroes.juntadeandalucia.es\/iestriana\/files\/2026\/02\/4-eso.jpg\"><img loading=\"lazy\" decoding=\"async\" class=\" wp-image-6543 alignleft\" src=\"https:\/\/blogsaverroes.juntadeandalucia.es\/iestriana\/files\/2026\/02\/4-eso.jpg\" alt=\"\" width=\"156\" height=\"119\"><\/a><\/strong><\/div>\n<div>&nbsp;<\/div>\n<div><strong>Despu\u00e9s de 4\u00ba de ESO<\/strong><\/div>\n<div><a href=\"https:\/\/view.genially.com\/6911e7c20b606df3df26b90d\" target=\"_blank\" rel=\"noopener\" data-saferedirecturl=\"https:\/\/www.google.com\/url?q=https:\/\/view.genially.com\/6911e7c20b606df3df26b90d&amp;source=gmail&amp;ust=1772093929189000&amp;usg=AOvVaw3rSxRaEE7BgVzG5MhlLnVQ\">https:\/\/view.genially.com\/6911e7c20b606df3df26b90d<\/a><\/div>\n<div>&nbsp;<\/div>\n<div>&nbsp;<\/div>\n<div>&nbsp;<\/div>\n<div><strong><a href=\"https:\/\/blogsaverroes.juntadeandalucia.es\/iestriana\/files\/2026\/02\/BachArtistico.jpg\"><img loading=\"lazy\" decoding=\"async\" class=\"wp-image-6542 alignleft\" src=\"https:\/\/blogsaverroes.juntadeandalucia.es\/iestriana\/files\/2026\/02\/BachArtistico.jpg\" alt=\"\" width=\"145\" height=\"121\" srcset=\"https:\/\/blogsaverroes.juntadeandalucia.es\/iestriana\/files\/2026\/02\/BachArtistico.jpg 345w, https:\/\/blogsaverroes.juntadeandalucia.es\/iestriana\/files\/2026\/02\/BachArtistico-300x250.jpg 300w\" sizes=\"(max-width: 145px) 100vw, 145px\" \/><\/a><\/strong><\/div>\n<div>&nbsp;<\/div>\n<div><strong>Bachillerato de Artes (M\u00fasica&nbsp;y Artes esc\u00e9nicas)<\/strong><\/div>\n<div><a href=\"https:\/\/view.genially.com\/699b531d37e52d5fad5d0418\" target=\"_blank\" rel=\"noopener\" data-saferedirecturl=\"https:\/\/www.google.com\/url?q=https:\/\/view.genially.com\/699b531d37e52d5fad5d0418&amp;source=gmail&amp;ust=1772093929189000&amp;usg=AOvVaw2fgQbX_-aLlOu2E8JIzlZx\">https:\/\/view.genially.com\/699b531d37e52d5fad5d0418<\/a><\/div>\n<div>&nbsp;<\/div>\n","protected":false},"excerpt":{"rendered":"<p>Materiales y recursos del Dpto. de Orientaci\u00f3n Becas y ayudas En el siguiente sitio web puedes encontrar respuesta a todas las cuestiones relacionadas con las becas y ayudas al estudio. Becas y ayudas al alumnado de Andaluc\u00eda &nbsp; Formaci\u00f3n Profesional &nbsp; Informaci\u00f3n y orientaci\u00f3n acad\u00e9mica y profesional (2\u00ba ASIR) &nbsp; &nbsp; Orientaci\u00f3n para alumnos de 2\u00ba Bachillerato Cosas a tener&#46;&#46;&#46;<\/p>\n","protected":false},"author":1,"featured_media":0,"parent":1806,"menu_order":0,"comment_status":"open","ping_status":"open","template":"page-templates\/child-menu.php","meta":{"ngg_post_thumbnail":0,"footnotes":"","_mc_calendar":[]},"aioseo_notices":[],"_links":{"self":[{"href":"https:\/\/blogsaverroes.juntadeandalucia.es\/iestriana\/wp-json\/wp\/v2\/pages\/373"}],"collection":[{"href":"https:\/\/blogsaverroes.juntadeandalucia.es\/iestriana\/wp-json\/wp\/v2\/pages"}],"about":[{"href":"https:\/\/blogsaverroes.juntadeandalucia.es\/iestriana\/wp-json\/wp\/v2\/types\/page"}],"author":[{"embeddable":true,"href":"https:\/\/blogsaverroes.juntadeandalucia.es\/iestriana\/wp-json\/wp\/v2\/users\/1"}],"replies":[{"embeddable":true,"href":"https:\/\/blogsaverroes.juntadeandalucia.es\/iestriana\/wp-json\/wp\/v2\/comments?post=373"}],"version-history":[{"count":10,"href":"https:\/\/blogsaverroes.juntadeandalucia.es\/iestriana\/wp-json\/wp\/v2\/pages\/373\/revisions"}],"predecessor-version":[{"id":6545,"href":"https:\/\/blogsaverroes.juntadeandalucia.es\/iestriana\/wp-json\/wp\/v2\/pages\/373\/revisions\/6545"}],"up":[{"embeddable":true,"href":"https:\/\/blogsaverroes.juntadeandalucia.es\/iestriana\/wp-json\/wp\/v2\/pages\/1806"}],"wp:attachment":[{"href":"https:\/\/blogsaverroes.juntadeandalucia.es\/iestriana\/wp-json\/wp\/v2\/media?parent=373"}],"curies":[{"name":"wp","href":"https:\/\/api.w.org\/{rel}","templated":true}]}}