{"id":3905,"date":"2019-11-09T08:16:36","date_gmt":"2019-11-09T08:16:36","guid":{"rendered":"https:\/\/blogsaverroes.juntadeandalucia.es\/iestriana\/?page_id=3905"},"modified":"2024-06-07T14:49:34","modified_gmt":"2024-06-07T12:49:34","slug":"plurilinguismo","status":"publish","type":"page","link":"https:\/\/blogsaverroes.juntadeandalucia.es\/iestriana\/plurilinguismo\/","title":{"rendered":"Pluriling\u00fcismo"},"content":{"rendered":"<p style=\"text-align: justify\"><span style=\"font-family: Times New Roman, serif;color: #000000\"><span style=\"font-size: medium\"><u><b>EDUCACI\u00d3N SECUNDARIA OBLIGATORIA (E.S.O.)<\/b><\/u><\/span><\/span><br \/>\n<span style=\"color: #000000\"><span style=\"font-family: Times New Roman, serif\"><span style=\"font-size: medium\">En todos los niveles de la ESO, el centro ofrece una l\u00ednea pluriling\u00fce L2 Franc\u00e9s y L3 Ingl\u00e9s; y dos l\u00edneas L2 Ingl\u00e9s y L3 Franc\u00e9s. De tal forma, que todo el alumnado de la ESO del centro es pluriling\u00fce. Tenemos 9 Departamentos y 17 profesores\/as de las \u00e1reas no <\/span><\/span><span style=\"font-family: Times New Roman, serif\"><span style=\"font-size: medium\">ling\u00fc\u00edsticas (ANL) que asumen la docencia en franc\u00e9s o en ingl\u00e9s de diferentes asignaturas: <\/span><\/span><\/span><\/p>\n<ul>\n<li style=\"text-align: justify\"><span style=\"color: #000000\"><span style=\"font-family: Times New Roman, serif\"><span lang=\"es-ES\"><b>FRANC\u00c9S:<\/b><\/span><\/span><span style=\"font-family: Times New Roman, serif\"><span lang=\"es-ES\"> Biolog\u00eda y Geolog\u00eda, Filosof\u00eda, Educaci\u00f3n Pl\u00e1stica (Dibujo), Tecnolog\u00eda, Geograf\u00eda e Historia y Matem\u00e1ticas. <\/span><\/span><\/span><\/li>\n<li style=\"text-align: justify\">\n<p class=\"western\" lang=\"es-ES-u-co-trad\"><span style=\"color: #000000\"><span style=\"font-family: Times New Roman, serif\"><span lang=\"es-ES\"><b>INGL\u00c9S: <\/b><\/span><\/span><span style=\"font-family: Times New Roman, serif\"><span lang=\"es-ES\">F\u00edsica y Qu\u00edmica, Biolog\u00eda, Matem\u00e1ticas y Ed. F\u00edsica. <\/span><\/span><\/span><\/p>\n<\/li>\n<\/ul>\n<p class=\"western\" style=\"text-align: justify\"><span style=\"font-family: Times New Roman, serif;color: #000000\"><span style=\"font-size: medium\">La configuraci\u00f3n curricular de las ANL (\u00e1reas no ling\u00fc\u00edsticas) del programa pluriling\u00fce es la siguiente:<\/span><\/span><\/p>\n<table style=\"width: 102.723%;height: 462px\">\n<tbody>\n<tr style=\"height: 56px\">\n<td style=\"width: 12.8788%;height: 56px;background-color: #cbd7f7;text-align: center\"><b>NIVEL&nbsp;<\/b><\/td>\n<td style=\"width: 45.1335%;height: 56px;background-color: #cbd7f7;text-align: center\"><b>L2 FRANC\u00c9S<\/b><\/td>\n<td style=\"width: 44.6535%;height: 56px;background-color: #cbd7f7;text-align: center\"><b>L2 INGL\u00c9S<\/b><\/td>\n<\/tr>\n<tr style=\"height: 308px\">\n<td style=\"width: 12.8788%;height: 132px;background-color: #75b1f0\"><b>1\u00ba ESO<\/b><span style=\"font-weight: 400\">&nbsp;<\/span><\/td>\n<td style=\"width: 45.1335%;height: 132px;background-color: #75b1f0\"><b>Historia (Franc\u00e9s) (3 h)<\/b><span style=\"font-weight: 400\">&nbsp;<br \/>\n<\/span><b>Matem\u00e1ticas (Franc\u00e9s) (4h)<\/b><span style=\"font-weight: 400\">&nbsp;<br \/>\n<\/span><b>Biolog\u00eda-Geolog\u00eda (Franc\u00e9s)(3 h)<\/b><span style=\"font-weight: 400\">&nbsp;<br \/>\n<\/span><b>Educaci\u00f3n F\u00edsica (Ingl\u00e9s) (3h)<\/b><span style=\"font-weight: 400\">&nbsp;<\/span><\/td>\n<td style=\"width: 44.6535%;height: 132px;background-color: #75b1f0\"><b>Matem\u00e1ticas (Ingl\u00e9s) (4 h)<\/b><span style=\"font-weight: 400\">&nbsp;<br \/>\n<\/span><b>Biolog\u00eda-Geolog\u00eda (Ingl\u00e9s) (3h)<\/b><span style=\"font-weight: 400\">&nbsp;<br \/>\n<\/span><b>Educaci\u00f3n F\u00edsica (Ingl\u00e9s) (3h)<br \/>\n<\/b><b>Historia (Franc\u00e9s) (3h)<\/b><span style=\"font-weight: 400\">&nbsp;<\/span><\/td>\n<\/tr>\n<tr style=\"height: 294px\">\n<td style=\"width: 12.8788%;height: 137px;background-color: #baf2f5\"><b>2\u00ba ESO<\/b><span style=\"font-weight: 400\">&nbsp;<\/span><\/td>\n<td style=\"width: 45.1335%;height: 137px;background-color: #baf2f5\"><b>Historia (Franc\u00e9s) (3 h)<\/b><span style=\"font-weight: 400\">&nbsp;<br \/>\n<\/span><b>Matem\u00e1ticas (Franc\u00e9s) (4 h)<\/b><b>&nbsp;<br \/>\n<\/b><b>F\u00edsica y Qu\u00edmica (Ingl\u00e9s) (3 h)<\/b><span style=\"font-weight: 400\">&nbsp;<br \/>\n<\/span><b>Educaci\u00f3n F\u00edsica (Ingl\u00e9s) (2 h)<\/b><span style=\"font-weight: 400\">&nbsp;<\/span><\/td>\n<td style=\"width: 44.6535%;height: 137px;background-color: #baf2f5\"><b>Matem\u00e1ticas (Ingl\u00e9s) (4 h)<\/b><span style=\"font-weight: 400\">&nbsp;<br \/>\n<\/span><b>F\u00edsica y Qu\u00edmica (Ingl\u00e9s) (3 h)<\/b><span style=\"font-weight: 400\">&nbsp;<br \/>\n<\/span><b>Educaci\u00f3n F\u00edsica (Ingl\u00e9s) (2 h)<br \/>\n<\/b><b>Historia (Franc\u00e9s) (3 h)<\/b><span style=\"font-weight: 400\">&nbsp;<br \/>\n<\/span><b>E.P.V. (Franc\u00e9s) (2 h)<\/b><span style=\"font-weight: 400\">&nbsp;<\/span><\/td>\n<\/tr>\n<tr style=\"height: 336px\">\n<td style=\"width: 12.8788%;height: 10px;background-color: #77befa\"><b>3\u00ba ESO<\/b><span style=\"font-weight: 400\">&nbsp;<\/span><\/td>\n<td style=\"width: 45.1335%;height: 10px;background-color: #77befa\"><b>Biolog\u00eda (Franc\u00e9s) (2 h)<\/b><span style=\"font-weight: 400\">&nbsp;<br \/>\n<\/span><b>Tecnolog\u00eda (Franc\u00e9s) (2 h)<br \/>\n<\/b><b>E.P.V. (Franc\u00e9s) (2 h)<\/b><span style=\"font-weight: 400\">&nbsp;<br \/>\n<\/span><b>F\u00edsica y Qu\u00edmica (Ingl\u00e9s) (3 h)<\/b><span style=\"font-weight: 400\">&nbsp;<br \/>\n<\/span><b>Educaci\u00f3n F\u00edsica (Ingl\u00e9s) (2 h)<\/b><span style=\"font-weight: 400\">&nbsp;<\/span><\/td>\n<td style=\"width: 44.6535%;height: 10px;background-color: #77befa\"><b>F\u00edsica y Qu\u00edmica (Ingl\u00e9s) (3 h)<\/b><span style=\"font-weight: 400\">&nbsp;<br \/>\n<\/span><b>Biolog\u00eda (Ingl\u00e9s) (2 h)<\/b><span style=\"font-weight: 400\">&nbsp;<br \/>\n<\/span><b>Educaci\u00f3n F\u00edsica (Ingl\u00e9s) (2 h)<\/b><span style=\"font-weight: 400\">&nbsp;<br \/>\n<\/span><b>Tecnolog\u00eda (Franc\u00e9s) (2 h)<\/b><span style=\"font-weight: 400\">&nbsp;<\/span><\/td>\n<\/tr>\n<tr style=\"height: 224px\">\n<td style=\"width: 12.8788%;height: 127px;background-color: #baf2f5\"><b>4\u00ba ESO<\/b><span style=\"font-weight: 400\">&nbsp;<\/span><\/td>\n<td style=\"width: 45.1335%;height: 127px;background-color: #baf2f5\"><b>Matem\u00e1ticas Acd (Franc\u00e9s) (4 h.)<\/b><b>&nbsp;<br \/>\n<\/b><b>Historia (Franc\u00e9s) (3 h)<\/b><span style=\"font-weight: 400\">&nbsp;<br \/>\n<\/span><b>Educaci\u00f3n F\u00edsica (Ingl\u00e9s) (2 h)<\/b><span style=\"font-weight: 400\">&nbsp;<\/span><\/td>\n<td style=\"width: 44.6535%;height: 127px;background-color: #baf2f5\"><b>Educaci\u00f3n F\u00edsica (Ingl\u00e9s) (2 h)<\/b><span style=\"font-weight: 400\">&nbsp;<br \/>\n<\/span><b>Matem\u00e1ticas Acd. y Apl. (Ingl\u00e9s) (4 h)<br \/>\n<\/b><b>Historia (Franc\u00e9s) (3 h)&nbsp;<\/b><\/td>\n<\/tr>\n<\/tbody>\n<\/table>\n<p>&nbsp;<\/p>\n<p><span style=\"font-family: Liberation Serif, Times New Roman, serif;color: #000000\"><span style=\"font-size: medium\"><u><b>BACHILLERATO<\/b><\/u><\/span><\/span><\/p>\n<ul style=\"text-align: justify\">\n<li>\n<p class=\"western\"><span style=\"font-family: Times New Roman, serif;color: #000000\"><b>BACHILLERATO DE CIENCIAS<\/b><\/span><\/p>\n<\/li>\n<li>\n<p class=\"western\"><span style=\"font-family: Times New Roman, serif;color: #000000\"><b>BACHILLERATO CIENCIAS SOCIALES Y HUMANIDADES<\/b><\/span><\/p>\n<\/li>\n<\/ul>\n<p class=\"western\" style=\"text-align: justify\"><span style=\"font-family: Liberation Serif, Times New Roman, serif;color: #000000\"><span style=\"font-size: medium\">Todas las modalidades pueden estudiarse, si as\u00ed se desea, dentro del proyecto pluriling\u00fce, en alguna de estas dos dos opciones:<\/span><\/span><\/p>\n<p class=\"western\" style=\"text-align: justify\"><span style=\"font-family: Liberation Serif, Times New Roman, serif;color: #000000\"><span style=\"font-size: medium\"><u><b>BACHILLERATO PLURILING\u00dcE<\/b><\/u><\/span><\/span><\/p>\n<p class=\"western\" style=\"text-align: justify\"><span style=\"font-family: Liberation Serif, Times New Roman, serif;color: #000000\"><span style=\"font-size: medium\">El alumnado del Programa Pluriling\u00fce cursar\u00e1 obligatoriamente dos lenguas: L2 Ingl\u00e9s y L3 Franc\u00e9s. Adem\u00e1s cursar\u00e1 las siguientes asignaturas en Lengua Extranjera:<\/span><\/span><\/p>\n<ul style=\"text-align: justify\">\n<li>\n<p class=\"western\"><span style=\"font-family: Liberation Serif, Times New Roman, serif;color: #000000\"><span style=\"font-size: medium\">1\u00ba Bachillerato : Filosof\u00eda (Franc\u00e9s); Educaci\u00f3n F\u00edsica (Ingl\u00e9s), Tecnolog\u00edas de la Informaci\u00f3n y la comunicaci\u00f3n T.I.C. (Ingl\u00e9s).<\/span><\/span><\/p>\n<\/li>\n<li>\n<p class=\"western\" lang=\"es-ES-u-co-trad\"><span style=\"color: #000000\">2\u00ba Bachillerato<span style=\"font-family: Liberation Serif, Times New Roman, serif\"><span style=\"font-size: medium\"><span lang=\"es-ES\">: Historia de la Filosof\u00eda (Franc\u00e9s)<\/span><\/span><\/span><\/span><\/p>\n<\/li>\n<\/ul>\n<p style=\"text-align: justify\"><span style=\"color: #000000\"><img loading=\"lazy\" decoding=\"async\" class=\"alignleft wp-image-5101\" src=\"https:\/\/blogsaverroes.juntadeandalucia.es\/iestriana\/files\/2021\/02\/bachibac.png\" alt=\"\" width=\"179\" height=\"57\"><\/span><\/p>\n<p style=\"text-align: justify\">&nbsp;<\/p>\n<p style=\"text-align: justify\">&nbsp;<\/p>\n<p class=\"western\" lang=\"es-ES-u-co-trad\" style=\"text-align: justify\"><span style=\"font-family: Times New Roman, serif;color: #000000\"><span style=\"font-family: Liberation Serif, Times New Roman, serif\"><span style=\"font-size: medium\"><u><b>BACHIBAC<\/b><\/u><\/span><\/span><\/span><\/p>\n<p style=\"text-align: justify\"><span style=\"font-family: Times New Roman, serif;color: #000000\"><span style=\"font-family: Liberation Serif, Times New Roman, serif\"><span style=\"font-size: medium\">BACHIBAC es un programa oficial de doble titulaci\u00f3n francesa y espa\u00f1ola de Bachillerato. <\/span><\/span><\/span><\/p>\n<p style=\"text-align: justify\"><span style=\"font-family: Times New Roman, serif;color: #000000\"><span style=\"font-family: Liberation Serif, Times New Roman, serif\"><span style=\"font-size: medium\">SU OBJETIVO<\/span><\/span><span style=\"font-family: Liberation Serif, Times New Roman, serif\"><span style=\"font-size: medium\"> es ofrecer al alumnado de Bachillerato la posibilidad de obtener <\/span><\/span><span style=\"font-family: Liberation Serif, Times New Roman, serif\"><span style=\"font-size: medium\"><u>una doble titulaci\u00f3n:<\/u><\/span><\/span><span style=\"font-family: Liberation Serif, Times New Roman, serif\"><span style=\"font-size: medium\"> el t\u00edtulo franc\u00e9s de Baccalaur\u00e9at y el espa\u00f1ol de Bachiller, mediante un curr\u00edculo mixto. <\/span><\/span><\/span><\/p>\n<p style=\"text-align: justify\"><span style=\"font-family: Times New Roman, serif;color: #000000\"><span style=\"font-family: Liberation Serif, Times New Roman, serif\"><span style=\"font-size: medium\">El curr\u00edculo de Bachibac comprende en nuestro instituto las siguientes materias, todas impartidas en Franc\u00e9s:<\/span><\/span><\/span><\/p>\n<div id=\"Secci\u00f3n1\" dir=\"ltr\" style=\"text-align: justify\">\n<p><span style=\"font-family: Times New Roman, serif;color: #000000\"><span style=\"font-family: Liberation Serif, Times New Roman, serif\"><span style=\"font-size: medium\"><u><b>1\u00ba Bachillerato-Bachibac<\/b><\/u><\/span><\/span><\/span><\/p>\n<p class=\"western\" lang=\"es-ES-u-co-trad\"><span style=\"font-family: Liberation Serif, Times New Roman, serif;color: #000000\">&#8211; Lengua y Literatura Francesa ( 4 horas)<\/span><\/p>\n<p class=\"western\" lang=\"es-ES-u-co-trad\"><span style=\"font-family: Liberation Serif, Times New Roman, serif;color: #000000\">&#8211; Filosof\u00eda (3 horas)<\/span><\/p>\n<p class=\"western\" lang=\"es-ES-u-co-trad\"><span style=\"font-family: Liberation Serif, Times New Roman, serif;color: #000000\">&#8211; Matem\u00e1ticas (Bach. Ciencias) \u00f3 Historia del Mundo Contempor\u00e1neo (Bach. Sociales y Humanidades) (4 horas)<\/span><\/p>\n<p><span style=\"font-family: Times New Roman, serif;color: #000000\"><span style=\"font-family: Liberation Serif, Times New Roman, serif\"><span style=\"font-size: medium\"><u><b>2\u00ba Bachillerato- Bachibac<\/b><\/u><\/span><\/span><\/span><\/p>\n<p class=\"western\" lang=\"es-ES-u-co-trad\"><span style=\"font-family: Liberation Serif, Times New Roman, serif;color: #000000\">&#8211; Lengua y Literatura Francesa ( 5 horas)<\/span><\/p>\n<p class=\"western\" lang=\"es-ES-u-co-trad\"><span style=\"font-family: Liberation Serif, Times New Roman, serif;color: #000000\">&#8211; Filosof\u00eda (3 horas)<\/span><\/p>\n<p class=\"western\" lang=\"es-ES-u-co-trad\"><span style=\"font-family: Liberation Serif, Times New Roman, serif;color: #000000\">&#8211; Historia de Espa\u00f1a y Francia. (4 horas)<\/span><\/p>\n<\/div>\n<p style=\"text-align: justify\"><span style=\"font-family: Times New Roman, serif;color: #000000\"><span style=\"font-family: Liberation Serif, Times New Roman, serif\"><span style=\"font-size: medium\"><u><b>Una Prueba Externa<\/b><\/u><\/span><\/span><span style=\"font-family: Liberation Serif, Times New Roman, serif\"><span style=\"font-size: medium\"> , al final de 2\u00ba de Bachillerato ,de las asignaturas de Lengua y Literatura francesas e Historia de Espa\u00f1a y Francia a fin de obtener el Dipl\u00f4me du Baccalaur\u00e9at. <\/span><\/span><\/span><\/p>\n<p style=\"text-align: justify\"><span style=\"font-family: Times New Roman, serif;color: #000000\"><span style=\"font-family: Liberation Serif, Times New Roman, serif\"><span style=\"font-size: medium\">Aprobar esta prueba exime al alumnado de presentarse, si as\u00ed lo desea, de la fase de acceso de la PEVAU.<\/span><\/span><\/span><\/p>\n<p style=\"text-align: justify\"><span style=\"font-family: Times New Roman, serif;color: #000000\"><span style=\"font-family: Liberation Serif, Times New Roman, serif\"><span style=\"font-size: medium\">(La nota de acceso ser\u00e1 la de su titulaci\u00f3n de Baccalaur\u00e9at, es decir la media ponderada de las calificaciones de 1\u00ba y 2\u00ba de bachillerato (70%) y de la prueba externa de Lengua y Literatura Francesas y de Historia de Espa\u00f1a y Francia (30%).)<\/span><\/span><\/span><\/p>\n<p class=\"western\" style=\"text-align: justify\"><span style=\"font-family: Liberation Serif, Times New Roman, serif;color: #000000\"><span style=\"font-size: medium\"><u><b>FORMACI\u00d3N PROFESIONAL<\/b><\/u><\/span><\/span><\/p>\n<ul style=\"text-align: justify\">\n<li>\n<p class=\"western\" lang=\"es-ES-u-co-trad\"><span style=\"color: #000000\"><span style=\"font-family: Liberation Serif, Times New Roman, serif\"><span style=\"font-size: small\"><span lang=\"es-ES\"><b>CICLO SUPERIOR DE ADMINISTRACI\u00d3N DE SISTEMAS INFORM\u00c1TICOS EN RED (A.S.I.R.) (<\/b><\/span><\/span><\/span><span style=\"font-family: Liberation Serif, Times New Roman, serif\"><span style=\"font-size: medium\"><span lang=\"es-ES\"><b>Biling\u00fce Ingl\u00e9s)<\/b><\/span><\/span><\/span><\/span><\/p>\n<\/li>\n<\/ul>\n<p class=\"western\" style=\"text-align: justify\"><span style=\"font-family: Liberation Serif, Times New Roman, serif;color: #000000\"><span style=\"font-size: medium\">El horario de los m\u00f3dulos profesionales de los ciclos formativos de F.P. que se imparten en L2 sea, al menos, el treinta por ciento, de las horas totales establecidas para el ciclo formativo.<\/span><\/span><\/p>\n<ul style=\"list-style-type: disc;text-align: justify\">\n<li>\n<p class=\"western\" lang=\"es-ES-u-co-trad\"><span style=\"color: #000000\"><span style=\"font-family: Liberation Serif, Times New Roman, serif\"><span style=\"font-size: medium\"><span lang=\"es-ES\"><u><b>En primero del ciclo<\/b><\/u><\/span><\/span><\/span><span style=\"font-family: Liberation Serif, Times New Roman, serif\"><span style=\"font-size: medium\"><span lang=\"es-ES\"><b> se imparte en L2: (ingl\u00e9s)<\/b><\/span><\/span><\/span><\/span><\/p>\n<ul style=\"list-style-type: disc\">\n<li class=\"western\"><span style=\"font-family: Liberation Serif, Times New Roman, serif;color: #000000\">Gesti\u00f3n de Base de Datos , 192 horas.<\/span><\/li>\n<li class=\"western\"><span style=\"font-family: Liberation Serif, Times New Roman, serif;color: #000000\">Lenguajes de Marcas, 128 horas<\/span><\/li>\n<\/ul>\n<\/li>\n<li>\n<p class=\"western\" lang=\"es-ES-u-co-trad\"><span style=\"color: #000000\"><span style=\"font-family: Liberation Serif, Times New Roman, serif\"><span style=\"font-size: medium\"><span lang=\"es-ES\"><u><b>En segundo del ciclo<\/b><\/u><\/span><\/span><\/span><span style=\"font-family: Liberation Serif, Times New Roman, serif\"><span style=\"font-size: medium\"><span lang=\"es-ES\"><b> se imparte en L2 (ingl\u00e9s):<\/b><\/span><\/span><\/span><\/span><\/p>\n<ul style=\"list-style-type: disc\">\n<li class=\"western\"><span style=\"font-family: Liberation Serif, Times New Roman, serif;color: #000000\">Seguridad y alta Disponibilidad 84 horas<\/span><\/li>\n<li class=\"western\"><span style=\"font-family: Liberation Serif, Times New Roman, serif;color: #000000\">Implantaci\u00f3n de Aplicaciones Web 84 horas<\/span><\/li>\n<\/ul>\n<\/li>\n<\/ul>\n<p class=\"western\" style=\"text-align: justify\"><span style=\"font-family: Liberation Serif, Times New Roman, serif;color: #000000\"><span style=\"font-size: medium\"><u><b>FORMACI\u00d3N PROFESIONAL B\u00c1SICA <\/b><\/u><\/span><\/span><\/p>\n<p class=\"western\" style=\"text-align: justify\"><span style=\"font-family: Liberation Serif, Times New Roman, serif;color: #000000\"><span style=\"font-size: small\"><b>INFORM\u00c1TICA Y TELECOMUNICACIONES<\/b><\/span><\/span><\/p>\n<ul style=\"text-align: justify\">\n<li>\n<p class=\"western\" lang=\"es-ES-u-co-trad\"><span style=\"color: #000000\"><span style=\"font-family: Liberation Serif, Times New Roman, serif\"><span style=\"font-size: small\"><span lang=\"es-ES\"><b>PRIMER CURSO:<\/b><\/span><\/span><\/span><span style=\"font-family: Liberation Serif, Times New Roman, serif\"><span style=\"font-size: medium\"><span lang=\"es-ES\"> Ciencias aplicadas I, Comunicaci\u00f3n y sociedad I, Montaje y mantenimiento de sistemas y componentes inform\u00e1ticos, Operaciones auxiliares para la configuraci\u00f3n y la explotaci\u00f3n. <\/span><\/span><\/span><\/span><\/p>\n<\/li>\n<\/ul>\n<ul style=\"text-align: justify\">\n<li>\n<p class=\"western\" lang=\"es-ES-u-co-trad\"><span style=\"color: #000000\"><span style=\"font-family: Liberation Serif, Times New Roman, serif\"><span style=\"font-size: small\"><span lang=\"es-ES\"><b>SEGUNDO CURSO:<\/b><\/span><\/span><\/span><span style=\"font-family: Liberation Serif, Times New Roman, serif\"><span style=\"font-size: medium\"><span lang=\"es-ES\"> Ciencias aplicadas II, comunicaci\u00f3n y sociedad II, Equipos el\u00e9ctricos y electr\u00f3nicos, Formaci\u00f3n en centros de trabajo, Instalaci\u00f3n y mantenimiento de redes para transmisi\u00f3n de datos<\/span><\/span><\/span><\/span><\/p>\n<\/li>\n<\/ul>\n<blockquote>\n<p style=\"text-align: justify\"><span style=\"color: #000000\">ENLACES DE INTER\u00c9S<\/span><\/p>\n<\/blockquote>\n<ol>\n<li><a href=\"https:\/\/pluri.iestriana.com\/\" target=\"_blank\" rel=\"noopener noreferrer\">Blog de Pluriling\u00fcismo IES TRIANA<\/a><\/li>\n<li><a href=\"https:\/\/www.juntadeandalucia.es\/educacion\/portals\/web\/plurilinguismo\" target=\"_blank\" rel=\"noopener noreferrer\">Portal Pluriling\u00fcismo Junta de Andaluc\u00eda<\/a><\/li>\n<li><a href=\"https:\/\/blogsaverroes.juntadeandalucia.es\/iestriana\/files\/2021\/02\/XXe-anniversaire-bilinguisme.pdf\" target=\"_blank\" rel=\"noopener noreferrer\">XXe Anniversaire-Bilinguisme<\/a><\/li>\n<\/ol>\n","protected":false},"excerpt":{"rendered":"<p>EDUCACI\u00d3N SECUNDARIA OBLIGATORIA (E.S.O.) En todos los niveles de la ESO, el centro ofrece una l\u00ednea pluriling\u00fce L2 Franc\u00e9s y L3 Ingl\u00e9s; y dos l\u00edneas L2 Ingl\u00e9s y L3 Franc\u00e9s. De tal forma, que todo el alumnado de la ESO del centro es pluriling\u00fce. Tenemos 9 Departamentos y 17 profesores\/as de las \u00e1reas no ling\u00fc\u00edsticas (ANL) que asumen la docencia&#46;&#46;&#46;<\/p>\n","protected":false},"author":2000,"featured_media":0,"parent":0,"menu_order":0,"comment_status":"closed","ping_status":"closed","template":"","meta":{"ngg_post_thumbnail":0,"footnotes":"","_mc_calendar":[]},"aioseo_notices":[],"_links":{"self":[{"href":"https:\/\/blogsaverroes.juntadeandalucia.es\/iestriana\/wp-json\/wp\/v2\/pages\/3905"}],"collection":[{"href":"https:\/\/blogsaverroes.juntadeandalucia.es\/iestriana\/wp-json\/wp\/v2\/pages"}],"about":[{"href":"https:\/\/blogsaverroes.juntadeandalucia.es\/iestriana\/wp-json\/wp\/v2\/types\/page"}],"author":[{"embeddable":true,"href":"https:\/\/blogsaverroes.juntadeandalucia.es\/iestriana\/wp-json\/wp\/v2\/users\/2000"}],"replies":[{"embeddable":true,"href":"https:\/\/blogsaverroes.juntadeandalucia.es\/iestriana\/wp-json\/wp\/v2\/comments?post=3905"}],"version-history":[{"count":40,"href":"https:\/\/blogsaverroes.juntadeandalucia.es\/iestriana\/wp-json\/wp\/v2\/pages\/3905\/revisions"}],"predecessor-version":[{"id":5962,"href":"https:\/\/blogsaverroes.juntadeandalucia.es\/iestriana\/wp-json\/wp\/v2\/pages\/3905\/revisions\/5962"}],"wp:attachment":[{"href":"https:\/\/blogsaverroes.juntadeandalucia.es\/iestriana\/wp-json\/wp\/v2\/media?parent=3905"}],"curies":[{"name":"wp","href":"https:\/\/api.w.org\/{rel}","templated":true}]}}