{"id":4092,"date":"2019-12-04T19:41:02","date_gmt":"2019-12-04T19:41:02","guid":{"rendered":"https:\/\/blogsaverroes.juntadeandalucia.es\/iestriana\/?page_id=4092"},"modified":"2026-03-26T15:09:52","modified_gmt":"2026-03-26T13:09:52","slug":"radio-triana-106-7-fm","status":"publish","type":"page","link":"https:\/\/blogsaverroes.juntadeandalucia.es\/iestriana\/radio-triana-106-7-fm\/","title":{"rendered":"Radio Triana 106.7 FM"},"content":{"rendered":"<p><a href=\"https:\/\/blogsaverroes.juntadeandalucia.es\/iestriana\/files\/2026\/03\/radiotriana.jpg\"><img loading=\"lazy\" decoding=\"async\" class=\"aligncenter wp-image-6582\" src=\"https:\/\/blogsaverroes.juntadeandalucia.es\/iestriana\/files\/2026\/03\/radiotriana-1024x419.jpg\" alt=\"\" width=\"605\" height=\"248\" srcset=\"https:\/\/blogsaverroes.juntadeandalucia.es\/iestriana\/files\/2026\/03\/radiotriana-1024x419.jpg 1024w, https:\/\/blogsaverroes.juntadeandalucia.es\/iestriana\/files\/2026\/03\/radiotriana-300x123.jpg 300w, https:\/\/blogsaverroes.juntadeandalucia.es\/iestriana\/files\/2026\/03\/radiotriana-768x314.jpg 768w, https:\/\/blogsaverroes.juntadeandalucia.es\/iestriana\/files\/2026\/03\/radiotriana.jpg 1232w\" sizes=\"(max-width: 605px) 100vw, 605px\" \/><\/a><\/p>\n<p>El <strong>IES Triana<\/strong> posee un <strong>estudio de radio real<\/strong> que lleva emitiendo desde hace m\u00e1s de <strong>quince a\u00f1os<\/strong>.<\/p>\n<p>Puedes escuchar los \u00faltimos podcast desde aqu\u00ed o entrando en <a href=\"https:\/\/www.ivoox.com\/podcast-radio-triana-106-7fm_sq_f1822208_1.html\" target=\"_blank\" rel=\"noopener\"> Radio Triana en iVoox<\/a>.<\/p>\n<p><iframe loading=\"lazy\" src=\"https:\/\/www.ivoox.com\/player_es_podcast_822208_zp_1.html\" width=\"100%\" height=\"400\" frameborder=\"0\" scrolling=\"no\"><\/iframe><\/p>\n<p>&nbsp;<\/p>\n<table style=\"width: 83.9174%;background-color: #90b37f;border-color: #1e470a;height: 159px\">\n<tbody>\n<tr>\n<td style=\"width: 786.117px;text-align: left\"><span style=\"color: #003300\"><em><strong>Azucena P\u00e9rez explica las actividades que el IES TRIANA llevar\u00e1 a cabo para informar a nuestro alumnado de las consecuencias del cambio clim\u00e1tico <\/strong><\/em><em>(11\/12\/2019)<\/em><\/span><\/td>\n<\/tr>\n<tr>\n<td style=\"width: 786.117px\"><!--[if lt IE 9]><script>document.createElement('audio');<\/script><![endif]-->\n<audio class=\"wp-audio-shortcode\" id=\"audio-4092-1\" preload=\"none\" style=\"width: 100%;\" controls=\"controls\"><source type=\"audio\/mpeg\" src=\"https:\/\/blogsaverroes.juntadeandalucia.es\/iestriana\/files\/2019\/12\/MANOLON16.-11-12-19.-I.E.S.-TRIANA-SEMANA-CLIMA.-DONA-ASUCENA-P\u00c9REZ.-MP3.mp3?_=1\" \/><a href=\"https:\/\/blogsaverroes.juntadeandalucia.es\/iestriana\/files\/2019\/12\/MANOLON16.-11-12-19.-I.E.S.-TRIANA-SEMANA-CLIMA.-DONA-ASUCENA-P\u00c9REZ.-MP3.mp3\">https:\/\/blogsaverroes.juntadeandalucia.es\/iestriana\/files\/2019\/12\/MANOLON16.-11-12-19.-I.E.S.-TRIANA-SEMANA-CLIMA.-DONA-ASUCENA-P\u00c9REZ.-MP3.mp3<\/a><\/audio><\/td>\n<\/tr>\n<\/tbody>\n<\/table>\n<p>.<\/p>\n<table style=\"width: 83.5089%;border-color: #1e470a;background-color: #90b37f;height: 842px\">\n<tbody>\n<tr style=\"height: 24px\">\n<td style=\"width: 779px;height: 24px;text-align: left\"><span style=\"color: #003300\"><em><strong>M\u00aa Paz Cerrej\u00f3n presenta su libro \u00abDoce poemas para doce cuadros\u00bb<\/strong> (4\/12\/2019)<\/em><\/span><\/td>\n<\/tr>\n<tr style=\"height: 217px\">\n<td style=\"width: 779px;text-align: center;height: 217px\"><img loading=\"lazy\" decoding=\"async\" class=\"size-medium wp-image-4102 aligncenter\" src=\"https:\/\/blogsaverroes.juntadeandalucia.es\/iestriana\/files\/2019\/12\/Entrevista-Radio-300x169.jpg\" alt=\"\" width=\"300\" height=\"169\" srcset=\"https:\/\/blogsaverroes.juntadeandalucia.es\/iestriana\/files\/2019\/12\/Entrevista-Radio-300x169.jpg 300w, https:\/\/blogsaverroes.juntadeandalucia.es\/iestriana\/files\/2019\/12\/Entrevista-Radio-768x432.jpg 768w, https:\/\/blogsaverroes.juntadeandalucia.es\/iestriana\/files\/2019\/12\/Entrevista-Radio-1024x576.jpg 1024w, https:\/\/blogsaverroes.juntadeandalucia.es\/iestriana\/files\/2019\/12\/Entrevista-Radio-24x14.jpg 24w, https:\/\/blogsaverroes.juntadeandalucia.es\/iestriana\/files\/2019\/12\/Entrevista-Radio-36x20.jpg 36w, https:\/\/blogsaverroes.juntadeandalucia.es\/iestriana\/files\/2019\/12\/Entrevista-Radio-48x27.jpg 48w, https:\/\/blogsaverroes.juntadeandalucia.es\/iestriana\/files\/2019\/12\/Entrevista-Radio.jpg 1600w\" sizes=\"(max-width: 300px) 100vw, 300px\" \/><\/td>\n<\/tr>\n<tr style=\"height: 24px\">\n<td style=\"width: 779px;height: 24px;text-align: center\"><span style=\"color: #003300\">D. Manuel Ortiz <em>(Director Radio Triana)<\/em> &#8211; D. Manuel Cenra <em>(Escritor y Poeta)<\/em> &#8211; D\u00f1a. M\u00aa Paz Ortiz <em>(Escritora y Poetisa)<\/em> &#8211; D. Jos\u00e9 Luis Gonz\u00e1lez C\u00e1ceres <em>(Presentador)<\/em><\/span><\/td>\n<\/tr>\n<tr style=\"height: 24px\">\n<td style=\"width: 779px;height: 24px\"><span style=\"color: #003300\">Primera parte de la entrevista:<\/span><\/td>\n<\/tr>\n<tr style=\"height: 58px\">\n<td style=\"width: 779px;height: 58px\"><audio class=\"wp-audio-shortcode\" id=\"audio-4092-2\" preload=\"none\" style=\"width: 100%;\" controls=\"controls\"><source type=\"audio\/mpeg\" src=\"https:\/\/blogsaverroes.juntadeandalucia.es\/iestriana\/files\/2019\/12\/2019.12.04_1a_parte_MPazCerrejon.mp3?_=2\" \/><a href=\"https:\/\/blogsaverroes.juntadeandalucia.es\/iestriana\/files\/2019\/12\/2019.12.04_1a_parte_MPazCerrejon.mp3\">https:\/\/blogsaverroes.juntadeandalucia.es\/iestriana\/files\/2019\/12\/2019.12.04_1a_parte_MPazCerrejon.mp3<\/a><\/audio><\/td>\n<\/tr>\n<tr style=\"height: 31px\">\n<td style=\"width: 779px;height: 31px\"><span style=\"color: #003300\">Segunda parte:<\/span><\/td>\n<\/tr>\n<tr style=\"height: 31px\">\n<td style=\"width: 779px;height: 31px\"><audio class=\"wp-audio-shortcode\" id=\"audio-4092-3\" preload=\"none\" style=\"width: 100%;\" controls=\"controls\"><source type=\"audio\/mpeg\" src=\"https:\/\/blogsaverroes.juntadeandalucia.es\/iestriana\/files\/2019\/12\/2019.12.04_2a_parte_MPazCerrejon.mp3?_=3\" \/><a href=\"https:\/\/blogsaverroes.juntadeandalucia.es\/iestriana\/files\/2019\/12\/2019.12.04_2a_parte_MPazCerrejon.mp3\">https:\/\/blogsaverroes.juntadeandalucia.es\/iestriana\/files\/2019\/12\/2019.12.04_2a_parte_MPazCerrejon.mp3<\/a><\/audio><\/td>\n<\/tr>\n<tr style=\"height: 31px\">\n<td style=\"width: 779px;height: 31px\"><span style=\"color: #003300\">Tercera parte:<\/span><\/td>\n<\/tr>\n<tr style=\"height: 31px\">\n<td style=\"width: 779px;height: 31px\"><audio class=\"wp-audio-shortcode\" id=\"audio-4092-4\" preload=\"none\" style=\"width: 100%;\" controls=\"controls\"><source type=\"audio\/mpeg\" src=\"https:\/\/blogsaverroes.juntadeandalucia.es\/iestriana\/files\/2019\/12\/2019.12.04_3a_parte_MPazCerrejon.mp3?_=4\" \/><a href=\"https:\/\/blogsaverroes.juntadeandalucia.es\/iestriana\/files\/2019\/12\/2019.12.04_3a_parte_MPazCerrejon.mp3\">https:\/\/blogsaverroes.juntadeandalucia.es\/iestriana\/files\/2019\/12\/2019.12.04_3a_parte_MPazCerrejon.mp3<\/a><\/audio><\/td>\n<\/tr>\n<tr style=\"height: 31px\">\n<td style=\"width: 95%;height: 31px\"><span style=\"color: #003300\">Cuarta parte:<\/span><\/td>\n<\/tr>\n<tr style=\"height: 39px\">\n<td style=\"width: 779px;height: 39px\"><audio class=\"wp-audio-shortcode\" id=\"audio-4092-5\" preload=\"none\" style=\"width: 100%;\" controls=\"controls\"><source type=\"audio\/mpeg\" src=\"https:\/\/blogsaverroes.juntadeandalucia.es\/iestriana\/files\/2019\/12\/2019.12.04_4a_parte_MPazCerrejon.mp3?_=5\" \/><a href=\"https:\/\/blogsaverroes.juntadeandalucia.es\/iestriana\/files\/2019\/12\/2019.12.04_4a_parte_MPazCerrejon.mp3\">https:\/\/blogsaverroes.juntadeandalucia.es\/iestriana\/files\/2019\/12\/2019.12.04_4a_parte_MPazCerrejon.mp3<\/a><\/audio><\/td>\n<\/tr>\n<\/tbody>\n<\/table>\n<p>.<\/p>\n<table style=\"height: 124px;width: 83.6461%;border-color: #1e470a;background-color: #90b37f\">\n<tbody>\n<tr>\n<td style=\"width: 767px;text-align: left\"><span style=\"color: #003300\"><em><strong>Homenaje a un hombre que quiso ser marinero <\/strong>(12\/12\/2018)<\/em><\/span><\/td>\n<\/tr>\n<tr>\n<td style=\"width: 767px\"><audio class=\"wp-audio-shortcode\" id=\"audio-4092-6\" preload=\"none\" style=\"width: 100%;\" controls=\"controls\"><source type=\"audio\/mpeg\" src=\"https:\/\/blogsaverroes.juntadeandalucia.es\/iestriana\/files\/2019\/12\/MANOLON16.-12-12-18.-HOMENAJE-A-UN-HOMBRE-QUE-QUISO-SER-MARINERO.-DE-MANOLO-ORTIZ.-MP3.mp3?_=6\" \/><a href=\"https:\/\/blogsaverroes.juntadeandalucia.es\/iestriana\/files\/2019\/12\/MANOLON16.-12-12-18.-HOMENAJE-A-UN-HOMBRE-QUE-QUISO-SER-MARINERO.-DE-MANOLO-ORTIZ.-MP3.mp3\">https:\/\/blogsaverroes.juntadeandalucia.es\/iestriana\/files\/2019\/12\/MANOLON16.-12-12-18.-HOMENAJE-A-UN-HOMBRE-QUE-QUISO-SER-MARINERO.-DE-MANOLO-ORTIZ.-MP3.mp3<\/a><\/audio><\/td>\n<\/tr>\n<\/tbody>\n<\/table>\n<p>.<\/p>\n<p><a href=\"https:\/\/blogsaverroes.juntadeandalucia.es\/iestriana\/files\/2019\/12\/Manuel-Ortiz-e1575488395386.jpg\"><img loading=\"lazy\" decoding=\"async\" class=\"aligncenter wp-image-4093 size-medium\" src=\"https:\/\/blogsaverroes.juntadeandalucia.es\/iestriana\/files\/2019\/12\/Manuel-Ortiz-e1575488890694-169x300.jpg\" alt=\"\" width=\"169\" height=\"300\" srcset=\"https:\/\/blogsaverroes.juntadeandalucia.es\/iestriana\/files\/2019\/12\/Manuel-Ortiz-e1575488890694-169x300.jpg 169w, https:\/\/blogsaverroes.juntadeandalucia.es\/iestriana\/files\/2019\/12\/Manuel-Ortiz-e1575488890694-768x1365.jpg 768w, https:\/\/blogsaverroes.juntadeandalucia.es\/iestriana\/files\/2019\/12\/Manuel-Ortiz-e1575488890694-576x1024.jpg 576w, https:\/\/blogsaverroes.juntadeandalucia.es\/iestriana\/files\/2019\/12\/Manuel-Ortiz-e1575488890694-14x24.jpg 14w, https:\/\/blogsaverroes.juntadeandalucia.es\/iestriana\/files\/2019\/12\/Manuel-Ortiz-e1575488890694-20x36.jpg 20w, https:\/\/blogsaverroes.juntadeandalucia.es\/iestriana\/files\/2019\/12\/Manuel-Ortiz-e1575488890694-27x48.jpg 27w, https:\/\/blogsaverroes.juntadeandalucia.es\/iestriana\/files\/2019\/12\/Manuel-Ortiz-e1575488890694.jpg 900w\" sizes=\"(max-width: 169px) 100vw, 169px\" \/><\/a><\/p>\n<p style=\"text-align: center\">&nbsp;&nbsp;&nbsp;<span style=\"color: #003300\">&nbsp;&nbsp; D. Manuel Ortiz P\u00e9rez (Director de Radio Triana)<\/span><\/p>\n<p>&nbsp;<\/p>\n<p>&nbsp;<\/p>\n","protected":false},"excerpt":{"rendered":"<p>El IES Triana posee un estudio de radio real que lleva emitiendo desde hace m\u00e1s de quince a\u00f1os. Puedes escuchar los \u00faltimos podcast desde aqu\u00ed o entrando en Radio Triana en iVoox. &nbsp; Azucena P\u00e9rez explica las actividades que el IES TRIANA llevar\u00e1 a cabo para informar a nuestro alumnado de las consecuencias del cambio clim\u00e1tico (11\/12\/2019) . M\u00aa Paz&#46;&#46;&#46;<\/p>\n","protected":false},"author":2000,"featured_media":0,"parent":0,"menu_order":0,"comment_status":"closed","ping_status":"closed","template":"","meta":{"ngg_post_thumbnail":0,"footnotes":"","_mc_calendar":[]},"aioseo_notices":[],"_links":{"self":[{"href":"https:\/\/blogsaverroes.juntadeandalucia.es\/iestriana\/wp-json\/wp\/v2\/pages\/4092"}],"collection":[{"href":"https:\/\/blogsaverroes.juntadeandalucia.es\/iestriana\/wp-json\/wp\/v2\/pages"}],"about":[{"href":"https:\/\/blogsaverroes.juntadeandalucia.es\/iestriana\/wp-json\/wp\/v2\/types\/page"}],"author":[{"embeddable":true,"href":"https:\/\/blogsaverroes.juntadeandalucia.es\/iestriana\/wp-json\/wp\/v2\/users\/2000"}],"replies":[{"embeddable":true,"href":"https:\/\/blogsaverroes.juntadeandalucia.es\/iestriana\/wp-json\/wp\/v2\/comments?post=4092"}],"version-history":[{"count":32,"href":"https:\/\/blogsaverroes.juntadeandalucia.es\/iestriana\/wp-json\/wp\/v2\/pages\/4092\/revisions"}],"predecessor-version":[{"id":6585,"href":"https:\/\/blogsaverroes.juntadeandalucia.es\/iestriana\/wp-json\/wp\/v2\/pages\/4092\/revisions\/6585"}],"wp:attachment":[{"href":"https:\/\/blogsaverroes.juntadeandalucia.es\/iestriana\/wp-json\/wp\/v2\/media?parent=4092"}],"curies":[{"name":"wp","href":"https:\/\/api.w.org\/{rel}","templated":true}]}}